{"id":978,"date":"2025-03-14T06:19:56","date_gmt":"2025-03-14T05:19:56","guid":{"rendered":"https:\/\/packsmart.com.pl\/?post_type=product&#038;p=978"},"modified":"2025-12-23T12:50:16","modified_gmt":"2025-12-23T11:50:16","slug":"wiazarka-ps-301","status":"publish","type":"product","link":"https:\/\/packsmart.com.pl\/de\/oferta\/wiazarka\/wiazarki-reczne\/wiazarka-ps-301\/","title":{"rendered":"Umreifungsmaschine PS 301"},"content":{"rendered":"<p>[et_pb_section fb_built=&#8221;1&#8243; _builder_version=&#8221;4.16&#8243; _module_preset=&#8221;default&#8221; global_colors_info=&#8221;{}&#8221;][et_pb_row _builder_version=&#8221;4.16&#8243; _module_preset=&#8221;default&#8221; width=&#8221;100%&#8221; global_colors_info=&#8221;{}&#8221;][et_pb_column type=&#8221;4_4&#8243; _builder_version=&#8221;4.16&#8243; _module_preset=&#8221;default&#8221; global_colors_info=&#8221;{}&#8221;][et_pb_text _builder_version=&#8221;4.18.1&#8243; _module_preset=&#8221;default&#8221; global_colors_info=&#8221;{}&#8221;]<\/p>\n<h2>Maschinenfunktionen<\/h2>\n<p>[\/et_pb_text][\/et_pb_column][\/et_pb_row][et_pb_row column_structure=&#8221;1_2,1_2&#8243; _builder_version=&#8221;4.16&#8243; _module_preset=&#8221;default&#8221; width=&#8221;100%&#8221; global_colors_info=&#8221;{}&#8221;][et_pb_column type=&#8221;1_2&#8243; _builder_version=&#8221;4.16&#8243; _module_preset=&#8221;default&#8221; global_colors_info=&#8221;{}&#8221;][et_pb_blurb title=&#8221;Napinanie i zgrzewanie paska za pomoc\u0105 przycisku&#8221; use_icon=&#8221;on&#8221; font_icon=&#8221;&#x52;||divi||400&#8243; icon_color=&#8221;#7cda24&#8243; icon_placement=&#8221;left&#8221; _builder_version=&#8221;4.22.0&#8243; _module_preset=&#8221;default&#8221; header_font_size=&#8221;18px&#8221; global_colors_info=&#8221;{}&#8221;][\/et_pb_blurb][et_pb_blurb title=&#8221;Tryb r\u0119czny, p\u00f3\u0142automatyczny i automatyczny&#8221; use_icon=&#8221;on&#8221; font_icon=&#8221;&#x52;||divi||400&#8243; icon_color=&#8221;#7cda24&#8243; icon_placement=&#8221;left&#8221; _builder_version=&#8221;4.22.0&#8243; _module_preset=&#8221;default&#8221; header_font_size=&#8221;18px&#8221; global_colors_info=&#8221;{}&#8221;][\/et_pb_blurb][et_pb_blurb title=&#8221;Sygnalizacja d\u017awi\u0119kowa po zako\u0144czeniu cyklu&#8221; use_icon=&#8221;on&#8221; font_icon=&#8221;&#x52;||divi||400&#8243; icon_color=&#8221;#7cda24&#8243; icon_placement=&#8221;left&#8221; _builder_version=&#8221;4.22.0&#8243; _module_preset=&#8221;default&#8221; header_font_size=&#8221;18px&#8221; global_colors_info=&#8221;{}&#8221;][\/et_pb_blurb][et_pb_blurb title=&#8221;Ergonomiczny uchwyt&#8221; use_icon=&#8221;on&#8221; font_icon=&#8221;&#x52;||divi||400&#8243; icon_color=&#8221;#7cda24&#8243; icon_placement=&#8221;left&#8221; _builder_version=&#8221;4.22.0&#8243; _module_preset=&#8221;default&#8221; header_font_size=&#8221;18px&#8221; global_colors_info=&#8221;{}&#8221;][\/et_pb_blurb][et_pb_blurb title=&#8221;Wska\u017anik poziomu baterii &#8221; use_icon=&#8221;on&#8221; font_icon=&#8221;&#x52;||divi||400&#8243; icon_color=&#8221;#7cda24&#8243; icon_placement=&#8221;left&#8221; _builder_version=&#8221;4.22.0&#8243; _module_preset=&#8221;default&#8221; header_font_size=&#8221;18px&#8221; global_colors_info=&#8221;{}&#8221;][\/et_pb_blurb][\/et_pb_column][et_pb_column type=&#8221;1_2&#8243; _builder_version=&#8221;4.16&#8243; _module_preset=&#8221;default&#8221; global_colors_info=&#8221;{}&#8221;][et_pb_blurb title=&#8221;Regulacja napi\u0119cia ta\u015bmy&#8221; use_icon=&#8221;on&#8221; font_icon=&#8221;&#x52;||divi||400&#8243; icon_color=&#8221;#7cda24&#8243; icon_placement=&#8221;left&#8221; _builder_version=&#8221;4.22.0&#8243; _module_preset=&#8221;default&#8221; header_font_size=&#8221;18px&#8221; global_colors_info=&#8221;{}&#8221;][\/et_pb_blurb][et_pb_blurb title=&#8221;Regulacja zgrzewu ta\u015bmy&#8221; use_icon=&#8221;on&#8221; font_icon=&#8221;&#x52;||divi||400&#8243; icon_color=&#8221;#7cda24&#8243; icon_placement=&#8221;left&#8221; _builder_version=&#8221;4.22.0&#8243; _module_preset=&#8221;default&#8221; header_font_size=&#8221;18px&#8221; global_colors_info=&#8221;{}&#8221;][\/et_pb_blurb][et_pb_blurb title=&#8221;Mo\u017cliwo\u015b\u0107 szybkiego przezbrojenia maszyny&#8221; use_icon=&#8221;on&#8221; font_icon=&#8221;&#x52;||divi||400&#8243; icon_color=&#8221;#7cda24&#8243; icon_placement=&#8221;left&#8221; _builder_version=&#8221;4.22.0&#8243; _module_preset=&#8221;default&#8221; header_font_size=&#8221;18px&#8221; global_colors_info=&#8221;{}&#8221;][\/et_pb_blurb][et_pb_blurb title=&#8221;Licznik liczby zgrzew\u00f3w &#8221; use_icon=&#8221;on&#8221; font_icon=&#8221;&#x52;||divi||400&#8243; icon_color=&#8221;#7cda24&#8243; icon_placement=&#8221;left&#8221; _builder_version=&#8221;4.22.0&#8243; _module_preset=&#8221;default&#8221; header_font_size=&#8221;18px&#8221; global_colors_info=&#8221;{}&#8221;][\/et_pb_blurb][\/et_pb_column][\/et_pb_row][\/et_pb_section][et_pb_section fb_built=&#8221;1&#8243; _builder_version=&#8221;4.16&#8243; _module_preset=&#8221;default&#8221; global_colors_info=&#8221;{}&#8221;][et_pb_row _builder_version=&#8221;4.16&#8243; _module_preset=&#8221;default&#8221; width=&#8221;100%&#8221; global_colors_info=&#8221;{}&#8221;][et_pb_column type=&#8221;4_4&#8243; _builder_version=&#8221;4.16&#8243; _module_preset=&#8221;default&#8221; global_colors_info=&#8221;{}&#8221;][et_pb_text _builder_version=&#8221;4.16&#8243; _module_preset=&#8221;default&#8221; global_colors_info=&#8221;{}&#8221;]<\/p>\n<h2>Technische Daten<\/h2>\n<p>[\/et_pb_text][\/et_pb_column][\/et_pb_row][et_pb_row column_structure=&#8221;1_2,1_2&#8243; _builder_version=&#8221;4.16&#8243; _module_preset=&#8221;default&#8221; width=&#8221;100%&#8221; global_colors_info=&#8221;{}&#8221;][et_pb_column type=&#8221;1_2&#8243; _builder_version=&#8221;4.16&#8243; _module_preset=&#8221;default&#8221; global_colors_info=&#8221;{}&#8221;][et_pb_blurb title=&#8221;Rodzaj ta\u015bmy PP \/ PET&#8221; use_icon=&#8221;on&#8221; font_icon=&#8221;&#x52;||divi||400&#8243; icon_color=&#8221;#7cda24&#8243; icon_placement=&#8221;left&#8221; _builder_version=&#8221;4.22.0&#8243; _module_preset=&#8221;default&#8221; header_font_size=&#8221;18px&#8221; global_colors_info=&#8221;{}&#8221;][\/et_pb_blurb][et_pb_blurb title=&#8221;Szeroko\u015b\u0107 ta\u015bmy: 13\u201316 mm &#8221; use_icon=&#8221;on&#8221; font_icon=&#8221;&#x52;||divi||400&#8243; icon_color=&#8221;#7cda24&#8243; icon_placement=&#8221;left&#8221; _builder_version=&#8221;4.18.1&#8243; _module_preset=&#8221;default&#8221; header_font_size=&#8221;18px&#8221; global_colors_info=&#8221;{}&#8221;][\/et_pb_blurb][et_pb_blurb title=&#8221;Grubo\u015b\u0107 ta\u015bmy: 0.6\u20131.1 mm (PP); 0.6\u20131,1 (PET)&#8221; use_icon=&#8221;on&#8221; font_icon=&#8221;&#x52;||divi||400&#8243; icon_color=&#8221;#7cda24&#8243; icon_placement=&#8221;left&#8221; _builder_version=&#8221;4.22.0&#8243; _module_preset=&#8221;default&#8221; header_font_size=&#8221;18px&#8221; global_colors_info=&#8221;{}&#8221;][\/et_pb_blurb][et_pb_blurb title=&#8221;Naci\u0105g: min 400 N max 2 800 N&#8221; use_icon=&#8221;on&#8221; font_icon=&#8221;&#x52;||divi||400&#8243; icon_color=&#8221;#7cda24&#8243; icon_placement=&#8221;left&#8221; _builder_version=&#8221;4.22.0&#8243; _module_preset=&#8221;default&#8221; header_font_size=&#8221;18px&#8221; global_colors_info=&#8221;{}&#8221;][\/et_pb_blurb][et_pb_blurb title=&#8221;\u0141adowarka 18V-5Ah&#8221; use_icon=&#8221;on&#8221; font_icon=&#8221;&#x52;||divi||400&#8243; icon_color=&#8221;#7cda24&#8243; icon_placement=&#8221;left&#8221; _builder_version=&#8221;4.22.0&#8243; _module_preset=&#8221;default&#8221; header_font_size=&#8221;18px&#8221; global_colors_info=&#8221;{}&#8221;][\/et_pb_blurb][\/et_pb_column][et_pb_column type=&#8221;1_2&#8243; _builder_version=&#8221;4.16&#8243; _module_preset=&#8221;default&#8221; global_colors_info=&#8221;{}&#8221;][et_pb_blurb title=&#8221;Szybko\u015b\u0107 naci\u0105gu 10-20 mt\/m&#8221; use_icon=&#8221;on&#8221; font_icon=&#8221;&#x52;||divi||400&#8243; icon_color=&#8221;#7cda24&#8243; icon_placement=&#8221;left&#8221; _builder_version=&#8221;4.22.0&#8243; _module_preset=&#8221;default&#8221; header_font_size=&#8221;18px&#8221; global_colors_info=&#8221;{}&#8221;][\/et_pb_blurb][et_pb_blurb title=&#8221;Waga z bateri\u0105 4.05 kg &#8221; use_icon=&#8221;on&#8221; font_icon=&#8221;&#x52;||divi||400&#8243; icon_color=&#8221;#7cda24&#8243; icon_placement=&#8221;left&#8221; _builder_version=&#8221;4.22.0&#8243; _module_preset=&#8221;default&#8221; header_font_size=&#8221;18px&#8221; global_colors_info=&#8221;{}&#8221;][\/et_pb_blurb][et_pb_blurb title=&#8221;Ilo\u015b\u0107 cykli na na\u0142adowanej baterii 100 &#8211; 180&#8243; use_icon=&#8221;on&#8221; font_icon=&#8221;&#x52;||divi||400&#8243; icon_color=&#8221;#7cda24&#8243; icon_placement=&#8221;left&#8221; _builder_version=&#8221;4.18.1&#8243; _module_preset=&#8221;default&#8221; header_font_size=&#8221;18px&#8221; global_colors_info=&#8221;{}&#8221;][\/et_pb_blurb][et_pb_blurb title=&#8221;Czas \u0142adowania baterii wynosi 90 min&#8221; use_icon=&#8221;on&#8221; font_icon=&#8221;&#x52;||divi||400&#8243; icon_color=&#8221;#7cda24&#8243; icon_placement=&#8221;left&#8221; _builder_version=&#8221;4.22.0&#8243; _module_preset=&#8221;default&#8221; header_font_size=&#8221;18px&#8221; global_colors_info=&#8221;{}&#8221;][\/et_pb_blurb][et_pb_blurb title=&#8221;\u017bywotno\u015b\u0107 baterii: 2.000 \u0142adowa\u0144&#8221; use_icon=&#8221;on&#8221; font_icon=&#8221;&#x52;||divi||400&#8243; icon_color=&#8221;#7cda24&#8243; icon_placement=&#8221;left&#8221; _builder_version=&#8221;4.18.1&#8243; _module_preset=&#8221;default&#8221; header_font_size=&#8221;18px&#8221; global_colors_info=&#8221;{}&#8221;][\/et_pb_blurb][\/et_pb_column][\/et_pb_row][\/et_pb_section][et_pb_section fb_built=&#8221;1&#8243; _builder_version=&#8221;4.16&#8243; _module_preset=&#8221;default&#8221; global_colors_info=&#8221;{}&#8221;][et_pb_row _builder_version=&#8221;4.16&#8243; _module_preset=&#8221;default&#8221; width=&#8221;100%&#8221; global_colors_info=&#8221;{}&#8221;][et_pb_column type=&#8221;4_4&#8243; _builder_version=&#8221;4.16&#8243; _module_preset=&#8221;default&#8221; global_colors_info=&#8221;{}&#8221;][et_pb_text _builder_version=&#8221;4.16&#8243; _module_preset=&#8221;default&#8221; global_colors_info=&#8221;{}&#8221;]<\/p>\n<h2>Zus\u00e4tzliche Optionen<\/h2>\n<p>[\/et_pb_text][\/et_pb_column][\/et_pb_row][et_pb_row column_structure=&#8221;1_2,1_2&#8243; _builder_version=&#8221;4.16&#8243; _module_preset=&#8221;default&#8221; width=&#8221;100%&#8221; global_colors_info=&#8221;{}&#8221;][et_pb_column type=&#8221;1_2&#8243; _builder_version=&#8221;4.16&#8243; _module_preset=&#8221;default&#8221; global_colors_info=&#8221;{}&#8221;][et_pb_blurb title=&#8221;Bateria&#8221; image=&#8221;https:\/\/packsmart.com.pl\/wp-content\/uploads\/2022\/12\/Bateria-24.jpg&#8221; _builder_version=&#8221;4.18.1&#8243; _module_preset=&#8221;default&#8221; global_colors_info=&#8221;{}&#8221;]Dodatkowa bateria umo\u017cliwia ci\u0105g\u0142\u0105 prace urz\u0105dzenia<br \/>\n[\/et_pb_blurb][et_pb_blurb title=&#8221;Blaszka ochronna &#8221; image=&#8221;https:\/\/packsmart.com.pl\/wp-content\/uploads\/2022\/12\/blaszka-ochrona.jpg&#8221; _builder_version=&#8221;4.18.1&#8243; _module_preset=&#8221;default&#8221; global_colors_info=&#8221;{}&#8221;]Chroni sp\u00f3d maszyny przed nadmiernym\u00a0zniszczeniem.<br \/>\n[\/et_pb_blurb][\/et_pb_column][et_pb_column type=&#8221;1_2&#8243; _builder_version=&#8221;4.16&#8243; _module_preset=&#8221;default&#8221; global_colors_info=&#8221;{}&#8221;][et_pb_blurb title=&#8221;\u0141adowarka&#8221; image=&#8221;https:\/\/packsmart.com.pl\/wp-content\/uploads\/2022\/12\/Ladowar-24.jpg&#8221; _builder_version=&#8221;4.18.1&#8243; _module_preset=&#8221;default&#8221; global_colors_info=&#8221;{}&#8221;]\u0141adowarka do baterii<br \/>\n[\/et_pb_blurb][et_pb_blurb title=&#8221;Zawiesie&#8221; image=&#8221;https:\/\/packsmart.com.pl\/wp-content\/uploads\/2022\/12\/uchwyt.webp&#8221; _builder_version=&#8221;4.18.1&#8243; _module_preset=&#8221;default&#8221; global_colors_info=&#8221;{}&#8221;]Umo\u017cliwia umieszczenie urz\u0105dzenia na specjalnym uchwycie<br \/>\n[\/et_pb_blurb][\/et_pb_column][\/et_pb_row][\/et_pb_section]<\/p>","protected":false},"excerpt":{"rendered":"<p>Die Akku-Umreifungsmaschinen PS 304 werden h\u00e4ufig zum Umreifen von Paletten, Kartons und Einzelteilen eingesetzt. Sie kommen in der Obst- und Gem\u00fcseindustrie, der Holz- und Keramikindustrie sowie in vielen weiteren Branchen zum Einsatz.<\/p>\n<p>Die Zurrvorrichtung ist einfach zu bedienen (sogar einh\u00e4ndig), wodurch der Wechsel von manuellen zu automatischen Ger\u00e4ten problemlos m\u00f6glich ist.<\/p>\n<p><b>Ben\u00f6tigen Sie die Maschine nur f\u00fcr einen bestimmten Zeitraum?<\/b><span style=\"font-weight: 400;\"> Dieses Modell ist ebenfalls im Angebot erh\u00e4ltlich. <\/span><a href=\"https:\/\/packsmart.com.pl\/oferta\/wynajem\/wiazarka-ps-301-2\/\"><b>Fachwerktr\u00e4ger zu vermieten<\/b><\/a><span style=\"font-weight: 400;\">Die perfekte L\u00f6sung f\u00fcr saisonale Produktionsspitzen!<\/span><\/p>","protected":false},"featured_media":982,"comment_status":"open","ping_status":"closed","template":"","meta":{"_et_pb_use_builder":"on","_et_pb_old_content":"Wi\u0105zarki akumulatorowe PS 24 s\u0105 powszechnie stosowana podczas spinania palet, karton\u00f3w, pojedynczych element\u00f3w. Stosujemy je w przemy\u015ble warzywno-owocowy, drzewnym, ceramicznym oraz w wielu innych sektorach.\r\n\r\nWi\u0105zarka jest \u0142atwy w u\u017cyciu (nawet jedn\u0105 r\u0119k\u0105), co sprawia \u0142atwe przej\u015bcie z manualnych urz\u0105dze\u0144 na automatyczne.\r\n\r\n<a href=\"https:\/\/youtu.be\/Rj8qYOjQeRQ\">https:\/\/youtu.be\/Rj8qYOjQeRQ<\/a>","_et_gb_content_width":"","inline_featured_image":false,"yasr_overall_rating":0,"yasr_post_is_review":"","yasr_auto_insert_disabled":"","yasr_review_type":""},"product_cat":[15],"product_tag":[],"class_list":["post-978","product","type-product","status-publish","has-post-thumbnail","hentry","product_cat-wiazarki-reczne"],"yasr_visitor_votes":{"stars_attributes":{"read_only":false,"span_bottom":false},"number_of_votes":0,"sum_votes":0},"acf":[],"yoast_head":"<!-- This site is optimized with the Yoast SEO plugin v26.1.1 - https:\/\/yoast.com\/wordpress\/plugins\/seo\/ -->\n<title>Wi\u0105zarka Akumulatorowa PS 301 - Pack Smart - Systemy pakowania<\/title>\n<meta name=\"description\" content=\"PS 304 to urz\u0105dzenie przeznaczone do spinania o wielu zastosowa\u0144 z paskami PP i PET 13-16 mm. Wi\u0105zarka r\u0119czna znacznie przyspiesza i poprawia komfort pracy.\" \/>\n<meta name=\"robots\" content=\"index, follow, max-snippet:-1, max-image-preview:large, max-video-preview:-1\" \/>\n<link rel=\"canonical\" href=\"https:\/\/packsmart.com.pl\/de\/oferta\/wiazarka\/wiazarki-reczne\/wiazarka-ps-301\/\" \/>\n<meta property=\"og:locale\" content=\"de_DE\" \/>\n<meta property=\"og:type\" content=\"article\" \/>\n<meta property=\"og:title\" content=\"Wi\u0105zarka Akumulatorowa PS 301 - Pack Smart - Systemy pakowania\" \/>\n<meta property=\"og:description\" content=\"PS 304 to urz\u0105dzenie przeznaczone do spinania o wielu zastosowa\u0144 z paskami PP i PET 13-16 mm. Wi\u0105zarka r\u0119czna znacznie przyspiesza i poprawia komfort pracy.\" \/>\n<meta property=\"og:url\" content=\"https:\/\/packsmart.com.pl\/de\/oferta\/wiazarka\/wiazarki-reczne\/wiazarka-ps-301\/\" \/>\n<meta property=\"og:site_name\" content=\"Pack Smart - Systemy pakowania\" \/>\n<meta property=\"article:publisher\" content=\"https:\/\/www.facebook.com\/p\/Pack-Smart-100089770293385\/?locale=pl_PL\" \/>\n<meta property=\"article:modified_time\" content=\"2025-12-23T11:50:16+00:00\" \/>\n<meta property=\"og:image\" content=\"https:\/\/packsmart.com.pl\/wp-content\/uploads\/2025\/03\/301-wiazarka-scaled.jpg\" \/>\n\t<meta property=\"og:image:width\" content=\"2560\" \/>\n\t<meta property=\"og:image:height\" content=\"1707\" \/>\n\t<meta property=\"og:image:type\" content=\"image\/jpeg\" \/>\n<meta name=\"twitter:card\" content=\"summary_large_image\" \/>\n<meta name=\"twitter:label1\" content=\"Gesch\u00e4tzte Lesezeit\" \/>\n\t<meta name=\"twitter:data1\" content=\"2\u00a0Minuten\" \/>\n<script type=\"application\/ld+json\" class=\"yoast-schema-graph\">{\"@context\":\"https:\/\/schema.org\",\"@graph\":[{\"@type\":\"WebPage\",\"@id\":\"https:\/\/packsmart.com.pl\/oferta\/wiazarka\/wiazarki-reczne\/wiazarka-ps-301\/\",\"url\":\"https:\/\/packsmart.com.pl\/oferta\/wiazarka\/wiazarki-reczne\/wiazarka-ps-301\/\",\"name\":\"Wi\u0105zarka Akumulatorowa PS 301 - Pack Smart - Systemy pakowania\",\"isPartOf\":{\"@id\":\"https:\/\/packsmart.com.pl\/#website\"},\"primaryImageOfPage\":{\"@id\":\"https:\/\/packsmart.com.pl\/oferta\/wiazarka\/wiazarki-reczne\/wiazarka-ps-301\/#primaryimage\"},\"image\":{\"@id\":\"https:\/\/packsmart.com.pl\/oferta\/wiazarka\/wiazarki-reczne\/wiazarka-ps-301\/#primaryimage\"},\"thumbnailUrl\":\"https:\/\/packsmart.com.pl\/wp-content\/uploads\/2025\/03\/301-wiazarka-scaled.jpg\",\"datePublished\":\"2025-03-14T05:19:56+00:00\",\"dateModified\":\"2025-12-23T11:50:16+00:00\",\"description\":\"PS 304 to urz\u0105dzenie przeznaczone do spinania o wielu zastosowa\u0144 z paskami PP i PET 13-16 mm. Wi\u0105zarka r\u0119czna znacznie przyspiesza i poprawia komfort pracy.\",\"breadcrumb\":{\"@id\":\"https:\/\/packsmart.com.pl\/oferta\/wiazarka\/wiazarki-reczne\/wiazarka-ps-301\/#breadcrumb\"},\"inLanguage\":\"de\",\"potentialAction\":[{\"@type\":\"ReadAction\",\"target\":[\"https:\/\/packsmart.com.pl\/oferta\/wiazarka\/wiazarki-reczne\/wiazarka-ps-301\/\"]}]},{\"@type\":\"ImageObject\",\"inLanguage\":\"de\",\"@id\":\"https:\/\/packsmart.com.pl\/oferta\/wiazarka\/wiazarki-reczne\/wiazarka-ps-301\/#primaryimage\",\"url\":\"https:\/\/packsmart.com.pl\/wp-content\/uploads\/2025\/03\/301-wiazarka-scaled.jpg\",\"contentUrl\":\"https:\/\/packsmart.com.pl\/wp-content\/uploads\/2025\/03\/301-wiazarka-scaled.jpg\",\"width\":2560,\"height\":1707},{\"@type\":\"BreadcrumbList\",\"@id\":\"https:\/\/packsmart.com.pl\/oferta\/wiazarka\/wiazarki-reczne\/wiazarka-ps-301\/#breadcrumb\",\"itemListElement\":[{\"@type\":\"ListItem\",\"position\":1,\"name\":\"Strona g\u0142\u00f3wna\",\"item\":\"https:\/\/packsmart.com.pl\/\"},{\"@type\":\"ListItem\",\"position\":2,\"name\":\"Produkty\",\"item\":\"https:\/\/packsmart.com.pl\/sklep\/\"},{\"@type\":\"ListItem\",\"position\":3,\"name\":\"Wi\u0105zarki akumulatorowe\",\"item\":\"https:\/\/packsmart.com.pl\/product-category\/wiazarka\/\"},{\"@type\":\"ListItem\",\"position\":4,\"name\":\"Wi\u0105zarki akumulatorowe\",\"item\":\"https:\/\/packsmart.com.pl\/product-category\/wiazarka\/wiazarki-reczne\/\"},{\"@type\":\"ListItem\",\"position\":5,\"name\":\"Wi\u0105zarka PS 301\"}]},{\"@type\":\"WebSite\",\"@id\":\"https:\/\/packsmart.com.pl\/#website\",\"url\":\"https:\/\/packsmart.com.pl\/\",\"name\":\"Pack Smart - Systemy pakowania\",\"description\":\"\",\"publisher\":{\"@id\":\"https:\/\/packsmart.com.pl\/#organization\"},\"potentialAction\":[{\"@type\":\"SearchAction\",\"target\":{\"@type\":\"EntryPoint\",\"urlTemplate\":\"https:\/\/packsmart.com.pl\/?s={search_term_string}\"},\"query-input\":{\"@type\":\"PropertyValueSpecification\",\"valueRequired\":true,\"valueName\":\"search_term_string\"}}],\"inLanguage\":\"de\"},{\"@type\":\"Organization\",\"@id\":\"https:\/\/packsmart.com.pl\/#organization\",\"name\":\"Pack Smart\",\"url\":\"https:\/\/packsmart.com.pl\/\",\"logo\":{\"@type\":\"ImageObject\",\"inLanguage\":\"de\",\"@id\":\"https:\/\/packsmart.com.pl\/#\/schema\/logo\/image\/\",\"url\":\"https:\/\/packsmart.com.pl\/wp-content\/uploads\/2020\/11\/cropped-logo.png\",\"contentUrl\":\"https:\/\/packsmart.com.pl\/wp-content\/uploads\/2020\/11\/cropped-logo.png\",\"width\":512,\"height\":512,\"caption\":\"Pack Smart\"},\"image\":{\"@id\":\"https:\/\/packsmart.com.pl\/#\/schema\/logo\/image\/\"},\"sameAs\":[\"https:\/\/www.facebook.com\/p\/Pack-Smart-100089770293385\/?locale=pl_PL\"]},false]}<\/script>\n<!-- \/ Yoast SEO plugin. -->","yoast_head_json":{"title":"Wi\u0105zarka Akumulatorowa PS 301 - Pack Smart - Systemy pakowania","description":"PS 304 to urz\u0105dzenie przeznaczone do spinania o wielu zastosowa\u0144 z paskami PP i PET 13-16 mm. Wi\u0105zarka r\u0119czna znacznie przyspiesza i poprawia komfort pracy.","robots":{"index":"index","follow":"follow","max-snippet":"max-snippet:-1","max-image-preview":"max-image-preview:large","max-video-preview":"max-video-preview:-1"},"canonical":"https:\/\/packsmart.com.pl\/de\/oferta\/wiazarka\/wiazarki-reczne\/wiazarka-ps-301\/","og_locale":"de_DE","og_type":"article","og_title":"Wi\u0105zarka Akumulatorowa PS 301 - Pack Smart - Systemy pakowania","og_description":"PS 304 to urz\u0105dzenie przeznaczone do spinania o wielu zastosowa\u0144 z paskami PP i PET 13-16 mm. Wi\u0105zarka r\u0119czna znacznie przyspiesza i poprawia komfort pracy.","og_url":"https:\/\/packsmart.com.pl\/de\/oferta\/wiazarka\/wiazarki-reczne\/wiazarka-ps-301\/","og_site_name":"Pack Smart - Systemy pakowania","article_publisher":"https:\/\/www.facebook.com\/p\/Pack-Smart-100089770293385\/?locale=pl_PL","article_modified_time":"2025-12-23T11:50:16+00:00","og_image":[{"width":2560,"height":1707,"url":"https:\/\/packsmart.com.pl\/wp-content\/uploads\/2025\/03\/301-wiazarka-scaled.jpg","type":"image\/jpeg"}],"twitter_card":"summary_large_image","twitter_misc":{"Gesch\u00e4tzte Lesezeit":"2\u00a0Minuten"},"schema":{"@context":"https:\/\/schema.org","@graph":[{"@type":"WebPage","@id":"https:\/\/packsmart.com.pl\/oferta\/wiazarka\/wiazarki-reczne\/wiazarka-ps-301\/","url":"https:\/\/packsmart.com.pl\/oferta\/wiazarka\/wiazarki-reczne\/wiazarka-ps-301\/","name":"Wi\u0105zarka Akumulatorowa PS 301 - Pack Smart - Systemy pakowania","isPartOf":{"@id":"https:\/\/packsmart.com.pl\/#website"},"primaryImageOfPage":{"@id":"https:\/\/packsmart.com.pl\/oferta\/wiazarka\/wiazarki-reczne\/wiazarka-ps-301\/#primaryimage"},"image":{"@id":"https:\/\/packsmart.com.pl\/oferta\/wiazarka\/wiazarki-reczne\/wiazarka-ps-301\/#primaryimage"},"thumbnailUrl":"https:\/\/packsmart.com.pl\/wp-content\/uploads\/2025\/03\/301-wiazarka-scaled.jpg","datePublished":"2025-03-14T05:19:56+00:00","dateModified":"2025-12-23T11:50:16+00:00","description":"PS 304 to urz\u0105dzenie przeznaczone do spinania o wielu zastosowa\u0144 z paskami PP i PET 13-16 mm. Wi\u0105zarka r\u0119czna znacznie przyspiesza i poprawia komfort pracy.","breadcrumb":{"@id":"https:\/\/packsmart.com.pl\/oferta\/wiazarka\/wiazarki-reczne\/wiazarka-ps-301\/#breadcrumb"},"inLanguage":"de","potentialAction":[{"@type":"ReadAction","target":["https:\/\/packsmart.com.pl\/oferta\/wiazarka\/wiazarki-reczne\/wiazarka-ps-301\/"]}]},{"@type":"ImageObject","inLanguage":"de","@id":"https:\/\/packsmart.com.pl\/oferta\/wiazarka\/wiazarki-reczne\/wiazarka-ps-301\/#primaryimage","url":"https:\/\/packsmart.com.pl\/wp-content\/uploads\/2025\/03\/301-wiazarka-scaled.jpg","contentUrl":"https:\/\/packsmart.com.pl\/wp-content\/uploads\/2025\/03\/301-wiazarka-scaled.jpg","width":2560,"height":1707},{"@type":"BreadcrumbList","@id":"https:\/\/packsmart.com.pl\/oferta\/wiazarka\/wiazarki-reczne\/wiazarka-ps-301\/#breadcrumb","itemListElement":[{"@type":"ListItem","position":1,"name":"Strona g\u0142\u00f3wna","item":"https:\/\/packsmart.com.pl\/"},{"@type":"ListItem","position":2,"name":"Produkty","item":"https:\/\/packsmart.com.pl\/sklep\/"},{"@type":"ListItem","position":3,"name":"Wi\u0105zarki akumulatorowe","item":"https:\/\/packsmart.com.pl\/product-category\/wiazarka\/"},{"@type":"ListItem","position":4,"name":"Wi\u0105zarki akumulatorowe","item":"https:\/\/packsmart.com.pl\/product-category\/wiazarka\/wiazarki-reczne\/"},{"@type":"ListItem","position":5,"name":"Wi\u0105zarka PS 301"}]},{"@type":"WebSite","@id":"https:\/\/packsmart.com.pl\/#website","url":"https:\/\/packsmart.com.pl\/","name":"Pack Smart - Verpackungssysteme","description":"","publisher":{"@id":"https:\/\/packsmart.com.pl\/#organization"},"potentialAction":[{"@type":"SearchAction","target":{"@type":"EntryPoint","urlTemplate":"https:\/\/packsmart.com.pl\/?s={search_term_string}"},"query-input":{"@type":"PropertyValueSpecification","valueRequired":true,"valueName":"search_term_string"}}],"inLanguage":"de"},{"@type":"Organization","@id":"https:\/\/packsmart.com.pl\/#organization","name":"Clever packen","url":"https:\/\/packsmart.com.pl\/","logo":{"@type":"ImageObject","inLanguage":"de","@id":"https:\/\/packsmart.com.pl\/#\/schema\/logo\/image\/","url":"https:\/\/packsmart.com.pl\/wp-content\/uploads\/2020\/11\/cropped-logo.png","contentUrl":"https:\/\/packsmart.com.pl\/wp-content\/uploads\/2020\/11\/cropped-logo.png","width":512,"height":512,"caption":"Pack Smart"},"image":{"@id":"https:\/\/packsmart.com.pl\/#\/schema\/logo\/image\/"},"sameAs":["https:\/\/www.facebook.com\/p\/Pack-Smart-100089770293385\/?locale=pl_PL"]},false]}},"_links":{"self":[{"href":"https:\/\/packsmart.com.pl\/de\/wp-json\/wp\/v2\/product\/978","targetHints":{"allow":["GET"]}}],"collection":[{"href":"https:\/\/packsmart.com.pl\/de\/wp-json\/wp\/v2\/product"}],"about":[{"href":"https:\/\/packsmart.com.pl\/de\/wp-json\/wp\/v2\/types\/product"}],"replies":[{"embeddable":true,"href":"https:\/\/packsmart.com.pl\/de\/wp-json\/wp\/v2\/comments?post=978"}],"wp:featuredmedia":[{"embeddable":true,"href":"https:\/\/packsmart.com.pl\/de\/wp-json\/wp\/v2\/media\/982"}],"wp:attachment":[{"href":"https:\/\/packsmart.com.pl\/de\/wp-json\/wp\/v2\/media?parent=978"}],"wp:term":[{"taxonomy":"product_cat","embeddable":true,"href":"https:\/\/packsmart.com.pl\/de\/wp-json\/wp\/v2\/product_cat?post=978"},{"taxonomy":"product_tag","embeddable":true,"href":"https:\/\/packsmart.com.pl\/de\/wp-json\/wp\/v2\/product_tag?post=978"}],"curies":[{"name":"wp","href":"https:\/\/api.w.org\/{rel}","templated":true}]}}