{"id":944,"date":"2024-12-11T16:05:37","date_gmt":"2024-12-11T15:05:37","guid":{"rendered":"https:\/\/packsmart.com.pl\/?post_type=product&#038;p=944"},"modified":"2024-12-11T16:09:51","modified_gmt":"2024-12-11T15:09:51","slug":"gorny-uchwyt-na-rolke-folii-stretch-z-mocowaniem-fg-135a","status":"publish","type":"product","link":"https:\/\/packsmart.com.pl\/de\/oferta\/czesci\/czesci-owijarki\/gorny-uchwyt-na-rolke-folii-stretch-z-mocowaniem-fg-135a\/","title":{"rendered":"Oberer Stretchfolienrollenhalter mit FG-135A-Befestigung"},"content":{"rendered":"<p>[et_pb_section fb_built=&#8221;1&#8243; _builder_version=&#8221;4.22.0&#8243; _module_preset=&#8221;default&#8221; global_colors_info=&#8221;{}&#8221;][\/et_pb_section]<\/p>","protected":false},"excerpt":{"rendered":"<p>Oberer Stretchfolienrollenhalter mit FG-135A-Befestigung.<\/p>\n<p>Werksbezeichnung: FG-135A (FG-03A-20) KURZE EINZELN, FOLIE OBERE ORATIENTALE PLATTE.<\/p>\n<p>Verf\u00fcgbar mit folgenden Maschinen: MH-FG-1000A; MH-FG 2000B; MH-FG-2000BW; MH-FG-2000AW; MH-FG-2000AS; MH-FG-2000AE; MH-FG-2000F; MH-FG 2000B Slime Line; Easy Wrap 2000B;<\/p>","protected":false},"featured_media":945,"comment_status":"open","ping_status":"closed","template":"","meta":{"_et_pb_use_builder":"on","_et_pb_old_content":"G\u00f3rny uchwyt na rolk\u0119 folii stretch z mocowaniem FG-135A.\r\n\r\nOznaczenie fabryczne: FG-135A (FG-03A-20) SHORT ONE, FILM UPPER ORATIENTAL PLATE.\r\n\r\nWyst\u0119puje z maszynach:MH-FG-1000A; MH-FG 2000B; MH-FG-2000BW; MH-FG-2000AW; MH-FG-2000AS; MH-FG-2000AE MH-FG-2000F; MH-FG 2000B Slime Line; Easy Wrap 2000B;","_et_gb_content_width":"","inline_featured_image":false,"yasr_overall_rating":0,"yasr_post_is_review":"","yasr_auto_insert_disabled":"","yasr_review_type":""},"product_cat":[38],"product_tag":[],"class_list":["post-944","product","type-product","status-publish","has-post-thumbnail","hentry","product_cat-czesci-owijarki"],"yasr_visitor_votes":{"stars_attributes":{"read_only":false,"span_bottom":false},"number_of_votes":0,"sum_votes":0},"acf":[],"yoast_head":"<!-- This site is optimized with the Yoast SEO plugin v26.1.1 - https:\/\/yoast.com\/wordpress\/plugins\/seo\/ -->\n<title>G\u00f3rny uchwyt na rolk\u0119 folii stretch z mocowaniem FG-135A - Pack Smart - Systemy pakowania<\/title>\n<meta name=\"description\" content=\"G\u00f3rny uchwyt na rolk\u0119 folii stretch z mocowaniem FG-135A Oznaczenie fabryczne: FG-135A (FG-03A-20) SHORT ONE, FILM UPPER ORATIENTAL PLATE.\" \/>\n<meta name=\"robots\" content=\"index, follow, max-snippet:-1, max-image-preview:large, max-video-preview:-1\" \/>\n<link rel=\"canonical\" href=\"https:\/\/packsmart.com.pl\/de\/oferta\/czesci\/czesci-owijarki\/gorny-uchwyt-na-rolke-folii-stretch-z-mocowaniem-fg-135a\/\" \/>\n<meta property=\"og:locale\" content=\"de_DE\" \/>\n<meta property=\"og:type\" content=\"article\" \/>\n<meta property=\"og:title\" content=\"G\u00f3rny uchwyt na rolk\u0119 folii stretch z mocowaniem FG-135A - Pack Smart - Systemy pakowania\" \/>\n<meta property=\"og:description\" content=\"G\u00f3rny uchwyt na rolk\u0119 folii stretch z mocowaniem FG-135A Oznaczenie fabryczne: FG-135A (FG-03A-20) SHORT ONE, FILM UPPER ORATIENTAL PLATE.\" \/>\n<meta property=\"og:url\" content=\"https:\/\/packsmart.com.pl\/de\/oferta\/czesci\/czesci-owijarki\/gorny-uchwyt-na-rolke-folii-stretch-z-mocowaniem-fg-135a\/\" \/>\n<meta property=\"og:site_name\" content=\"Pack Smart - Systemy pakowania\" \/>\n<meta property=\"article:publisher\" content=\"https:\/\/www.facebook.com\/p\/Pack-Smart-100089770293385\/?locale=pl_PL\" \/>\n<meta property=\"article:modified_time\" content=\"2024-12-11T15:09:51+00:00\" \/>\n<meta property=\"og:image\" content=\"https:\/\/packsmart.com.pl\/wp-content\/uploads\/2024\/12\/FG-135A-FG-03A-20-SHORT-ONE-FILM-UPPER-ORATIENTAL-PLATE.jpg\" \/>\n\t<meta property=\"og:image:width\" content=\"1500\" \/>\n\t<meta property=\"og:image:height\" content=\"1125\" \/>\n\t<meta property=\"og:image:type\" content=\"image\/jpeg\" \/>\n<meta name=\"twitter:card\" content=\"summary_large_image\" \/>\n<meta name=\"twitter:label1\" content=\"Gesch\u00e4tzte Lesezeit\" \/>\n\t<meta name=\"twitter:data1\" content=\"1\u00a0Minute\" \/>\n<script type=\"application\/ld+json\" class=\"yoast-schema-graph\">{\"@context\":\"https:\/\/schema.org\",\"@graph\":[{\"@type\":\"WebPage\",\"@id\":\"https:\/\/packsmart.com.pl\/oferta\/czesci\/czesci-owijarki\/gorny-uchwyt-na-rolke-folii-stretch-z-mocowaniem-fg-135a\/\",\"url\":\"https:\/\/packsmart.com.pl\/oferta\/czesci\/czesci-owijarki\/gorny-uchwyt-na-rolke-folii-stretch-z-mocowaniem-fg-135a\/\",\"name\":\"G\u00f3rny uchwyt na rolk\u0119 folii stretch z mocowaniem FG-135A - Pack Smart - Systemy pakowania\",\"isPartOf\":{\"@id\":\"https:\/\/packsmart.com.pl\/#website\"},\"primaryImageOfPage\":{\"@id\":\"https:\/\/packsmart.com.pl\/oferta\/czesci\/czesci-owijarki\/gorny-uchwyt-na-rolke-folii-stretch-z-mocowaniem-fg-135a\/#primaryimage\"},\"image\":{\"@id\":\"https:\/\/packsmart.com.pl\/oferta\/czesci\/czesci-owijarki\/gorny-uchwyt-na-rolke-folii-stretch-z-mocowaniem-fg-135a\/#primaryimage\"},\"thumbnailUrl\":\"https:\/\/packsmart.com.pl\/wp-content\/uploads\/2024\/12\/FG-135A-FG-03A-20-SHORT-ONE-FILM-UPPER-ORATIENTAL-PLATE.jpg\",\"datePublished\":\"2024-12-11T15:05:37+00:00\",\"dateModified\":\"2024-12-11T15:09:51+00:00\",\"description\":\"G\u00f3rny uchwyt na rolk\u0119 folii stretch z mocowaniem FG-135A Oznaczenie fabryczne: FG-135A (FG-03A-20) SHORT ONE, FILM UPPER ORATIENTAL PLATE.\",\"breadcrumb\":{\"@id\":\"https:\/\/packsmart.com.pl\/oferta\/czesci\/czesci-owijarki\/gorny-uchwyt-na-rolke-folii-stretch-z-mocowaniem-fg-135a\/#breadcrumb\"},\"inLanguage\":\"de\",\"potentialAction\":[{\"@type\":\"ReadAction\",\"target\":[\"https:\/\/packsmart.com.pl\/oferta\/czesci\/czesci-owijarki\/gorny-uchwyt-na-rolke-folii-stretch-z-mocowaniem-fg-135a\/\"]}]},{\"@type\":\"ImageObject\",\"inLanguage\":\"de\",\"@id\":\"https:\/\/packsmart.com.pl\/oferta\/czesci\/czesci-owijarki\/gorny-uchwyt-na-rolke-folii-stretch-z-mocowaniem-fg-135a\/#primaryimage\",\"url\":\"https:\/\/packsmart.com.pl\/wp-content\/uploads\/2024\/12\/FG-135A-FG-03A-20-SHORT-ONE-FILM-UPPER-ORATIENTAL-PLATE.jpg\",\"contentUrl\":\"https:\/\/packsmart.com.pl\/wp-content\/uploads\/2024\/12\/FG-135A-FG-03A-20-SHORT-ONE-FILM-UPPER-ORATIENTAL-PLATE.jpg\",\"width\":1500,\"height\":1125,\"caption\":\"G\u00f3rny uchwyt folii stretch. Ca\u0142y komplet.\"},{\"@type\":\"BreadcrumbList\",\"@id\":\"https:\/\/packsmart.com.pl\/oferta\/czesci\/czesci-owijarki\/gorny-uchwyt-na-rolke-folii-stretch-z-mocowaniem-fg-135a\/#breadcrumb\",\"itemListElement\":[{\"@type\":\"ListItem\",\"position\":1,\"name\":\"Strona g\u0142\u00f3wna\",\"item\":\"https:\/\/packsmart.com.pl\/\"},{\"@type\":\"ListItem\",\"position\":2,\"name\":\"Produkty\",\"item\":\"https:\/\/packsmart.com.pl\/sklep\/\"},{\"@type\":\"ListItem\",\"position\":3,\"name\":\"Cz\u0119\u015bci zamienne\",\"item\":\"https:\/\/packsmart.com.pl\/product-category\/czesci\/\"},{\"@type\":\"ListItem\",\"position\":4,\"name\":\"Cz\u0119\u015bci zamienne do owijarek\",\"item\":\"https:\/\/packsmart.com.pl\/product-category\/czesci\/czesci-owijarki\/\"},{\"@type\":\"ListItem\",\"position\":5,\"name\":\"G\u00f3rny uchwyt na rolk\u0119 folii stretch z mocowaniem FG-135A\"}]},{\"@type\":\"WebSite\",\"@id\":\"https:\/\/packsmart.com.pl\/#website\",\"url\":\"https:\/\/packsmart.com.pl\/\",\"name\":\"Pack Smart - Systemy pakowania\",\"description\":\"\",\"publisher\":{\"@id\":\"https:\/\/packsmart.com.pl\/#organization\"},\"potentialAction\":[{\"@type\":\"SearchAction\",\"target\":{\"@type\":\"EntryPoint\",\"urlTemplate\":\"https:\/\/packsmart.com.pl\/?s={search_term_string}\"},\"query-input\":{\"@type\":\"PropertyValueSpecification\",\"valueRequired\":true,\"valueName\":\"search_term_string\"}}],\"inLanguage\":\"de\"},{\"@type\":\"Organization\",\"@id\":\"https:\/\/packsmart.com.pl\/#organization\",\"name\":\"Pack Smart\",\"url\":\"https:\/\/packsmart.com.pl\/\",\"logo\":{\"@type\":\"ImageObject\",\"inLanguage\":\"de\",\"@id\":\"https:\/\/packsmart.com.pl\/#\/schema\/logo\/image\/\",\"url\":\"https:\/\/packsmart.com.pl\/wp-content\/uploads\/2020\/11\/cropped-logo.png\",\"contentUrl\":\"https:\/\/packsmart.com.pl\/wp-content\/uploads\/2020\/11\/cropped-logo.png\",\"width\":512,\"height\":512,\"caption\":\"Pack Smart\"},\"image\":{\"@id\":\"https:\/\/packsmart.com.pl\/#\/schema\/logo\/image\/\"},\"sameAs\":[\"https:\/\/www.facebook.com\/p\/Pack-Smart-100089770293385\/?locale=pl_PL\"]},false]}<\/script>\n<!-- \/ Yoast SEO plugin. -->","yoast_head_json":{"title":"G\u00f3rny uchwyt na rolk\u0119 folii stretch z mocowaniem FG-135A - Pack Smart - Systemy pakowania","description":"G\u00f3rny uchwyt na rolk\u0119 folii stretch z mocowaniem FG-135A Oznaczenie fabryczne: FG-135A (FG-03A-20) SHORT ONE, FILM UPPER ORATIENTAL PLATE.","robots":{"index":"index","follow":"follow","max-snippet":"max-snippet:-1","max-image-preview":"max-image-preview:large","max-video-preview":"max-video-preview:-1"},"canonical":"https:\/\/packsmart.com.pl\/de\/oferta\/czesci\/czesci-owijarki\/gorny-uchwyt-na-rolke-folii-stretch-z-mocowaniem-fg-135a\/","og_locale":"de_DE","og_type":"article","og_title":"G\u00f3rny uchwyt na rolk\u0119 folii stretch z mocowaniem FG-135A - Pack Smart - Systemy pakowania","og_description":"G\u00f3rny uchwyt na rolk\u0119 folii stretch z mocowaniem FG-135A Oznaczenie fabryczne: FG-135A (FG-03A-20) SHORT ONE, FILM UPPER ORATIENTAL PLATE.","og_url":"https:\/\/packsmart.com.pl\/de\/oferta\/czesci\/czesci-owijarki\/gorny-uchwyt-na-rolke-folii-stretch-z-mocowaniem-fg-135a\/","og_site_name":"Pack Smart - Systemy pakowania","article_publisher":"https:\/\/www.facebook.com\/p\/Pack-Smart-100089770293385\/?locale=pl_PL","article_modified_time":"2024-12-11T15:09:51+00:00","og_image":[{"width":1500,"height":1125,"url":"https:\/\/packsmart.com.pl\/wp-content\/uploads\/2024\/12\/FG-135A-FG-03A-20-SHORT-ONE-FILM-UPPER-ORATIENTAL-PLATE.jpg","type":"image\/jpeg"}],"twitter_card":"summary_large_image","twitter_misc":{"Gesch\u00e4tzte Lesezeit":"1\u00a0Minute"},"schema":{"@context":"https:\/\/schema.org","@graph":[{"@type":"WebPage","@id":"https:\/\/packsmart.com.pl\/oferta\/czesci\/czesci-owijarki\/gorny-uchwyt-na-rolke-folii-stretch-z-mocowaniem-fg-135a\/","url":"https:\/\/packsmart.com.pl\/oferta\/czesci\/czesci-owijarki\/gorny-uchwyt-na-rolke-folii-stretch-z-mocowaniem-fg-135a\/","name":"G\u00f3rny uchwyt na rolk\u0119 folii stretch z mocowaniem FG-135A - Pack Smart - Systemy pakowania","isPartOf":{"@id":"https:\/\/packsmart.com.pl\/#website"},"primaryImageOfPage":{"@id":"https:\/\/packsmart.com.pl\/oferta\/czesci\/czesci-owijarki\/gorny-uchwyt-na-rolke-folii-stretch-z-mocowaniem-fg-135a\/#primaryimage"},"image":{"@id":"https:\/\/packsmart.com.pl\/oferta\/czesci\/czesci-owijarki\/gorny-uchwyt-na-rolke-folii-stretch-z-mocowaniem-fg-135a\/#primaryimage"},"thumbnailUrl":"https:\/\/packsmart.com.pl\/wp-content\/uploads\/2024\/12\/FG-135A-FG-03A-20-SHORT-ONE-FILM-UPPER-ORATIENTAL-PLATE.jpg","datePublished":"2024-12-11T15:05:37+00:00","dateModified":"2024-12-11T15:09:51+00:00","description":"G\u00f3rny uchwyt na rolk\u0119 folii stretch z mocowaniem FG-135A Oznaczenie fabryczne: FG-135A (FG-03A-20) SHORT ONE, FILM UPPER ORATIENTAL PLATE.","breadcrumb":{"@id":"https:\/\/packsmart.com.pl\/oferta\/czesci\/czesci-owijarki\/gorny-uchwyt-na-rolke-folii-stretch-z-mocowaniem-fg-135a\/#breadcrumb"},"inLanguage":"de","potentialAction":[{"@type":"ReadAction","target":["https:\/\/packsmart.com.pl\/oferta\/czesci\/czesci-owijarki\/gorny-uchwyt-na-rolke-folii-stretch-z-mocowaniem-fg-135a\/"]}]},{"@type":"ImageObject","inLanguage":"de","@id":"https:\/\/packsmart.com.pl\/oferta\/czesci\/czesci-owijarki\/gorny-uchwyt-na-rolke-folii-stretch-z-mocowaniem-fg-135a\/#primaryimage","url":"https:\/\/packsmart.com.pl\/wp-content\/uploads\/2024\/12\/FG-135A-FG-03A-20-SHORT-ONE-FILM-UPPER-ORATIENTAL-PLATE.jpg","contentUrl":"https:\/\/packsmart.com.pl\/wp-content\/uploads\/2024\/12\/FG-135A-FG-03A-20-SHORT-ONE-FILM-UPPER-ORATIENTAL-PLATE.jpg","width":1500,"height":1125,"caption":"G\u00f3rny uchwyt folii stretch. Ca\u0142y komplet."},{"@type":"BreadcrumbList","@id":"https:\/\/packsmart.com.pl\/oferta\/czesci\/czesci-owijarki\/gorny-uchwyt-na-rolke-folii-stretch-z-mocowaniem-fg-135a\/#breadcrumb","itemListElement":[{"@type":"ListItem","position":1,"name":"Strona g\u0142\u00f3wna","item":"https:\/\/packsmart.com.pl\/"},{"@type":"ListItem","position":2,"name":"Produkty","item":"https:\/\/packsmart.com.pl\/sklep\/"},{"@type":"ListItem","position":3,"name":"Cz\u0119\u015bci zamienne","item":"https:\/\/packsmart.com.pl\/product-category\/czesci\/"},{"@type":"ListItem","position":4,"name":"Cz\u0119\u015bci zamienne do owijarek","item":"https:\/\/packsmart.com.pl\/product-category\/czesci\/czesci-owijarki\/"},{"@type":"ListItem","position":5,"name":"G\u00f3rny uchwyt na rolk\u0119 folii stretch z mocowaniem FG-135A"}]},{"@type":"WebSite","@id":"https:\/\/packsmart.com.pl\/#website","url":"https:\/\/packsmart.com.pl\/","name":"Pack Smart - Verpackungssysteme","description":"","publisher":{"@id":"https:\/\/packsmart.com.pl\/#organization"},"potentialAction":[{"@type":"SearchAction","target":{"@type":"EntryPoint","urlTemplate":"https:\/\/packsmart.com.pl\/?s={search_term_string}"},"query-input":{"@type":"PropertyValueSpecification","valueRequired":true,"valueName":"search_term_string"}}],"inLanguage":"de"},{"@type":"Organization","@id":"https:\/\/packsmart.com.pl\/#organization","name":"Clever packen","url":"https:\/\/packsmart.com.pl\/","logo":{"@type":"ImageObject","inLanguage":"de","@id":"https:\/\/packsmart.com.pl\/#\/schema\/logo\/image\/","url":"https:\/\/packsmart.com.pl\/wp-content\/uploads\/2020\/11\/cropped-logo.png","contentUrl":"https:\/\/packsmart.com.pl\/wp-content\/uploads\/2020\/11\/cropped-logo.png","width":512,"height":512,"caption":"Pack Smart"},"image":{"@id":"https:\/\/packsmart.com.pl\/#\/schema\/logo\/image\/"},"sameAs":["https:\/\/www.facebook.com\/p\/Pack-Smart-100089770293385\/?locale=pl_PL"]},false]}},"_links":{"self":[{"href":"https:\/\/packsmart.com.pl\/de\/wp-json\/wp\/v2\/product\/944","targetHints":{"allow":["GET"]}}],"collection":[{"href":"https:\/\/packsmart.com.pl\/de\/wp-json\/wp\/v2\/product"}],"about":[{"href":"https:\/\/packsmart.com.pl\/de\/wp-json\/wp\/v2\/types\/product"}],"replies":[{"embeddable":true,"href":"https:\/\/packsmart.com.pl\/de\/wp-json\/wp\/v2\/comments?post=944"}],"wp:featuredmedia":[{"embeddable":true,"href":"https:\/\/packsmart.com.pl\/de\/wp-json\/wp\/v2\/media\/945"}],"wp:attachment":[{"href":"https:\/\/packsmart.com.pl\/de\/wp-json\/wp\/v2\/media?parent=944"}],"wp:term":[{"taxonomy":"product_cat","embeddable":true,"href":"https:\/\/packsmart.com.pl\/de\/wp-json\/wp\/v2\/product_cat?post=944"},{"taxonomy":"product_tag","embeddable":true,"href":"https:\/\/packsmart.com.pl\/de\/wp-json\/wp\/v2\/product_tag?post=944"}],"curies":[{"name":"wp","href":"https:\/\/api.w.org\/{rel}","templated":true}]}}