{"id":898,"date":"2024-11-14T14:24:20","date_gmt":"2024-11-14T13:24:20","guid":{"rendered":"https:\/\/packsmart.com.pl\/?post_type=product&#038;p=898"},"modified":"2024-11-15T14:33:35","modified_gmt":"2024-11-15T13:33:35","slug":"krotka-rolka-fg-119","status":"publish","type":"product","link":"https:\/\/packsmart.com.pl\/de\/oferta\/czesci\/czesci-owijarki\/krotka-rolka-fg-119\/","title":{"rendered":"FG-119 Kurze Walze"},"content":{"rendered":"<p>[et_pb_section fb_built=&#8221;1&#8243; _builder_version=&#8221;4.22.0&#8243; _module_preset=&#8221;default&#8221; global_colors_info=&#8221;{}&#8221;][\/et_pb_section]<\/p>","protected":false},"excerpt":{"rendered":"<p>Kurze Rolle zur Aktivierung des Folienspannsystems.<\/p>\n<p>Fabrikbezeichnung: \u00dcbergangsrollenwelle (kurz) FG-119<\/p>\n<p>Verf\u00fcgbar mit Maschinen: MH-FG 2000B; MH-FG 2000BW; MH-FG-2000F; MH-FG 2000B Slime Line; Easy Wrap 2000B;<\/p>","protected":false},"featured_media":899,"comment_status":"open","ping_status":"closed","template":"","meta":{"_et_pb_use_builder":"on","_et_pb_old_content":"Kr\u00f3tka rolka do uruchamiania systemu rozci\u0105gu folii.\r\n\r\nOznaczenie fabryczne: Transition roller shaft (short) FG-119\r\n\r\nWyst\u0119puje z maszynach: MH-FG 2000B; MH-FG 2000BW; MH-FG-2000F; MH-FG 2000B Slime Line; Easy Wrap 2000B;","_et_gb_content_width":"","inline_featured_image":false,"yasr_overall_rating":0,"yasr_post_is_review":"","yasr_auto_insert_disabled":"","yasr_review_type":""},"product_cat":[38],"product_tag":[],"class_list":["post-898","product","type-product","status-publish","has-post-thumbnail","hentry","product_cat-czesci-owijarki"],"yasr_visitor_votes":{"stars_attributes":{"read_only":false,"span_bottom":false},"number_of_votes":0,"sum_votes":0},"acf":[],"yoast_head":"<!-- This site is optimized with the Yoast SEO plugin v26.1.1 - https:\/\/yoast.com\/wordpress\/plugins\/seo\/ -->\n<title>Kr\u00f3tka rolka FG-119 - Pack Smart - Systemy pakowania<\/title>\n<meta name=\"description\" content=\"Kr\u00f3tka rolka FG-119 znajduj\u0105ca si\u0119 w mechanizmie rozci\u0105gu folii stretch. U\u017cywana w owijarka do palet z automatycznym rozci\u0105giem.\" \/>\n<meta name=\"robots\" content=\"index, follow, max-snippet:-1, max-image-preview:large, max-video-preview:-1\" \/>\n<link rel=\"canonical\" href=\"https:\/\/packsmart.com.pl\/de\/oferta\/czesci\/czesci-owijarki\/krotka-rolka-fg-119\/\" \/>\n<meta property=\"og:locale\" content=\"de_DE\" \/>\n<meta property=\"og:type\" content=\"article\" \/>\n<meta property=\"og:title\" content=\"Kr\u00f3tka rolka FG-119 - Pack Smart - Systemy pakowania\" \/>\n<meta property=\"og:description\" content=\"Kr\u00f3tka rolka FG-119 znajduj\u0105ca si\u0119 w mechanizmie rozci\u0105gu folii stretch. U\u017cywana w owijarka do palet z automatycznym rozci\u0105giem.\" \/>\n<meta property=\"og:url\" content=\"https:\/\/packsmart.com.pl\/de\/oferta\/czesci\/czesci-owijarki\/krotka-rolka-fg-119\/\" \/>\n<meta property=\"og:site_name\" content=\"Pack Smart - Systemy pakowania\" \/>\n<meta property=\"article:publisher\" content=\"https:\/\/www.facebook.com\/p\/Pack-Smart-100089770293385\/?locale=pl_PL\" \/>\n<meta property=\"article:modified_time\" content=\"2024-11-15T13:33:35+00:00\" \/>\n<meta property=\"og:image\" content=\"https:\/\/packsmart.com.pl\/wp-content\/uploads\/2024\/11\/Krotka-rolka-FG-119.jpg\" \/>\n\t<meta property=\"og:image:width\" content=\"1125\" \/>\n\t<meta property=\"og:image:height\" content=\"1500\" \/>\n\t<meta property=\"og:image:type\" content=\"image\/jpeg\" \/>\n<meta name=\"twitter:card\" content=\"summary_large_image\" \/>\n<meta name=\"twitter:label1\" content=\"Gesch\u00e4tzte Lesezeit\" \/>\n\t<meta name=\"twitter:data1\" content=\"1\u00a0Minute\" \/>\n<script type=\"application\/ld+json\" class=\"yoast-schema-graph\">{\"@context\":\"https:\/\/schema.org\",\"@graph\":[{\"@type\":\"WebPage\",\"@id\":\"https:\/\/packsmart.com.pl\/oferta\/czesci\/czesci-owijarki\/krotka-rolka-fg-119\/\",\"url\":\"https:\/\/packsmart.com.pl\/oferta\/czesci\/czesci-owijarki\/krotka-rolka-fg-119\/\",\"name\":\"Kr\u00f3tka rolka FG-119 - Pack Smart - Systemy pakowania\",\"isPartOf\":{\"@id\":\"https:\/\/packsmart.com.pl\/#website\"},\"primaryImageOfPage\":{\"@id\":\"https:\/\/packsmart.com.pl\/oferta\/czesci\/czesci-owijarki\/krotka-rolka-fg-119\/#primaryimage\"},\"image\":{\"@id\":\"https:\/\/packsmart.com.pl\/oferta\/czesci\/czesci-owijarki\/krotka-rolka-fg-119\/#primaryimage\"},\"thumbnailUrl\":\"https:\/\/packsmart.com.pl\/wp-content\/uploads\/2024\/11\/Krotka-rolka-FG-119.jpg\",\"datePublished\":\"2024-11-14T13:24:20+00:00\",\"dateModified\":\"2024-11-15T13:33:35+00:00\",\"description\":\"Kr\u00f3tka rolka FG-119 znajduj\u0105ca si\u0119 w mechanizmie rozci\u0105gu folii stretch. U\u017cywana w owijarka do palet z automatycznym rozci\u0105giem.\",\"breadcrumb\":{\"@id\":\"https:\/\/packsmart.com.pl\/oferta\/czesci\/czesci-owijarki\/krotka-rolka-fg-119\/#breadcrumb\"},\"inLanguage\":\"de\",\"potentialAction\":[{\"@type\":\"ReadAction\",\"target\":[\"https:\/\/packsmart.com.pl\/oferta\/czesci\/czesci-owijarki\/krotka-rolka-fg-119\/\"]}]},{\"@type\":\"ImageObject\",\"inLanguage\":\"de\",\"@id\":\"https:\/\/packsmart.com.pl\/oferta\/czesci\/czesci-owijarki\/krotka-rolka-fg-119\/#primaryimage\",\"url\":\"https:\/\/packsmart.com.pl\/wp-content\/uploads\/2024\/11\/Krotka-rolka-FG-119.jpg\",\"contentUrl\":\"https:\/\/packsmart.com.pl\/wp-content\/uploads\/2024\/11\/Krotka-rolka-FG-119.jpg\",\"width\":1125,\"height\":1500,\"caption\":\"Transition roller shaft (short) FG-119\"},{\"@type\":\"BreadcrumbList\",\"@id\":\"https:\/\/packsmart.com.pl\/oferta\/czesci\/czesci-owijarki\/krotka-rolka-fg-119\/#breadcrumb\",\"itemListElement\":[{\"@type\":\"ListItem\",\"position\":1,\"name\":\"Strona g\u0142\u00f3wna\",\"item\":\"https:\/\/packsmart.com.pl\/\"},{\"@type\":\"ListItem\",\"position\":2,\"name\":\"Produkty\",\"item\":\"https:\/\/packsmart.com.pl\/sklep\/\"},{\"@type\":\"ListItem\",\"position\":3,\"name\":\"Cz\u0119\u015bci zamienne\",\"item\":\"https:\/\/packsmart.com.pl\/product-category\/czesci\/\"},{\"@type\":\"ListItem\",\"position\":4,\"name\":\"Cz\u0119\u015bci zamienne do owijarek\",\"item\":\"https:\/\/packsmart.com.pl\/product-category\/czesci\/czesci-owijarki\/\"},{\"@type\":\"ListItem\",\"position\":5,\"name\":\"Kr\u00f3tka rolka FG-119\"}]},{\"@type\":\"WebSite\",\"@id\":\"https:\/\/packsmart.com.pl\/#website\",\"url\":\"https:\/\/packsmart.com.pl\/\",\"name\":\"Pack Smart - Systemy pakowania\",\"description\":\"\",\"publisher\":{\"@id\":\"https:\/\/packsmart.com.pl\/#organization\"},\"potentialAction\":[{\"@type\":\"SearchAction\",\"target\":{\"@type\":\"EntryPoint\",\"urlTemplate\":\"https:\/\/packsmart.com.pl\/?s={search_term_string}\"},\"query-input\":{\"@type\":\"PropertyValueSpecification\",\"valueRequired\":true,\"valueName\":\"search_term_string\"}}],\"inLanguage\":\"de\"},{\"@type\":\"Organization\",\"@id\":\"https:\/\/packsmart.com.pl\/#organization\",\"name\":\"Pack Smart\",\"url\":\"https:\/\/packsmart.com.pl\/\",\"logo\":{\"@type\":\"ImageObject\",\"inLanguage\":\"de\",\"@id\":\"https:\/\/packsmart.com.pl\/#\/schema\/logo\/image\/\",\"url\":\"https:\/\/packsmart.com.pl\/wp-content\/uploads\/2020\/11\/cropped-logo.png\",\"contentUrl\":\"https:\/\/packsmart.com.pl\/wp-content\/uploads\/2020\/11\/cropped-logo.png\",\"width\":512,\"height\":512,\"caption\":\"Pack Smart\"},\"image\":{\"@id\":\"https:\/\/packsmart.com.pl\/#\/schema\/logo\/image\/\"},\"sameAs\":[\"https:\/\/www.facebook.com\/p\/Pack-Smart-100089770293385\/?locale=pl_PL\"]},false]}<\/script>\n<!-- \/ Yoast SEO plugin. -->","yoast_head_json":{"title":"Kr\u00f3tka rolka FG-119 - Pack Smart - Systemy pakowania","description":"Kr\u00f3tka rolka FG-119 znajduj\u0105ca si\u0119 w mechanizmie rozci\u0105gu folii stretch. U\u017cywana w owijarka do palet z automatycznym rozci\u0105giem.","robots":{"index":"index","follow":"follow","max-snippet":"max-snippet:-1","max-image-preview":"max-image-preview:large","max-video-preview":"max-video-preview:-1"},"canonical":"https:\/\/packsmart.com.pl\/de\/oferta\/czesci\/czesci-owijarki\/krotka-rolka-fg-119\/","og_locale":"de_DE","og_type":"article","og_title":"Kr\u00f3tka rolka FG-119 - Pack Smart - Systemy pakowania","og_description":"Kr\u00f3tka rolka FG-119 znajduj\u0105ca si\u0119 w mechanizmie rozci\u0105gu folii stretch. U\u017cywana w owijarka do palet z automatycznym rozci\u0105giem.","og_url":"https:\/\/packsmart.com.pl\/de\/oferta\/czesci\/czesci-owijarki\/krotka-rolka-fg-119\/","og_site_name":"Pack Smart - Systemy pakowania","article_publisher":"https:\/\/www.facebook.com\/p\/Pack-Smart-100089770293385\/?locale=pl_PL","article_modified_time":"2024-11-15T13:33:35+00:00","og_image":[{"width":1125,"height":1500,"url":"https:\/\/packsmart.com.pl\/wp-content\/uploads\/2024\/11\/Krotka-rolka-FG-119.jpg","type":"image\/jpeg"}],"twitter_card":"summary_large_image","twitter_misc":{"Gesch\u00e4tzte Lesezeit":"1\u00a0Minute"},"schema":{"@context":"https:\/\/schema.org","@graph":[{"@type":"WebPage","@id":"https:\/\/packsmart.com.pl\/oferta\/czesci\/czesci-owijarki\/krotka-rolka-fg-119\/","url":"https:\/\/packsmart.com.pl\/oferta\/czesci\/czesci-owijarki\/krotka-rolka-fg-119\/","name":"Kr\u00f3tka rolka FG-119 - Pack Smart - Systemy pakowania","isPartOf":{"@id":"https:\/\/packsmart.com.pl\/#website"},"primaryImageOfPage":{"@id":"https:\/\/packsmart.com.pl\/oferta\/czesci\/czesci-owijarki\/krotka-rolka-fg-119\/#primaryimage"},"image":{"@id":"https:\/\/packsmart.com.pl\/oferta\/czesci\/czesci-owijarki\/krotka-rolka-fg-119\/#primaryimage"},"thumbnailUrl":"https:\/\/packsmart.com.pl\/wp-content\/uploads\/2024\/11\/Krotka-rolka-FG-119.jpg","datePublished":"2024-11-14T13:24:20+00:00","dateModified":"2024-11-15T13:33:35+00:00","description":"Kr\u00f3tka rolka FG-119 znajduj\u0105ca si\u0119 w mechanizmie rozci\u0105gu folii stretch. U\u017cywana w owijarka do palet z automatycznym rozci\u0105giem.","breadcrumb":{"@id":"https:\/\/packsmart.com.pl\/oferta\/czesci\/czesci-owijarki\/krotka-rolka-fg-119\/#breadcrumb"},"inLanguage":"de","potentialAction":[{"@type":"ReadAction","target":["https:\/\/packsmart.com.pl\/oferta\/czesci\/czesci-owijarki\/krotka-rolka-fg-119\/"]}]},{"@type":"ImageObject","inLanguage":"de","@id":"https:\/\/packsmart.com.pl\/oferta\/czesci\/czesci-owijarki\/krotka-rolka-fg-119\/#primaryimage","url":"https:\/\/packsmart.com.pl\/wp-content\/uploads\/2024\/11\/Krotka-rolka-FG-119.jpg","contentUrl":"https:\/\/packsmart.com.pl\/wp-content\/uploads\/2024\/11\/Krotka-rolka-FG-119.jpg","width":1125,"height":1500,"caption":"Transition roller shaft (short) FG-119"},{"@type":"BreadcrumbList","@id":"https:\/\/packsmart.com.pl\/oferta\/czesci\/czesci-owijarki\/krotka-rolka-fg-119\/#breadcrumb","itemListElement":[{"@type":"ListItem","position":1,"name":"Strona g\u0142\u00f3wna","item":"https:\/\/packsmart.com.pl\/"},{"@type":"ListItem","position":2,"name":"Produkty","item":"https:\/\/packsmart.com.pl\/sklep\/"},{"@type":"ListItem","position":3,"name":"Cz\u0119\u015bci zamienne","item":"https:\/\/packsmart.com.pl\/product-category\/czesci\/"},{"@type":"ListItem","position":4,"name":"Cz\u0119\u015bci zamienne do owijarek","item":"https:\/\/packsmart.com.pl\/product-category\/czesci\/czesci-owijarki\/"},{"@type":"ListItem","position":5,"name":"Kr\u00f3tka rolka FG-119"}]},{"@type":"WebSite","@id":"https:\/\/packsmart.com.pl\/#website","url":"https:\/\/packsmart.com.pl\/","name":"Pack Smart - Verpackungssysteme","description":"","publisher":{"@id":"https:\/\/packsmart.com.pl\/#organization"},"potentialAction":[{"@type":"SearchAction","target":{"@type":"EntryPoint","urlTemplate":"https:\/\/packsmart.com.pl\/?s={search_term_string}"},"query-input":{"@type":"PropertyValueSpecification","valueRequired":true,"valueName":"search_term_string"}}],"inLanguage":"de"},{"@type":"Organization","@id":"https:\/\/packsmart.com.pl\/#organization","name":"Clever packen","url":"https:\/\/packsmart.com.pl\/","logo":{"@type":"ImageObject","inLanguage":"de","@id":"https:\/\/packsmart.com.pl\/#\/schema\/logo\/image\/","url":"https:\/\/packsmart.com.pl\/wp-content\/uploads\/2020\/11\/cropped-logo.png","contentUrl":"https:\/\/packsmart.com.pl\/wp-content\/uploads\/2020\/11\/cropped-logo.png","width":512,"height":512,"caption":"Pack Smart"},"image":{"@id":"https:\/\/packsmart.com.pl\/#\/schema\/logo\/image\/"},"sameAs":["https:\/\/www.facebook.com\/p\/Pack-Smart-100089770293385\/?locale=pl_PL"]},false]}},"_links":{"self":[{"href":"https:\/\/packsmart.com.pl\/de\/wp-json\/wp\/v2\/product\/898","targetHints":{"allow":["GET"]}}],"collection":[{"href":"https:\/\/packsmart.com.pl\/de\/wp-json\/wp\/v2\/product"}],"about":[{"href":"https:\/\/packsmart.com.pl\/de\/wp-json\/wp\/v2\/types\/product"}],"replies":[{"embeddable":true,"href":"https:\/\/packsmart.com.pl\/de\/wp-json\/wp\/v2\/comments?post=898"}],"wp:featuredmedia":[{"embeddable":true,"href":"https:\/\/packsmart.com.pl\/de\/wp-json\/wp\/v2\/media\/899"}],"wp:attachment":[{"href":"https:\/\/packsmart.com.pl\/de\/wp-json\/wp\/v2\/media?parent=898"}],"wp:term":[{"taxonomy":"product_cat","embeddable":true,"href":"https:\/\/packsmart.com.pl\/de\/wp-json\/wp\/v2\/product_cat?post=898"},{"taxonomy":"product_tag","embeddable":true,"href":"https:\/\/packsmart.com.pl\/de\/wp-json\/wp\/v2\/product_tag?post=898"}],"curies":[{"name":"wp","href":"https:\/\/api.w.org\/{rel}","templated":true}]}}