{"id":785,"date":"2023-04-12T11:05:25","date_gmt":"2023-04-12T09:05:25","guid":{"rendered":"https:\/\/packsmart.com.pl\/?post_type=product&#038;p=785"},"modified":"2023-04-12T20:51:51","modified_gmt":"2023-04-12T18:51:51","slug":"slupek-smart-stop-4","status":"publish","type":"product","link":"https:\/\/packsmart.com.pl\/de\/oferta\/bariery-energochlonne\/slupki-energochlonne\/slupek-smart-stop-4\/","title":{"rendered":"SMART STOP 4 Pfosten"},"content":{"rendered":"<p>[et_pb_section fb_built=&#8221;1&#8243; _builder_version=&#8221;4.16&#8243; _module_preset=&#8221;default&#8221; global_colors_info=&#8221;{}&#8221;][et_pb_row _builder_version=&#8221;4.19.4&#8243; _module_preset=&#8221;default&#8221; width=&#8221;100%&#8221; global_colors_info=&#8221;{}&#8221;][et_pb_column type=&#8221;4_4&#8243; _builder_version=&#8221;4.16&#8243; _module_preset=&#8221;default&#8221; global_colors_info=&#8221;{}&#8221;][et_pb_video src=&#8221;https:\/\/youtu.be\/nXDXR0mGlxc&#8221; _builder_version=&#8221;4.19.4&#8243; _module_preset=&#8221;default&#8221; global_colors_info=&#8221;{}&#8221;][\/et_pb_video][\/et_pb_column][\/et_pb_row][et_pb_row _builder_version=&#8221;4.16&#8243; _module_preset=&#8221;default&#8221; width=&#8221;100%&#8221; global_colors_info=&#8221;{}&#8221;][et_pb_column type=&#8221;4_4&#8243; _builder_version=&#8221;4.16&#8243; _module_preset=&#8221;default&#8221; global_colors_info=&#8221;{}&#8221;][et_pb_text _builder_version=&#8221;4.19.4&#8243; _module_preset=&#8221;default&#8221; global_colors_info=&#8221;{}&#8221;]<\/p>\n<h2>Funktionen<\/h2>\n<p>[\/et_pb_text][\/et_pb_column][\/et_pb_row][et_pb_row column_structure=&#8221;1_2,1_2&#8243; _builder_version=&#8221;4.19.4&#8243; _module_preset=&#8221;default&#8221; width=&#8221;100%&#8221; global_colors_info=&#8221;{}&#8221;][et_pb_column type=&#8221;1_2&#8243; _builder_version=&#8221;4.16&#8243; _module_preset=&#8221;default&#8221; global_colors_info=&#8221;{}&#8221;][et_pb_blurb title=&#8221;Dedykowane do zewn\u0119trznych dok\u00f3w za\u0142adunkowych i ramp magazynowych&#8221; use_icon=&#8221;on&#8221; font_icon=&#8221;&#x52;||divi||400&#8243; icon_color=&#8221;#7cda24&#8243; icon_placement=&#8221;left&#8221; _builder_version=&#8221;4.19.4&#8243; _module_preset=&#8221;default&#8221; header_font_size=&#8221;18px&#8221; global_colors_info=&#8221;{}&#8221;][\/et_pb_blurb][et_pb_blurb title=&#8221;Odprowadzanie wody z podstawy s\u0142upka&#8221; use_icon=&#8221;on&#8221; font_icon=&#8221;&#x52;||divi||400&#8243; icon_color=&#8221;#7cda24&#8243; icon_placement=&#8221;left&#8221; _builder_version=&#8221;4.19.4&#8243; _module_preset=&#8221;default&#8221; header_font_size=&#8221;18px&#8221; global_colors_info=&#8221;{}&#8221;][\/et_pb_blurb][et_pb_blurb title=&#8221;Mo\u017cliwo\u015b\u0107 zamontowania w budynkach i na zewn\u0105trz&#8221; use_icon=&#8221;on&#8221; font_icon=&#8221;&#x52;||divi||400&#8243; icon_color=&#8221;#7cda24&#8243; icon_placement=&#8221;left&#8221; _builder_version=&#8221;4.19.4&#8243; _module_preset=&#8221;default&#8221; header_font_size=&#8221;18px&#8221; global_colors_info=&#8221;{}&#8221;][\/et_pb_blurb][\/et_pb_column][et_pb_column type=&#8221;1_2&#8243; _builder_version=&#8221;4.16&#8243; _module_preset=&#8221;default&#8221; global_colors_info=&#8221;{}&#8221;][et_pb_blurb title=&#8221;Modu\u0142owa budowa&#8221; use_icon=&#8221;on&#8221; font_icon=&#8221;&#x52;||divi||400&#8243; icon_color=&#8221;#7cda24&#8243; icon_placement=&#8221;left&#8221; _builder_version=&#8221;4.19.4&#8243; _module_preset=&#8221;default&#8221; header_font_size=&#8221;18px&#8221; global_colors_info=&#8221;{}&#8221;][\/et_pb_blurb][et_pb_blurb title=&#8221;Szybki monta\u017c&#8221; use_icon=&#8221;on&#8221; font_icon=&#8221;&#x52;||divi||400&#8243; icon_color=&#8221;#7cda24&#8243; icon_placement=&#8221;left&#8221; _builder_version=&#8221;4.19.4&#8243; _module_preset=&#8221;default&#8221; header_font_size=&#8221;18px&#8221; global_colors_info=&#8221;{}&#8221;][\/et_pb_blurb][et_pb_blurb title=&#8221;Mo\u017cliwo\u015b\u0107 szybkiego przenoszenia w inne miejsce&#8221; use_icon=&#8221;on&#8221; font_icon=&#8221;&#x52;||divi||400&#8243; icon_color=&#8221;#7cda24&#8243; icon_placement=&#8221;left&#8221; _builder_version=&#8221;4.19.4&#8243; _module_preset=&#8221;default&#8221; header_font_size=&#8221;18px&#8221; global_colors_info=&#8221;{}&#8221;][\/et_pb_blurb][\/et_pb_column][\/et_pb_row][\/et_pb_section][et_pb_section fb_built=&#8221;1&#8243; _builder_version=&#8221;4.16&#8243; _module_preset=&#8221;default&#8221; collapsed=&#8221;off&#8221; global_colors_info=&#8221;{}&#8221;][et_pb_row _builder_version=&#8221;4.16&#8243; _module_preset=&#8221;default&#8221; width=&#8221;100%&#8221; global_colors_info=&#8221;{}&#8221;][et_pb_column type=&#8221;4_4&#8243; _builder_version=&#8221;4.16&#8243; _module_preset=&#8221;default&#8221; global_colors_info=&#8221;{}&#8221;][et_pb_text _builder_version=&#8221;4.19.4&#8243; _module_preset=&#8221;default&#8221; global_colors_info=&#8221;{}&#8221;]<\/p>\n<h2>Technische Daten<\/h2>\n<p>[\/et_pb_text][\/et_pb_column][\/et_pb_row][et_pb_row column_structure=&#8221;1_2,1_2&#8243; _builder_version=&#8221;4.16&#8243; _module_preset=&#8221;default&#8221; width=&#8221;100%&#8221; global_colors_info=&#8221;{}&#8221;][et_pb_column type=&#8221;1_2&#8243; _builder_version=&#8221;4.16&#8243; _module_preset=&#8221;default&#8221; global_colors_info=&#8221;{}&#8221;][et_pb_blurb title=&#8221;Obci\u0105\u017cenie: bardzo ci\u0119\u017ckie&#8221; use_icon=&#8221;on&#8221; font_icon=&#8221;&#x52;||divi||400&#8243; icon_color=&#8221;#7cda24&#8243; icon_placement=&#8221;left&#8221; _builder_version=&#8221;4.19.4&#8243; _module_preset=&#8221;default&#8221; header_font_size=&#8221;18px&#8221; global_colors_info=&#8221;{}&#8221;][\/et_pb_blurb][et_pb_blurb title=&#8221;Absorpcja uderze\u0144: waga pojazdu do 20 T, pr\u0119dko\u015b\u0107 5,8 km\/h&#8221; use_icon=&#8221;on&#8221; font_icon=&#8221;&#x52;||divi||400&#8243; icon_color=&#8221;#7cda24&#8243; icon_placement=&#8221;left&#8221; _builder_version=&#8221;4.19.4&#8243; _module_preset=&#8221;default&#8221; header_font_size=&#8221;18px&#8221; global_colors_info=&#8221;{}&#8221;][\/et_pb_blurb][et_pb_blurb title=&#8221;\u015arednica: 17,7 cm&#8221; use_icon=&#8221;on&#8221; font_icon=&#8221;&#x52;||divi||400&#8243; icon_color=&#8221;#7cda24&#8243; icon_placement=&#8221;left&#8221; _builder_version=&#8221;4.19.4&#8243; _module_preset=&#8221;default&#8221; header_font_size=&#8221;18px&#8221; global_colors_info=&#8221;{}&#8221;][\/et_pb_blurb][et_pb_blurb title=&#8221;Wysoko\u015b\u0107: 100 cm&#8221; use_icon=&#8221;on&#8221; font_icon=&#8221;&#x52;||divi||400&#8243; icon_color=&#8221;#7cda24&#8243; icon_placement=&#8221;left&#8221; _builder_version=&#8221;4.19.4&#8243; _module_preset=&#8221;default&#8221; header_font_size=&#8221;18px&#8221; global_colors_info=&#8221;{}&#8221;][\/et_pb_blurb][et_pb_blurb title=&#8221;odchylenie s\u0142upka przy kolizji pod k\u0105tem 20\u00ba&#8221; use_icon=&#8221;on&#8221; font_icon=&#8221;&#x52;||divi||400&#8243; icon_color=&#8221;#7cda24&#8243; icon_placement=&#8221;left&#8221; _builder_version=&#8221;4.19.4&#8243; _module_preset=&#8221;default&#8221; header_font_size=&#8221;18px&#8221; global_colors_info=&#8221;{}&#8221;][\/et_pb_blurb][et_pb_blurb title=&#8221;Przyjazny dla \u015brodowiska lakier elektrochemiczny na bazie wody + farba proszkowa&#8221; use_icon=&#8221;on&#8221; font_icon=&#8221;&#x52;||divi||400&#8243; icon_color=&#8221;#7cda24&#8243; icon_placement=&#8221;left&#8221; _builder_version=&#8221;4.19.4&#8243; _module_preset=&#8221;default&#8221; header_font_size=&#8221;18px&#8221; global_colors_info=&#8221;{}&#8221;][\/et_pb_blurb][\/et_pb_column][et_pb_column type=&#8221;1_2&#8243; _builder_version=&#8221;4.16&#8243; _module_preset=&#8221;default&#8221; global_colors_info=&#8221;{}&#8221;][et_pb_blurb title=&#8221;Maks. Poch\u0142anialno\u015b\u0107: 25 800  J&#8221; use_icon=&#8221;on&#8221; font_icon=&#8221;&#x52;||divi||400&#8243; icon_color=&#8221;#7cda24&#8243; icon_placement=&#8221;left&#8221; _builder_version=&#8221;4.19.4&#8243; _module_preset=&#8221;default&#8221; header_font_size=&#8221;18px&#8221; global_colors_info=&#8221;{}&#8221;][\/et_pb_blurb][et_pb_blurb title=&#8221;RAL 1023 \u017b\u00f3\u0142ty drogowy&#8221; use_icon=&#8221;on&#8221; font_icon=&#8221;&#x52;||divi||400&#8243; icon_color=&#8221;#7cda24&#8243; icon_placement=&#8221;left&#8221; _builder_version=&#8221;4.19.4&#8243; _module_preset=&#8221;default&#8221; header_font_size=&#8221;18px&#8221; global_colors_info=&#8221;{}&#8221;][\/et_pb_blurb][et_pb_blurb title=&#8221;S\u0142upki s\u0105 poddawane galwanizacji i ocynkowi&#8221; use_icon=&#8221;on&#8221; font_icon=&#8221;&#x52;||divi||400&#8243; icon_color=&#8221;#7cda24&#8243; icon_placement=&#8221;left&#8221; _builder_version=&#8221;4.19.4&#8243; _module_preset=&#8221;default&#8221; header_font_size=&#8221;18px&#8221; global_colors_info=&#8221;{}&#8221;][\/et_pb_blurb][et_pb_blurb title=&#8221;Waga: 77 kg&#8221; use_icon=&#8221;on&#8221; font_icon=&#8221;&#x52;||divi||400&#8243; icon_color=&#8221;#7cda24&#8243; icon_placement=&#8221;left&#8221; _builder_version=&#8221;4.19.4&#8243; _module_preset=&#8221;default&#8221; header_font_size=&#8221;18px&#8221; global_colors_info=&#8221;{}&#8221;][\/et_pb_blurb][et_pb_blurb title=&#8221;Temperatura:  &#8211; 40\u00b0C  do + 70\u00b0C&#8221; use_icon=&#8221;on&#8221; font_icon=&#8221;&#x52;||divi||400&#8243; icon_color=&#8221;#7cda24&#8243; icon_placement=&#8221;left&#8221; _builder_version=&#8221;4.19.4&#8243; _module_preset=&#8221;default&#8221; header_font_size=&#8221;18px&#8221; global_colors_info=&#8221;{}&#8221;][\/et_pb_blurb][\/et_pb_column][\/et_pb_row][\/et_pb_section][et_pb_section fb_built=&#8221;1&#8243; _builder_version=&#8221;4.16&#8243; _module_preset=&#8221;default&#8221; collapsed=&#8221;off&#8221; global_colors_info=&#8221;{}&#8221;][et_pb_row _builder_version=&#8221;4.16&#8243; _module_preset=&#8221;default&#8221; width=&#8221;100%&#8221; global_colors_info=&#8221;{}&#8221;][et_pb_column type=&#8221;4_4&#8243; _builder_version=&#8221;4.16&#8243; _module_preset=&#8221;default&#8221; global_colors_info=&#8221;{}&#8221;][et_pb_text _builder_version=&#8221;4.19.4&#8243; _module_preset=&#8221;default&#8221; global_colors_info=&#8221;{}&#8221;]<\/p>\n<h2>Projektbeispiele<\/h2>\n<p>[\/et_pb_text][\/et_pb_column][\/et_pb_row][et_pb_row _builder_version=&#8221;4.19.4&#8243; _module_preset=&#8221;default&#8221; width=&#8221;100%&#8221; global_colors_info=&#8221;{}&#8221;][et_pb_column type=&#8221;4_4&#8243; _builder_version=&#8221;4.16&#8243; _module_preset=&#8221;default&#8221; global_colors_info=&#8221;{}&#8221;][et_pb_gallery gallery_ids=&#8221;787,788,789,792&#8243; show_title_and_caption=&#8221;off&#8221; _builder_version=&#8221;4.19.4&#8243; _module_preset=&#8221;default&#8221; global_colors_info=&#8221;{}&#8221;][\/et_pb_gallery][\/et_pb_column][\/et_pb_row][\/et_pb_section][et_pb_section fb_built=&#8221;1&#8243; _builder_version=&#8221;4.16&#8243; _module_preset=&#8221;default&#8221; collapsed=&#8221;off&#8221; global_colors_info=&#8221;{}&#8221;][et_pb_row _builder_version=&#8221;4.16&#8243; _module_preset=&#8221;default&#8221; width=&#8221;100%&#8221; global_colors_info=&#8221;{}&#8221;][et_pb_column type=&#8221;4_4&#8243; _builder_version=&#8221;4.16&#8243; _module_preset=&#8221;default&#8221; global_colors_info=&#8221;{}&#8221;][et_pb_text _builder_version=&#8221;4.19.4&#8243; _module_preset=&#8221;default&#8221; global_colors_info=&#8221;{}&#8221;]<\/p>\n<h2>Konfigurationsoptionen<\/h2>\n<p>[\/et_pb_text][\/et_pb_column][\/et_pb_row][et_pb_row column_structure=&#8221;1_2,1_2&#8243; _builder_version=&#8221;4.16&#8243; _module_preset=&#8221;default&#8221; width=&#8221;100%&#8221; global_colors_info=&#8221;{}&#8221;][et_pb_column type=&#8221;1_2&#8243; _builder_version=&#8221;4.16&#8243; _module_preset=&#8221;default&#8221; global_colors_info=&#8221;{}&#8221;][et_pb_blurb title=&#8221;Kolor&#8221; image=&#8221;https:\/\/packsmart.com.pl\/wp-content\/uploads\/2023\/04\/6-Inch-Plastic-Bollard-Covers.jpg&#8221; _builder_version=&#8221;4.19.4&#8243; _module_preset=&#8221;default&#8221; global_colors_info=&#8221;{}&#8221;]Mo\u017cliwo\u015b\u0107 doboru odpowiedniego koloru<br \/>\n[\/et_pb_blurb][et_pb_blurb title=&#8221;Budowa&#8221; image=&#8221;https:\/\/packsmart.com.pl\/wp-content\/uploads\/2023\/04\/Type-2-Horseshoe-Assembly.367.png&#8221; _builder_version=&#8221;4.19.4&#8243; _module_preset=&#8221;default&#8221; global_colors_info=&#8221;{}&#8221;]<\/p>\n<p>Flexible Konfiguration m\u00f6glich<\/p>\n<p>[\/et_pb_blurb][\/et_pb_column][et_pb_column type=&#8221;1_2&#8243; _builder_version=&#8221;4.16&#8243; _module_preset=&#8221;default&#8221; global_colors_info=&#8221;{}&#8221;][et_pb_blurb title=&#8221;Wysoko\u015b\u0107&#8221; image=&#8221;https:\/\/packsmart.com.pl\/wp-content\/uploads\/2023\/04\/R-SS5-PIPE-37.257.png&#8221; _builder_version=&#8221;4.19.4&#8243; _module_preset=&#8221;default&#8221; global_colors_info=&#8221;{}&#8221;]Mo\u017cliwo\u015b\u0107 doboru odpowiedniej wysoko\u015bci<br \/>\n[\/et_pb_blurb][et_pb_blurb title=&#8221;Tabliczka&#8221; image=&#8221;https:\/\/packsmart.com.pl\/wp-content\/uploads\/2023\/04\/Type-2-Handicap-Sign.378.png&#8221; _builder_version=&#8221;4.19.4&#8243; _module_preset=&#8221;default&#8221; global_colors_info=&#8221;{}&#8221;]<\/p>\n<p>M\u00f6glichkeit zur Anbringung eines Informationsschildes<\/p>\n<p>[\/et_pb_blurb][\/et_pb_column][\/et_pb_row][\/et_pb_section]<\/p>","protected":false},"excerpt":{"rendered":"<p><strong>SMART STOP 4 Pfosten<\/strong> Der SMART STOP 4 ist der st\u00e4rkste flexible Schutzpoller der SMART STOP-Familie. Dicke W\u00e4nde, ein Durchmesser von 17,7 cm und ein verst\u00e4rkter Gusseisensockel, der mit 8 Schrauben befestigt ist, erm\u00f6glichen es dem SMART STOP 4, einen Gro\u00dfteil der bei schweren Unf\u00e4llen mit starker Aufprallenergie entstehenden kinetischen Energie zu absorbieren. Er ist widerstandsf\u00e4hig gegen starke St\u00f6\u00dfe von Lieferwagen, gro\u00dfen Gabelstaplern und schweren Ger\u00e4ten. Er eignet sich ideal zur Sicherung von Laderampen und Ladebereichen.<\/p>","protected":false},"featured_media":793,"comment_status":"open","ping_status":"closed","template":"","meta":{"_et_pb_use_builder":"on","_et_pb_old_content":"S\u0142upek SMART STOP 4 \u2013 SMART STOP to co\u015b wi\u0119cej ni\u017c zwyk\u0142y stalowy s\u0142upek ochronny. Nasz s\u0142upek wznosi bezpiecze\u0144stwo na wy\u017cszy poziom, dzi\u0119ki gumowemu elastomerowi umieszczonemu w \u017celiwnej podstawie. To innowacyjne rozwi\u0105zanie powoduje, \u017ce s\u0142upek SMART STOP w trakcie kolizji odchyla si\u0119 o 20\u00ba, absorbuj\u0105c przy tym energi\u0119 kinetyczn\u0105 powsta\u0142\u0105 w trakcie zderzenia, nie naruszaj\u0105c przy tym podstawy s\u0142upka ani nie uszkadzaj\u0105c pod\u0142o\u017ca. S\u0142upek jest ocynkowany i pomalowany proszkowo. Elastomer posiada specjalnie wy\u017c\u0142obiony kanalik do odprowadzenia wody, dzi\u0119ki czemu nie zbiera si\u0119 ona w podstawie a pod\u0142o\u017ce nie koroduje. S\u0142upek SMART STOP 1 skutecznie spisze si\u0119 zar\u00f3wno w \u015brodowiskach komercyjnych jak i przemys\u0142owych, halach produkcyjnych czy obiektach logistycznych. Przeznaczony do ochrony przed ci\u0119\u017ckimi w\u00f3zkami wid\u0142owymi lub pojazdami do 20T.","_et_gb_content_width":"","inline_featured_image":false,"yasr_overall_rating":0,"yasr_post_is_review":"","yasr_auto_insert_disabled":"","yasr_review_type":""},"product_cat":[29],"product_tag":[],"class_list":["post-785","product","type-product","status-publish","has-post-thumbnail","hentry","product_cat-slupki-energochlonne"],"yasr_visitor_votes":{"stars_attributes":{"read_only":false,"span_bottom":false},"number_of_votes":0,"sum_votes":0},"acf":[],"yoast_head":"<!-- This site is optimized with the Yoast SEO plugin v26.1.1 - https:\/\/yoast.com\/wordpress\/plugins\/seo\/ -->\n<title>S\u0142upek SMART STOP 4 - Pack Smart - Systemy pakowania<\/title>\n<meta name=\"description\" content=\"S\u0142upek energoch\u0142onny Smart Stop typu pierwszego. Mocny, elastyczny i budowa modu\u0142owa sprawia, \u017ce jego zastosowanie jest wszechstronne.\" \/>\n<meta name=\"robots\" content=\"index, follow, max-snippet:-1, max-image-preview:large, max-video-preview:-1\" \/>\n<link rel=\"canonical\" href=\"https:\/\/packsmart.com.pl\/de\/oferta\/bariery-energochlonne\/slupki-energochlonne\/slupek-smart-stop-4\/\" \/>\n<meta property=\"og:locale\" content=\"de_DE\" \/>\n<meta property=\"og:type\" content=\"article\" \/>\n<meta property=\"og:title\" content=\"S\u0142upek SMART STOP 4 - Pack Smart - Systemy pakowania\" \/>\n<meta property=\"og:description\" content=\"S\u0142upek energoch\u0142onny Smart Stop typu pierwszego. Mocny, elastyczny i budowa modu\u0142owa sprawia, \u017ce jego zastosowanie jest wszechstronne.\" \/>\n<meta property=\"og:url\" content=\"https:\/\/packsmart.com.pl\/de\/oferta\/bariery-energochlonne\/slupki-energochlonne\/slupek-smart-stop-4\/\" \/>\n<meta property=\"og:site_name\" content=\"Pack Smart - Systemy pakowania\" \/>\n<meta property=\"article:publisher\" content=\"https:\/\/www.facebook.com\/p\/Pack-Smart-100089770293385\/?locale=pl_PL\" \/>\n<meta property=\"article:modified_time\" content=\"2023-04-12T18:51:51+00:00\" \/>\n<meta property=\"og:image\" content=\"https:\/\/packsmart.com.pl\/wp-content\/uploads\/2023\/04\/Type-3-Tilt.350.png\" \/>\n\t<meta property=\"og:image:width\" content=\"640\" \/>\n\t<meta property=\"og:image:height\" content=\"480\" \/>\n\t<meta property=\"og:image:type\" content=\"image\/png\" \/>\n<meta name=\"twitter:card\" content=\"summary_large_image\" \/>\n<meta name=\"twitter:label1\" content=\"Gesch\u00e4tzte Lesezeit\" \/>\n\t<meta name=\"twitter:data1\" content=\"3\u00a0Minuten\" \/>\n<script type=\"application\/ld+json\" class=\"yoast-schema-graph\">{\"@context\":\"https:\/\/schema.org\",\"@graph\":[{\"@type\":\"WebPage\",\"@id\":\"https:\/\/packsmart.com.pl\/oferta\/bariery-energochlonne\/slupki-energochlonne\/slupek-smart-stop-4\/\",\"url\":\"https:\/\/packsmart.com.pl\/oferta\/bariery-energochlonne\/slupki-energochlonne\/slupek-smart-stop-4\/\",\"name\":\"S\u0142upek SMART STOP 4 - Pack Smart - Systemy pakowania\",\"isPartOf\":{\"@id\":\"https:\/\/packsmart.com.pl\/#website\"},\"primaryImageOfPage\":{\"@id\":\"https:\/\/packsmart.com.pl\/oferta\/bariery-energochlonne\/slupki-energochlonne\/slupek-smart-stop-4\/#primaryimage\"},\"image\":{\"@id\":\"https:\/\/packsmart.com.pl\/oferta\/bariery-energochlonne\/slupki-energochlonne\/slupek-smart-stop-4\/#primaryimage\"},\"thumbnailUrl\":\"https:\/\/packsmart.com.pl\/wp-content\/uploads\/2023\/04\/Type-3-Tilt.350.png\",\"datePublished\":\"2023-04-12T09:05:25+00:00\",\"dateModified\":\"2023-04-12T18:51:51+00:00\",\"description\":\"S\u0142upek energoch\u0142onny Smart Stop typu pierwszego. Mocny, elastyczny i budowa modu\u0142owa sprawia, \u017ce jego zastosowanie jest wszechstronne.\",\"breadcrumb\":{\"@id\":\"https:\/\/packsmart.com.pl\/oferta\/bariery-energochlonne\/slupki-energochlonne\/slupek-smart-stop-4\/#breadcrumb\"},\"inLanguage\":\"de\",\"potentialAction\":[{\"@type\":\"ReadAction\",\"target\":[\"https:\/\/packsmart.com.pl\/oferta\/bariery-energochlonne\/slupki-energochlonne\/slupek-smart-stop-4\/\"]}]},{\"@type\":\"ImageObject\",\"inLanguage\":\"de\",\"@id\":\"https:\/\/packsmart.com.pl\/oferta\/bariery-energochlonne\/slupki-energochlonne\/slupek-smart-stop-4\/#primaryimage\",\"url\":\"https:\/\/packsmart.com.pl\/wp-content\/uploads\/2023\/04\/Type-3-Tilt.350.png\",\"contentUrl\":\"https:\/\/packsmart.com.pl\/wp-content\/uploads\/2023\/04\/Type-3-Tilt.350.png\",\"width\":640,\"height\":480},{\"@type\":\"BreadcrumbList\",\"@id\":\"https:\/\/packsmart.com.pl\/oferta\/bariery-energochlonne\/slupki-energochlonne\/slupek-smart-stop-4\/#breadcrumb\",\"itemListElement\":[{\"@type\":\"ListItem\",\"position\":1,\"name\":\"Strona g\u0142\u00f3wna\",\"item\":\"https:\/\/packsmart.com.pl\/\"},{\"@type\":\"ListItem\",\"position\":2,\"name\":\"Produkty\",\"item\":\"https:\/\/packsmart.com.pl\/sklep\/\"},{\"@type\":\"ListItem\",\"position\":3,\"name\":\"bariery energoch\u0142onne\",\"item\":\"https:\/\/packsmart.com.pl\/product-category\/bariery-energochlonne\/\"},{\"@type\":\"ListItem\",\"position\":4,\"name\":\"S\u0142upek SMART STOP 4\"}]},{\"@type\":\"WebSite\",\"@id\":\"https:\/\/packsmart.com.pl\/#website\",\"url\":\"https:\/\/packsmart.com.pl\/\",\"name\":\"Pack Smart - Systemy pakowania\",\"description\":\"\",\"publisher\":{\"@id\":\"https:\/\/packsmart.com.pl\/#organization\"},\"potentialAction\":[{\"@type\":\"SearchAction\",\"target\":{\"@type\":\"EntryPoint\",\"urlTemplate\":\"https:\/\/packsmart.com.pl\/?s={search_term_string}\"},\"query-input\":{\"@type\":\"PropertyValueSpecification\",\"valueRequired\":true,\"valueName\":\"search_term_string\"}}],\"inLanguage\":\"de\"},{\"@type\":\"Organization\",\"@id\":\"https:\/\/packsmart.com.pl\/#organization\",\"name\":\"Pack Smart\",\"url\":\"https:\/\/packsmart.com.pl\/\",\"logo\":{\"@type\":\"ImageObject\",\"inLanguage\":\"de\",\"@id\":\"https:\/\/packsmart.com.pl\/#\/schema\/logo\/image\/\",\"url\":\"https:\/\/packsmart.com.pl\/wp-content\/uploads\/2020\/11\/cropped-logo.png\",\"contentUrl\":\"https:\/\/packsmart.com.pl\/wp-content\/uploads\/2020\/11\/cropped-logo.png\",\"width\":512,\"height\":512,\"caption\":\"Pack Smart\"},\"image\":{\"@id\":\"https:\/\/packsmart.com.pl\/#\/schema\/logo\/image\/\"},\"sameAs\":[\"https:\/\/www.facebook.com\/p\/Pack-Smart-100089770293385\/?locale=pl_PL\"]},false]}<\/script>\n<!-- \/ Yoast SEO plugin. -->","yoast_head_json":{"title":"S\u0142upek SMART STOP 4 - Pack Smart - Systemy pakowania","description":"S\u0142upek energoch\u0142onny Smart Stop typu pierwszego. Mocny, elastyczny i budowa modu\u0142owa sprawia, \u017ce jego zastosowanie jest wszechstronne.","robots":{"index":"index","follow":"follow","max-snippet":"max-snippet:-1","max-image-preview":"max-image-preview:large","max-video-preview":"max-video-preview:-1"},"canonical":"https:\/\/packsmart.com.pl\/de\/oferta\/bariery-energochlonne\/slupki-energochlonne\/slupek-smart-stop-4\/","og_locale":"de_DE","og_type":"article","og_title":"S\u0142upek SMART STOP 4 - Pack Smart - Systemy pakowania","og_description":"S\u0142upek energoch\u0142onny Smart Stop typu pierwszego. Mocny, elastyczny i budowa modu\u0142owa sprawia, \u017ce jego zastosowanie jest wszechstronne.","og_url":"https:\/\/packsmart.com.pl\/de\/oferta\/bariery-energochlonne\/slupki-energochlonne\/slupek-smart-stop-4\/","og_site_name":"Pack Smart - Systemy pakowania","article_publisher":"https:\/\/www.facebook.com\/p\/Pack-Smart-100089770293385\/?locale=pl_PL","article_modified_time":"2023-04-12T18:51:51+00:00","og_image":[{"width":640,"height":480,"url":"https:\/\/packsmart.com.pl\/wp-content\/uploads\/2023\/04\/Type-3-Tilt.350.png","type":"image\/png"}],"twitter_card":"summary_large_image","twitter_misc":{"Gesch\u00e4tzte Lesezeit":"3\u00a0Minuten"},"schema":{"@context":"https:\/\/schema.org","@graph":[{"@type":"WebPage","@id":"https:\/\/packsmart.com.pl\/oferta\/bariery-energochlonne\/slupki-energochlonne\/slupek-smart-stop-4\/","url":"https:\/\/packsmart.com.pl\/oferta\/bariery-energochlonne\/slupki-energochlonne\/slupek-smart-stop-4\/","name":"S\u0142upek SMART STOP 4 - Pack Smart - Systemy pakowania","isPartOf":{"@id":"https:\/\/packsmart.com.pl\/#website"},"primaryImageOfPage":{"@id":"https:\/\/packsmart.com.pl\/oferta\/bariery-energochlonne\/slupki-energochlonne\/slupek-smart-stop-4\/#primaryimage"},"image":{"@id":"https:\/\/packsmart.com.pl\/oferta\/bariery-energochlonne\/slupki-energochlonne\/slupek-smart-stop-4\/#primaryimage"},"thumbnailUrl":"https:\/\/packsmart.com.pl\/wp-content\/uploads\/2023\/04\/Type-3-Tilt.350.png","datePublished":"2023-04-12T09:05:25+00:00","dateModified":"2023-04-12T18:51:51+00:00","description":"S\u0142upek energoch\u0142onny Smart Stop typu pierwszego. Mocny, elastyczny i budowa modu\u0142owa sprawia, \u017ce jego zastosowanie jest wszechstronne.","breadcrumb":{"@id":"https:\/\/packsmart.com.pl\/oferta\/bariery-energochlonne\/slupki-energochlonne\/slupek-smart-stop-4\/#breadcrumb"},"inLanguage":"de","potentialAction":[{"@type":"ReadAction","target":["https:\/\/packsmart.com.pl\/oferta\/bariery-energochlonne\/slupki-energochlonne\/slupek-smart-stop-4\/"]}]},{"@type":"ImageObject","inLanguage":"de","@id":"https:\/\/packsmart.com.pl\/oferta\/bariery-energochlonne\/slupki-energochlonne\/slupek-smart-stop-4\/#primaryimage","url":"https:\/\/packsmart.com.pl\/wp-content\/uploads\/2023\/04\/Type-3-Tilt.350.png","contentUrl":"https:\/\/packsmart.com.pl\/wp-content\/uploads\/2023\/04\/Type-3-Tilt.350.png","width":640,"height":480},{"@type":"BreadcrumbList","@id":"https:\/\/packsmart.com.pl\/oferta\/bariery-energochlonne\/slupki-energochlonne\/slupek-smart-stop-4\/#breadcrumb","itemListElement":[{"@type":"ListItem","position":1,"name":"Strona g\u0142\u00f3wna","item":"https:\/\/packsmart.com.pl\/"},{"@type":"ListItem","position":2,"name":"Produkty","item":"https:\/\/packsmart.com.pl\/sklep\/"},{"@type":"ListItem","position":3,"name":"bariery energoch\u0142onne","item":"https:\/\/packsmart.com.pl\/product-category\/bariery-energochlonne\/"},{"@type":"ListItem","position":4,"name":"S\u0142upek SMART STOP 4"}]},{"@type":"WebSite","@id":"https:\/\/packsmart.com.pl\/#website","url":"https:\/\/packsmart.com.pl\/","name":"Pack Smart - Verpackungssysteme","description":"","publisher":{"@id":"https:\/\/packsmart.com.pl\/#organization"},"potentialAction":[{"@type":"SearchAction","target":{"@type":"EntryPoint","urlTemplate":"https:\/\/packsmart.com.pl\/?s={search_term_string}"},"query-input":{"@type":"PropertyValueSpecification","valueRequired":true,"valueName":"search_term_string"}}],"inLanguage":"de"},{"@type":"Organization","@id":"https:\/\/packsmart.com.pl\/#organization","name":"Clever packen","url":"https:\/\/packsmart.com.pl\/","logo":{"@type":"ImageObject","inLanguage":"de","@id":"https:\/\/packsmart.com.pl\/#\/schema\/logo\/image\/","url":"https:\/\/packsmart.com.pl\/wp-content\/uploads\/2020\/11\/cropped-logo.png","contentUrl":"https:\/\/packsmart.com.pl\/wp-content\/uploads\/2020\/11\/cropped-logo.png","width":512,"height":512,"caption":"Pack Smart"},"image":{"@id":"https:\/\/packsmart.com.pl\/#\/schema\/logo\/image\/"},"sameAs":["https:\/\/www.facebook.com\/p\/Pack-Smart-100089770293385\/?locale=pl_PL"]},false]}},"_links":{"self":[{"href":"https:\/\/packsmart.com.pl\/de\/wp-json\/wp\/v2\/product\/785","targetHints":{"allow":["GET"]}}],"collection":[{"href":"https:\/\/packsmart.com.pl\/de\/wp-json\/wp\/v2\/product"}],"about":[{"href":"https:\/\/packsmart.com.pl\/de\/wp-json\/wp\/v2\/types\/product"}],"replies":[{"embeddable":true,"href":"https:\/\/packsmart.com.pl\/de\/wp-json\/wp\/v2\/comments?post=785"}],"wp:featuredmedia":[{"embeddable":true,"href":"https:\/\/packsmart.com.pl\/de\/wp-json\/wp\/v2\/media\/793"}],"wp:attachment":[{"href":"https:\/\/packsmart.com.pl\/de\/wp-json\/wp\/v2\/media?parent=785"}],"wp:term":[{"taxonomy":"product_cat","embeddable":true,"href":"https:\/\/packsmart.com.pl\/de\/wp-json\/wp\/v2\/product_cat?post=785"},{"taxonomy":"product_tag","embeddable":true,"href":"https:\/\/packsmart.com.pl\/de\/wp-json\/wp\/v2\/product_tag?post=785"}],"curies":[{"name":"wp","href":"https:\/\/api.w.org\/{rel}","templated":true}]}}