{"id":593,"date":"2021-07-05T13:37:00","date_gmt":"2021-07-05T11:37:00","guid":{"rendered":"https:\/\/packsmart.com.pl\/?post_type=product&#038;p=593"},"modified":"2022-12-08T13:34:43","modified_gmt":"2022-12-08T12:34:43","slug":"maszyna-do-skladania-kartonow-cf30tx","status":"publish","type":"product","link":"https:\/\/packsmart.com.pl\/de\/oferta\/skladarki-do-kartonow\/maszyna-do-skladania-kartonow-cf30tx\/","title":{"rendered":"Kartonaufrichter CF30TX"},"content":{"rendered":"<p>Der CF 30 T ist ein Hochgeschwindigkeits-Kartonaufrichter. Er verf\u00fcgt \u00fcber eine Produktionskapazit\u00e4t von 30 Minuten. Er ist mit einem Magazin f\u00fcr 80\/90 Kartons ausgestattet. Der Kartonboden wird automatisch geformt und verschlossen. Die Kartons k\u00f6nnen mit Selbstklebeband verschlossen werden.<\/p>\n<p><img loading=\"lazy\" decoding=\"async\" class=\"alignnone size-full wp-image-381 alignright\" src=\"http:\/\/packsmart.com.pl\/wp-content\/uploads\/2020\/12\/wymiary-kartonow.png\" alt=\"\" width=\"197\" height=\"162\" \/><\/p>\n<p><strong>Kartonma\u00dfe:<\/strong><\/p>\n<p>B:165mm \u2013 300mm<\/p>\n<p>H:165mm \u2013 340mm<\/p>\n<p>L: 250 mm \u2013 410 mm<\/p>\n<p><strong>Technische Daten<\/strong><\/p>\n<p>Gewicht: 930 kg<\/p>\n<p>Stromversorgung: 380V 3F+N \/ | 6 bar +\/- 1bar | 1,6kW<\/p>\n<p>Luftverbrauch: 7 Nl\/min<\/p>\n<p>Kapazit\u00e4t: bis zu 30 Kartons pro Minute<\/p>\n<p>Maschinenma\u00dfe: L 2.903 x B 1.420 x H 1.932 mm<\/p>\n<p>Maximaler Ger\u00e4uschpegel: \u2264 75 db<\/p>\n<p>Not-Aus gem\u00e4\u00df CE-Vorschriften<\/p>\n<p>Arbeitstischh\u00f6he: 1.040 mm + 50 mm<\/p>","protected":false},"excerpt":{"rendered":"<p>Mit der Maschine wird Karton geformt und von unten mit Selbstklebeband verklebt.<\/p>","protected":false},"featured_media":618,"comment_status":"open","ping_status":"closed","template":"","meta":{"_et_pb_use_builder":"","_et_pb_old_content":"","_et_gb_content_width":"","inline_featured_image":false,"yasr_overall_rating":0,"yasr_post_is_review":"","yasr_auto_insert_disabled":"","yasr_review_type":""},"product_cat":[23],"product_tag":[],"class_list":["post-593","product","type-product","status-publish","has-post-thumbnail","hentry","product_cat-skladarki-do-kartonow"],"yasr_visitor_votes":{"stars_attributes":{"read_only":false,"span_bottom":false},"number_of_votes":0,"sum_votes":0},"acf":[],"yoast_head":"<!-- This site is optimized with the Yoast SEO plugin v26.1.1 - https:\/\/yoast.com\/wordpress\/plugins\/seo\/ -->\n<title>Maszyna do sk\u0142adania karton\u00f3w CF30TX - Pack Smart - Systemy pakowania<\/title>\n<meta name=\"description\" content=\"Automatuczna maszyna do sk\u0142adania karton\u00f3w klapowych. Niezawodna i prosta w obsudze kartoniarka.\" \/>\n<meta name=\"robots\" content=\"index, follow, max-snippet:-1, max-image-preview:large, max-video-preview:-1\" \/>\n<link rel=\"canonical\" href=\"https:\/\/packsmart.com.pl\/de\/oferta\/skladarki-do-kartonow\/maszyna-do-skladania-kartonow-cf30tx\/\" \/>\n<meta property=\"og:locale\" content=\"de_DE\" \/>\n<meta property=\"og:type\" content=\"article\" \/>\n<meta property=\"og:title\" content=\"Maszyna do sk\u0142adania karton\u00f3w CF30TX - Pack Smart - Systemy pakowania\" \/>\n<meta property=\"og:description\" content=\"Automatuczna maszyna do sk\u0142adania karton\u00f3w klapowych. Niezawodna i prosta w obsudze kartoniarka.\" \/>\n<meta property=\"og:url\" content=\"https:\/\/packsmart.com.pl\/de\/oferta\/skladarki-do-kartonow\/maszyna-do-skladania-kartonow-cf30tx\/\" \/>\n<meta property=\"og:site_name\" content=\"Pack Smart - Systemy pakowania\" \/>\n<meta property=\"article:publisher\" content=\"https:\/\/www.facebook.com\/p\/Pack-Smart-100089770293385\/?locale=pl_PL\" \/>\n<meta property=\"article:modified_time\" content=\"2022-12-08T12:34:43+00:00\" \/>\n<meta property=\"og:image\" content=\"https:\/\/packsmart.com.pl\/wp-content\/uploads\/2021\/07\/10.jpg\" \/>\n\t<meta property=\"og:image:width\" content=\"1700\" \/>\n\t<meta property=\"og:image:height\" content=\"2000\" \/>\n\t<meta property=\"og:image:type\" content=\"image\/jpeg\" \/>\n<meta name=\"twitter:card\" content=\"summary_large_image\" \/>\n<meta name=\"twitter:label1\" content=\"Gesch\u00e4tzte Lesezeit\" \/>\n\t<meta name=\"twitter:data1\" content=\"1\u00a0Minute\" \/>\n<script type=\"application\/ld+json\" class=\"yoast-schema-graph\">{\"@context\":\"https:\/\/schema.org\",\"@graph\":[{\"@type\":\"WebPage\",\"@id\":\"https:\/\/packsmart.com.pl\/oferta\/skladarki-do-kartonow\/maszyna-do-skladania-kartonow-cf30tx\/\",\"url\":\"https:\/\/packsmart.com.pl\/oferta\/skladarki-do-kartonow\/maszyna-do-skladania-kartonow-cf30tx\/\",\"name\":\"Maszyna do sk\u0142adania karton\u00f3w CF30TX - Pack Smart - Systemy pakowania\",\"isPartOf\":{\"@id\":\"https:\/\/packsmart.com.pl\/#website\"},\"primaryImageOfPage\":{\"@id\":\"https:\/\/packsmart.com.pl\/oferta\/skladarki-do-kartonow\/maszyna-do-skladania-kartonow-cf30tx\/#primaryimage\"},\"image\":{\"@id\":\"https:\/\/packsmart.com.pl\/oferta\/skladarki-do-kartonow\/maszyna-do-skladania-kartonow-cf30tx\/#primaryimage\"},\"thumbnailUrl\":\"https:\/\/packsmart.com.pl\/wp-content\/uploads\/2021\/07\/10.jpg\",\"datePublished\":\"2021-07-05T11:37:00+00:00\",\"dateModified\":\"2022-12-08T12:34:43+00:00\",\"description\":\"Automatuczna maszyna do sk\u0142adania karton\u00f3w klapowych. Niezawodna i prosta w obsudze kartoniarka.\",\"breadcrumb\":{\"@id\":\"https:\/\/packsmart.com.pl\/oferta\/skladarki-do-kartonow\/maszyna-do-skladania-kartonow-cf30tx\/#breadcrumb\"},\"inLanguage\":\"de\",\"potentialAction\":[{\"@type\":\"ReadAction\",\"target\":[\"https:\/\/packsmart.com.pl\/oferta\/skladarki-do-kartonow\/maszyna-do-skladania-kartonow-cf30tx\/\"]}]},{\"@type\":\"ImageObject\",\"inLanguage\":\"de\",\"@id\":\"https:\/\/packsmart.com.pl\/oferta\/skladarki-do-kartonow\/maszyna-do-skladania-kartonow-cf30tx\/#primaryimage\",\"url\":\"https:\/\/packsmart.com.pl\/wp-content\/uploads\/2021\/07\/10.jpg\",\"contentUrl\":\"https:\/\/packsmart.com.pl\/wp-content\/uploads\/2021\/07\/10.jpg\",\"width\":1700,\"height\":2000},{\"@type\":\"BreadcrumbList\",\"@id\":\"https:\/\/packsmart.com.pl\/oferta\/skladarki-do-kartonow\/maszyna-do-skladania-kartonow-cf30tx\/#breadcrumb\",\"itemListElement\":[{\"@type\":\"ListItem\",\"position\":1,\"name\":\"Strona g\u0142\u00f3wna\",\"item\":\"https:\/\/packsmart.com.pl\/\"},{\"@type\":\"ListItem\",\"position\":2,\"name\":\"Produkty\",\"item\":\"https:\/\/packsmart.com.pl\/sklep\/\"},{\"@type\":\"ListItem\",\"position\":3,\"name\":\"Maszyny do sk\u0142adania karton\u00f3w\",\"item\":\"https:\/\/packsmart.com.pl\/product-category\/skladarki-do-kartonow\/\"},{\"@type\":\"ListItem\",\"position\":4,\"name\":\"Maszyna do sk\u0142adania karton\u00f3w CF30TX\"}]},{\"@type\":\"WebSite\",\"@id\":\"https:\/\/packsmart.com.pl\/#website\",\"url\":\"https:\/\/packsmart.com.pl\/\",\"name\":\"Pack Smart - Systemy pakowania\",\"description\":\"\",\"publisher\":{\"@id\":\"https:\/\/packsmart.com.pl\/#organization\"},\"potentialAction\":[{\"@type\":\"SearchAction\",\"target\":{\"@type\":\"EntryPoint\",\"urlTemplate\":\"https:\/\/packsmart.com.pl\/?s={search_term_string}\"},\"query-input\":{\"@type\":\"PropertyValueSpecification\",\"valueRequired\":true,\"valueName\":\"search_term_string\"}}],\"inLanguage\":\"de\"},{\"@type\":\"Organization\",\"@id\":\"https:\/\/packsmart.com.pl\/#organization\",\"name\":\"Pack Smart\",\"url\":\"https:\/\/packsmart.com.pl\/\",\"logo\":{\"@type\":\"ImageObject\",\"inLanguage\":\"de\",\"@id\":\"https:\/\/packsmart.com.pl\/#\/schema\/logo\/image\/\",\"url\":\"https:\/\/packsmart.com.pl\/wp-content\/uploads\/2020\/11\/cropped-logo.png\",\"contentUrl\":\"https:\/\/packsmart.com.pl\/wp-content\/uploads\/2020\/11\/cropped-logo.png\",\"width\":512,\"height\":512,\"caption\":\"Pack Smart\"},\"image\":{\"@id\":\"https:\/\/packsmart.com.pl\/#\/schema\/logo\/image\/\"},\"sameAs\":[\"https:\/\/www.facebook.com\/p\/Pack-Smart-100089770293385\/?locale=pl_PL\"]},false]}<\/script>\n<!-- \/ Yoast SEO plugin. -->","yoast_head_json":{"title":"Maszyna do sk\u0142adania karton\u00f3w CF30TX - Pack Smart - Systemy pakowania","description":"Automatuczna maszyna do sk\u0142adania karton\u00f3w klapowych. Niezawodna i prosta w obsudze kartoniarka.","robots":{"index":"index","follow":"follow","max-snippet":"max-snippet:-1","max-image-preview":"max-image-preview:large","max-video-preview":"max-video-preview:-1"},"canonical":"https:\/\/packsmart.com.pl\/de\/oferta\/skladarki-do-kartonow\/maszyna-do-skladania-kartonow-cf30tx\/","og_locale":"de_DE","og_type":"article","og_title":"Maszyna do sk\u0142adania karton\u00f3w CF30TX - Pack Smart - Systemy pakowania","og_description":"Automatuczna maszyna do sk\u0142adania karton\u00f3w klapowych. Niezawodna i prosta w obsudze kartoniarka.","og_url":"https:\/\/packsmart.com.pl\/de\/oferta\/skladarki-do-kartonow\/maszyna-do-skladania-kartonow-cf30tx\/","og_site_name":"Pack Smart - Systemy pakowania","article_publisher":"https:\/\/www.facebook.com\/p\/Pack-Smart-100089770293385\/?locale=pl_PL","article_modified_time":"2022-12-08T12:34:43+00:00","og_image":[{"width":1700,"height":2000,"url":"https:\/\/packsmart.com.pl\/wp-content\/uploads\/2021\/07\/10.jpg","type":"image\/jpeg"}],"twitter_card":"summary_large_image","twitter_misc":{"Gesch\u00e4tzte Lesezeit":"1\u00a0Minute"},"schema":{"@context":"https:\/\/schema.org","@graph":[{"@type":"WebPage","@id":"https:\/\/packsmart.com.pl\/oferta\/skladarki-do-kartonow\/maszyna-do-skladania-kartonow-cf30tx\/","url":"https:\/\/packsmart.com.pl\/oferta\/skladarki-do-kartonow\/maszyna-do-skladania-kartonow-cf30tx\/","name":"Maszyna do sk\u0142adania karton\u00f3w CF30TX - Pack Smart - Systemy pakowania","isPartOf":{"@id":"https:\/\/packsmart.com.pl\/#website"},"primaryImageOfPage":{"@id":"https:\/\/packsmart.com.pl\/oferta\/skladarki-do-kartonow\/maszyna-do-skladania-kartonow-cf30tx\/#primaryimage"},"image":{"@id":"https:\/\/packsmart.com.pl\/oferta\/skladarki-do-kartonow\/maszyna-do-skladania-kartonow-cf30tx\/#primaryimage"},"thumbnailUrl":"https:\/\/packsmart.com.pl\/wp-content\/uploads\/2021\/07\/10.jpg","datePublished":"2021-07-05T11:37:00+00:00","dateModified":"2022-12-08T12:34:43+00:00","description":"Automatuczna maszyna do sk\u0142adania karton\u00f3w klapowych. Niezawodna i prosta w obsudze kartoniarka.","breadcrumb":{"@id":"https:\/\/packsmart.com.pl\/oferta\/skladarki-do-kartonow\/maszyna-do-skladania-kartonow-cf30tx\/#breadcrumb"},"inLanguage":"de","potentialAction":[{"@type":"ReadAction","target":["https:\/\/packsmart.com.pl\/oferta\/skladarki-do-kartonow\/maszyna-do-skladania-kartonow-cf30tx\/"]}]},{"@type":"ImageObject","inLanguage":"de","@id":"https:\/\/packsmart.com.pl\/oferta\/skladarki-do-kartonow\/maszyna-do-skladania-kartonow-cf30tx\/#primaryimage","url":"https:\/\/packsmart.com.pl\/wp-content\/uploads\/2021\/07\/10.jpg","contentUrl":"https:\/\/packsmart.com.pl\/wp-content\/uploads\/2021\/07\/10.jpg","width":1700,"height":2000},{"@type":"BreadcrumbList","@id":"https:\/\/packsmart.com.pl\/oferta\/skladarki-do-kartonow\/maszyna-do-skladania-kartonow-cf30tx\/#breadcrumb","itemListElement":[{"@type":"ListItem","position":1,"name":"Strona g\u0142\u00f3wna","item":"https:\/\/packsmart.com.pl\/"},{"@type":"ListItem","position":2,"name":"Produkty","item":"https:\/\/packsmart.com.pl\/sklep\/"},{"@type":"ListItem","position":3,"name":"Maszyny do sk\u0142adania karton\u00f3w","item":"https:\/\/packsmart.com.pl\/product-category\/skladarki-do-kartonow\/"},{"@type":"ListItem","position":4,"name":"Maszyna do sk\u0142adania karton\u00f3w CF30TX"}]},{"@type":"WebSite","@id":"https:\/\/packsmart.com.pl\/#website","url":"https:\/\/packsmart.com.pl\/","name":"Pack Smart - Verpackungssysteme","description":"","publisher":{"@id":"https:\/\/packsmart.com.pl\/#organization"},"potentialAction":[{"@type":"SearchAction","target":{"@type":"EntryPoint","urlTemplate":"https:\/\/packsmart.com.pl\/?s={search_term_string}"},"query-input":{"@type":"PropertyValueSpecification","valueRequired":true,"valueName":"search_term_string"}}],"inLanguage":"de"},{"@type":"Organization","@id":"https:\/\/packsmart.com.pl\/#organization","name":"Clever packen","url":"https:\/\/packsmart.com.pl\/","logo":{"@type":"ImageObject","inLanguage":"de","@id":"https:\/\/packsmart.com.pl\/#\/schema\/logo\/image\/","url":"https:\/\/packsmart.com.pl\/wp-content\/uploads\/2020\/11\/cropped-logo.png","contentUrl":"https:\/\/packsmart.com.pl\/wp-content\/uploads\/2020\/11\/cropped-logo.png","width":512,"height":512,"caption":"Pack Smart"},"image":{"@id":"https:\/\/packsmart.com.pl\/#\/schema\/logo\/image\/"},"sameAs":["https:\/\/www.facebook.com\/p\/Pack-Smart-100089770293385\/?locale=pl_PL"]},false]}},"_links":{"self":[{"href":"https:\/\/packsmart.com.pl\/de\/wp-json\/wp\/v2\/product\/593","targetHints":{"allow":["GET"]}}],"collection":[{"href":"https:\/\/packsmart.com.pl\/de\/wp-json\/wp\/v2\/product"}],"about":[{"href":"https:\/\/packsmart.com.pl\/de\/wp-json\/wp\/v2\/types\/product"}],"replies":[{"embeddable":true,"href":"https:\/\/packsmart.com.pl\/de\/wp-json\/wp\/v2\/comments?post=593"}],"wp:featuredmedia":[{"embeddable":true,"href":"https:\/\/packsmart.com.pl\/de\/wp-json\/wp\/v2\/media\/618"}],"wp:attachment":[{"href":"https:\/\/packsmart.com.pl\/de\/wp-json\/wp\/v2\/media?parent=593"}],"wp:term":[{"taxonomy":"product_cat","embeddable":true,"href":"https:\/\/packsmart.com.pl\/de\/wp-json\/wp\/v2\/product_cat?post=593"},{"taxonomy":"product_tag","embeddable":true,"href":"https:\/\/packsmart.com.pl\/de\/wp-json\/wp\/v2\/product_tag?post=593"}],"curies":[{"name":"wp","href":"https:\/\/api.w.org\/{rel}","templated":true}]}}