{"id":467,"date":"2021-03-26T15:30:10","date_gmt":"2021-03-26T14:30:10","guid":{"rendered":"http:\/\/packsmart.com.pl\/?post_type=product&#038;p=467"},"modified":"2025-12-17T12:11:57","modified_gmt":"2025-12-17T11:11:57","slug":"zaklejarka-do-kartonow-ys502d-automatyczne-dostosowanie-sie-do-kartonu","status":"publish","type":"product","link":"https:\/\/packsmart.com.pl\/de\/oferta\/zaklejarki-do-kartonow\/zaklejarka-do-kartonow-ys502d-automatyczne-dostosowanie-sie-do-kartonu\/","title":{"rendered":"YS502D halbautomatisches Versiegelungsger\u00e4t"},"content":{"rendered":"<p>[et_pb_section fb_built=&#8221;1&#8243; _builder_version=&#8221;4.16&#8243; custom_padding=&#8221;0px||||false|false&#8221; global_colors_info=&#8221;{}&#8221;][et_pb_row _builder_version=&#8221;4.16&#8243; background_size=&#8221;initial&#8221; background_position=&#8221;top_left&#8221; background_repeat=&#8221;repeat&#8221; width=&#8221;100%&#8221; global_colors_info=&#8221;{}&#8221;][et_pb_column type=&#8221;4_4&#8243; admin_label=&#8221;Kolumna&#8221; _builder_version=&#8221;4.16&#8243; custom_padding=&#8221;|||&#8221; global_colors_info=&#8221;{}&#8221; custom_padding__hover=&#8221;|||&#8221;][et_pb_wc_tabs _builder_version=&#8221;4.16&#8243; global_colors_info=&#8221;{}&#8221;]\t\t\t\t\t[\/et_pb_wc_tabs][et_pb_wc_upsells _builder_version=&#8221;4.16&#8243; global_colors_info=&#8221;{}&#8221;][\/et_pb_wc_upsells][et_pb_wc_related_products _builder_version=&#8221;4.16&#8243; global_colors_info=&#8221;{}&#8221;][\/et_pb_wc_related_products][\/et_pb_column][\/et_pb_row][\/et_pb_section]<\/p>","protected":false},"excerpt":{"rendered":"<p>Automatischer Siegelapparat mit Ober- und Unterantrieb, empfohlen f\u00fcr Kunden mit einer gro\u00dfen Vielfalt an Kartons.<\/p>","protected":false},"featured_media":537,"comment_status":"open","ping_status":"closed","template":"","meta":{"_et_pb_use_builder":"on","_et_pb_old_content":"Automatyczna zaklejarka do karton\u00f3w z czterema nap\u0119dowymi pasami, dwa g\u00f3rne i dwa dolne. Maszyna zakleja ta\u015bm\u0105 klej\u0105ce r\u00f3\u017cnej wielko\u015bci pude\u0142ka. Ta zaklejarka do karton\u00f3w jest szczeg\u00f3lnie odpowiednia dla wysokich lub niestabilne pude\u0142ka. Operator przygotowuje pude\u0142ko, sk\u0142ada dolne klapy, nast\u0119pnie w jednostce centruj\u0105cej \/ trzymaj\u0105cej, gdzie pude\u0142ko mo\u017cna nape\u0142ni\u0107 bez konieczno\u015bci trzymania go r\u0119kami sk\u0142ada g\u00f3rne klapy. Nast\u0119pnie prowadzi go do maszyny, kt\u00f3ra aktywuje mikroprze\u0142\u0105cznik g\u00f3rnej g\u0142owicy ta\u015bmuj\u0105cej, kt\u00f3ry wznosi si\u0119 do g\u00f3ry pude\u0142ka. Podczas gdy pude\u0142ka przechodz\u0105 przez maszyn\u0119, g\u00f3rna a dolna klapa zostan\u0105 jednocze\u015bnie uszczelnione g\u0142owicami ta\u015bmuj\u0105cymi. Maszyna zawiera rolki podaj\u0105ce, rolki wyci\u0105gaj\u0105ce i ko\u0142a praktyczna co stanowi prost\u0105 stacje pakowania<img class=\"alignnone size-full wp-image-381 alignright\" src=\"http:\/\/packsmart.com.pl\/wp-content\/uploads\/2020\/12\/wymiary-kartonow.png\" alt=\"\" width=\"197\" height=\"162\" \/>\r\n\r\n<strong>Wymiary karton\u00f3w:<\/strong>\r\n\r\nB:180mm - 580mm\r\n\r\nH:130 mm - 600 mm\r\n\r\nL: od 150 mm\r\n\r\n<strong>Specyfikaja techniczna<\/strong>\r\n\r\nWaga: 310 kg\r\n\r\nZasilanie: 230 V - 50\/60 Hz\r\n\r\nZasilanie powietrzem: 4-6 kgf\/cm2\r\n\r\nSzybko\u015b\u0107 transferu kartonu: 19 m \/ min\r\n\r\nMaksymalna waga kartonu: 30 kg\r\n\r\nWymiary maszyny: d\u0142. 1961 \u00d7 szer. 1 100 x wys. 1360-1670 mm\r\n\r\nMaksymalny poziom ha\u0142asu: \u2264 75 db\r\n\r\nZatrzymanie awaryjne zgodnie z przepisami CE\r\n\r\nTa\u015bma klej\u0105ca: Kraft, Polipropylen, PVC\r\n\r\nStandardowa g\u0142owica do ta\u015bmowania do ta\u015bm o szeroko\u015bci : 50 mm\r\n\r\nWysoko\u015b\u0107 sto\u0142u roboczego: 600 - 800 mm","_et_gb_content_width":"","inline_featured_image":false,"yasr_overall_rating":5,"yasr_post_is_review":"","yasr_auto_insert_disabled":"","yasr_review_type":""},"product_cat":[22],"product_tag":[],"class_list":["post-467","product","type-product","status-publish","has-post-thumbnail","hentry","product_cat-zaklejarki-do-kartonow"],"yasr_visitor_votes":{"stars_attributes":{"read_only":false,"span_bottom":false},"number_of_votes":0,"sum_votes":0},"acf":[],"yoast_head":"<!-- This site is optimized with the Yoast SEO plugin v26.1.1 - https:\/\/yoast.com\/wordpress\/plugins\/seo\/ -->\n<title>P\u00f3\u0142automatyczna zaklejarka YS502D - Pack Smart - Systemy pakowania<\/title>\n<meta name=\"description\" content=\"Zaklejarka do karton\u00f3w - maszyna automatycznie dosotsuje si\u0119 do szeroko\u015bci, wysoko\u015bci i d\u0142ugo\u015bci karton\u00f3w.\" \/>\n<meta name=\"robots\" content=\"index, follow, max-snippet:-1, max-image-preview:large, max-video-preview:-1\" \/>\n<link rel=\"canonical\" href=\"https:\/\/packsmart.com.pl\/de\/oferta\/zaklejarki-do-kartonow\/zaklejarka-do-kartonow-ys502d-automatyczne-dostosowanie-sie-do-kartonu\/\" \/>\n<meta property=\"og:locale\" content=\"de_DE\" \/>\n<meta property=\"og:type\" content=\"article\" \/>\n<meta property=\"og:title\" content=\"P\u00f3\u0142automatyczna zaklejarka YS502D - Pack Smart - Systemy pakowania\" \/>\n<meta property=\"og:description\" content=\"Zaklejarka do karton\u00f3w - maszyna automatycznie dosotsuje si\u0119 do szeroko\u015bci, wysoko\u015bci i d\u0142ugo\u015bci karton\u00f3w.\" \/>\n<meta property=\"og:url\" content=\"https:\/\/packsmart.com.pl\/de\/oferta\/zaklejarki-do-kartonow\/zaklejarka-do-kartonow-ys502d-automatyczne-dostosowanie-sie-do-kartonu\/\" \/>\n<meta property=\"og:site_name\" content=\"Pack Smart - Systemy pakowania\" \/>\n<meta property=\"article:publisher\" content=\"https:\/\/www.facebook.com\/p\/Pack-Smart-100089770293385\/?locale=pl_PL\" \/>\n<meta property=\"article:modified_time\" content=\"2025-12-17T11:11:57+00:00\" \/>\n<meta property=\"og:image\" content=\"https:\/\/packsmart.com.pl\/wp-content\/uploads\/2021\/04\/9-2D.jpg\" \/>\n\t<meta property=\"og:image:width\" content=\"300\" \/>\n\t<meta property=\"og:image:height\" content=\"300\" \/>\n\t<meta property=\"og:image:type\" content=\"image\/jpeg\" \/>\n<meta name=\"twitter:card\" content=\"summary_large_image\" \/>\n<meta name=\"twitter:label1\" content=\"Gesch\u00e4tzte Lesezeit\" \/>\n\t<meta name=\"twitter:data1\" content=\"2\u00a0Minuten\" \/>\n<script type=\"application\/ld+json\" class=\"yoast-schema-graph\">{\"@context\":\"https:\/\/schema.org\",\"@graph\":[{\"@type\":\"WebPage\",\"@id\":\"https:\/\/packsmart.com.pl\/oferta\/zaklejarki-do-kartonow\/zaklejarka-do-kartonow-ys502d-automatyczne-dostosowanie-sie-do-kartonu\/\",\"url\":\"https:\/\/packsmart.com.pl\/oferta\/zaklejarki-do-kartonow\/zaklejarka-do-kartonow-ys502d-automatyczne-dostosowanie-sie-do-kartonu\/\",\"name\":\"P\u00f3\u0142automatyczna zaklejarka YS502D - Pack Smart - Systemy pakowania\",\"isPartOf\":{\"@id\":\"https:\/\/packsmart.com.pl\/#website\"},\"primaryImageOfPage\":{\"@id\":\"https:\/\/packsmart.com.pl\/oferta\/zaklejarki-do-kartonow\/zaklejarka-do-kartonow-ys502d-automatyczne-dostosowanie-sie-do-kartonu\/#primaryimage\"},\"image\":{\"@id\":\"https:\/\/packsmart.com.pl\/oferta\/zaklejarki-do-kartonow\/zaklejarka-do-kartonow-ys502d-automatyczne-dostosowanie-sie-do-kartonu\/#primaryimage\"},\"thumbnailUrl\":\"https:\/\/packsmart.com.pl\/wp-content\/uploads\/2021\/04\/9-2D.jpg\",\"datePublished\":\"2021-03-26T14:30:10+00:00\",\"dateModified\":\"2025-12-17T11:11:57+00:00\",\"description\":\"Zaklejarka do karton\u00f3w - maszyna automatycznie dosotsuje si\u0119 do szeroko\u015bci, wysoko\u015bci i d\u0142ugo\u015bci karton\u00f3w.\",\"breadcrumb\":{\"@id\":\"https:\/\/packsmart.com.pl\/oferta\/zaklejarki-do-kartonow\/zaklejarka-do-kartonow-ys502d-automatyczne-dostosowanie-sie-do-kartonu\/#breadcrumb\"},\"inLanguage\":\"de\",\"potentialAction\":[{\"@type\":\"ReadAction\",\"target\":[\"https:\/\/packsmart.com.pl\/oferta\/zaklejarki-do-kartonow\/zaklejarka-do-kartonow-ys502d-automatyczne-dostosowanie-sie-do-kartonu\/\"]}]},{\"@type\":\"ImageObject\",\"inLanguage\":\"de\",\"@id\":\"https:\/\/packsmart.com.pl\/oferta\/zaklejarki-do-kartonow\/zaklejarka-do-kartonow-ys502d-automatyczne-dostosowanie-sie-do-kartonu\/#primaryimage\",\"url\":\"https:\/\/packsmart.com.pl\/wp-content\/uploads\/2021\/04\/9-2D.jpg\",\"contentUrl\":\"https:\/\/packsmart.com.pl\/wp-content\/uploads\/2021\/04\/9-2D.jpg\",\"width\":300,\"height\":300},{\"@type\":\"BreadcrumbList\",\"@id\":\"https:\/\/packsmart.com.pl\/oferta\/zaklejarki-do-kartonow\/zaklejarka-do-kartonow-ys502d-automatyczne-dostosowanie-sie-do-kartonu\/#breadcrumb\",\"itemListElement\":[{\"@type\":\"ListItem\",\"position\":1,\"name\":\"Strona g\u0142\u00f3wna\",\"item\":\"https:\/\/packsmart.com.pl\/\"},{\"@type\":\"ListItem\",\"position\":2,\"name\":\"Produkty\",\"item\":\"https:\/\/packsmart.com.pl\/sklep\/\"},{\"@type\":\"ListItem\",\"position\":3,\"name\":\"Zaklejarki do karton\u00f3w\",\"item\":\"https:\/\/packsmart.com.pl\/product-category\/zaklejarki-do-kartonow\/\"},{\"@type\":\"ListItem\",\"position\":4,\"name\":\"P\u00f3\u0142automatyczna zaklejarka YS502D\"}]},{\"@type\":\"WebSite\",\"@id\":\"https:\/\/packsmart.com.pl\/#website\",\"url\":\"https:\/\/packsmart.com.pl\/\",\"name\":\"Pack Smart - Systemy pakowania\",\"description\":\"\",\"publisher\":{\"@id\":\"https:\/\/packsmart.com.pl\/#organization\"},\"potentialAction\":[{\"@type\":\"SearchAction\",\"target\":{\"@type\":\"EntryPoint\",\"urlTemplate\":\"https:\/\/packsmart.com.pl\/?s={search_term_string}\"},\"query-input\":{\"@type\":\"PropertyValueSpecification\",\"valueRequired\":true,\"valueName\":\"search_term_string\"}}],\"inLanguage\":\"de\"},{\"@type\":\"Organization\",\"@id\":\"https:\/\/packsmart.com.pl\/#organization\",\"name\":\"Pack Smart\",\"url\":\"https:\/\/packsmart.com.pl\/\",\"logo\":{\"@type\":\"ImageObject\",\"inLanguage\":\"de\",\"@id\":\"https:\/\/packsmart.com.pl\/#\/schema\/logo\/image\/\",\"url\":\"https:\/\/packsmart.com.pl\/wp-content\/uploads\/2020\/11\/cropped-logo.png\",\"contentUrl\":\"https:\/\/packsmart.com.pl\/wp-content\/uploads\/2020\/11\/cropped-logo.png\",\"width\":512,\"height\":512,\"caption\":\"Pack Smart\"},\"image\":{\"@id\":\"https:\/\/packsmart.com.pl\/#\/schema\/logo\/image\/\"},\"sameAs\":[\"https:\/\/www.facebook.com\/p\/Pack-Smart-100089770293385\/?locale=pl_PL\"]},false]}<\/script>\n<!-- \/ Yoast SEO plugin. -->","yoast_head_json":{"title":"P\u00f3\u0142automatyczna zaklejarka YS502D - Pack Smart - Systemy pakowania","description":"Zaklejarka do karton\u00f3w - maszyna automatycznie dosotsuje si\u0119 do szeroko\u015bci, wysoko\u015bci i d\u0142ugo\u015bci karton\u00f3w.","robots":{"index":"index","follow":"follow","max-snippet":"max-snippet:-1","max-image-preview":"max-image-preview:large","max-video-preview":"max-video-preview:-1"},"canonical":"https:\/\/packsmart.com.pl\/de\/oferta\/zaklejarki-do-kartonow\/zaklejarka-do-kartonow-ys502d-automatyczne-dostosowanie-sie-do-kartonu\/","og_locale":"de_DE","og_type":"article","og_title":"P\u00f3\u0142automatyczna zaklejarka YS502D - Pack Smart - Systemy pakowania","og_description":"Zaklejarka do karton\u00f3w - maszyna automatycznie dosotsuje si\u0119 do szeroko\u015bci, wysoko\u015bci i d\u0142ugo\u015bci karton\u00f3w.","og_url":"https:\/\/packsmart.com.pl\/de\/oferta\/zaklejarki-do-kartonow\/zaklejarka-do-kartonow-ys502d-automatyczne-dostosowanie-sie-do-kartonu\/","og_site_name":"Pack Smart - Systemy pakowania","article_publisher":"https:\/\/www.facebook.com\/p\/Pack-Smart-100089770293385\/?locale=pl_PL","article_modified_time":"2025-12-17T11:11:57+00:00","og_image":[{"width":300,"height":300,"url":"https:\/\/packsmart.com.pl\/wp-content\/uploads\/2021\/04\/9-2D.jpg","type":"image\/jpeg"}],"twitter_card":"summary_large_image","twitter_misc":{"Gesch\u00e4tzte Lesezeit":"2\u00a0Minuten"},"schema":{"@context":"https:\/\/schema.org","@graph":[{"@type":"WebPage","@id":"https:\/\/packsmart.com.pl\/oferta\/zaklejarki-do-kartonow\/zaklejarka-do-kartonow-ys502d-automatyczne-dostosowanie-sie-do-kartonu\/","url":"https:\/\/packsmart.com.pl\/oferta\/zaklejarki-do-kartonow\/zaklejarka-do-kartonow-ys502d-automatyczne-dostosowanie-sie-do-kartonu\/","name":"P\u00f3\u0142automatyczna zaklejarka YS502D - Pack Smart - Systemy pakowania","isPartOf":{"@id":"https:\/\/packsmart.com.pl\/#website"},"primaryImageOfPage":{"@id":"https:\/\/packsmart.com.pl\/oferta\/zaklejarki-do-kartonow\/zaklejarka-do-kartonow-ys502d-automatyczne-dostosowanie-sie-do-kartonu\/#primaryimage"},"image":{"@id":"https:\/\/packsmart.com.pl\/oferta\/zaklejarki-do-kartonow\/zaklejarka-do-kartonow-ys502d-automatyczne-dostosowanie-sie-do-kartonu\/#primaryimage"},"thumbnailUrl":"https:\/\/packsmart.com.pl\/wp-content\/uploads\/2021\/04\/9-2D.jpg","datePublished":"2021-03-26T14:30:10+00:00","dateModified":"2025-12-17T11:11:57+00:00","description":"Zaklejarka do karton\u00f3w - maszyna automatycznie dosotsuje si\u0119 do szeroko\u015bci, wysoko\u015bci i d\u0142ugo\u015bci karton\u00f3w.","breadcrumb":{"@id":"https:\/\/packsmart.com.pl\/oferta\/zaklejarki-do-kartonow\/zaklejarka-do-kartonow-ys502d-automatyczne-dostosowanie-sie-do-kartonu\/#breadcrumb"},"inLanguage":"de","potentialAction":[{"@type":"ReadAction","target":["https:\/\/packsmart.com.pl\/oferta\/zaklejarki-do-kartonow\/zaklejarka-do-kartonow-ys502d-automatyczne-dostosowanie-sie-do-kartonu\/"]}]},{"@type":"ImageObject","inLanguage":"de","@id":"https:\/\/packsmart.com.pl\/oferta\/zaklejarki-do-kartonow\/zaklejarka-do-kartonow-ys502d-automatyczne-dostosowanie-sie-do-kartonu\/#primaryimage","url":"https:\/\/packsmart.com.pl\/wp-content\/uploads\/2021\/04\/9-2D.jpg","contentUrl":"https:\/\/packsmart.com.pl\/wp-content\/uploads\/2021\/04\/9-2D.jpg","width":300,"height":300},{"@type":"BreadcrumbList","@id":"https:\/\/packsmart.com.pl\/oferta\/zaklejarki-do-kartonow\/zaklejarka-do-kartonow-ys502d-automatyczne-dostosowanie-sie-do-kartonu\/#breadcrumb","itemListElement":[{"@type":"ListItem","position":1,"name":"Strona g\u0142\u00f3wna","item":"https:\/\/packsmart.com.pl\/"},{"@type":"ListItem","position":2,"name":"Produkty","item":"https:\/\/packsmart.com.pl\/sklep\/"},{"@type":"ListItem","position":3,"name":"Zaklejarki do karton\u00f3w","item":"https:\/\/packsmart.com.pl\/product-category\/zaklejarki-do-kartonow\/"},{"@type":"ListItem","position":4,"name":"P\u00f3\u0142automatyczna zaklejarka YS502D"}]},{"@type":"WebSite","@id":"https:\/\/packsmart.com.pl\/#website","url":"https:\/\/packsmart.com.pl\/","name":"Pack Smart - Verpackungssysteme","description":"","publisher":{"@id":"https:\/\/packsmart.com.pl\/#organization"},"potentialAction":[{"@type":"SearchAction","target":{"@type":"EntryPoint","urlTemplate":"https:\/\/packsmart.com.pl\/?s={search_term_string}"},"query-input":{"@type":"PropertyValueSpecification","valueRequired":true,"valueName":"search_term_string"}}],"inLanguage":"de"},{"@type":"Organization","@id":"https:\/\/packsmart.com.pl\/#organization","name":"Clever packen","url":"https:\/\/packsmart.com.pl\/","logo":{"@type":"ImageObject","inLanguage":"de","@id":"https:\/\/packsmart.com.pl\/#\/schema\/logo\/image\/","url":"https:\/\/packsmart.com.pl\/wp-content\/uploads\/2020\/11\/cropped-logo.png","contentUrl":"https:\/\/packsmart.com.pl\/wp-content\/uploads\/2020\/11\/cropped-logo.png","width":512,"height":512,"caption":"Pack Smart"},"image":{"@id":"https:\/\/packsmart.com.pl\/#\/schema\/logo\/image\/"},"sameAs":["https:\/\/www.facebook.com\/p\/Pack-Smart-100089770293385\/?locale=pl_PL"]},false]}},"_links":{"self":[{"href":"https:\/\/packsmart.com.pl\/de\/wp-json\/wp\/v2\/product\/467","targetHints":{"allow":["GET"]}}],"collection":[{"href":"https:\/\/packsmart.com.pl\/de\/wp-json\/wp\/v2\/product"}],"about":[{"href":"https:\/\/packsmart.com.pl\/de\/wp-json\/wp\/v2\/types\/product"}],"replies":[{"embeddable":true,"href":"https:\/\/packsmart.com.pl\/de\/wp-json\/wp\/v2\/comments?post=467"}],"wp:featuredmedia":[{"embeddable":true,"href":"https:\/\/packsmart.com.pl\/de\/wp-json\/wp\/v2\/media\/537"}],"wp:attachment":[{"href":"https:\/\/packsmart.com.pl\/de\/wp-json\/wp\/v2\/media?parent=467"}],"wp:term":[{"taxonomy":"product_cat","embeddable":true,"href":"https:\/\/packsmart.com.pl\/de\/wp-json\/wp\/v2\/product_cat?post=467"},{"taxonomy":"product_tag","embeddable":true,"href":"https:\/\/packsmart.com.pl\/de\/wp-json\/wp\/v2\/product_tag?post=467"}],"curies":[{"name":"wp","href":"https:\/\/api.w.org\/{rel}","templated":true}]}}