{"id":400,"date":"2021-01-28T16:19:35","date_gmt":"2021-01-28T15:19:35","guid":{"rendered":"http:\/\/packsmart.com.pl\/?post_type=product&#038;p=400"},"modified":"2022-12-08T13:33:23","modified_gmt":"2022-12-08T12:33:23","slug":"maszyna-do-skladania-kartonow-cf20tx-xl","status":"publish","type":"product","link":"https:\/\/packsmart.com.pl\/de\/oferta\/skladarki-do-kartonow\/maszyna-do-skladania-kartonow-cf20tx-xl\/","title":{"rendered":"Kartonaufrichter CF20TX XL"},"content":{"rendered":"<p>Die CF-20TX XL ist eine vollautomatische Kartonaufrichtermaschine, die einen Kartonrohling (amerikanische Faltschachtel) aus dem Magazin entnimmt, ihn auseinanderfaltet und die vier Bodenlaschen automatisch faltet. Anschlie\u00dfend wird der Kartonboden mit einer Lage Klebeband versiegelt. Die Kartonzuf\u00fchrung der CF-20TX XL ist platzsparend konstruiert. Durch einfache Umr\u00fcstungen der Maschine lassen sich auch andere Kartongr\u00f6\u00dfen realisieren.<\/p>\n<p><img loading=\"lazy\" decoding=\"async\" class=\"alignnone size-full wp-image-381 alignright\" src=\"http:\/\/packsmart.com.pl\/wp-content\/uploads\/2020\/12\/wymiary-kartonow.png\" alt=\"\" width=\"197\" height=\"162\" \/><\/p>\n<p><strong>Kartonma\u00dfe:<\/strong><\/p>\n<p>B: 160 mm \u2013 400 mm<\/p>\n<p>H\u00f6he: 270 mm \u2013 650 mm<\/p>\n<p>L: 280 mm \u2013 600 mm<\/p>\n<p><strong>Aufmerksamkeit:<\/strong> H\u00f6he gemessen bei ge\u00f6ffneten oberen Klappen<\/p>\n<p><strong>Technische Daten<\/strong><\/p>\n<p>Gewicht: 570 kg<\/p>\n<p>Stromversorgung: 230V 1F+N \/ 500W | 6 bar +\/- 1 bar |<\/p>\n<p>Luftverbrauch: 24 Nl\/Zyklus<\/p>\n<p>Kapazit\u00e4t: 0 bis 10 Kartons pro Minute<\/p>\n<p>Maschinenabmessungen: L 2.625 x B 2.100 x H 1.430 mm<\/p>\n<p>Maximaler Ger\u00e4uschpegel: \u2264 75 db<\/p>\n<p>Not-Aus gem\u00e4\u00df CE-Vorschriften<\/p>\n<p>Arbeitstischh\u00f6he: 620 mm<\/p>","protected":false},"excerpt":{"rendered":"<p>Mit der Maschine wird Karton geformt und von unten mit Selbstklebeband verklebt.<\/p>","protected":false},"featured_media":620,"comment_status":"open","ping_status":"closed","template":"","meta":{"_et_pb_use_builder":"","_et_pb_old_content":"","_et_gb_content_width":"","inline_featured_image":false,"yasr_overall_rating":0,"yasr_post_is_review":"","yasr_auto_insert_disabled":"","yasr_review_type":""},"product_cat":[23],"product_tag":[],"class_list":["post-400","product","type-product","status-publish","has-post-thumbnail","hentry","product_cat-skladarki-do-kartonow"],"yasr_visitor_votes":{"stars_attributes":{"read_only":false,"span_bottom":false},"number_of_votes":0,"sum_votes":0},"acf":[],"yoast_head":"<!-- This site is optimized with the Yoast SEO plugin v26.1.1 - https:\/\/yoast.com\/wordpress\/plugins\/seo\/ -->\n<title>Maszyna do sk\u0142adania karton\u00f3w CF20TX XL - Pack Smart - Systemy pakowania<\/title>\n<meta name=\"description\" content=\"Automatuczna maszyna do sk\u0142adania karton\u00f3w klapowych. Niezawodna i prosta w obsudze kartoniarka.\" \/>\n<meta name=\"robots\" content=\"index, follow, max-snippet:-1, max-image-preview:large, max-video-preview:-1\" \/>\n<link rel=\"canonical\" href=\"https:\/\/packsmart.com.pl\/de\/oferta\/skladarki-do-kartonow\/maszyna-do-skladania-kartonow-cf20tx-xl\/\" \/>\n<meta property=\"og:locale\" content=\"de_DE\" \/>\n<meta property=\"og:type\" content=\"article\" \/>\n<meta property=\"og:title\" content=\"Maszyna do sk\u0142adania karton\u00f3w CF20TX XL - Pack Smart - Systemy pakowania\" \/>\n<meta property=\"og:description\" content=\"Automatuczna maszyna do sk\u0142adania karton\u00f3w klapowych. Niezawodna i prosta w obsudze kartoniarka.\" \/>\n<meta property=\"og:url\" content=\"https:\/\/packsmart.com.pl\/de\/oferta\/skladarki-do-kartonow\/maszyna-do-skladania-kartonow-cf20tx-xl\/\" \/>\n<meta property=\"og:site_name\" content=\"Pack Smart - Systemy pakowania\" \/>\n<meta property=\"article:publisher\" content=\"https:\/\/www.facebook.com\/p\/Pack-Smart-100089770293385\/?locale=pl_PL\" \/>\n<meta property=\"article:modified_time\" content=\"2022-12-08T12:33:23+00:00\" \/>\n<meta property=\"og:image\" content=\"https:\/\/packsmart.com.pl\/wp-content\/uploads\/2021\/07\/12.jpg\" \/>\n\t<meta property=\"og:image:width\" content=\"1700\" \/>\n\t<meta property=\"og:image:height\" content=\"2000\" \/>\n\t<meta property=\"og:image:type\" content=\"image\/jpeg\" \/>\n<meta name=\"twitter:card\" content=\"summary_large_image\" \/>\n<meta name=\"twitter:label1\" content=\"Gesch\u00e4tzte Lesezeit\" \/>\n\t<meta name=\"twitter:data1\" content=\"2\u00a0Minuten\" \/>\n<script type=\"application\/ld+json\" class=\"yoast-schema-graph\">{\"@context\":\"https:\/\/schema.org\",\"@graph\":[{\"@type\":\"WebPage\",\"@id\":\"https:\/\/packsmart.com.pl\/oferta\/skladarki-do-kartonow\/maszyna-do-skladania-kartonow-cf20tx-xl\/\",\"url\":\"https:\/\/packsmart.com.pl\/oferta\/skladarki-do-kartonow\/maszyna-do-skladania-kartonow-cf20tx-xl\/\",\"name\":\"Maszyna do sk\u0142adania karton\u00f3w CF20TX XL - Pack Smart - Systemy pakowania\",\"isPartOf\":{\"@id\":\"https:\/\/packsmart.com.pl\/#website\"},\"primaryImageOfPage\":{\"@id\":\"https:\/\/packsmart.com.pl\/oferta\/skladarki-do-kartonow\/maszyna-do-skladania-kartonow-cf20tx-xl\/#primaryimage\"},\"image\":{\"@id\":\"https:\/\/packsmart.com.pl\/oferta\/skladarki-do-kartonow\/maszyna-do-skladania-kartonow-cf20tx-xl\/#primaryimage\"},\"thumbnailUrl\":\"https:\/\/packsmart.com.pl\/wp-content\/uploads\/2021\/07\/12.jpg\",\"datePublished\":\"2021-01-28T15:19:35+00:00\",\"dateModified\":\"2022-12-08T12:33:23+00:00\",\"description\":\"Automatuczna maszyna do sk\u0142adania karton\u00f3w klapowych. Niezawodna i prosta w obsudze kartoniarka.\",\"breadcrumb\":{\"@id\":\"https:\/\/packsmart.com.pl\/oferta\/skladarki-do-kartonow\/maszyna-do-skladania-kartonow-cf20tx-xl\/#breadcrumb\"},\"inLanguage\":\"de\",\"potentialAction\":[{\"@type\":\"ReadAction\",\"target\":[\"https:\/\/packsmart.com.pl\/oferta\/skladarki-do-kartonow\/maszyna-do-skladania-kartonow-cf20tx-xl\/\"]}]},{\"@type\":\"ImageObject\",\"inLanguage\":\"de\",\"@id\":\"https:\/\/packsmart.com.pl\/oferta\/skladarki-do-kartonow\/maszyna-do-skladania-kartonow-cf20tx-xl\/#primaryimage\",\"url\":\"https:\/\/packsmart.com.pl\/wp-content\/uploads\/2021\/07\/12.jpg\",\"contentUrl\":\"https:\/\/packsmart.com.pl\/wp-content\/uploads\/2021\/07\/12.jpg\",\"width\":1700,\"height\":2000},{\"@type\":\"BreadcrumbList\",\"@id\":\"https:\/\/packsmart.com.pl\/oferta\/skladarki-do-kartonow\/maszyna-do-skladania-kartonow-cf20tx-xl\/#breadcrumb\",\"itemListElement\":[{\"@type\":\"ListItem\",\"position\":1,\"name\":\"Strona g\u0142\u00f3wna\",\"item\":\"https:\/\/packsmart.com.pl\/\"},{\"@type\":\"ListItem\",\"position\":2,\"name\":\"Produkty\",\"item\":\"https:\/\/packsmart.com.pl\/sklep\/\"},{\"@type\":\"ListItem\",\"position\":3,\"name\":\"Maszyny do sk\u0142adania karton\u00f3w\",\"item\":\"https:\/\/packsmart.com.pl\/product-category\/skladarki-do-kartonow\/\"},{\"@type\":\"ListItem\",\"position\":4,\"name\":\"Maszyna do sk\u0142adania karton\u00f3w CF20TX XL\"}]},{\"@type\":\"WebSite\",\"@id\":\"https:\/\/packsmart.com.pl\/#website\",\"url\":\"https:\/\/packsmart.com.pl\/\",\"name\":\"Pack Smart - Systemy pakowania\",\"description\":\"\",\"publisher\":{\"@id\":\"https:\/\/packsmart.com.pl\/#organization\"},\"potentialAction\":[{\"@type\":\"SearchAction\",\"target\":{\"@type\":\"EntryPoint\",\"urlTemplate\":\"https:\/\/packsmart.com.pl\/?s={search_term_string}\"},\"query-input\":{\"@type\":\"PropertyValueSpecification\",\"valueRequired\":true,\"valueName\":\"search_term_string\"}}],\"inLanguage\":\"de\"},{\"@type\":\"Organization\",\"@id\":\"https:\/\/packsmart.com.pl\/#organization\",\"name\":\"Pack Smart\",\"url\":\"https:\/\/packsmart.com.pl\/\",\"logo\":{\"@type\":\"ImageObject\",\"inLanguage\":\"de\",\"@id\":\"https:\/\/packsmart.com.pl\/#\/schema\/logo\/image\/\",\"url\":\"https:\/\/packsmart.com.pl\/wp-content\/uploads\/2020\/11\/cropped-logo.png\",\"contentUrl\":\"https:\/\/packsmart.com.pl\/wp-content\/uploads\/2020\/11\/cropped-logo.png\",\"width\":512,\"height\":512,\"caption\":\"Pack Smart\"},\"image\":{\"@id\":\"https:\/\/packsmart.com.pl\/#\/schema\/logo\/image\/\"},\"sameAs\":[\"https:\/\/www.facebook.com\/p\/Pack-Smart-100089770293385\/?locale=pl_PL\"]},false]}<\/script>\n<!-- \/ Yoast SEO plugin. -->","yoast_head_json":{"title":"Maszyna do sk\u0142adania karton\u00f3w CF20TX XL - Pack Smart - Systemy pakowania","description":"Automatuczna maszyna do sk\u0142adania karton\u00f3w klapowych. Niezawodna i prosta w obsudze kartoniarka.","robots":{"index":"index","follow":"follow","max-snippet":"max-snippet:-1","max-image-preview":"max-image-preview:large","max-video-preview":"max-video-preview:-1"},"canonical":"https:\/\/packsmart.com.pl\/de\/oferta\/skladarki-do-kartonow\/maszyna-do-skladania-kartonow-cf20tx-xl\/","og_locale":"de_DE","og_type":"article","og_title":"Maszyna do sk\u0142adania karton\u00f3w CF20TX XL - Pack Smart - Systemy pakowania","og_description":"Automatuczna maszyna do sk\u0142adania karton\u00f3w klapowych. Niezawodna i prosta w obsudze kartoniarka.","og_url":"https:\/\/packsmart.com.pl\/de\/oferta\/skladarki-do-kartonow\/maszyna-do-skladania-kartonow-cf20tx-xl\/","og_site_name":"Pack Smart - Systemy pakowania","article_publisher":"https:\/\/www.facebook.com\/p\/Pack-Smart-100089770293385\/?locale=pl_PL","article_modified_time":"2022-12-08T12:33:23+00:00","og_image":[{"width":1700,"height":2000,"url":"https:\/\/packsmart.com.pl\/wp-content\/uploads\/2021\/07\/12.jpg","type":"image\/jpeg"}],"twitter_card":"summary_large_image","twitter_misc":{"Gesch\u00e4tzte Lesezeit":"2\u00a0Minuten"},"schema":{"@context":"https:\/\/schema.org","@graph":[{"@type":"WebPage","@id":"https:\/\/packsmart.com.pl\/oferta\/skladarki-do-kartonow\/maszyna-do-skladania-kartonow-cf20tx-xl\/","url":"https:\/\/packsmart.com.pl\/oferta\/skladarki-do-kartonow\/maszyna-do-skladania-kartonow-cf20tx-xl\/","name":"Maszyna do sk\u0142adania karton\u00f3w CF20TX XL - Pack Smart - Systemy pakowania","isPartOf":{"@id":"https:\/\/packsmart.com.pl\/#website"},"primaryImageOfPage":{"@id":"https:\/\/packsmart.com.pl\/oferta\/skladarki-do-kartonow\/maszyna-do-skladania-kartonow-cf20tx-xl\/#primaryimage"},"image":{"@id":"https:\/\/packsmart.com.pl\/oferta\/skladarki-do-kartonow\/maszyna-do-skladania-kartonow-cf20tx-xl\/#primaryimage"},"thumbnailUrl":"https:\/\/packsmart.com.pl\/wp-content\/uploads\/2021\/07\/12.jpg","datePublished":"2021-01-28T15:19:35+00:00","dateModified":"2022-12-08T12:33:23+00:00","description":"Automatuczna maszyna do sk\u0142adania karton\u00f3w klapowych. Niezawodna i prosta w obsudze kartoniarka.","breadcrumb":{"@id":"https:\/\/packsmart.com.pl\/oferta\/skladarki-do-kartonow\/maszyna-do-skladania-kartonow-cf20tx-xl\/#breadcrumb"},"inLanguage":"de","potentialAction":[{"@type":"ReadAction","target":["https:\/\/packsmart.com.pl\/oferta\/skladarki-do-kartonow\/maszyna-do-skladania-kartonow-cf20tx-xl\/"]}]},{"@type":"ImageObject","inLanguage":"de","@id":"https:\/\/packsmart.com.pl\/oferta\/skladarki-do-kartonow\/maszyna-do-skladania-kartonow-cf20tx-xl\/#primaryimage","url":"https:\/\/packsmart.com.pl\/wp-content\/uploads\/2021\/07\/12.jpg","contentUrl":"https:\/\/packsmart.com.pl\/wp-content\/uploads\/2021\/07\/12.jpg","width":1700,"height":2000},{"@type":"BreadcrumbList","@id":"https:\/\/packsmart.com.pl\/oferta\/skladarki-do-kartonow\/maszyna-do-skladania-kartonow-cf20tx-xl\/#breadcrumb","itemListElement":[{"@type":"ListItem","position":1,"name":"Strona g\u0142\u00f3wna","item":"https:\/\/packsmart.com.pl\/"},{"@type":"ListItem","position":2,"name":"Produkty","item":"https:\/\/packsmart.com.pl\/sklep\/"},{"@type":"ListItem","position":3,"name":"Maszyny do sk\u0142adania karton\u00f3w","item":"https:\/\/packsmart.com.pl\/product-category\/skladarki-do-kartonow\/"},{"@type":"ListItem","position":4,"name":"Maszyna do sk\u0142adania karton\u00f3w CF20TX XL"}]},{"@type":"WebSite","@id":"https:\/\/packsmart.com.pl\/#website","url":"https:\/\/packsmart.com.pl\/","name":"Pack Smart - Verpackungssysteme","description":"","publisher":{"@id":"https:\/\/packsmart.com.pl\/#organization"},"potentialAction":[{"@type":"SearchAction","target":{"@type":"EntryPoint","urlTemplate":"https:\/\/packsmart.com.pl\/?s={search_term_string}"},"query-input":{"@type":"PropertyValueSpecification","valueRequired":true,"valueName":"search_term_string"}}],"inLanguage":"de"},{"@type":"Organization","@id":"https:\/\/packsmart.com.pl\/#organization","name":"Clever packen","url":"https:\/\/packsmart.com.pl\/","logo":{"@type":"ImageObject","inLanguage":"de","@id":"https:\/\/packsmart.com.pl\/#\/schema\/logo\/image\/","url":"https:\/\/packsmart.com.pl\/wp-content\/uploads\/2020\/11\/cropped-logo.png","contentUrl":"https:\/\/packsmart.com.pl\/wp-content\/uploads\/2020\/11\/cropped-logo.png","width":512,"height":512,"caption":"Pack Smart"},"image":{"@id":"https:\/\/packsmart.com.pl\/#\/schema\/logo\/image\/"},"sameAs":["https:\/\/www.facebook.com\/p\/Pack-Smart-100089770293385\/?locale=pl_PL"]},false]}},"_links":{"self":[{"href":"https:\/\/packsmart.com.pl\/de\/wp-json\/wp\/v2\/product\/400","targetHints":{"allow":["GET"]}}],"collection":[{"href":"https:\/\/packsmart.com.pl\/de\/wp-json\/wp\/v2\/product"}],"about":[{"href":"https:\/\/packsmart.com.pl\/de\/wp-json\/wp\/v2\/types\/product"}],"replies":[{"embeddable":true,"href":"https:\/\/packsmart.com.pl\/de\/wp-json\/wp\/v2\/comments?post=400"}],"wp:featuredmedia":[{"embeddable":true,"href":"https:\/\/packsmart.com.pl\/de\/wp-json\/wp\/v2\/media\/620"}],"wp:attachment":[{"href":"https:\/\/packsmart.com.pl\/de\/wp-json\/wp\/v2\/media?parent=400"}],"wp:term":[{"taxonomy":"product_cat","embeddable":true,"href":"https:\/\/packsmart.com.pl\/de\/wp-json\/wp\/v2\/product_cat?post=400"},{"taxonomy":"product_tag","embeddable":true,"href":"https:\/\/packsmart.com.pl\/de\/wp-json\/wp\/v2\/product_tag?post=400"}],"curies":[{"name":"wp","href":"https:\/\/api.w.org\/{rel}","templated":true}]}}