{"id":398,"date":"2021-01-28T12:42:21","date_gmt":"2021-01-28T11:42:21","guid":{"rendered":"http:\/\/packsmart.com.pl\/?post_type=product&#038;p=398"},"modified":"2022-12-08T13:31:47","modified_gmt":"2022-12-08T12:31:47","slug":"maszyna-do-skladania-kartonow-cf20tx","status":"publish","type":"product","link":"https:\/\/packsmart.com.pl\/de\/oferta\/skladarki-do-kartonow\/maszyna-do-skladania-kartonow-cf20tx\/","title":{"rendered":"Kartonaufrichter CF20TX"},"content":{"rendered":"<p>Die CF-20TX ist eine vollautomatische Kartonaufrichtermaschine, die einen Kartonrohling (amerikanische Faltschachtel) aus dem Magazin entnimmt, ihn auseinanderfaltet und die vier Bodenlaschen automatisch faltet. Anschlie\u00dfend wird der Kartonboden mit einer Lage Klebeband versiegelt. Die CF-20TX ist so konstruiert, dass sie nur wenig Stellfl\u00e4che ben\u00f6tigt. Durch einfache Umr\u00fcstungen der Maschine lassen sich auch andere Kartongr\u00f6\u00dfen realisieren.<\/p>\n<p><img loading=\"lazy\" decoding=\"async\" class=\"alignnone size-full wp-image-381 alignright\" src=\"http:\/\/packsmart.com.pl\/wp-content\/uploads\/2020\/12\/wymiary-kartonow.png\" alt=\"\" width=\"197\" height=\"162\" \/><\/p>\n<p><strong>Kartonma\u00dfe:<\/strong><\/p>\n<p>B: 165 mm \u2013 330 mm<\/p>\n<p>H\u00f6he: 270 mm \u2013 570 mm<\/p>\n<p>L: 300 mm \u2013 580 mm<\/p>\n<p><strong>Aufmerksamkeit:<\/strong> H\u00f6he gemessen bei ge\u00f6ffneten oberen Klappen<\/p>\n<p><strong>Technische Daten<\/strong><\/p>\n<p>Gewicht: 550 kg<\/p>\n<p>Stromversorgung: 230V 1F+N \/ 500W | 6 bar +\/- 1 bar |<\/p>\n<p>Luftverbrauch: 24 Nl\/Zyklus<\/p>\n<p>Kapazit\u00e4t: 0 bis 10 Kartons pro Minute<\/p>\n<p>Maschinenabmessungen: L 2450 \u00d7 B 1900 \u00d7 H 1430 mm<\/p>\n<p>Maximaler Ger\u00e4uschpegel: \u2264 75 db<\/p>\n<p>Not-Aus gem\u00e4\u00df CE-Vorschriften<\/p>\n<p>Arbeitstischh\u00f6he: 620 mm<\/p>","protected":false},"excerpt":{"rendered":"<p>Mit der Maschine wird Karton geformt und von unten mit Selbstklebeband verklebt.<\/p>","protected":false},"featured_media":620,"comment_status":"open","ping_status":"closed","template":"","meta":{"_et_pb_use_builder":"on","_et_pb_old_content":"CF-20TX to w pe\u0142ni automatyczna formierka pude\u0142ek, kt\u00f3ry pobiera blankiet (ameryka\u0144skie pude\u0142ko sk\u0142adane) z magazynku, rozk\u0142ada go i automatycznie sk\u0142ada 4 dolne klapki. Nast\u0119pnie dno pude\u0142ka jest zaklejan\u0119 w warstw\u0119 ta\u015bmy. Podajnik do karton\u00f3w CF-20TX jest skonstruowany w taki spos\u00f3b, aby przestrze\u0144 wymagana na pod\u0142odze roboczej by\u0142a ograniczona do minimum. Ustawianie innych rozmiar\u00f3w karton\u00f3w jest mo\u017cliwe dzi\u0119ki prostenum przezbrojeniu maszyny .\r\n\r\n<img class=\"alignnone size-full wp-image-381 alignright\" src=\"http:\/\/packsmart.com.pl\/wp-content\/uploads\/2020\/12\/wymiary-kartonow.png\" alt=\"\" width=\"197\" height=\"162\" \/>\r\n\r\n<strong>Wymiary karton\u00f3w:<\/strong>\r\n\r\nB:165 mm \u2013 330 mm\r\n\r\nH:270 mm \u2013 570 mm\r\n\r\nL: 300 mm - 580 mm\r\n\r\n<strong>Uwaga:<\/strong> wysoko\u015b\u0107 mierzona \u0142\u0105cznie z otwartymi g\u00f3rnymi klapami\r\n\r\n<strong>Specyfikaja techniczna<\/strong>\r\n\r\nWaga: 550 kg\r\n\r\nZasilanie: 230V 1F+N \/ 500W | 6 bar +\/- 1bar |\r\n\r\nZu\u017cycie powietrza: 24Nl\/cyclus\r\n\r\nWydajno\u015b\u0107: 0 do 10 karton\u00f3w na minut\u0119\r\n\r\nWymiary maszyny: d\u0142. 2 450\u00a0 \u00d7 szer. 1 900 x wys. 1 430 mm\r\n\r\nMaksymalny poziom ha\u0142asu: \u2264 75 db\r\n\r\nZatrzymanie awaryjne zgodnie z przepisami CE\r\n\r\nWysoko\u015b\u0107 sto\u0142u roboczego: 620 mm","_et_gb_content_width":"","inline_featured_image":false,"yasr_overall_rating":0,"yasr_post_is_review":"","yasr_auto_insert_disabled":"","yasr_review_type":""},"product_cat":[23],"product_tag":[],"class_list":["post-398","product","type-product","status-publish","has-post-thumbnail","hentry","product_cat-skladarki-do-kartonow"],"yasr_visitor_votes":{"stars_attributes":{"read_only":false,"span_bottom":false},"number_of_votes":0,"sum_votes":0},"acf":[],"yoast_head":"<!-- This site is optimized with the Yoast SEO plugin v26.1.1 - https:\/\/yoast.com\/wordpress\/plugins\/seo\/ -->\n<title>Maszyna do sk\u0142adania karton\u00f3w CF20TX - Pack Smart - Systemy pakowania<\/title>\n<meta name=\"description\" content=\"Automatuczna maszyna do sk\u0142adania karton\u00f3w klapowych. Niezawodna i prosta w obsudze kartoniarka.\" \/>\n<meta name=\"robots\" content=\"index, follow, max-snippet:-1, max-image-preview:large, max-video-preview:-1\" \/>\n<link rel=\"canonical\" href=\"https:\/\/packsmart.com.pl\/de\/oferta\/skladarki-do-kartonow\/maszyna-do-skladania-kartonow-cf20tx\/\" \/>\n<meta property=\"og:locale\" content=\"de_DE\" \/>\n<meta property=\"og:type\" content=\"article\" \/>\n<meta property=\"og:title\" content=\"Maszyna do sk\u0142adania karton\u00f3w CF20TX - Pack Smart - Systemy pakowania\" \/>\n<meta property=\"og:description\" content=\"Automatuczna maszyna do sk\u0142adania karton\u00f3w klapowych. Niezawodna i prosta w obsudze kartoniarka.\" \/>\n<meta property=\"og:url\" content=\"https:\/\/packsmart.com.pl\/de\/oferta\/skladarki-do-kartonow\/maszyna-do-skladania-kartonow-cf20tx\/\" \/>\n<meta property=\"og:site_name\" content=\"Pack Smart - Systemy pakowania\" \/>\n<meta property=\"article:publisher\" content=\"https:\/\/www.facebook.com\/p\/Pack-Smart-100089770293385\/?locale=pl_PL\" \/>\n<meta property=\"article:modified_time\" content=\"2022-12-08T12:31:47+00:00\" \/>\n<meta property=\"og:image\" content=\"https:\/\/packsmart.com.pl\/wp-content\/uploads\/2021\/07\/12.jpg\" \/>\n\t<meta property=\"og:image:width\" content=\"1700\" \/>\n\t<meta property=\"og:image:height\" content=\"2000\" \/>\n\t<meta property=\"og:image:type\" content=\"image\/jpeg\" \/>\n<meta name=\"twitter:card\" content=\"summary_large_image\" \/>\n<meta name=\"twitter:label1\" content=\"Gesch\u00e4tzte Lesezeit\" \/>\n\t<meta name=\"twitter:data1\" content=\"2\u00a0Minuten\" \/>\n<script type=\"application\/ld+json\" class=\"yoast-schema-graph\">{\"@context\":\"https:\/\/schema.org\",\"@graph\":[{\"@type\":\"WebPage\",\"@id\":\"https:\/\/packsmart.com.pl\/oferta\/skladarki-do-kartonow\/maszyna-do-skladania-kartonow-cf20tx\/\",\"url\":\"https:\/\/packsmart.com.pl\/oferta\/skladarki-do-kartonow\/maszyna-do-skladania-kartonow-cf20tx\/\",\"name\":\"Maszyna do sk\u0142adania karton\u00f3w CF20TX - Pack Smart - Systemy pakowania\",\"isPartOf\":{\"@id\":\"https:\/\/packsmart.com.pl\/#website\"},\"primaryImageOfPage\":{\"@id\":\"https:\/\/packsmart.com.pl\/oferta\/skladarki-do-kartonow\/maszyna-do-skladania-kartonow-cf20tx\/#primaryimage\"},\"image\":{\"@id\":\"https:\/\/packsmart.com.pl\/oferta\/skladarki-do-kartonow\/maszyna-do-skladania-kartonow-cf20tx\/#primaryimage\"},\"thumbnailUrl\":\"https:\/\/packsmart.com.pl\/wp-content\/uploads\/2021\/07\/12.jpg\",\"datePublished\":\"2021-01-28T11:42:21+00:00\",\"dateModified\":\"2022-12-08T12:31:47+00:00\",\"description\":\"Automatuczna maszyna do sk\u0142adania karton\u00f3w klapowych. Niezawodna i prosta w obsudze kartoniarka.\",\"breadcrumb\":{\"@id\":\"https:\/\/packsmart.com.pl\/oferta\/skladarki-do-kartonow\/maszyna-do-skladania-kartonow-cf20tx\/#breadcrumb\"},\"inLanguage\":\"de\",\"potentialAction\":[{\"@type\":\"ReadAction\",\"target\":[\"https:\/\/packsmart.com.pl\/oferta\/skladarki-do-kartonow\/maszyna-do-skladania-kartonow-cf20tx\/\"]}]},{\"@type\":\"ImageObject\",\"inLanguage\":\"de\",\"@id\":\"https:\/\/packsmart.com.pl\/oferta\/skladarki-do-kartonow\/maszyna-do-skladania-kartonow-cf20tx\/#primaryimage\",\"url\":\"https:\/\/packsmart.com.pl\/wp-content\/uploads\/2021\/07\/12.jpg\",\"contentUrl\":\"https:\/\/packsmart.com.pl\/wp-content\/uploads\/2021\/07\/12.jpg\",\"width\":1700,\"height\":2000},{\"@type\":\"BreadcrumbList\",\"@id\":\"https:\/\/packsmart.com.pl\/oferta\/skladarki-do-kartonow\/maszyna-do-skladania-kartonow-cf20tx\/#breadcrumb\",\"itemListElement\":[{\"@type\":\"ListItem\",\"position\":1,\"name\":\"Strona g\u0142\u00f3wna\",\"item\":\"https:\/\/packsmart.com.pl\/\"},{\"@type\":\"ListItem\",\"position\":2,\"name\":\"Produkty\",\"item\":\"https:\/\/packsmart.com.pl\/sklep\/\"},{\"@type\":\"ListItem\",\"position\":3,\"name\":\"Maszyny do sk\u0142adania karton\u00f3w\",\"item\":\"https:\/\/packsmart.com.pl\/product-category\/skladarki-do-kartonow\/\"},{\"@type\":\"ListItem\",\"position\":4,\"name\":\"Maszyna do sk\u0142adania karton\u00f3w CF20TX\"}]},{\"@type\":\"WebSite\",\"@id\":\"https:\/\/packsmart.com.pl\/#website\",\"url\":\"https:\/\/packsmart.com.pl\/\",\"name\":\"Pack Smart - Systemy pakowania\",\"description\":\"\",\"publisher\":{\"@id\":\"https:\/\/packsmart.com.pl\/#organization\"},\"potentialAction\":[{\"@type\":\"SearchAction\",\"target\":{\"@type\":\"EntryPoint\",\"urlTemplate\":\"https:\/\/packsmart.com.pl\/?s={search_term_string}\"},\"query-input\":{\"@type\":\"PropertyValueSpecification\",\"valueRequired\":true,\"valueName\":\"search_term_string\"}}],\"inLanguage\":\"de\"},{\"@type\":\"Organization\",\"@id\":\"https:\/\/packsmart.com.pl\/#organization\",\"name\":\"Pack Smart\",\"url\":\"https:\/\/packsmart.com.pl\/\",\"logo\":{\"@type\":\"ImageObject\",\"inLanguage\":\"de\",\"@id\":\"https:\/\/packsmart.com.pl\/#\/schema\/logo\/image\/\",\"url\":\"https:\/\/packsmart.com.pl\/wp-content\/uploads\/2020\/11\/cropped-logo.png\",\"contentUrl\":\"https:\/\/packsmart.com.pl\/wp-content\/uploads\/2020\/11\/cropped-logo.png\",\"width\":512,\"height\":512,\"caption\":\"Pack Smart\"},\"image\":{\"@id\":\"https:\/\/packsmart.com.pl\/#\/schema\/logo\/image\/\"},\"sameAs\":[\"https:\/\/www.facebook.com\/p\/Pack-Smart-100089770293385\/?locale=pl_PL\"]},false]}<\/script>\n<!-- \/ Yoast SEO plugin. -->","yoast_head_json":{"title":"Maszyna do sk\u0142adania karton\u00f3w CF20TX - Pack Smart - Systemy pakowania","description":"Automatuczna maszyna do sk\u0142adania karton\u00f3w klapowych. Niezawodna i prosta w obsudze kartoniarka.","robots":{"index":"index","follow":"follow","max-snippet":"max-snippet:-1","max-image-preview":"max-image-preview:large","max-video-preview":"max-video-preview:-1"},"canonical":"https:\/\/packsmart.com.pl\/de\/oferta\/skladarki-do-kartonow\/maszyna-do-skladania-kartonow-cf20tx\/","og_locale":"de_DE","og_type":"article","og_title":"Maszyna do sk\u0142adania karton\u00f3w CF20TX - Pack Smart - Systemy pakowania","og_description":"Automatuczna maszyna do sk\u0142adania karton\u00f3w klapowych. Niezawodna i prosta w obsudze kartoniarka.","og_url":"https:\/\/packsmart.com.pl\/de\/oferta\/skladarki-do-kartonow\/maszyna-do-skladania-kartonow-cf20tx\/","og_site_name":"Pack Smart - Systemy pakowania","article_publisher":"https:\/\/www.facebook.com\/p\/Pack-Smart-100089770293385\/?locale=pl_PL","article_modified_time":"2022-12-08T12:31:47+00:00","og_image":[{"width":1700,"height":2000,"url":"https:\/\/packsmart.com.pl\/wp-content\/uploads\/2021\/07\/12.jpg","type":"image\/jpeg"}],"twitter_card":"summary_large_image","twitter_misc":{"Gesch\u00e4tzte Lesezeit":"2\u00a0Minuten"},"schema":{"@context":"https:\/\/schema.org","@graph":[{"@type":"WebPage","@id":"https:\/\/packsmart.com.pl\/oferta\/skladarki-do-kartonow\/maszyna-do-skladania-kartonow-cf20tx\/","url":"https:\/\/packsmart.com.pl\/oferta\/skladarki-do-kartonow\/maszyna-do-skladania-kartonow-cf20tx\/","name":"Maszyna do sk\u0142adania karton\u00f3w CF20TX - Pack Smart - Systemy pakowania","isPartOf":{"@id":"https:\/\/packsmart.com.pl\/#website"},"primaryImageOfPage":{"@id":"https:\/\/packsmart.com.pl\/oferta\/skladarki-do-kartonow\/maszyna-do-skladania-kartonow-cf20tx\/#primaryimage"},"image":{"@id":"https:\/\/packsmart.com.pl\/oferta\/skladarki-do-kartonow\/maszyna-do-skladania-kartonow-cf20tx\/#primaryimage"},"thumbnailUrl":"https:\/\/packsmart.com.pl\/wp-content\/uploads\/2021\/07\/12.jpg","datePublished":"2021-01-28T11:42:21+00:00","dateModified":"2022-12-08T12:31:47+00:00","description":"Automatuczna maszyna do sk\u0142adania karton\u00f3w klapowych. Niezawodna i prosta w obsudze kartoniarka.","breadcrumb":{"@id":"https:\/\/packsmart.com.pl\/oferta\/skladarki-do-kartonow\/maszyna-do-skladania-kartonow-cf20tx\/#breadcrumb"},"inLanguage":"de","potentialAction":[{"@type":"ReadAction","target":["https:\/\/packsmart.com.pl\/oferta\/skladarki-do-kartonow\/maszyna-do-skladania-kartonow-cf20tx\/"]}]},{"@type":"ImageObject","inLanguage":"de","@id":"https:\/\/packsmart.com.pl\/oferta\/skladarki-do-kartonow\/maszyna-do-skladania-kartonow-cf20tx\/#primaryimage","url":"https:\/\/packsmart.com.pl\/wp-content\/uploads\/2021\/07\/12.jpg","contentUrl":"https:\/\/packsmart.com.pl\/wp-content\/uploads\/2021\/07\/12.jpg","width":1700,"height":2000},{"@type":"BreadcrumbList","@id":"https:\/\/packsmart.com.pl\/oferta\/skladarki-do-kartonow\/maszyna-do-skladania-kartonow-cf20tx\/#breadcrumb","itemListElement":[{"@type":"ListItem","position":1,"name":"Strona g\u0142\u00f3wna","item":"https:\/\/packsmart.com.pl\/"},{"@type":"ListItem","position":2,"name":"Produkty","item":"https:\/\/packsmart.com.pl\/sklep\/"},{"@type":"ListItem","position":3,"name":"Maszyny do sk\u0142adania karton\u00f3w","item":"https:\/\/packsmart.com.pl\/product-category\/skladarki-do-kartonow\/"},{"@type":"ListItem","position":4,"name":"Maszyna do sk\u0142adania karton\u00f3w CF20TX"}]},{"@type":"WebSite","@id":"https:\/\/packsmart.com.pl\/#website","url":"https:\/\/packsmart.com.pl\/","name":"Pack Smart - Verpackungssysteme","description":"","publisher":{"@id":"https:\/\/packsmart.com.pl\/#organization"},"potentialAction":[{"@type":"SearchAction","target":{"@type":"EntryPoint","urlTemplate":"https:\/\/packsmart.com.pl\/?s={search_term_string}"},"query-input":{"@type":"PropertyValueSpecification","valueRequired":true,"valueName":"search_term_string"}}],"inLanguage":"de"},{"@type":"Organization","@id":"https:\/\/packsmart.com.pl\/#organization","name":"Clever packen","url":"https:\/\/packsmart.com.pl\/","logo":{"@type":"ImageObject","inLanguage":"de","@id":"https:\/\/packsmart.com.pl\/#\/schema\/logo\/image\/","url":"https:\/\/packsmart.com.pl\/wp-content\/uploads\/2020\/11\/cropped-logo.png","contentUrl":"https:\/\/packsmart.com.pl\/wp-content\/uploads\/2020\/11\/cropped-logo.png","width":512,"height":512,"caption":"Pack Smart"},"image":{"@id":"https:\/\/packsmart.com.pl\/#\/schema\/logo\/image\/"},"sameAs":["https:\/\/www.facebook.com\/p\/Pack-Smart-100089770293385\/?locale=pl_PL"]},false]}},"_links":{"self":[{"href":"https:\/\/packsmart.com.pl\/de\/wp-json\/wp\/v2\/product\/398","targetHints":{"allow":["GET"]}}],"collection":[{"href":"https:\/\/packsmart.com.pl\/de\/wp-json\/wp\/v2\/product"}],"about":[{"href":"https:\/\/packsmart.com.pl\/de\/wp-json\/wp\/v2\/types\/product"}],"replies":[{"embeddable":true,"href":"https:\/\/packsmart.com.pl\/de\/wp-json\/wp\/v2\/comments?post=398"}],"wp:featuredmedia":[{"embeddable":true,"href":"https:\/\/packsmart.com.pl\/de\/wp-json\/wp\/v2\/media\/620"}],"wp:attachment":[{"href":"https:\/\/packsmart.com.pl\/de\/wp-json\/wp\/v2\/media?parent=398"}],"wp:term":[{"taxonomy":"product_cat","embeddable":true,"href":"https:\/\/packsmart.com.pl\/de\/wp-json\/wp\/v2\/product_cat?post=398"},{"taxonomy":"product_tag","embeddable":true,"href":"https:\/\/packsmart.com.pl\/de\/wp-json\/wp\/v2\/product_tag?post=398"}],"curies":[{"name":"wp","href":"https:\/\/api.w.org\/{rel}","templated":true}]}}