{"id":387,"date":"2021-01-19T21:53:00","date_gmt":"2021-01-19T20:53:00","guid":{"rendered":"http:\/\/packsmart.com.pl\/?post_type=product&#038;p=387"},"modified":"2025-12-17T12:12:10","modified_gmt":"2025-12-17T11:12:10","slug":"zaklejarka-do-kartonow-mh-fj-1d","status":"publish","type":"product","link":"https:\/\/packsmart.com.pl\/de\/oferta\/zaklejarki-do-kartonow\/zaklejarka-do-kartonow-mh-fj-1d\/","title":{"rendered":"Halbautomatisches Siegelger\u00e4t MH-FJ-1D"},"content":{"rendered":"<p>Halbautomatische Kartonverschlie\u00dfmaschine mit vier Antriebsriemen (zwei oben, zwei unten). Die Maschine verschlie\u00dft Deckel und Boden von amerikanischen Standardkartons. Sie eignet sich besonders f\u00fcr hohe, niedrige oder instabile Kartons. Das Ergebnis ist eine perfekte Laschenausrichtung und optimale Versiegelung. Die Maschine kann mit Rollenzuf\u00fchrungen und Lenkrollen ausgestattet werden und bietet so eine praktische und einfache Verpackungsstation.<\/p>\n<p><img loading=\"lazy\" decoding=\"async\" class=\"alignnone size-full wp-image-381 alignright\" src=\"http:\/\/packsmart.com.pl\/wp-content\/uploads\/2020\/12\/wymiary-kartonow.png\" alt=\"\" width=\"197\" height=\"162\" \/><\/p>\n<p><strong>Kartonma\u00dfe:<\/strong><\/p>\n<p>B: 120 mm \u2013 600 mm<\/p>\n<p>H\u00f6he: 120 mm \u2013 540 mm<\/p>\n<p>L: ab 150 mm<\/p>\n<p><strong>Technische Daten<\/strong><\/p>\n<p>Gewicht: 190 kg<\/p>\n<p>Stromversorgung: 230 V \u2013 50\/60 Hz<\/p>\n<p>Kartontransportgeschwindigkeit: 19 m\/min<\/p>\n<p>Maximales Kartongewicht: 30 kg<\/p>\n<p>Maschinenabmessungen: L 976 x B 890 x H 1360\u20131560 mm<\/p>\n<p>Maximaler Ger\u00e4uschpegel: \u2264 75 db<\/p>\n<p>Not-Aus gem\u00e4\u00df CE-Vorschriften<\/p>\n<p>Klebeband: Kraft, Polypropylen, PVC<\/p>\n<p>Standard-Umreifungskopf f\u00fcr B\u00e4nder mit einer Breite von: 50 mm<\/p>\n<p>Arbeitstischh\u00f6he: 600 \u2013 800 mm<\/p>","protected":false},"excerpt":{"rendered":"<p>Halbautomatische Siegelmaschine mit Boden- und Oberantrieb, empfohlen f\u00fcr hohe und seitlich gew\u00f6lbte Kartons.<\/p>","protected":false},"featured_media":533,"comment_status":"open","ping_status":"closed","template":"","meta":{"_et_pb_use_builder":"","_et_pb_old_content":"","_et_gb_content_width":"","inline_featured_image":false,"yasr_overall_rating":5,"yasr_post_is_review":"","yasr_auto_insert_disabled":"","yasr_review_type":""},"product_cat":[22],"product_tag":[],"class_list":["post-387","product","type-product","status-publish","has-post-thumbnail","hentry","product_cat-zaklejarki-do-kartonow"],"yasr_visitor_votes":{"stars_attributes":{"read_only":false,"span_bottom":false},"number_of_votes":0,"sum_votes":0},"acf":[],"yoast_head":"<!-- This site is optimized with the Yoast SEO plugin v26.1.1 - https:\/\/yoast.com\/wordpress\/plugins\/seo\/ -->\n<title>P\u00f3\u0142automatyczna zaklejarka MH-FJ-1D - Pack Smart - Systemy pakowania<\/title>\n<meta name=\"description\" content=\"Zaklejarka do karton\u00f3w\" \/>\n<meta name=\"robots\" content=\"index, follow, max-snippet:-1, max-image-preview:large, max-video-preview:-1\" \/>\n<link rel=\"canonical\" href=\"https:\/\/packsmart.com.pl\/de\/oferta\/zaklejarki-do-kartonow\/zaklejarka-do-kartonow-mh-fj-1d\/\" \/>\n<meta property=\"og:locale\" content=\"de_DE\" \/>\n<meta property=\"og:type\" content=\"article\" \/>\n<meta property=\"og:title\" content=\"P\u00f3\u0142automatyczna zaklejarka MH-FJ-1D - Pack Smart - Systemy pakowania\" \/>\n<meta property=\"og:description\" content=\"Zaklejarka do karton\u00f3w\" \/>\n<meta property=\"og:url\" content=\"https:\/\/packsmart.com.pl\/de\/oferta\/zaklejarki-do-kartonow\/zaklejarka-do-kartonow-mh-fj-1d\/\" \/>\n<meta property=\"og:site_name\" content=\"Pack Smart - Systemy pakowania\" \/>\n<meta property=\"article:publisher\" content=\"https:\/\/www.facebook.com\/p\/Pack-Smart-100089770293385\/?locale=pl_PL\" \/>\n<meta property=\"article:modified_time\" content=\"2025-12-17T11:12:10+00:00\" \/>\n<meta property=\"og:image\" content=\"https:\/\/packsmart.com.pl\/wp-content\/uploads\/2021\/04\/5-fj-1d.jpg\" \/>\n\t<meta property=\"og:image:width\" content=\"300\" \/>\n\t<meta property=\"og:image:height\" content=\"300\" \/>\n\t<meta property=\"og:image:type\" content=\"image\/jpeg\" \/>\n<meta name=\"twitter:card\" content=\"summary_large_image\" \/>\n<meta name=\"twitter:label1\" content=\"Gesch\u00e4tzte Lesezeit\" \/>\n\t<meta name=\"twitter:data1\" content=\"2\u00a0Minuten\" \/>\n<script type=\"application\/ld+json\" class=\"yoast-schema-graph\">{\"@context\":\"https:\/\/schema.org\",\"@graph\":[{\"@type\":\"WebPage\",\"@id\":\"https:\/\/packsmart.com.pl\/oferta\/zaklejarki-do-kartonow\/zaklejarka-do-kartonow-mh-fj-1d\/\",\"url\":\"https:\/\/packsmart.com.pl\/oferta\/zaklejarki-do-kartonow\/zaklejarka-do-kartonow-mh-fj-1d\/\",\"name\":\"P\u00f3\u0142automatyczna zaklejarka MH-FJ-1D - Pack Smart - Systemy pakowania\",\"isPartOf\":{\"@id\":\"https:\/\/packsmart.com.pl\/#website\"},\"primaryImageOfPage\":{\"@id\":\"https:\/\/packsmart.com.pl\/oferta\/zaklejarki-do-kartonow\/zaklejarka-do-kartonow-mh-fj-1d\/#primaryimage\"},\"image\":{\"@id\":\"https:\/\/packsmart.com.pl\/oferta\/zaklejarki-do-kartonow\/zaklejarka-do-kartonow-mh-fj-1d\/#primaryimage\"},\"thumbnailUrl\":\"https:\/\/packsmart.com.pl\/wp-content\/uploads\/2021\/04\/5-fj-1d.jpg\",\"datePublished\":\"2021-01-19T20:53:00+00:00\",\"dateModified\":\"2025-12-17T11:12:10+00:00\",\"description\":\"Zaklejarka do karton\u00f3w\",\"breadcrumb\":{\"@id\":\"https:\/\/packsmart.com.pl\/oferta\/zaklejarki-do-kartonow\/zaklejarka-do-kartonow-mh-fj-1d\/#breadcrumb\"},\"inLanguage\":\"de\",\"potentialAction\":[{\"@type\":\"ReadAction\",\"target\":[\"https:\/\/packsmart.com.pl\/oferta\/zaklejarki-do-kartonow\/zaklejarka-do-kartonow-mh-fj-1d\/\"]}]},{\"@type\":\"ImageObject\",\"inLanguage\":\"de\",\"@id\":\"https:\/\/packsmart.com.pl\/oferta\/zaklejarki-do-kartonow\/zaklejarka-do-kartonow-mh-fj-1d\/#primaryimage\",\"url\":\"https:\/\/packsmart.com.pl\/wp-content\/uploads\/2021\/04\/5-fj-1d.jpg\",\"contentUrl\":\"https:\/\/packsmart.com.pl\/wp-content\/uploads\/2021\/04\/5-fj-1d.jpg\",\"width\":300,\"height\":300},{\"@type\":\"BreadcrumbList\",\"@id\":\"https:\/\/packsmart.com.pl\/oferta\/zaklejarki-do-kartonow\/zaklejarka-do-kartonow-mh-fj-1d\/#breadcrumb\",\"itemListElement\":[{\"@type\":\"ListItem\",\"position\":1,\"name\":\"Strona g\u0142\u00f3wna\",\"item\":\"https:\/\/packsmart.com.pl\/\"},{\"@type\":\"ListItem\",\"position\":2,\"name\":\"Produkty\",\"item\":\"https:\/\/packsmart.com.pl\/sklep\/\"},{\"@type\":\"ListItem\",\"position\":3,\"name\":\"Zaklejarki do karton\u00f3w\",\"item\":\"https:\/\/packsmart.com.pl\/product-category\/zaklejarki-do-kartonow\/\"},{\"@type\":\"ListItem\",\"position\":4,\"name\":\"P\u00f3\u0142automatyczna zaklejarka MH-FJ-1D\"}]},{\"@type\":\"WebSite\",\"@id\":\"https:\/\/packsmart.com.pl\/#website\",\"url\":\"https:\/\/packsmart.com.pl\/\",\"name\":\"Pack Smart - Systemy pakowania\",\"description\":\"\",\"publisher\":{\"@id\":\"https:\/\/packsmart.com.pl\/#organization\"},\"potentialAction\":[{\"@type\":\"SearchAction\",\"target\":{\"@type\":\"EntryPoint\",\"urlTemplate\":\"https:\/\/packsmart.com.pl\/?s={search_term_string}\"},\"query-input\":{\"@type\":\"PropertyValueSpecification\",\"valueRequired\":true,\"valueName\":\"search_term_string\"}}],\"inLanguage\":\"de\"},{\"@type\":\"Organization\",\"@id\":\"https:\/\/packsmart.com.pl\/#organization\",\"name\":\"Pack Smart\",\"url\":\"https:\/\/packsmart.com.pl\/\",\"logo\":{\"@type\":\"ImageObject\",\"inLanguage\":\"de\",\"@id\":\"https:\/\/packsmart.com.pl\/#\/schema\/logo\/image\/\",\"url\":\"https:\/\/packsmart.com.pl\/wp-content\/uploads\/2020\/11\/cropped-logo.png\",\"contentUrl\":\"https:\/\/packsmart.com.pl\/wp-content\/uploads\/2020\/11\/cropped-logo.png\",\"width\":512,\"height\":512,\"caption\":\"Pack Smart\"},\"image\":{\"@id\":\"https:\/\/packsmart.com.pl\/#\/schema\/logo\/image\/\"},\"sameAs\":[\"https:\/\/www.facebook.com\/p\/Pack-Smart-100089770293385\/?locale=pl_PL\"]},false]}<\/script>\n<!-- \/ Yoast SEO plugin. -->","yoast_head_json":{"title":"P\u00f3\u0142automatyczna zaklejarka MH-FJ-1D - Pack Smart - Systemy pakowania","description":"Zaklejarka do karton\u00f3w","robots":{"index":"index","follow":"follow","max-snippet":"max-snippet:-1","max-image-preview":"max-image-preview:large","max-video-preview":"max-video-preview:-1"},"canonical":"https:\/\/packsmart.com.pl\/de\/oferta\/zaklejarki-do-kartonow\/zaklejarka-do-kartonow-mh-fj-1d\/","og_locale":"de_DE","og_type":"article","og_title":"P\u00f3\u0142automatyczna zaklejarka MH-FJ-1D - Pack Smart - Systemy pakowania","og_description":"Zaklejarka do karton\u00f3w","og_url":"https:\/\/packsmart.com.pl\/de\/oferta\/zaklejarki-do-kartonow\/zaklejarka-do-kartonow-mh-fj-1d\/","og_site_name":"Pack Smart - Systemy pakowania","article_publisher":"https:\/\/www.facebook.com\/p\/Pack-Smart-100089770293385\/?locale=pl_PL","article_modified_time":"2025-12-17T11:12:10+00:00","og_image":[{"width":300,"height":300,"url":"https:\/\/packsmart.com.pl\/wp-content\/uploads\/2021\/04\/5-fj-1d.jpg","type":"image\/jpeg"}],"twitter_card":"summary_large_image","twitter_misc":{"Gesch\u00e4tzte Lesezeit":"2\u00a0Minuten"},"schema":{"@context":"https:\/\/schema.org","@graph":[{"@type":"WebPage","@id":"https:\/\/packsmart.com.pl\/oferta\/zaklejarki-do-kartonow\/zaklejarka-do-kartonow-mh-fj-1d\/","url":"https:\/\/packsmart.com.pl\/oferta\/zaklejarki-do-kartonow\/zaklejarka-do-kartonow-mh-fj-1d\/","name":"P\u00f3\u0142automatyczna zaklejarka MH-FJ-1D - Pack Smart - Systemy pakowania","isPartOf":{"@id":"https:\/\/packsmart.com.pl\/#website"},"primaryImageOfPage":{"@id":"https:\/\/packsmart.com.pl\/oferta\/zaklejarki-do-kartonow\/zaklejarka-do-kartonow-mh-fj-1d\/#primaryimage"},"image":{"@id":"https:\/\/packsmart.com.pl\/oferta\/zaklejarki-do-kartonow\/zaklejarka-do-kartonow-mh-fj-1d\/#primaryimage"},"thumbnailUrl":"https:\/\/packsmart.com.pl\/wp-content\/uploads\/2021\/04\/5-fj-1d.jpg","datePublished":"2021-01-19T20:53:00+00:00","dateModified":"2025-12-17T11:12:10+00:00","description":"Zaklejarka do karton\u00f3w","breadcrumb":{"@id":"https:\/\/packsmart.com.pl\/oferta\/zaklejarki-do-kartonow\/zaklejarka-do-kartonow-mh-fj-1d\/#breadcrumb"},"inLanguage":"de","potentialAction":[{"@type":"ReadAction","target":["https:\/\/packsmart.com.pl\/oferta\/zaklejarki-do-kartonow\/zaklejarka-do-kartonow-mh-fj-1d\/"]}]},{"@type":"ImageObject","inLanguage":"de","@id":"https:\/\/packsmart.com.pl\/oferta\/zaklejarki-do-kartonow\/zaklejarka-do-kartonow-mh-fj-1d\/#primaryimage","url":"https:\/\/packsmart.com.pl\/wp-content\/uploads\/2021\/04\/5-fj-1d.jpg","contentUrl":"https:\/\/packsmart.com.pl\/wp-content\/uploads\/2021\/04\/5-fj-1d.jpg","width":300,"height":300},{"@type":"BreadcrumbList","@id":"https:\/\/packsmart.com.pl\/oferta\/zaklejarki-do-kartonow\/zaklejarka-do-kartonow-mh-fj-1d\/#breadcrumb","itemListElement":[{"@type":"ListItem","position":1,"name":"Strona g\u0142\u00f3wna","item":"https:\/\/packsmart.com.pl\/"},{"@type":"ListItem","position":2,"name":"Produkty","item":"https:\/\/packsmart.com.pl\/sklep\/"},{"@type":"ListItem","position":3,"name":"Zaklejarki do karton\u00f3w","item":"https:\/\/packsmart.com.pl\/product-category\/zaklejarki-do-kartonow\/"},{"@type":"ListItem","position":4,"name":"P\u00f3\u0142automatyczna zaklejarka MH-FJ-1D"}]},{"@type":"WebSite","@id":"https:\/\/packsmart.com.pl\/#website","url":"https:\/\/packsmart.com.pl\/","name":"Pack Smart - Verpackungssysteme","description":"","publisher":{"@id":"https:\/\/packsmart.com.pl\/#organization"},"potentialAction":[{"@type":"SearchAction","target":{"@type":"EntryPoint","urlTemplate":"https:\/\/packsmart.com.pl\/?s={search_term_string}"},"query-input":{"@type":"PropertyValueSpecification","valueRequired":true,"valueName":"search_term_string"}}],"inLanguage":"de"},{"@type":"Organization","@id":"https:\/\/packsmart.com.pl\/#organization","name":"Clever packen","url":"https:\/\/packsmart.com.pl\/","logo":{"@type":"ImageObject","inLanguage":"de","@id":"https:\/\/packsmart.com.pl\/#\/schema\/logo\/image\/","url":"https:\/\/packsmart.com.pl\/wp-content\/uploads\/2020\/11\/cropped-logo.png","contentUrl":"https:\/\/packsmart.com.pl\/wp-content\/uploads\/2020\/11\/cropped-logo.png","width":512,"height":512,"caption":"Pack Smart"},"image":{"@id":"https:\/\/packsmart.com.pl\/#\/schema\/logo\/image\/"},"sameAs":["https:\/\/www.facebook.com\/p\/Pack-Smart-100089770293385\/?locale=pl_PL"]},false]}},"_links":{"self":[{"href":"https:\/\/packsmart.com.pl\/de\/wp-json\/wp\/v2\/product\/387","targetHints":{"allow":["GET"]}}],"collection":[{"href":"https:\/\/packsmart.com.pl\/de\/wp-json\/wp\/v2\/product"}],"about":[{"href":"https:\/\/packsmart.com.pl\/de\/wp-json\/wp\/v2\/types\/product"}],"replies":[{"embeddable":true,"href":"https:\/\/packsmart.com.pl\/de\/wp-json\/wp\/v2\/comments?post=387"}],"wp:featuredmedia":[{"embeddable":true,"href":"https:\/\/packsmart.com.pl\/de\/wp-json\/wp\/v2\/media\/533"}],"wp:attachment":[{"href":"https:\/\/packsmart.com.pl\/de\/wp-json\/wp\/v2\/media?parent=387"}],"wp:term":[{"taxonomy":"product_cat","embeddable":true,"href":"https:\/\/packsmart.com.pl\/de\/wp-json\/wp\/v2\/product_cat?post=387"},{"taxonomy":"product_tag","embeddable":true,"href":"https:\/\/packsmart.com.pl\/de\/wp-json\/wp\/v2\/product_tag?post=387"}],"curies":[{"name":"wp","href":"https:\/\/api.w.org\/{rel}","templated":true}]}}