{"id":377,"date":"2021-01-09T18:56:13","date_gmt":"2021-01-09T17:56:13","guid":{"rendered":"http:\/\/packsmart.com.pl\/?post_type=product&#038;p=377"},"modified":"2025-12-17T12:01:56","modified_gmt":"2025-12-17T11:01:56","slug":"zaklejarka-do-kartonow-mh-fj-1a","status":"publish","type":"product","link":"https:\/\/packsmart.com.pl\/de\/oferta\/zaklejarki-do-kartonow\/zaklejarka-do-kartonow-mh-fj-1a\/","title":{"rendered":"Halbautomatisches Siegelger\u00e4t MH-FJ-1A"},"content":{"rendered":"<p>[et_pb_section fb_built=&#8221;1&#8243; _builder_version=&#8221;4.16&#8243; custom_padding=&#8221;0px||||false|false&#8221; global_colors_info=&#8221;{}&#8221;][et_pb_row _builder_version=&#8221;4.16&#8243; background_size=&#8221;initial&#8221; background_position=&#8221;top_left&#8221; background_repeat=&#8221;repeat&#8221; width=&#8221;100%&#8221; global_colors_info=&#8221;{}&#8221;][et_pb_column type=&#8221;4_4&#8243; _builder_version=&#8221;4.16&#8243; custom_padding=&#8221;|||&#8221; global_colors_info=&#8221;{}&#8221; custom_padding__hover=&#8221;|||&#8221;][et_pb_wc_tabs _builder_version=&#8221;4.16&#8243; global_colors_info=&#8221;{}&#8221;]\t\t\t\t\t[\/et_pb_wc_tabs][et_pb_wc_upsells _builder_version=&#8221;4.16&#8243; global_colors_info=&#8221;{}&#8221;][\/et_pb_wc_upsells][et_pb_wc_related_products _builder_version=&#8221;4.16&#8243; global_colors_info=&#8221;{}&#8221;][\/et_pb_wc_related_products][\/et_pb_column][\/et_pb_row][\/et_pb_section]<\/p>","protected":false},"excerpt":{"rendered":"<p>Halbautomatische Siegelmaschine mit seitlichem und oberem Antrieb, empfohlen f\u00fcr schwere Kartons.<\/p>","protected":false},"featured_media":539,"comment_status":"open","ping_status":"closed","template":"","meta":{"_et_pb_use_builder":"on","_et_pb_old_content":"P\u00f3\u0142automatyczny maszyna z r\u0119czn\u0105 regulacj\u0105 przeznaczony do oklejania ci\u0119zkich pude\u0142ek, kt\u00f3ry uszczelnia ta\u015bma klej\u0105ca g\u00f3r\u0119 i d\u00f3\u0142 pude\u0142ek o sta\u0142ym rozmiarze typu ameryka\u0144skiego. Przesuwanie kartonu jest regulowane przez dwa boczne pasy sterowane za pomoc\u0105 dw\u00f3ch silnik\u00f3w i dw\u00f3ch pas\u00f3w g\u00f3rnych sterowanych silnikiem. Ten system zapewnia maksymaln\u0105 r\u00f3wnomierno\u015b\u0107 po\u015blizgu. Rezultatem jest idealne wyr\u00f3wnanie klapek i optymalne uszczelnienie, wykonywane przez wydajne g\u0142owice ta\u015bmuj\u0105ce. Maszyna mo\u017ce by\u0107 doposa\u017cona w rolki podaj\u0105ce i wyprowadzaj\u0105ce i ko\u0142a co daje uniwersalne stanowisko do pakowania.\r\n\r\n<img class=\"alignnone size-full wp-image-381 alignright\" src=\"http:\/\/packsmart.com.pl\/wp-content\/uploads\/2020\/12\/wymiary-kartonow.png\" alt=\"\" width=\"197\" height=\"162\" \/>\r\n\r\n<strong>Wymiary karton\u00f3w:<\/strong>\r\n\r\nB:120mm - 480mm\r\n\r\nH:120 mm - 480 mm\r\n\r\nL: od150 mm\r\n\r\n<strong>Specyfikaja techniczna<\/strong>\r\n\r\nWaga: 190 kg\r\n\r\nZasilanie: 230 V - 50\/60 Hz\r\n\r\nSzybko\u015b\u0107 transferu kartonu: 19 m \/ min\r\n\r\nMaksymalna waga kartonu: 30 kg\r\n\r\nWymiary maszyny: d\u0142. 1 980 \u00d7 szer. 710 x wys. 1360-1560 mm\r\n\r\nMaksymalny poziom ha\u0142asu: \u2264 75 db\r\n\r\nZatrzymanie awaryjne zgodnie z przepisami CE\r\n\r\nTa\u015bma klej\u0105ca: Kraft, Polipropylen, PVC\r\n\r\nStandardowa g\u0142owica do ta\u015bmowania do ta\u015bm o szeroko\u015bci : 50 mm\r\n\r\nWysoko\u015b\u0107 sto\u0142u roboczego: 600 - 800 mm","_et_gb_content_width":"","inline_featured_image":false,"yasr_overall_rating":4.9,"yasr_post_is_review":"","yasr_auto_insert_disabled":"","yasr_review_type":""},"product_cat":[22],"product_tag":[],"class_list":["post-377","product","type-product","status-publish","has-post-thumbnail","hentry","product_cat-zaklejarki-do-kartonow"],"yasr_visitor_votes":{"stars_attributes":{"read_only":false,"span_bottom":false},"number_of_votes":0,"sum_votes":0},"acf":[],"yoast_head":"<!-- This site is optimized with the Yoast SEO plugin v26.1.1 - https:\/\/yoast.com\/wordpress\/plugins\/seo\/ -->\n<title>P\u00f3\u0142automatyczna zaklejarka MH-FJ-1A - Pack Smart - Systemy pakowania<\/title>\n<meta name=\"description\" content=\"Zaklejarka do karton\u00f3w\" \/>\n<meta name=\"robots\" content=\"index, follow, max-snippet:-1, max-image-preview:large, max-video-preview:-1\" \/>\n<link rel=\"canonical\" href=\"https:\/\/packsmart.com.pl\/de\/oferta\/zaklejarki-do-kartonow\/zaklejarka-do-kartonow-mh-fj-1a\/\" \/>\n<meta property=\"og:locale\" content=\"de_DE\" \/>\n<meta property=\"og:type\" content=\"article\" \/>\n<meta property=\"og:title\" content=\"P\u00f3\u0142automatyczna zaklejarka MH-FJ-1A - Pack Smart - Systemy pakowania\" \/>\n<meta property=\"og:description\" content=\"Zaklejarka do karton\u00f3w\" \/>\n<meta property=\"og:url\" content=\"https:\/\/packsmart.com.pl\/de\/oferta\/zaklejarki-do-kartonow\/zaklejarka-do-kartonow-mh-fj-1a\/\" \/>\n<meta property=\"og:site_name\" content=\"Pack Smart - Systemy pakowania\" \/>\n<meta property=\"article:publisher\" content=\"https:\/\/www.facebook.com\/p\/Pack-Smart-100089770293385\/?locale=pl_PL\" \/>\n<meta property=\"article:modified_time\" content=\"2025-12-17T11:01:56+00:00\" \/>\n<meta property=\"og:image\" content=\"https:\/\/packsmart.com.pl\/wp-content\/uploads\/2021\/04\/Untitled-design-45.jpg\" \/>\n\t<meta property=\"og:image:width\" content=\"300\" \/>\n\t<meta property=\"og:image:height\" content=\"300\" \/>\n\t<meta property=\"og:image:type\" content=\"image\/jpeg\" \/>\n<meta name=\"twitter:card\" content=\"summary_large_image\" \/>\n<meta name=\"twitter:label1\" content=\"Gesch\u00e4tzte Lesezeit\" \/>\n\t<meta name=\"twitter:data1\" content=\"2\u00a0Minuten\" \/>\n<script type=\"application\/ld+json\" class=\"yoast-schema-graph\">{\"@context\":\"https:\/\/schema.org\",\"@graph\":[{\"@type\":\"WebPage\",\"@id\":\"https:\/\/packsmart.com.pl\/oferta\/zaklejarki-do-kartonow\/zaklejarka-do-kartonow-mh-fj-1a\/\",\"url\":\"https:\/\/packsmart.com.pl\/oferta\/zaklejarki-do-kartonow\/zaklejarka-do-kartonow-mh-fj-1a\/\",\"name\":\"P\u00f3\u0142automatyczna zaklejarka MH-FJ-1A - Pack Smart - Systemy pakowania\",\"isPartOf\":{\"@id\":\"https:\/\/packsmart.com.pl\/#website\"},\"primaryImageOfPage\":{\"@id\":\"https:\/\/packsmart.com.pl\/oferta\/zaklejarki-do-kartonow\/zaklejarka-do-kartonow-mh-fj-1a\/#primaryimage\"},\"image\":{\"@id\":\"https:\/\/packsmart.com.pl\/oferta\/zaklejarki-do-kartonow\/zaklejarka-do-kartonow-mh-fj-1a\/#primaryimage\"},\"thumbnailUrl\":\"https:\/\/packsmart.com.pl\/wp-content\/uploads\/2021\/04\/Untitled-design-45.jpg\",\"datePublished\":\"2021-01-09T17:56:13+00:00\",\"dateModified\":\"2025-12-17T11:01:56+00:00\",\"description\":\"Zaklejarka do karton\u00f3w\",\"breadcrumb\":{\"@id\":\"https:\/\/packsmart.com.pl\/oferta\/zaklejarki-do-kartonow\/zaklejarka-do-kartonow-mh-fj-1a\/#breadcrumb\"},\"inLanguage\":\"de\",\"potentialAction\":[{\"@type\":\"ReadAction\",\"target\":[\"https:\/\/packsmart.com.pl\/oferta\/zaklejarki-do-kartonow\/zaklejarka-do-kartonow-mh-fj-1a\/\"]}]},{\"@type\":\"ImageObject\",\"inLanguage\":\"de\",\"@id\":\"https:\/\/packsmart.com.pl\/oferta\/zaklejarki-do-kartonow\/zaklejarka-do-kartonow-mh-fj-1a\/#primaryimage\",\"url\":\"https:\/\/packsmart.com.pl\/wp-content\/uploads\/2021\/04\/Untitled-design-45.jpg\",\"contentUrl\":\"https:\/\/packsmart.com.pl\/wp-content\/uploads\/2021\/04\/Untitled-design-45.jpg\",\"width\":300,\"height\":300,\"caption\":\"P\u00f3\u0142automatyczna zaklejarka\"},{\"@type\":\"BreadcrumbList\",\"@id\":\"https:\/\/packsmart.com.pl\/oferta\/zaklejarki-do-kartonow\/zaklejarka-do-kartonow-mh-fj-1a\/#breadcrumb\",\"itemListElement\":[{\"@type\":\"ListItem\",\"position\":1,\"name\":\"Strona g\u0142\u00f3wna\",\"item\":\"https:\/\/packsmart.com.pl\/\"},{\"@type\":\"ListItem\",\"position\":2,\"name\":\"Produkty\",\"item\":\"https:\/\/packsmart.com.pl\/sklep\/\"},{\"@type\":\"ListItem\",\"position\":3,\"name\":\"Zaklejarki do karton\u00f3w\",\"item\":\"https:\/\/packsmart.com.pl\/product-category\/zaklejarki-do-kartonow\/\"},{\"@type\":\"ListItem\",\"position\":4,\"name\":\"P\u00f3\u0142automatyczna zaklejarka MH-FJ-1A\"}]},{\"@type\":\"WebSite\",\"@id\":\"https:\/\/packsmart.com.pl\/#website\",\"url\":\"https:\/\/packsmart.com.pl\/\",\"name\":\"Pack Smart - Systemy pakowania\",\"description\":\"\",\"publisher\":{\"@id\":\"https:\/\/packsmart.com.pl\/#organization\"},\"potentialAction\":[{\"@type\":\"SearchAction\",\"target\":{\"@type\":\"EntryPoint\",\"urlTemplate\":\"https:\/\/packsmart.com.pl\/?s={search_term_string}\"},\"query-input\":{\"@type\":\"PropertyValueSpecification\",\"valueRequired\":true,\"valueName\":\"search_term_string\"}}],\"inLanguage\":\"de\"},{\"@type\":\"Organization\",\"@id\":\"https:\/\/packsmart.com.pl\/#organization\",\"name\":\"Pack Smart\",\"url\":\"https:\/\/packsmart.com.pl\/\",\"logo\":{\"@type\":\"ImageObject\",\"inLanguage\":\"de\",\"@id\":\"https:\/\/packsmart.com.pl\/#\/schema\/logo\/image\/\",\"url\":\"https:\/\/packsmart.com.pl\/wp-content\/uploads\/2020\/11\/cropped-logo.png\",\"contentUrl\":\"https:\/\/packsmart.com.pl\/wp-content\/uploads\/2020\/11\/cropped-logo.png\",\"width\":512,\"height\":512,\"caption\":\"Pack Smart\"},\"image\":{\"@id\":\"https:\/\/packsmart.com.pl\/#\/schema\/logo\/image\/\"},\"sameAs\":[\"https:\/\/www.facebook.com\/p\/Pack-Smart-100089770293385\/?locale=pl_PL\"]},false]}<\/script>\n<!-- \/ Yoast SEO plugin. -->","yoast_head_json":{"title":"P\u00f3\u0142automatyczna zaklejarka MH-FJ-1A - Pack Smart - Systemy pakowania","description":"Zaklejarka do karton\u00f3w","robots":{"index":"index","follow":"follow","max-snippet":"max-snippet:-1","max-image-preview":"max-image-preview:large","max-video-preview":"max-video-preview:-1"},"canonical":"https:\/\/packsmart.com.pl\/de\/oferta\/zaklejarki-do-kartonow\/zaklejarka-do-kartonow-mh-fj-1a\/","og_locale":"de_DE","og_type":"article","og_title":"P\u00f3\u0142automatyczna zaklejarka MH-FJ-1A - Pack Smart - Systemy pakowania","og_description":"Zaklejarka do karton\u00f3w","og_url":"https:\/\/packsmart.com.pl\/de\/oferta\/zaklejarki-do-kartonow\/zaklejarka-do-kartonow-mh-fj-1a\/","og_site_name":"Pack Smart - Systemy pakowania","article_publisher":"https:\/\/www.facebook.com\/p\/Pack-Smart-100089770293385\/?locale=pl_PL","article_modified_time":"2025-12-17T11:01:56+00:00","og_image":[{"width":300,"height":300,"url":"https:\/\/packsmart.com.pl\/wp-content\/uploads\/2021\/04\/Untitled-design-45.jpg","type":"image\/jpeg"}],"twitter_card":"summary_large_image","twitter_misc":{"Gesch\u00e4tzte Lesezeit":"2\u00a0Minuten"},"schema":{"@context":"https:\/\/schema.org","@graph":[{"@type":"WebPage","@id":"https:\/\/packsmart.com.pl\/oferta\/zaklejarki-do-kartonow\/zaklejarka-do-kartonow-mh-fj-1a\/","url":"https:\/\/packsmart.com.pl\/oferta\/zaklejarki-do-kartonow\/zaklejarka-do-kartonow-mh-fj-1a\/","name":"P\u00f3\u0142automatyczna zaklejarka MH-FJ-1A - Pack Smart - Systemy pakowania","isPartOf":{"@id":"https:\/\/packsmart.com.pl\/#website"},"primaryImageOfPage":{"@id":"https:\/\/packsmart.com.pl\/oferta\/zaklejarki-do-kartonow\/zaklejarka-do-kartonow-mh-fj-1a\/#primaryimage"},"image":{"@id":"https:\/\/packsmart.com.pl\/oferta\/zaklejarki-do-kartonow\/zaklejarka-do-kartonow-mh-fj-1a\/#primaryimage"},"thumbnailUrl":"https:\/\/packsmart.com.pl\/wp-content\/uploads\/2021\/04\/Untitled-design-45.jpg","datePublished":"2021-01-09T17:56:13+00:00","dateModified":"2025-12-17T11:01:56+00:00","description":"Zaklejarka do karton\u00f3w","breadcrumb":{"@id":"https:\/\/packsmart.com.pl\/oferta\/zaklejarki-do-kartonow\/zaklejarka-do-kartonow-mh-fj-1a\/#breadcrumb"},"inLanguage":"de","potentialAction":[{"@type":"ReadAction","target":["https:\/\/packsmart.com.pl\/oferta\/zaklejarki-do-kartonow\/zaklejarka-do-kartonow-mh-fj-1a\/"]}]},{"@type":"ImageObject","inLanguage":"de","@id":"https:\/\/packsmart.com.pl\/oferta\/zaklejarki-do-kartonow\/zaklejarka-do-kartonow-mh-fj-1a\/#primaryimage","url":"https:\/\/packsmart.com.pl\/wp-content\/uploads\/2021\/04\/Untitled-design-45.jpg","contentUrl":"https:\/\/packsmart.com.pl\/wp-content\/uploads\/2021\/04\/Untitled-design-45.jpg","width":300,"height":300,"caption":"P\u00f3\u0142automatyczna zaklejarka"},{"@type":"BreadcrumbList","@id":"https:\/\/packsmart.com.pl\/oferta\/zaklejarki-do-kartonow\/zaklejarka-do-kartonow-mh-fj-1a\/#breadcrumb","itemListElement":[{"@type":"ListItem","position":1,"name":"Strona g\u0142\u00f3wna","item":"https:\/\/packsmart.com.pl\/"},{"@type":"ListItem","position":2,"name":"Produkty","item":"https:\/\/packsmart.com.pl\/sklep\/"},{"@type":"ListItem","position":3,"name":"Zaklejarki do karton\u00f3w","item":"https:\/\/packsmart.com.pl\/product-category\/zaklejarki-do-kartonow\/"},{"@type":"ListItem","position":4,"name":"P\u00f3\u0142automatyczna zaklejarka MH-FJ-1A"}]},{"@type":"WebSite","@id":"https:\/\/packsmart.com.pl\/#website","url":"https:\/\/packsmart.com.pl\/","name":"Pack Smart - Verpackungssysteme","description":"","publisher":{"@id":"https:\/\/packsmart.com.pl\/#organization"},"potentialAction":[{"@type":"SearchAction","target":{"@type":"EntryPoint","urlTemplate":"https:\/\/packsmart.com.pl\/?s={search_term_string}"},"query-input":{"@type":"PropertyValueSpecification","valueRequired":true,"valueName":"search_term_string"}}],"inLanguage":"de"},{"@type":"Organization","@id":"https:\/\/packsmart.com.pl\/#organization","name":"Clever packen","url":"https:\/\/packsmart.com.pl\/","logo":{"@type":"ImageObject","inLanguage":"de","@id":"https:\/\/packsmart.com.pl\/#\/schema\/logo\/image\/","url":"https:\/\/packsmart.com.pl\/wp-content\/uploads\/2020\/11\/cropped-logo.png","contentUrl":"https:\/\/packsmart.com.pl\/wp-content\/uploads\/2020\/11\/cropped-logo.png","width":512,"height":512,"caption":"Pack Smart"},"image":{"@id":"https:\/\/packsmart.com.pl\/#\/schema\/logo\/image\/"},"sameAs":["https:\/\/www.facebook.com\/p\/Pack-Smart-100089770293385\/?locale=pl_PL"]},false]}},"_links":{"self":[{"href":"https:\/\/packsmart.com.pl\/de\/wp-json\/wp\/v2\/product\/377","targetHints":{"allow":["GET"]}}],"collection":[{"href":"https:\/\/packsmart.com.pl\/de\/wp-json\/wp\/v2\/product"}],"about":[{"href":"https:\/\/packsmart.com.pl\/de\/wp-json\/wp\/v2\/types\/product"}],"replies":[{"embeddable":true,"href":"https:\/\/packsmart.com.pl\/de\/wp-json\/wp\/v2\/comments?post=377"}],"wp:featuredmedia":[{"embeddable":true,"href":"https:\/\/packsmart.com.pl\/de\/wp-json\/wp\/v2\/media\/539"}],"wp:attachment":[{"href":"https:\/\/packsmart.com.pl\/de\/wp-json\/wp\/v2\/media?parent=377"}],"wp:term":[{"taxonomy":"product_cat","embeddable":true,"href":"https:\/\/packsmart.com.pl\/de\/wp-json\/wp\/v2\/product_cat?post=377"},{"taxonomy":"product_tag","embeddable":true,"href":"https:\/\/packsmart.com.pl\/de\/wp-json\/wp\/v2\/product_tag?post=377"}],"curies":[{"name":"wp","href":"https:\/\/api.w.org\/{rel}","templated":true}]}}