{"id":1251,"date":"2026-01-18T14:12:37","date_gmt":"2026-01-18T13:12:37","guid":{"rendered":"https:\/\/packsmart.com.pl\/?post_type=product&#038;p=1251"},"modified":"2026-01-18T14:26:00","modified_gmt":"2026-01-18T13:26:00","slug":"chwytak-podcisnieniowy-packsmart-khvg-600-210","status":"publish","type":"product","link":"https:\/\/packsmart.com.pl\/de\/oferta\/stacje-do-paletyzacji-i-roboty\/chwytak-podcisnieniowy-packsmart-khvg-600-210\/","title":{"rendered":"PackSmart KHVG.600.210 Staubsauger"},"content":{"rendered":"<p>[et_pb_section fb_built=&#8221;1&#8243; _builder_version=&#8221;4.22.0&#8243; _module_preset=&#8221;default&#8221; global_colors_info=&#8221;{}&#8221;][et_pb_row _builder_version=&#8221;4.22.0&#8243; _module_preset=&#8221;default&#8221; width=&#8221;100%&#8221; global_colors_info=&#8221;{}&#8221;][et_pb_column type=&#8221;4_4&#8243; _builder_version=&#8221;4.16&#8243; _module_preset=&#8221;default&#8221; global_colors_info=&#8221;{}&#8221;][\/et_pb_column][\/et_pb_row][\/et_pb_section][et_pb_section fb_built=&#8221;1&#8243; _builder_version=&#8221;4.22.0&#8243; _module_preset=&#8221;default&#8221; global_colors_info=&#8221;{}&#8221;][et_pb_row _builder_version=&#8221;4.16&#8243; _module_preset=&#8221;default&#8221; width=&#8221;100%&#8221; global_colors_info=&#8221;{}&#8221;][et_pb_column type=&#8221;4_4&#8243; _builder_version=&#8221;4.16&#8243; _module_preset=&#8221;default&#8221; global_colors_info=&#8221;{}&#8221;][et_pb_text _builder_version=&#8221;4.22.0&#8243; _module_preset=&#8221;default&#8221; global_colors_info=&#8221;{}&#8221;]<\/p>\n<h2><strong>Wichtigste technische Parameter<\/strong><\/h2>\n<h2>\u00a0<\/h2>\n<p>[\/et_pb_text][\/et_pb_column][\/et_pb_row][et_pb_row column_structure=&#8221;1_2,1_2&#8243; _builder_version=&#8221;4.16&#8243; _module_preset=&#8221;default&#8221; width=&#8221;100%&#8221; global_colors_info=&#8221;{}&#8221;][et_pb_column type=&#8221;1_2&#8243; _builder_version=&#8221;4.16&#8243; _module_preset=&#8221;default&#8221; global_colors_info=&#8221;{}&#8221;][et_pb_blurb title=&#8221;Wymiary powierzchni chwytnej: 600 x 210  mm2&#8243; use_icon=&#8221;on&#8221; font_icon=&#8221;&#x52;||divi||400&#8243; icon_color=&#8221;#7cda24&#8243; icon_placement=&#8221;left&#8221; _builder_version=&#8221;4.22.0&#8243; _module_preset=&#8221;default&#8221; header_font_size=&#8221;18px&#8221; global_colors_info=&#8221;{}&#8221;][\/et_pb_blurb][et_pb_blurb title=&#8221;Maksymalna no\u015bno\u015b\u0107 teoretyczna: Przy standardowej pr\u00f3\u017cni 0,6  bar, chwytak generuje si\u0142\u0119 ud\u017awigu na poziomie ok. 750 kg.&#8221; use_icon=&#8221;on&#8221; font_icon=&#8221;&#x52;||divi||400&#8243; icon_color=&#8221;#7cda24&#8243; icon_placement=&#8221;left&#8221; _builder_version=&#8221;4.22.0&#8243; _module_preset=&#8221;default&#8221; header_font_size=&#8221;18px&#8221; global_colors_info=&#8221;{}&#8221;][\/et_pb_blurb][\/et_pb_column][et_pb_column type=&#8221;1_2&#8243; _builder_version=&#8221;4.16&#8243; _module_preset=&#8221;default&#8221; global_colors_info=&#8221;{}&#8221;][et_pb_blurb title=&#8221;Ca\u0142kowita powierzchnia ssania: 1260 cm2&#8243; use_icon=&#8221;on&#8221; font_icon=&#8221;&#x52;||divi||400&#8243; icon_color=&#8221;#7cda24&#8243; icon_placement=&#8221;left&#8221; _builder_version=&#8221;4.22.0&#8243; _module_preset=&#8221;default&#8221; header_font_size=&#8221;18px&#8221; global_colors_info=&#8221;{}&#8221;][\/et_pb_blurb][et_pb_blurb title=&#8221;No\u015bno\u015b\u0107 robocza (bezpieczna)&#8221; use_icon=&#8221;on&#8221; font_icon=&#8221;&#x52;||divi||400&#8243; icon_color=&#8221;#7cda24&#8243; icon_placement=&#8221;left&#8221; _builder_version=&#8221;4.22.0&#8243; _module_preset=&#8221;default&#8221; header_font_size=&#8221;18px&#8221; global_colors_info=&#8221;{}&#8221;]<\/p>\n<ul>\n<li><strong>Bis zu 370 kg<\/strong>\u00a0f\u00fcr horizontalen Transport (Sicherheitsfaktor 2:1)<\/li>\n<li><strong>Bis zu 185 kg<\/strong>\u00a0mit dynamischen Roboterbewegungen und vertikalen Arbeiten (Sicherheitsfaktor 4:1)<\/li>\n<\/ul>\n<p>[\/et_pb_blurb][\/et_pb_column][\/et_pb_row][\/et_pb_section][et_pb_section fb_built=&#8221;1&#8243; _builder_version=&#8221;4.22.0&#8243; _module_preset=&#8221;default&#8221; global_colors_info=&#8221;{}&#8221;][et_pb_row _builder_version=&#8221;4.16&#8243; _module_preset=&#8221;default&#8221; width=&#8221;100%&#8221; global_colors_info=&#8221;{}&#8221;][et_pb_column type=&#8221;4_4&#8243; _builder_version=&#8221;4.16&#8243; _module_preset=&#8221;default&#8221; global_colors_info=&#8221;{}&#8221;][et_pb_text _builder_version=&#8221;4.22.0&#8243; _module_preset=&#8221;default&#8221; global_colors_info=&#8221;{}&#8221;]<\/p>\n<h2><strong>Wichtigste Produktmerkmale<\/strong><\/h2>\n<p>[\/et_pb_text][\/et_pb_column][\/et_pb_row][et_pb_row column_structure=&#8221;1_2,1_2&#8243; _builder_version=&#8221;4.16&#8243; _module_preset=&#8221;default&#8221; width=&#8221;100%&#8221; global_colors_info=&#8221;{}&#8221;][et_pb_column type=&#8221;1_2&#8243; _builder_version=&#8221;4.16&#8243; _module_preset=&#8221;default&#8221; global_colors_info=&#8221;{}&#8221;][et_pb_blurb title=&#8221;Wzmocniona konstrukcja Heavy Duty: Korpus wykonany z grubo\u015bciennego aluminium anodowanego w kolorze niebieskim (Blue Edition), co zapewnia ekstremaln\u0105 sztywno\u015b\u0107 i odporno\u015b\u0107 na odkszta\u0142cenia przy maksymalnym obci\u0105\u017ceniu.&#8221; use_icon=&#8221;on&#8221; font_icon=&#8221;&#x52;||divi||400&#8243; icon_color=&#8221;#7cda24&#8243; icon_placement=&#8221;left&#8221; _builder_version=&#8221;4.22.0&#8243; _module_preset=&#8221;default&#8221; header_font_size=&#8221;18px&#8221; global_colors_info=&#8221;{}&#8221;][\/et_pb_blurb][et_pb_blurb title=&#8221;System PackSmart Control: Technologia zapewniaj\u0105ca stabilne trzymanie detalu nawet w przypadku wyst\u0105pienia niewielkich nieszczelno\u015bci na powierzchni materia\u0142u&#8221; use_icon=&#8221;on&#8221; font_icon=&#8221;&#x52;||divi||400&#8243; icon_color=&#8221;#7cda24&#8243; icon_placement=&#8221;left&#8221; _builder_version=&#8221;4.22.0&#8243; _module_preset=&#8221;default&#8221; header_font_size=&#8221;18px&#8221; global_colors_info=&#8221;{}&#8221;][\/et_pb_blurb][\/et_pb_column][et_pb_column type=&#8221;1_2&#8243; _builder_version=&#8221;4.16&#8243; _module_preset=&#8221;default&#8221; global_colors_info=&#8221;{}&#8221;][et_pb_blurb title=&#8221;Zintegrowane mocowanie do robota: Chwytak wyposa\u017cony jest w g\u00f3rny element mocuj\u0105cy o standardowym rozstawie otwor\u00f3w, umo\u017cliwiaj\u0105cy bezpo\u015bredni i sztywny monta\u017c na flanszy g\u0142owicy robota (ISO 9409-1)&#8221; use_icon=&#8221;on&#8221; font_icon=&#8221;&#x52;||divi||400&#8243; icon_color=&#8221;#7cda24&#8243; icon_placement=&#8221;left&#8221; _builder_version=&#8221;4.22.0&#8243; _module_preset=&#8221;default&#8221; header_font_size=&#8221;18px&#8221; global_colors_info=&#8221;{}&#8221;][\/et_pb_blurb][et_pb_blurb title=&#8221;Estetyczny wygl\u0105d i najwy\u017csz\u0105 jako\u015b\u0107 wykonania i zgodno\u015b\u0107 z normami bezpiecze\u0144stwa&#8221; use_icon=&#8221;on&#8221; font_icon=&#8221;&#x52;||divi||400&#8243; icon_color=&#8221;#7cda24&#8243; icon_placement=&#8221;left&#8221; _builder_version=&#8221;4.22.0&#8243; _module_preset=&#8221;default&#8221; header_font_size=&#8221;18px&#8221; global_colors_info=&#8221;{}&#8221;][\/et_pb_blurb][\/et_pb_column][\/et_pb_row][\/et_pb_section][et_pb_section fb_built=&#8221;1&#8243; _builder_version=&#8221;4.16&#8243; _module_preset=&#8221;default&#8221; global_colors_info=&#8221;{}&#8221;][et_pb_row _builder_version=&#8221;4.16&#8243; _module_preset=&#8221;default&#8221; width=&#8221;100%&#8221; global_colors_info=&#8221;{}&#8221;][et_pb_column type=&#8221;4_4&#8243; _builder_version=&#8221;4.16&#8243; _module_preset=&#8221;default&#8221; global_colors_info=&#8221;{}&#8221;][et_pb_text _builder_version=&#8221;4.22.0&#8243; _module_preset=&#8221;default&#8221; global_colors_info=&#8221;{}&#8221;]<\/p>\n<h2><strong>Typische Anwendungen<\/strong><\/h2>\n<p>[\/et_pb_text][\/et_pb_column][\/et_pb_row][et_pb_row column_structure=&#8221;1_2,1_2&#8243; _builder_version=&#8221;4.16&#8243; _module_preset=&#8221;default&#8221; width=&#8221;100%&#8221; global_colors_info=&#8221;{}&#8221;][et_pb_column type=&#8221;1_2&#8243; _builder_version=&#8221;4.16&#8243; _module_preset=&#8221;default&#8221; global_colors_info=&#8221;{}&#8221;][et_pb_blurb title=&#8221;Paletyzacja i depaletyzacja ci\u0119\u017ckich warstw towaru&#8221; use_icon=&#8221;on&#8221; font_icon=&#8221;&#x52;||divi||400&#8243; icon_color=&#8221;#7cda24&#8243; icon_placement=&#8221;left&#8221; _builder_version=&#8221;4.22.0&#8243; _module_preset=&#8221;default&#8221; header_font_size=&#8221;18px&#8221; global_colors_info=&#8221;{}&#8221;][\/et_pb_blurb][et_pb_blurb title=&#8221;Przemys\u0142 drzewny \u2013 manipulacja p\u0142ytami MDF i blatami&#8221; use_icon=&#8221;on&#8221; font_icon=&#8221;&#x52;||divi||400&#8243; icon_color=&#8221;#7cda24&#8243; icon_placement=&#8221;left&#8221; _builder_version=&#8221;4.22.0&#8243; _module_preset=&#8221;default&#8221; header_font_size=&#8221;18px&#8221; global_colors_info=&#8221;{}&#8221;][\/et_pb_blurb][\/et_pb_column][et_pb_column type=&#8221;1_2&#8243; _builder_version=&#8221;4.16&#8243; _module_preset=&#8221;default&#8221; global_colors_info=&#8221;{}&#8221;][et_pb_blurb title=&#8221;Obs\u0142uga wycinarek laserowych i plazmowych (p\u0142yty stalowe)&#8221; use_icon=&#8221;on&#8221; font_icon=&#8221;&#x52;||divi||400&#8243; icon_color=&#8221;#7cda24&#8243; icon_placement=&#8221;left&#8221; _builder_version=&#8221;4.22.0&#8243; _module_preset=&#8221;default&#8221; header_font_size=&#8221;18px&#8221; global_colors_info=&#8221;{}&#8221;][\/et_pb_blurb][et_pb_blurb title=&#8221;Automatyzacja proces\u00f3w budowlanych i transport ci\u0119\u017ckich komponent\u00f3w maszynowych&#8221; use_icon=&#8221;on&#8221; font_icon=&#8221;&#x52;||divi||400&#8243; icon_color=&#8221;#7cda24&#8243; icon_placement=&#8221;left&#8221; _builder_version=&#8221;4.22.0&#8243; _module_preset=&#8221;default&#8221; header_font_size=&#8221;18px&#8221; global_colors_info=&#8221;{}&#8221;][\/et_pb_blurb][\/et_pb_column][\/et_pb_row][\/et_pb_section][et_pb_section fb_built=&#8221;1&#8243; _builder_version=&#8221;4.16&#8243; _module_preset=&#8221;default&#8221; global_colors_info=&#8221;{}&#8221;][et_pb_row _builder_version=&#8221;4.16&#8243; _module_preset=&#8221;default&#8221; width=&#8221;100%&#8221; global_colors_info=&#8221;{}&#8221;][et_pb_column type=&#8221;4_4&#8243; _builder_version=&#8221;4.16&#8243; _module_preset=&#8221;default&#8221; global_colors_info=&#8221;{}&#8221;][et_pb_text _builder_version=&#8221;4.22.0&#8243; _module_preset=&#8221;default&#8221; global_colors_info=&#8221;{}&#8221;]<\/p>\n<h2>Warum der KHVG.600?<\/h2>\n<h2>Diese L\u00f6sung ist f\u00fcr Unternehmen gedacht, die keine Kompromisse bei der Sicherheit eingehen. Eine gro\u00dfe Leistungsreserve erm\u00f6glicht einen sicheren Betrieb bei hohen Taktzahlen und minimiert das Risiko herabfallender Werkst\u00fccke.<\/h2>\n<p>[\/et_pb_text][\/et_pb_column][\/et_pb_row][\/et_pb_section]<\/p>","protected":false},"excerpt":{"rendered":"<p><strong>PackSmart KHVG.600.210<\/strong>\u00a0Dieses leistungsstarke Endbearbeitungswerkzeug (EOAT) ist f\u00fcr anspruchsvollste industrielle Prozesse konzipiert. Dank seiner robusten Bauweise und des fortschrittlichen Dichtungssystems eignet sich dieser Greifer ideal f\u00fcr die Handhabung schwerer, gro\u00dffl\u00e4chiger Bauteile wie Stahlplatten, Bleche, M\u00f6belplatten und Betonfertigteile.<\/p>","protected":false},"featured_media":1252,"comment_status":"open","ping_status":"closed","template":"","meta":{"_et_pb_use_builder":"on","_et_pb_old_content":"<strong>PackSmart KHVG.600.210<\/strong>\u00a0to pot\u0119\u017cne narz\u0119dzie ko\u0144cowe (EOAT) zaprojektowane do pracy w najbardziej wymagaj\u0105cych procesach przemys\u0142owych. Dzi\u0119ki swojej masywnej konstrukcji i zaawansowanemu systemowi uszczelnie\u0144, chwytak ten jest dedykowany do przenoszenia ci\u0119\u017ckich element\u00f3w o du\u017cej powierzchni, takich jak p\u0142yty stalowe, arkusze blach, p\u0142yty meblowe czy prefabrykaty betonowe","_et_gb_content_width":"","inline_featured_image":false,"yasr_overall_rating":0,"yasr_post_is_review":"","yasr_auto_insert_disabled":"","yasr_review_type":""},"product_cat":[25],"product_tag":[64,65,66],"class_list":["post-1251","product","type-product","status-publish","has-post-thumbnail","hentry","product_cat-stacje-do-paletyzacji-i-roboty","product_tag-zmiana-kierunku-palet","product_tag-przenosnik-do-skretu-palet","product_tag-przenosnik-do-palet"],"yasr_visitor_votes":{"stars_attributes":{"read_only":false,"span_bottom":false},"number_of_votes":0,"sum_votes":0},"acf":[],"yoast_head":"<!-- This site is optimized with the Yoast SEO plugin v26.1.1 - https:\/\/yoast.com\/wordpress\/plugins\/seo\/ -->\n<title>Chwytak Podci\u015bnieniowy PackSmart KHVG.600.210 - Pack Smart - Systemy pakowania<\/title>\n<meta name=\"robots\" content=\"index, follow, max-snippet:-1, max-image-preview:large, max-video-preview:-1\" \/>\n<link rel=\"canonical\" href=\"https:\/\/packsmart.com.pl\/de\/oferta\/stacje-do-paletyzacji-i-roboty\/chwytak-podcisnieniowy-packsmart-khvg-600-210\/\" \/>\n<meta property=\"og:locale\" content=\"de_DE\" \/>\n<meta property=\"og:type\" content=\"article\" \/>\n<meta property=\"og:title\" content=\"Chwytak Podci\u015bnieniowy PackSmart KHVG.600.210 - Pack Smart - Systemy pakowania\" \/>\n<meta property=\"og:description\" content=\"PackSmart KHVG.600.210\u00a0to pot\u0119\u017cne narz\u0119dzie ko\u0144cowe (EOAT) zaprojektowane do pracy w najbardziej wymagaj\u0105cych procesach przemys\u0142owych. Dzi\u0119ki swojej masywnej konstrukcji i zaawansowanemu systemowi uszczelnie\u0144, chwytak ten jest dedykowany do przenoszenia ci\u0119\u017ckich element\u00f3w o du\u017cej powierzchni, takich jak p\u0142yty stalowe, arkusze blach, p\u0142yty meblowe czy prefabrykaty betonowe\" \/>\n<meta property=\"og:url\" content=\"https:\/\/packsmart.com.pl\/de\/oferta\/stacje-do-paletyzacji-i-roboty\/chwytak-podcisnieniowy-packsmart-khvg-600-210\/\" \/>\n<meta property=\"og:site_name\" content=\"Pack Smart - Systemy pakowania\" \/>\n<meta property=\"article:publisher\" content=\"https:\/\/www.facebook.com\/p\/Pack-Smart-100089770293385\/?locale=pl_PL\" \/>\n<meta property=\"article:modified_time\" content=\"2026-01-18T13:26:00+00:00\" \/>\n<meta property=\"og:image\" content=\"https:\/\/packsmart.com.pl\/wp-content\/uploads\/2026\/01\/Chwytak_Mata_ssaca.png\" \/>\n\t<meta property=\"og:image:width\" content=\"1344\" \/>\n\t<meta property=\"og:image:height\" content=\"768\" \/>\n\t<meta property=\"og:image:type\" content=\"image\/png\" \/>\n<meta name=\"twitter:card\" content=\"summary_large_image\" \/>\n<meta name=\"twitter:label1\" content=\"Gesch\u00e4tzte Lesezeit\" \/>\n\t<meta name=\"twitter:data1\" content=\"2\u00a0Minuten\" \/>\n<script type=\"application\/ld+json\" class=\"yoast-schema-graph\">{\"@context\":\"https:\/\/schema.org\",\"@graph\":[{\"@type\":\"WebPage\",\"@id\":\"https:\/\/packsmart.com.pl\/oferta\/stacje-do-paletyzacji-i-roboty\/chwytak-podcisnieniowy-packsmart-khvg-600-210\/\",\"url\":\"https:\/\/packsmart.com.pl\/oferta\/stacje-do-paletyzacji-i-roboty\/chwytak-podcisnieniowy-packsmart-khvg-600-210\/\",\"name\":\"Chwytak Podci\u015bnieniowy PackSmart KHVG.600.210 - Pack Smart - Systemy pakowania\",\"isPartOf\":{\"@id\":\"https:\/\/packsmart.com.pl\/#website\"},\"primaryImageOfPage\":{\"@id\":\"https:\/\/packsmart.com.pl\/oferta\/stacje-do-paletyzacji-i-roboty\/chwytak-podcisnieniowy-packsmart-khvg-600-210\/#primaryimage\"},\"image\":{\"@id\":\"https:\/\/packsmart.com.pl\/oferta\/stacje-do-paletyzacji-i-roboty\/chwytak-podcisnieniowy-packsmart-khvg-600-210\/#primaryimage\"},\"thumbnailUrl\":\"https:\/\/packsmart.com.pl\/wp-content\/uploads\/2026\/01\/Chwytak_Mata_ssaca.png\",\"datePublished\":\"2026-01-18T13:12:37+00:00\",\"dateModified\":\"2026-01-18T13:26:00+00:00\",\"breadcrumb\":{\"@id\":\"https:\/\/packsmart.com.pl\/oferta\/stacje-do-paletyzacji-i-roboty\/chwytak-podcisnieniowy-packsmart-khvg-600-210\/#breadcrumb\"},\"inLanguage\":\"de\",\"potentialAction\":[{\"@type\":\"ReadAction\",\"target\":[\"https:\/\/packsmart.com.pl\/oferta\/stacje-do-paletyzacji-i-roboty\/chwytak-podcisnieniowy-packsmart-khvg-600-210\/\"]}]},{\"@type\":\"ImageObject\",\"inLanguage\":\"de\",\"@id\":\"https:\/\/packsmart.com.pl\/oferta\/stacje-do-paletyzacji-i-roboty\/chwytak-podcisnieniowy-packsmart-khvg-600-210\/#primaryimage\",\"url\":\"https:\/\/packsmart.com.pl\/wp-content\/uploads\/2026\/01\/Chwytak_Mata_ssaca.png\",\"contentUrl\":\"https:\/\/packsmart.com.pl\/wp-content\/uploads\/2026\/01\/Chwytak_Mata_ssaca.png\",\"width\":1344,\"height\":768,\"caption\":\"Mata ss\u0105ca\"},{\"@type\":\"BreadcrumbList\",\"@id\":\"https:\/\/packsmart.com.pl\/oferta\/stacje-do-paletyzacji-i-roboty\/chwytak-podcisnieniowy-packsmart-khvg-600-210\/#breadcrumb\",\"itemListElement\":[{\"@type\":\"ListItem\",\"position\":1,\"name\":\"Strona g\u0142\u00f3wna\",\"item\":\"https:\/\/packsmart.com.pl\/\"},{\"@type\":\"ListItem\",\"position\":2,\"name\":\"Produkty\",\"item\":\"https:\/\/packsmart.com.pl\/sklep\/\"},{\"@type\":\"ListItem\",\"position\":3,\"name\":\"Stacje do paletyzacji i roboty\",\"item\":\"https:\/\/packsmart.com.pl\/product-category\/stacje-do-paletyzacji-i-roboty\/\"},{\"@type\":\"ListItem\",\"position\":4,\"name\":\"Chwytak Podci\u015bnieniowy PackSmart KHVG.600.210\"}]},{\"@type\":\"WebSite\",\"@id\":\"https:\/\/packsmart.com.pl\/#website\",\"url\":\"https:\/\/packsmart.com.pl\/\",\"name\":\"Pack Smart - Systemy pakowania\",\"description\":\"\",\"publisher\":{\"@id\":\"https:\/\/packsmart.com.pl\/#organization\"},\"potentialAction\":[{\"@type\":\"SearchAction\",\"target\":{\"@type\":\"EntryPoint\",\"urlTemplate\":\"https:\/\/packsmart.com.pl\/?s={search_term_string}\"},\"query-input\":{\"@type\":\"PropertyValueSpecification\",\"valueRequired\":true,\"valueName\":\"search_term_string\"}}],\"inLanguage\":\"de\"},{\"@type\":\"Organization\",\"@id\":\"https:\/\/packsmart.com.pl\/#organization\",\"name\":\"Pack Smart\",\"url\":\"https:\/\/packsmart.com.pl\/\",\"logo\":{\"@type\":\"ImageObject\",\"inLanguage\":\"de\",\"@id\":\"https:\/\/packsmart.com.pl\/#\/schema\/logo\/image\/\",\"url\":\"https:\/\/packsmart.com.pl\/wp-content\/uploads\/2020\/11\/cropped-logo.png\",\"contentUrl\":\"https:\/\/packsmart.com.pl\/wp-content\/uploads\/2020\/11\/cropped-logo.png\",\"width\":512,\"height\":512,\"caption\":\"Pack Smart\"},\"image\":{\"@id\":\"https:\/\/packsmart.com.pl\/#\/schema\/logo\/image\/\"},\"sameAs\":[\"https:\/\/www.facebook.com\/p\/Pack-Smart-100089770293385\/?locale=pl_PL\"]},false]}<\/script>\n<!-- \/ Yoast SEO plugin. -->","yoast_head_json":{"title":"Chwytak Podci\u015bnieniowy PackSmart KHVG.600.210 - Pack Smart - Systemy pakowania","robots":{"index":"index","follow":"follow","max-snippet":"max-snippet:-1","max-image-preview":"max-image-preview:large","max-video-preview":"max-video-preview:-1"},"canonical":"https:\/\/packsmart.com.pl\/de\/oferta\/stacje-do-paletyzacji-i-roboty\/chwytak-podcisnieniowy-packsmart-khvg-600-210\/","og_locale":"de_DE","og_type":"article","og_title":"Chwytak Podci\u015bnieniowy PackSmart KHVG.600.210 - Pack Smart - Systemy pakowania","og_description":"PackSmart KHVG.600.210\u00a0to pot\u0119\u017cne narz\u0119dzie ko\u0144cowe (EOAT) zaprojektowane do pracy w najbardziej wymagaj\u0105cych procesach przemys\u0142owych. Dzi\u0119ki swojej masywnej konstrukcji i zaawansowanemu systemowi uszczelnie\u0144, chwytak ten jest dedykowany do przenoszenia ci\u0119\u017ckich element\u00f3w o du\u017cej powierzchni, takich jak p\u0142yty stalowe, arkusze blach, p\u0142yty meblowe czy prefabrykaty betonowe","og_url":"https:\/\/packsmart.com.pl\/de\/oferta\/stacje-do-paletyzacji-i-roboty\/chwytak-podcisnieniowy-packsmart-khvg-600-210\/","og_site_name":"Pack Smart - Systemy pakowania","article_publisher":"https:\/\/www.facebook.com\/p\/Pack-Smart-100089770293385\/?locale=pl_PL","article_modified_time":"2026-01-18T13:26:00+00:00","og_image":[{"width":1344,"height":768,"url":"https:\/\/packsmart.com.pl\/wp-content\/uploads\/2026\/01\/Chwytak_Mata_ssaca.png","type":"image\/png"}],"twitter_card":"summary_large_image","twitter_misc":{"Gesch\u00e4tzte Lesezeit":"2\u00a0Minuten"},"schema":{"@context":"https:\/\/schema.org","@graph":[{"@type":"WebPage","@id":"https:\/\/packsmart.com.pl\/oferta\/stacje-do-paletyzacji-i-roboty\/chwytak-podcisnieniowy-packsmart-khvg-600-210\/","url":"https:\/\/packsmart.com.pl\/oferta\/stacje-do-paletyzacji-i-roboty\/chwytak-podcisnieniowy-packsmart-khvg-600-210\/","name":"Chwytak Podci\u015bnieniowy PackSmart KHVG.600.210 - Pack Smart - Systemy pakowania","isPartOf":{"@id":"https:\/\/packsmart.com.pl\/#website"},"primaryImageOfPage":{"@id":"https:\/\/packsmart.com.pl\/oferta\/stacje-do-paletyzacji-i-roboty\/chwytak-podcisnieniowy-packsmart-khvg-600-210\/#primaryimage"},"image":{"@id":"https:\/\/packsmart.com.pl\/oferta\/stacje-do-paletyzacji-i-roboty\/chwytak-podcisnieniowy-packsmart-khvg-600-210\/#primaryimage"},"thumbnailUrl":"https:\/\/packsmart.com.pl\/wp-content\/uploads\/2026\/01\/Chwytak_Mata_ssaca.png","datePublished":"2026-01-18T13:12:37+00:00","dateModified":"2026-01-18T13:26:00+00:00","breadcrumb":{"@id":"https:\/\/packsmart.com.pl\/oferta\/stacje-do-paletyzacji-i-roboty\/chwytak-podcisnieniowy-packsmart-khvg-600-210\/#breadcrumb"},"inLanguage":"de","potentialAction":[{"@type":"ReadAction","target":["https:\/\/packsmart.com.pl\/oferta\/stacje-do-paletyzacji-i-roboty\/chwytak-podcisnieniowy-packsmart-khvg-600-210\/"]}]},{"@type":"ImageObject","inLanguage":"de","@id":"https:\/\/packsmart.com.pl\/oferta\/stacje-do-paletyzacji-i-roboty\/chwytak-podcisnieniowy-packsmart-khvg-600-210\/#primaryimage","url":"https:\/\/packsmart.com.pl\/wp-content\/uploads\/2026\/01\/Chwytak_Mata_ssaca.png","contentUrl":"https:\/\/packsmart.com.pl\/wp-content\/uploads\/2026\/01\/Chwytak_Mata_ssaca.png","width":1344,"height":768,"caption":"Mata ss\u0105ca"},{"@type":"BreadcrumbList","@id":"https:\/\/packsmart.com.pl\/oferta\/stacje-do-paletyzacji-i-roboty\/chwytak-podcisnieniowy-packsmart-khvg-600-210\/#breadcrumb","itemListElement":[{"@type":"ListItem","position":1,"name":"Strona g\u0142\u00f3wna","item":"https:\/\/packsmart.com.pl\/"},{"@type":"ListItem","position":2,"name":"Produkty","item":"https:\/\/packsmart.com.pl\/sklep\/"},{"@type":"ListItem","position":3,"name":"Stacje do paletyzacji i roboty","item":"https:\/\/packsmart.com.pl\/product-category\/stacje-do-paletyzacji-i-roboty\/"},{"@type":"ListItem","position":4,"name":"Chwytak Podci\u015bnieniowy PackSmart KHVG.600.210"}]},{"@type":"WebSite","@id":"https:\/\/packsmart.com.pl\/#website","url":"https:\/\/packsmart.com.pl\/","name":"Pack Smart - Verpackungssysteme","description":"","publisher":{"@id":"https:\/\/packsmart.com.pl\/#organization"},"potentialAction":[{"@type":"SearchAction","target":{"@type":"EntryPoint","urlTemplate":"https:\/\/packsmart.com.pl\/?s={search_term_string}"},"query-input":{"@type":"PropertyValueSpecification","valueRequired":true,"valueName":"search_term_string"}}],"inLanguage":"de"},{"@type":"Organization","@id":"https:\/\/packsmart.com.pl\/#organization","name":"Clever packen","url":"https:\/\/packsmart.com.pl\/","logo":{"@type":"ImageObject","inLanguage":"de","@id":"https:\/\/packsmart.com.pl\/#\/schema\/logo\/image\/","url":"https:\/\/packsmart.com.pl\/wp-content\/uploads\/2020\/11\/cropped-logo.png","contentUrl":"https:\/\/packsmart.com.pl\/wp-content\/uploads\/2020\/11\/cropped-logo.png","width":512,"height":512,"caption":"Pack Smart"},"image":{"@id":"https:\/\/packsmart.com.pl\/#\/schema\/logo\/image\/"},"sameAs":["https:\/\/www.facebook.com\/p\/Pack-Smart-100089770293385\/?locale=pl_PL"]},false]}},"_links":{"self":[{"href":"https:\/\/packsmart.com.pl\/de\/wp-json\/wp\/v2\/product\/1251","targetHints":{"allow":["GET"]}}],"collection":[{"href":"https:\/\/packsmart.com.pl\/de\/wp-json\/wp\/v2\/product"}],"about":[{"href":"https:\/\/packsmart.com.pl\/de\/wp-json\/wp\/v2\/types\/product"}],"replies":[{"embeddable":true,"href":"https:\/\/packsmart.com.pl\/de\/wp-json\/wp\/v2\/comments?post=1251"}],"wp:featuredmedia":[{"embeddable":true,"href":"https:\/\/packsmart.com.pl\/de\/wp-json\/wp\/v2\/media\/1252"}],"wp:attachment":[{"href":"https:\/\/packsmart.com.pl\/de\/wp-json\/wp\/v2\/media?parent=1251"}],"wp:term":[{"taxonomy":"product_cat","embeddable":true,"href":"https:\/\/packsmart.com.pl\/de\/wp-json\/wp\/v2\/product_cat?post=1251"},{"taxonomy":"product_tag","embeddable":true,"href":"https:\/\/packsmart.com.pl\/de\/wp-json\/wp\/v2\/product_tag?post=1251"}],"curies":[{"name":"wp","href":"https:\/\/api.w.org\/{rel}","templated":true}]}}