{"id":1248,"date":"2026-01-18T13:50:47","date_gmt":"2026-01-18T12:50:47","guid":{"rendered":"https:\/\/packsmart.com.pl\/?post_type=product&#038;p=1248"},"modified":"2026-01-18T14:28:28","modified_gmt":"2026-01-18T13:28:28","slug":"chwytak-podcisnieniowy-packsmart-series-v8-2x4","status":"publish","type":"product","link":"https:\/\/packsmart.com.pl\/de\/oferta\/stacje-do-paletyzacji-i-roboty\/chwytak-podcisnieniowy-packsmart-series-v8-2x4\/","title":{"rendered":"PackSmart Serie-V8 Saugwagen (2\u00d74)"},"content":{"rendered":"<p>[et_pb_section fb_built=&#8221;1&#8243; _builder_version=&#8221;4.22.0&#8243; _module_preset=&#8221;default&#8221; global_colors_info=&#8221;{}&#8221;][et_pb_row _builder_version=&#8221;4.22.0&#8243; _module_preset=&#8221;default&#8221; width=&#8221;100%&#8221; global_colors_info=&#8221;{}&#8221;][et_pb_column type=&#8221;4_4&#8243; _builder_version=&#8221;4.16&#8243; _module_preset=&#8221;default&#8221; global_colors_info=&#8221;{}&#8221;][\/et_pb_column][\/et_pb_row][\/et_pb_section][et_pb_section fb_built=&#8221;1&#8243; _builder_version=&#8221;4.22.0&#8243; _module_preset=&#8221;default&#8221; global_colors_info=&#8221;{}&#8221;][et_pb_row _builder_version=&#8221;4.16&#8243; _module_preset=&#8221;default&#8221; width=&#8221;100%&#8221; global_colors_info=&#8221;{}&#8221;][et_pb_column type=&#8221;4_4&#8243; _builder_version=&#8221;4.16&#8243; _module_preset=&#8221;default&#8221; global_colors_info=&#8221;{}&#8221;][et_pb_text _builder_version=&#8221;4.22.0&#8243; _module_preset=&#8221;default&#8221; global_colors_info=&#8221;{}&#8221;]<\/p>\n<h2><strong>Wichtigste technische Parameter<\/strong><\/h2>\n<h2>\u00a0<\/h2>\n<p>[\/et_pb_text][\/et_pb_column][\/et_pb_row][et_pb_row column_structure=&#8221;1_2,1_2&#8243; _builder_version=&#8221;4.16&#8243; _module_preset=&#8221;default&#8221; width=&#8221;100%&#8221; global_colors_info=&#8221;{}&#8221;][et_pb_column type=&#8221;1_2&#8243; _builder_version=&#8221;4.16&#8243; _module_preset=&#8221;default&#8221; global_colors_info=&#8221;{}&#8221;][et_pb_blurb title=&#8221;Konfiguracja ssawek: 8 sztuk w uk\u0142adzie 2 rz\u0119d\u00f3w po 4 ssawek ka\u017cda&#8221; use_icon=&#8221;on&#8221; font_icon=&#8221;&#x52;||divi||400&#8243; icon_color=&#8221;#7cda24&#8243; icon_placement=&#8221;left&#8221; _builder_version=&#8221;4.22.0&#8243; _module_preset=&#8221;default&#8221; header_font_size=&#8221;18px&#8221; global_colors_info=&#8221;{}&#8221;][\/et_pb_blurb][et_pb_blurb title=&#8221;Ca\u0142kowita powierzchnia chwytna: 156,8 cm2&#8243; use_icon=&#8221;on&#8221; font_icon=&#8221;&#x52;||divi||400&#8243; icon_color=&#8221;#7cda24&#8243; icon_placement=&#8221;left&#8221; _builder_version=&#8221;4.22.0&#8243; _module_preset=&#8221;default&#8221; header_font_size=&#8221;18px&#8221; global_colors_info=&#8221;{}&#8221;][\/et_pb_blurb][et_pb_blurb title=&#8221;Maksymalny ud\u017awig teoretyczny: ok. 94 kg (przy pr\u00f3\u017cni 0,6 bar)&#8221; use_icon=&#8221;on&#8221; font_icon=&#8221;&#x52;||divi||400&#8243; icon_color=&#8221;#7cda24&#8243; icon_placement=&#8221;left&#8221; _builder_version=&#8221;4.22.0&#8243; _module_preset=&#8221;default&#8221; header_font_size=&#8221;18px&#8221; global_colors_info=&#8221;{}&#8221;][\/et_pb_blurb][\/et_pb_column][et_pb_column type=&#8221;1_2&#8243; _builder_version=&#8221;4.16&#8243; _module_preset=&#8221;default&#8221; global_colors_info=&#8221;{}&#8221;][et_pb_blurb title=&#8221;Typ ssawek: Wysokiej jako\u015bci silikon o \u015brednicy Fi 50 mm&#8221; use_icon=&#8221;on&#8221; font_icon=&#8221;&#x52;||divi||400&#8243; icon_color=&#8221;#7cda24&#8243; icon_placement=&#8221;left&#8221; _builder_version=&#8221;4.22.0&#8243; _module_preset=&#8221;default&#8221; header_font_size=&#8221;18px&#8221; global_colors_info=&#8221;{}&#8221;][\/et_pb_blurb][et_pb_blurb title=&#8221;No\u015bno\u015b\u0107 robocza (bezpieczna): Do 23 kg przy ruchach dynamicznych oraz do 47 kg przy transporcie poziomym&#8221; use_icon=&#8221;on&#8221; font_icon=&#8221;&#x52;||divi||400&#8243; icon_color=&#8221;#7cda24&#8243; icon_placement=&#8221;left&#8221; _builder_version=&#8221;4.22.0&#8243; _module_preset=&#8221;default&#8221; header_font_size=&#8221;18px&#8221; global_colors_info=&#8221;{}&#8221;][\/et_pb_blurb][\/et_pb_column][\/et_pb_row][\/et_pb_section][et_pb_section fb_built=&#8221;1&#8243; _builder_version=&#8221;4.22.0&#8243; _module_preset=&#8221;default&#8221; global_colors_info=&#8221;{}&#8221;][et_pb_row _builder_version=&#8221;4.16&#8243; _module_preset=&#8221;default&#8221; width=&#8221;100%&#8221; global_colors_info=&#8221;{}&#8221;][et_pb_column type=&#8221;4_4&#8243; _builder_version=&#8221;4.16&#8243; _module_preset=&#8221;default&#8221; global_colors_info=&#8221;{}&#8221;][et_pb_text _builder_version=&#8221;4.22.0&#8243; _module_preset=&#8221;default&#8221; global_colors_info=&#8221;{}&#8221;]<\/p>\n<h2><strong>Warum sollte man sich f\u00fcr den PackSmart-Greifer entscheiden?<\/strong><\/h2>\n<p>[\/et_pb_text][\/et_pb_column][\/et_pb_row][et_pb_row column_structure=&#8221;1_2,1_2&#8243; _builder_version=&#8221;4.16&#8243; _module_preset=&#8221;default&#8221; width=&#8221;100%&#8221; global_colors_info=&#8221;{}&#8221;][et_pb_column type=&#8221;1_2&#8243; _builder_version=&#8221;4.16&#8243; _module_preset=&#8221;default&#8221; global_colors_info=&#8221;{}&#8221;][et_pb_blurb title=&#8221;Precyzja i Stabilno\u015b\u0107: Dzi\u0119ki symetrycznemu uk\u0142adowi 2&#215;4, chwytak gwarantuje r\u00f3wnomierne roz\u0142o\u017cenie si\u0142, co eliminuje ko\u0142ysanie si\u0119 detalu podczas szybkich ruch\u00f3w ramienia robota&#8221; use_icon=&#8221;on&#8221; font_icon=&#8221;&#x52;||divi||400&#8243; icon_color=&#8221;#7cda24&#8243; icon_placement=&#8221;left&#8221; _builder_version=&#8221;4.22.0&#8243; _module_preset=&#8221;default&#8221; header_font_size=&#8221;18px&#8221; global_colors_info=&#8221;{}&#8221;][\/et_pb_blurb][et_pb_blurb title=&#8221;Optymalizacja Cyklu: Lekka, aluminiowa konstrukcja o zredukowanej liczbie ssawek pozwala na szybsze generowanie podci\u015bnienia i zmniejsza bezw\u0142adno\u015b\u0107 uk\u0142adu, co skraca czas pojedynczego cyklu %22Pick &#038; Place%22&#8243; use_icon=&#8221;on&#8221; font_icon=&#8221;&#x52;||divi||400&#8243; icon_color=&#8221;#7cda24&#8243; icon_placement=&#8221;left&#8221; _builder_version=&#8221;4.22.0&#8243; _module_preset=&#8221;default&#8221; header_font_size=&#8221;18px&#8221; global_colors_info=&#8221;{}&#8221;][\/et_pb_blurb][\/et_pb_column][et_pb_column type=&#8221;1_2&#8243; _builder_version=&#8221;4.16&#8243; _module_preset=&#8221;default&#8221; global_colors_info=&#8221;{}&#8221;][et_pb_blurb title=&#8221;Trwa\u0142o\u015b\u0107 Silikonu: Zastosowane ssawki silikonowe charakteryzuj\u0105 si\u0119 doskona\u0142\u0105 elastyczno\u015bci\u0105 i odporno\u015bci\u0105 na temperatur\u0119, co pozwala na pewny chwyt nawet na lekko nier\u00f3wnych powierzchniach&#8221; use_icon=&#8221;on&#8221; font_icon=&#8221;&#x52;||divi||400&#8243; icon_color=&#8221;#7cda24&#8243; icon_placement=&#8221;left&#8221; _builder_version=&#8221;4.22.0&#8243; _module_preset=&#8221;default&#8221; header_font_size=&#8221;18px&#8221; global_colors_info=&#8221;{}&#8221;][\/et_pb_blurb][et_pb_blurb title=&#8221;Profesjonalny Design: Korpus z anodowanego aluminium z grawerowanym logotypem PackSmart podkre\u015bla najwy\u017csz\u0105 jako\u015b\u0107 wykonania i estetyk\u0119 ca\u0142ego stanowiska zrobotyzowanego&#8221; use_icon=&#8221;on&#8221; font_icon=&#8221;&#x52;||divi||400&#8243; icon_color=&#8221;#7cda24&#8243; icon_placement=&#8221;left&#8221; _builder_version=&#8221;4.22.0&#8243; _module_preset=&#8221;default&#8221; header_font_size=&#8221;18px&#8221; global_colors_info=&#8221;{}&#8221;][\/et_pb_blurb][\/et_pb_column][\/et_pb_row][\/et_pb_section][et_pb_section fb_built=&#8221;1&#8243; _builder_version=&#8221;4.16&#8243; _module_preset=&#8221;default&#8221; global_colors_info=&#8221;{}&#8221;][et_pb_row _builder_version=&#8221;4.16&#8243; _module_preset=&#8221;default&#8221; width=&#8221;100%&#8221; global_colors_info=&#8221;{}&#8221;][et_pb_column type=&#8221;4_4&#8243; _builder_version=&#8221;4.16&#8243; _module_preset=&#8221;default&#8221; global_colors_info=&#8221;{}&#8221;][et_pb_text _builder_version=&#8221;4.22.0&#8243; _module_preset=&#8221;default&#8221; global_colors_info=&#8221;{}&#8221;]<\/p>\n<h2><strong>Typische Anwendungen<\/strong><\/h2>\n<p>[\/et_pb_text][\/et_pb_column][\/et_pb_row][et_pb_row column_structure=&#8221;1_2,1_2&#8243; _builder_version=&#8221;4.16&#8243; _module_preset=&#8221;default&#8221; width=&#8221;100%&#8221; global_colors_info=&#8221;{}&#8221;][et_pb_column type=&#8221;1_2&#8243; _builder_version=&#8221;4.16&#8243; _module_preset=&#8221;default&#8221; global_colors_info=&#8221;{}&#8221;][et_pb_blurb title=&#8221;Case Packing: Pakowanie produkt\u00f3w w kartony zbiorcze i tacki&#8221; use_icon=&#8221;on&#8221; font_icon=&#8221;&#x52;||divi||400&#8243; icon_color=&#8221;#7cda24&#8243; icon_placement=&#8221;left&#8221; _builder_version=&#8221;4.22.0&#8243; _module_preset=&#8221;default&#8221; header_font_size=&#8221;18px&#8221; global_colors_info=&#8221;{}&#8221;][\/et_pb_blurb][et_pb_blurb title=&#8221;Przemys\u0142 Meblowy i Szklarski: Manipulowanie p\u0142ytami i arkuszami o g\u0142adkiej strukturze powierzchni&#8221; use_icon=&#8221;on&#8221; font_icon=&#8221;&#x52;||divi||400&#8243; icon_color=&#8221;#7cda24&#8243; icon_placement=&#8221;left&#8221; _builder_version=&#8221;4.22.0&#8243; _module_preset=&#8221;default&#8221; header_font_size=&#8221;18px&#8221; global_colors_info=&#8221;{}&#8221;][\/et_pb_blurb][\/et_pb_column][et_pb_column type=&#8221;1_2&#8243; _builder_version=&#8221;4.16&#8243; _module_preset=&#8221;default&#8221; global_colors_info=&#8221;{}&#8221;][et_pb_blurb title=&#8221;Logistyka: Automatyczne sortowanie i przenoszenie przesy\u0142ek o wadze do 23 kg&#8221; use_icon=&#8221;on&#8221; font_icon=&#8221;&#x52;||divi||400&#8243; icon_color=&#8221;#7cda24&#8243; icon_placement=&#8221;left&#8221; _builder_version=&#8221;4.22.0&#8243; _module_preset=&#8221;default&#8221; header_font_size=&#8221;18px&#8221; global_colors_info=&#8221;{}&#8221;][\/et_pb_blurb][et_pb_blurb title=&#8221;Obs\u0142uga Maszyn: Precyzyjne podawanie detali do pras lub wtryskarek&#8221; use_icon=&#8221;on&#8221; font_icon=&#8221;&#x52;||divi||400&#8243; icon_color=&#8221;#7cda24&#8243; icon_placement=&#8221;left&#8221; _builder_version=&#8221;4.22.0&#8243; _module_preset=&#8221;default&#8221; header_font_size=&#8221;18px&#8221; global_colors_info=&#8221;{}&#8221;][\/et_pb_blurb][\/et_pb_column][\/et_pb_row][\/et_pb_section][et_pb_section fb_built=&#8221;1&#8243; _builder_version=&#8221;4.16&#8243; _module_preset=&#8221;default&#8221; global_colors_info=&#8221;{}&#8221;][et_pb_row _builder_version=&#8221;4.16&#8243; _module_preset=&#8221;default&#8221; width=&#8221;100%&#8221; global_colors_info=&#8221;{}&#8221;][et_pb_column type=&#8221;4_4&#8243; _builder_version=&#8221;4.16&#8243; _module_preset=&#8221;default&#8221; global_colors_info=&#8221;{}&#8221;][et_pb_text _builder_version=&#8221;4.22.0&#8243; _module_preset=&#8221;default&#8221; global_colors_info=&#8221;{}&#8221;]<\/p>\n<h2><strong>Ben\u00f6tigen Sie eine andere Konfiguration?<\/strong>\u00a0<\/h2>\n<h2>Als <strong>PackSmart<\/strong>\u00a0Wir bieten die vollst\u00e4ndige Individualisierung unserer Greifer an \u2013 von der Anzahl und dem Durchmesser der Saugn\u00e4pfe bis hin zu speziellen Montagesystemen f\u00fcr ein bestimmtes Robotermodell.<\/h2>\n<p>[\/et_pb_text][\/et_pb_column][\/et_pb_row][\/et_pb_section]<\/p>","protected":false},"excerpt":{"rendered":"<p><strong>PackSmart Staubsauger<\/strong>\u00a0ist ein hochentwickeltes Endbearbeitungswerkzeug (EOAT), das f\u00fcr maximale Effizienz in robotergest\u00fctzten Verpackungs- und Teilehandhabungsprozessen entwickelt wurde. Konfiguration basiert auf\u00a0<strong>8 Saugn\u00e4pfe mit einem Durchmesser von 50 mm<\/strong>\u00a0bietet die perfekte Balance zwischen kompakten Abmessungen und hoher Tragf\u00e4higkeit und ist damit eine der universellsten L\u00f6sungen in unserem Angebot.<\/p>","protected":false},"featured_media":1249,"comment_status":"open","ping_status":"closed","template":"","meta":{"_et_pb_use_builder":"on","_et_pb_old_content":"<strong>Chwytak podci\u015bnieniowy PackSmart<\/strong>\u00a0to zaawansowane narz\u0119dzie ko\u0144cowe (EOAT), zaprojektowane z my\u015bl\u0105 o maksymalnej wydajno\u015bci w procesach zrobotyzowanego pakowania i manipulacji detalami. Konfiguracja oparta na\u00a0<strong>8 ssawkach o \u015brednicy 50 mm<\/strong>\u00a0zapewnia idealny balans pomi\u0119dzy kompaktowymi wymiarami a du\u017c\u0105 si\u0142\u0105 ud\u017awigu, co czyni go jednym z najbardziej uniwersalnych rozwi\u0105za\u0144 w naszej ofercie.","_et_gb_content_width":"","inline_featured_image":false,"yasr_overall_rating":0,"yasr_post_is_review":"","yasr_auto_insert_disabled":"","yasr_review_type":""},"product_cat":[25],"product_tag":[67,68],"class_list":["post-1248","product","type-product","status-publish","has-post-thumbnail","hentry","product_cat-stacje-do-paletyzacji-i-roboty","product_tag-chwytak-do-kartonow","product_tag-chwytak-do-lekkich-produktow"],"yasr_visitor_votes":{"stars_attributes":{"read_only":false,"span_bottom":false},"number_of_votes":0,"sum_votes":0},"acf":[],"yoast_head":"<!-- This site is optimized with the Yoast SEO plugin v26.1.1 - https:\/\/yoast.com\/wordpress\/plugins\/seo\/ -->\n<title>Chwytak Podci\u015bnieniowy PackSmart Series-V8 (2x4) - Pack Smart - Systemy pakowania<\/title>\n<meta name=\"robots\" content=\"index, follow, max-snippet:-1, max-image-preview:large, max-video-preview:-1\" \/>\n<link rel=\"canonical\" href=\"https:\/\/packsmart.com.pl\/de\/oferta\/stacje-do-paletyzacji-i-roboty\/chwytak-podcisnieniowy-packsmart-series-v8-2x4\/\" \/>\n<meta property=\"og:locale\" content=\"de_DE\" \/>\n<meta property=\"og:type\" content=\"article\" \/>\n<meta property=\"og:title\" content=\"Chwytak Podci\u015bnieniowy PackSmart Series-V8 (2x4) - Pack Smart - Systemy pakowania\" \/>\n<meta property=\"og:description\" content=\"Chwytak podci\u015bnieniowy PackSmart\u00a0to zaawansowane narz\u0119dzie ko\u0144cowe (EOAT), zaprojektowane z my\u015bl\u0105 o maksymalnej wydajno\u015bci w procesach zrobotyzowanego pakowania i manipulacji detalami. Konfiguracja oparta na\u00a08 ssawkach o \u015brednicy 50 mm\u00a0zapewnia idealny balans pomi\u0119dzy kompaktowymi wymiarami a du\u017c\u0105 si\u0142\u0105 ud\u017awigu, co czyni go jednym z najbardziej uniwersalnych rozwi\u0105za\u0144 w naszej ofercie.\" \/>\n<meta property=\"og:url\" content=\"https:\/\/packsmart.com.pl\/de\/oferta\/stacje-do-paletyzacji-i-roboty\/chwytak-podcisnieniowy-packsmart-series-v8-2x4\/\" \/>\n<meta property=\"og:site_name\" content=\"Pack Smart - Systemy pakowania\" \/>\n<meta property=\"article:publisher\" content=\"https:\/\/www.facebook.com\/p\/Pack-Smart-100089770293385\/?locale=pl_PL\" \/>\n<meta property=\"article:modified_time\" content=\"2026-01-18T13:28:28+00:00\" \/>\n<meta property=\"og:image\" content=\"https:\/\/packsmart.com.pl\/wp-content\/uploads\/2026\/01\/Chwytak_do_lekkich_kartonow.png\" \/>\n\t<meta property=\"og:image:width\" content=\"1184\" \/>\n\t<meta property=\"og:image:height\" content=\"532\" \/>\n\t<meta property=\"og:image:type\" content=\"image\/png\" \/>\n<meta name=\"twitter:card\" content=\"summary_large_image\" \/>\n<meta name=\"twitter:label1\" content=\"Gesch\u00e4tzte Lesezeit\" \/>\n\t<meta name=\"twitter:data1\" content=\"2\u00a0Minuten\" \/>\n<script type=\"application\/ld+json\" class=\"yoast-schema-graph\">{\"@context\":\"https:\/\/schema.org\",\"@graph\":[{\"@type\":\"WebPage\",\"@id\":\"https:\/\/packsmart.com.pl\/oferta\/stacje-do-paletyzacji-i-roboty\/chwytak-podcisnieniowy-packsmart-series-v8-2x4\/\",\"url\":\"https:\/\/packsmart.com.pl\/oferta\/stacje-do-paletyzacji-i-roboty\/chwytak-podcisnieniowy-packsmart-series-v8-2x4\/\",\"name\":\"Chwytak Podci\u015bnieniowy PackSmart Series-V8 (2x4) - Pack Smart - Systemy pakowania\",\"isPartOf\":{\"@id\":\"https:\/\/packsmart.com.pl\/#website\"},\"primaryImageOfPage\":{\"@id\":\"https:\/\/packsmart.com.pl\/oferta\/stacje-do-paletyzacji-i-roboty\/chwytak-podcisnieniowy-packsmart-series-v8-2x4\/#primaryimage\"},\"image\":{\"@id\":\"https:\/\/packsmart.com.pl\/oferta\/stacje-do-paletyzacji-i-roboty\/chwytak-podcisnieniowy-packsmart-series-v8-2x4\/#primaryimage\"},\"thumbnailUrl\":\"https:\/\/packsmart.com.pl\/wp-content\/uploads\/2026\/01\/Chwytak_do_lekkich_kartonow.png\",\"datePublished\":\"2026-01-18T12:50:47+00:00\",\"dateModified\":\"2026-01-18T13:28:28+00:00\",\"breadcrumb\":{\"@id\":\"https:\/\/packsmart.com.pl\/oferta\/stacje-do-paletyzacji-i-roboty\/chwytak-podcisnieniowy-packsmart-series-v8-2x4\/#breadcrumb\"},\"inLanguage\":\"de\",\"potentialAction\":[{\"@type\":\"ReadAction\",\"target\":[\"https:\/\/packsmart.com.pl\/oferta\/stacje-do-paletyzacji-i-roboty\/chwytak-podcisnieniowy-packsmart-series-v8-2x4\/\"]}]},{\"@type\":\"ImageObject\",\"inLanguage\":\"de\",\"@id\":\"https:\/\/packsmart.com.pl\/oferta\/stacje-do-paletyzacji-i-roboty\/chwytak-podcisnieniowy-packsmart-series-v8-2x4\/#primaryimage\",\"url\":\"https:\/\/packsmart.com.pl\/wp-content\/uploads\/2026\/01\/Chwytak_do_lekkich_kartonow.png\",\"contentUrl\":\"https:\/\/packsmart.com.pl\/wp-content\/uploads\/2026\/01\/Chwytak_do_lekkich_kartonow.png\",\"width\":1184,\"height\":532,\"caption\":\"Chwytak do lekkich karton\u00f3w\"},{\"@type\":\"BreadcrumbList\",\"@id\":\"https:\/\/packsmart.com.pl\/oferta\/stacje-do-paletyzacji-i-roboty\/chwytak-podcisnieniowy-packsmart-series-v8-2x4\/#breadcrumb\",\"itemListElement\":[{\"@type\":\"ListItem\",\"position\":1,\"name\":\"Strona g\u0142\u00f3wna\",\"item\":\"https:\/\/packsmart.com.pl\/\"},{\"@type\":\"ListItem\",\"position\":2,\"name\":\"Produkty\",\"item\":\"https:\/\/packsmart.com.pl\/sklep\/\"},{\"@type\":\"ListItem\",\"position\":3,\"name\":\"Stacje do paletyzacji i roboty\",\"item\":\"https:\/\/packsmart.com.pl\/product-category\/stacje-do-paletyzacji-i-roboty\/\"},{\"@type\":\"ListItem\",\"position\":4,\"name\":\"Chwytak Podci\u015bnieniowy PackSmart Series-V8 (2&#215;4)\"}]},{\"@type\":\"WebSite\",\"@id\":\"https:\/\/packsmart.com.pl\/#website\",\"url\":\"https:\/\/packsmart.com.pl\/\",\"name\":\"Pack Smart - Systemy pakowania\",\"description\":\"\",\"publisher\":{\"@id\":\"https:\/\/packsmart.com.pl\/#organization\"},\"potentialAction\":[{\"@type\":\"SearchAction\",\"target\":{\"@type\":\"EntryPoint\",\"urlTemplate\":\"https:\/\/packsmart.com.pl\/?s={search_term_string}\"},\"query-input\":{\"@type\":\"PropertyValueSpecification\",\"valueRequired\":true,\"valueName\":\"search_term_string\"}}],\"inLanguage\":\"de\"},{\"@type\":\"Organization\",\"@id\":\"https:\/\/packsmart.com.pl\/#organization\",\"name\":\"Pack Smart\",\"url\":\"https:\/\/packsmart.com.pl\/\",\"logo\":{\"@type\":\"ImageObject\",\"inLanguage\":\"de\",\"@id\":\"https:\/\/packsmart.com.pl\/#\/schema\/logo\/image\/\",\"url\":\"https:\/\/packsmart.com.pl\/wp-content\/uploads\/2020\/11\/cropped-logo.png\",\"contentUrl\":\"https:\/\/packsmart.com.pl\/wp-content\/uploads\/2020\/11\/cropped-logo.png\",\"width\":512,\"height\":512,\"caption\":\"Pack Smart\"},\"image\":{\"@id\":\"https:\/\/packsmart.com.pl\/#\/schema\/logo\/image\/\"},\"sameAs\":[\"https:\/\/www.facebook.com\/p\/Pack-Smart-100089770293385\/?locale=pl_PL\"]},false]}<\/script>\n<!-- \/ Yoast SEO plugin. -->","yoast_head_json":{"title":"Chwytak Podci\u015bnieniowy PackSmart Series-V8 (2x4) - Pack Smart - Systemy pakowania","robots":{"index":"index","follow":"follow","max-snippet":"max-snippet:-1","max-image-preview":"max-image-preview:large","max-video-preview":"max-video-preview:-1"},"canonical":"https:\/\/packsmart.com.pl\/de\/oferta\/stacje-do-paletyzacji-i-roboty\/chwytak-podcisnieniowy-packsmart-series-v8-2x4\/","og_locale":"de_DE","og_type":"article","og_title":"Chwytak Podci\u015bnieniowy PackSmart Series-V8 (2x4) - Pack Smart - Systemy pakowania","og_description":"Chwytak podci\u015bnieniowy PackSmart\u00a0to zaawansowane narz\u0119dzie ko\u0144cowe (EOAT), zaprojektowane z my\u015bl\u0105 o maksymalnej wydajno\u015bci w procesach zrobotyzowanego pakowania i manipulacji detalami. Konfiguracja oparta na\u00a08 ssawkach o \u015brednicy 50 mm\u00a0zapewnia idealny balans pomi\u0119dzy kompaktowymi wymiarami a du\u017c\u0105 si\u0142\u0105 ud\u017awigu, co czyni go jednym z najbardziej uniwersalnych rozwi\u0105za\u0144 w naszej ofercie.","og_url":"https:\/\/packsmart.com.pl\/de\/oferta\/stacje-do-paletyzacji-i-roboty\/chwytak-podcisnieniowy-packsmart-series-v8-2x4\/","og_site_name":"Pack Smart - Systemy pakowania","article_publisher":"https:\/\/www.facebook.com\/p\/Pack-Smart-100089770293385\/?locale=pl_PL","article_modified_time":"2026-01-18T13:28:28+00:00","og_image":[{"width":1184,"height":532,"url":"https:\/\/packsmart.com.pl\/wp-content\/uploads\/2026\/01\/Chwytak_do_lekkich_kartonow.png","type":"image\/png"}],"twitter_card":"summary_large_image","twitter_misc":{"Gesch\u00e4tzte Lesezeit":"2\u00a0Minuten"},"schema":{"@context":"https:\/\/schema.org","@graph":[{"@type":"WebPage","@id":"https:\/\/packsmart.com.pl\/oferta\/stacje-do-paletyzacji-i-roboty\/chwytak-podcisnieniowy-packsmart-series-v8-2x4\/","url":"https:\/\/packsmart.com.pl\/oferta\/stacje-do-paletyzacji-i-roboty\/chwytak-podcisnieniowy-packsmart-series-v8-2x4\/","name":"Chwytak Podci\u015bnieniowy PackSmart Series-V8 (2x4) - Pack Smart - Systemy pakowania","isPartOf":{"@id":"https:\/\/packsmart.com.pl\/#website"},"primaryImageOfPage":{"@id":"https:\/\/packsmart.com.pl\/oferta\/stacje-do-paletyzacji-i-roboty\/chwytak-podcisnieniowy-packsmart-series-v8-2x4\/#primaryimage"},"image":{"@id":"https:\/\/packsmart.com.pl\/oferta\/stacje-do-paletyzacji-i-roboty\/chwytak-podcisnieniowy-packsmart-series-v8-2x4\/#primaryimage"},"thumbnailUrl":"https:\/\/packsmart.com.pl\/wp-content\/uploads\/2026\/01\/Chwytak_do_lekkich_kartonow.png","datePublished":"2026-01-18T12:50:47+00:00","dateModified":"2026-01-18T13:28:28+00:00","breadcrumb":{"@id":"https:\/\/packsmart.com.pl\/oferta\/stacje-do-paletyzacji-i-roboty\/chwytak-podcisnieniowy-packsmart-series-v8-2x4\/#breadcrumb"},"inLanguage":"de","potentialAction":[{"@type":"ReadAction","target":["https:\/\/packsmart.com.pl\/oferta\/stacje-do-paletyzacji-i-roboty\/chwytak-podcisnieniowy-packsmart-series-v8-2x4\/"]}]},{"@type":"ImageObject","inLanguage":"de","@id":"https:\/\/packsmart.com.pl\/oferta\/stacje-do-paletyzacji-i-roboty\/chwytak-podcisnieniowy-packsmart-series-v8-2x4\/#primaryimage","url":"https:\/\/packsmart.com.pl\/wp-content\/uploads\/2026\/01\/Chwytak_do_lekkich_kartonow.png","contentUrl":"https:\/\/packsmart.com.pl\/wp-content\/uploads\/2026\/01\/Chwytak_do_lekkich_kartonow.png","width":1184,"height":532,"caption":"Chwytak do lekkich karton\u00f3w"},{"@type":"BreadcrumbList","@id":"https:\/\/packsmart.com.pl\/oferta\/stacje-do-paletyzacji-i-roboty\/chwytak-podcisnieniowy-packsmart-series-v8-2x4\/#breadcrumb","itemListElement":[{"@type":"ListItem","position":1,"name":"Strona g\u0142\u00f3wna","item":"https:\/\/packsmart.com.pl\/"},{"@type":"ListItem","position":2,"name":"Produkty","item":"https:\/\/packsmart.com.pl\/sklep\/"},{"@type":"ListItem","position":3,"name":"Stacje do paletyzacji i roboty","item":"https:\/\/packsmart.com.pl\/product-category\/stacje-do-paletyzacji-i-roboty\/"},{"@type":"ListItem","position":4,"name":"Chwytak Podci\u015bnieniowy PackSmart Series-V8 (2&#215;4)"}]},{"@type":"WebSite","@id":"https:\/\/packsmart.com.pl\/#website","url":"https:\/\/packsmart.com.pl\/","name":"Pack Smart - Verpackungssysteme","description":"","publisher":{"@id":"https:\/\/packsmart.com.pl\/#organization"},"potentialAction":[{"@type":"SearchAction","target":{"@type":"EntryPoint","urlTemplate":"https:\/\/packsmart.com.pl\/?s={search_term_string}"},"query-input":{"@type":"PropertyValueSpecification","valueRequired":true,"valueName":"search_term_string"}}],"inLanguage":"de"},{"@type":"Organization","@id":"https:\/\/packsmart.com.pl\/#organization","name":"Clever packen","url":"https:\/\/packsmart.com.pl\/","logo":{"@type":"ImageObject","inLanguage":"de","@id":"https:\/\/packsmart.com.pl\/#\/schema\/logo\/image\/","url":"https:\/\/packsmart.com.pl\/wp-content\/uploads\/2020\/11\/cropped-logo.png","contentUrl":"https:\/\/packsmart.com.pl\/wp-content\/uploads\/2020\/11\/cropped-logo.png","width":512,"height":512,"caption":"Pack Smart"},"image":{"@id":"https:\/\/packsmart.com.pl\/#\/schema\/logo\/image\/"},"sameAs":["https:\/\/www.facebook.com\/p\/Pack-Smart-100089770293385\/?locale=pl_PL"]},false]}},"_links":{"self":[{"href":"https:\/\/packsmart.com.pl\/de\/wp-json\/wp\/v2\/product\/1248","targetHints":{"allow":["GET"]}}],"collection":[{"href":"https:\/\/packsmart.com.pl\/de\/wp-json\/wp\/v2\/product"}],"about":[{"href":"https:\/\/packsmart.com.pl\/de\/wp-json\/wp\/v2\/types\/product"}],"replies":[{"embeddable":true,"href":"https:\/\/packsmart.com.pl\/de\/wp-json\/wp\/v2\/comments?post=1248"}],"wp:featuredmedia":[{"embeddable":true,"href":"https:\/\/packsmart.com.pl\/de\/wp-json\/wp\/v2\/media\/1249"}],"wp:attachment":[{"href":"https:\/\/packsmart.com.pl\/de\/wp-json\/wp\/v2\/media?parent=1248"}],"wp:term":[{"taxonomy":"product_cat","embeddable":true,"href":"https:\/\/packsmart.com.pl\/de\/wp-json\/wp\/v2\/product_cat?post=1248"},{"taxonomy":"product_tag","embeddable":true,"href":"https:\/\/packsmart.com.pl\/de\/wp-json\/wp\/v2\/product_tag?post=1248"}],"curies":[{"name":"wp","href":"https:\/\/api.w.org\/{rel}","templated":true}]}}