{"id":1244,"date":"2026-01-17T13:22:12","date_gmt":"2026-01-17T12:22:12","guid":{"rendered":"https:\/\/packsmart.com.pl\/?post_type=product&#038;p=1244"},"modified":"2026-01-18T13:49:45","modified_gmt":"2026-01-18T12:49:45","slug":"automatyczny-magazyn-palet","status":"publish","type":"product","link":"https:\/\/packsmart.com.pl\/de\/oferta\/stacje-do-paletyzacji-i-roboty\/automatyczny-magazyn-palet\/","title":{"rendered":"Automatisches Palettenlager"},"content":{"rendered":"<p>[et_pb_section fb_built=&#8221;1&#8243; _builder_version=&#8221;4.22.0&#8243; _module_preset=&#8221;default&#8221; global_colors_info=&#8221;{}&#8221;][et_pb_row _builder_version=&#8221;4.22.0&#8243; _module_preset=&#8221;default&#8221; width=&#8221;100%&#8221; global_colors_info=&#8221;{}&#8221;][et_pb_column type=&#8221;4_4&#8243; _builder_version=&#8221;4.16&#8243; _module_preset=&#8221;default&#8221; global_colors_info=&#8221;{}&#8221;][\/et_pb_column][\/et_pb_row][\/et_pb_section][et_pb_section fb_built=&#8221;1&#8243; _builder_version=&#8221;4.22.0&#8243; _module_preset=&#8221;default&#8221; global_colors_info=&#8221;{}&#8221;][et_pb_row _builder_version=&#8221;4.16&#8243; _module_preset=&#8221;default&#8221; width=&#8221;100%&#8221; global_colors_info=&#8221;{}&#8221;][et_pb_column type=&#8221;4_4&#8243; _builder_version=&#8221;4.16&#8243; _module_preset=&#8221;default&#8221; global_colors_info=&#8221;{}&#8221;][et_pb_text _builder_version=&#8221;4.22.0&#8243; _module_preset=&#8221;default&#8221; global_colors_info=&#8221;{}&#8221;]<\/p>\n<h2><strong>Hauptmerkmale und Vorteile<\/strong><\/h2>\n<p>[\/et_pb_text][\/et_pb_column][\/et_pb_row][et_pb_row column_structure=&#8221;1_2,1_2&#8243; _builder_version=&#8221;4.16&#8243; _module_preset=&#8221;default&#8221; width=&#8221;100%&#8221; global_colors_info=&#8221;{}&#8221;][et_pb_column type=&#8221;1_2&#8243; _builder_version=&#8221;4.16&#8243; _module_preset=&#8221;default&#8221; global_colors_info=&#8221;{}&#8221;][et_pb_blurb title=&#8221;Optymalizacja wydajno\u015bci: Umo\u017cliwia ci\u0105g\u0142\u0105 prac\u0119 linii paletyzuj\u0105cych bez przestoj\u00f3w zwi\u0105zanych z brakiem palet&#8221; use_icon=&#8221;on&#8221; font_icon=&#8221;&#x52;||divi||400&#8243; icon_color=&#8221;#7cda24&#8243; icon_placement=&#8221;left&#8221; _builder_version=&#8221;4.22.0&#8243; _module_preset=&#8221;default&#8221; header_font_size=&#8221;18px&#8221; global_colors_info=&#8221;{}&#8221;][\/et_pb_blurb][et_pb_blurb title=&#8221;Precyzyjne centrowanie: Boczne os\u0142ony i prowadnice zapewniaj\u0105 idealnie r\u00f3wne u\u0142o\u017cenie stosu, co gwarantuje bezawaryjne wydawanie palet na przeno\u015bnik&#8221; use_icon=&#8221;on&#8221; font_icon=&#8221;&#x52;||divi||400&#8243; icon_color=&#8221;#7cda24&#8243; icon_placement=&#8221;left&#8221; _builder_version=&#8221;4.22.0&#8243; _module_preset=&#8221;default&#8221; header_font_size=&#8221;18px&#8221; global_colors_info=&#8221;{}&#8221;][\/et_pb_blurb][et_pb_blurb title=&#8221;\u0141atwa integracja: Konstrukcja wsparta na transporterze rolkowym pozwala na szybkie wpi\u0119cie modu\u0142u w istniej\u0105ce systemy transportu przeno\u015bnikowego&#8221; use_icon=&#8221;on&#8221; font_icon=&#8221;&#x52;||divi||400&#8243; icon_color=&#8221;#7cda24&#8243; icon_placement=&#8221;left&#8221; _builder_version=&#8221;4.22.0&#8243; _module_preset=&#8221;default&#8221; header_font_size=&#8221;18px&#8221; global_colors_info=&#8221;{}&#8221;][\/et_pb_blurb][\/et_pb_column][et_pb_column type=&#8221;1_2&#8243; _builder_version=&#8221;4.16&#8243; _module_preset=&#8221;default&#8221; global_colors_info=&#8221;{}&#8221;][et_pb_blurb title=&#8221;Poprawa BHP: Eliminuje ryzyko uraz\u00f3w kr\u0119gos\u0142upa u pracownik\u00f3w oraz redukuje potrzeb\u0119 cz\u0119stego manewrowania w\u00f3zkiem wid\u0142owym w bezpo\u015brednim s\u0105siedztwie linii.&#8221; use_icon=&#8221;on&#8221; font_icon=&#8221;&#x52;||divi||400&#8243; icon_color=&#8221;#7cda24&#8243; icon_placement=&#8221;left&#8221; _builder_version=&#8221;4.22.0&#8243; _module_preset=&#8221;default&#8221; header_font_size=&#8221;18px&#8221; global_colors_info=&#8221;{}&#8221;][\/et_pb_blurb][et_pb_blurb title=&#8221;Kompatybilno\u015b\u0107: Urz\u0105dzenie zaprojektowane specjalnie do obs\u0142ugi standardowych palet typu EURO (1200&#215;800 mm)&#8221; use_icon=&#8221;on&#8221; font_icon=&#8221;&#x52;||divi||400&#8243; icon_color=&#8221;#7cda24&#8243; icon_placement=&#8221;left&#8221; _builder_version=&#8221;4.22.0&#8243; _module_preset=&#8221;default&#8221; header_font_size=&#8221;18px&#8221; global_colors_info=&#8221;{}&#8221;][\/et_pb_blurb][\/et_pb_column][\/et_pb_row][\/et_pb_section][et_pb_section fb_built=&#8221;1&#8243; _builder_version=&#8221;4.22.0&#8243; _module_preset=&#8221;default&#8221; global_colors_info=&#8221;{}&#8221;][et_pb_row _builder_version=&#8221;4.16&#8243; _module_preset=&#8221;default&#8221; width=&#8221;100%&#8221; global_colors_info=&#8221;{}&#8221;][et_pb_column type=&#8221;4_4&#8243; _builder_version=&#8221;4.16&#8243; _module_preset=&#8221;default&#8221; global_colors_info=&#8221;{}&#8221;][et_pb_text _builder_version=&#8221;4.22.0&#8243; _module_preset=&#8221;default&#8221; global_colors_info=&#8221;{}&#8221;]<\/p>\n<h2><strong>Technische Parameter<\/strong><\/h2>\n<p>[\/et_pb_text][\/et_pb_column][\/et_pb_row][et_pb_row column_structure=&#8221;1_2,1_2&#8243; _builder_version=&#8221;4.16&#8243; _module_preset=&#8221;default&#8221; width=&#8221;100%&#8221; global_colors_info=&#8221;{}&#8221;][et_pb_column type=&#8221;1_2&#8243; _builder_version=&#8221;4.16&#8243; _module_preset=&#8221;default&#8221; global_colors_info=&#8221;{}&#8221;][et_pb_blurb title=&#8221;Rodzaj obs\u0142ugiwanych palet: EURO (opcjonalnie inne wymiary po dostosowaniu)&#8221; use_icon=&#8221;on&#8221; font_icon=&#8221;&#x52;||divi||400&#8243; icon_color=&#8221;#7cda24&#8243; icon_placement=&#8221;left&#8221; _builder_version=&#8221;4.22.0&#8243; _module_preset=&#8221;default&#8221; header_font_size=&#8221;18px&#8221; global_colors_info=&#8221;{}&#8221;][\/et_pb_blurb][et_pb_blurb title=&#8221;Nap\u0119d: System elektropneumatyczny zapewniaj\u0105cy p\u0142ynno\u015b\u0107 i cich\u0105 prac\u0119&#8221; use_icon=&#8221;on&#8221; font_icon=&#8221;&#x52;||divi||400&#8243; icon_color=&#8221;#7cda24&#8243; icon_placement=&#8221;left&#8221; _builder_version=&#8221;4.22.0&#8243; _module_preset=&#8221;default&#8221; header_font_size=&#8221;18px&#8221; global_colors_info=&#8221;{}&#8221;][\/et_pb_blurb][\/et_pb_column][et_pb_column type=&#8221;1_2&#8243; _builder_version=&#8221;4.16&#8243; _module_preset=&#8221;default&#8221; global_colors_info=&#8221;{}&#8221;][et_pb_blurb title=&#8221;Pojemno\u015b\u0107 magazynka: Standardowo od 15 do 20 sztuk palet w jednym stosie&#8221; use_icon=&#8221;on&#8221; font_icon=&#8221;&#x52;||divi||400&#8243; icon_color=&#8221;#7cda24&#8243; icon_placement=&#8221;left&#8221; _builder_version=&#8221;4.22.0&#8243; _module_preset=&#8221;default&#8221; header_font_size=&#8221;18px&#8221; global_colors_info=&#8221;{}&#8221;][\/et_pb_blurb][et_pb_blurb title=&#8221;Konstrukcja: Stabilna rama stalowa malowana proszkowo, przystosowana do pracy w trudnych warunkach przemys\u0142owych&#8221; use_icon=&#8221;on&#8221; font_icon=&#8221;&#x52;||divi||400&#8243; icon_color=&#8221;#7cda24&#8243; icon_placement=&#8221;left&#8221; _builder_version=&#8221;4.22.0&#8243; _module_preset=&#8221;default&#8221; header_font_size=&#8221;18px&#8221; global_colors_info=&#8221;{}&#8221;][\/et_pb_blurb][\/et_pb_column][\/et_pb_row][\/et_pb_section][et_pb_section fb_built=&#8221;1&#8243; _builder_version=&#8221;4.16&#8243; _module_preset=&#8221;default&#8221; global_colors_info=&#8221;{}&#8221;][et_pb_row _builder_version=&#8221;4.16&#8243; _module_preset=&#8221;default&#8221; width=&#8221;100%&#8221; global_colors_info=&#8221;{}&#8221;][et_pb_column type=&#8221;4_4&#8243; _builder_version=&#8221;4.16&#8243; _module_preset=&#8221;default&#8221; global_colors_info=&#8221;{}&#8221;][et_pb_text _builder_version=&#8221;4.22.0&#8243; _module_preset=&#8221;default&#8221; global_colors_info=&#8221;{}&#8221;]<\/p>\n<h2>Anwendung<\/h2>\n<p>[\/et_pb_text][\/et_pb_column][\/et_pb_row][et_pb_row column_structure=&#8221;1_2,1_2&#8243; _builder_version=&#8221;4.16&#8243; _module_preset=&#8221;default&#8221; width=&#8221;100%&#8221; global_colors_info=&#8221;{}&#8221;][et_pb_column type=&#8221;1_2&#8243; _builder_version=&#8221;4.16&#8243; _module_preset=&#8221;default&#8221; global_colors_info=&#8221;{}&#8221;][et_pb_blurb title=&#8221;Pocz\u0105tkowe sekcje zautomatyzowanych linii paletyzacji&#8221; use_icon=&#8221;on&#8221; font_icon=&#8221;&#x52;||divi||400&#8243; icon_color=&#8221;#7cda24&#8243; icon_placement=&#8221;left&#8221; _builder_version=&#8221;4.22.0&#8243; _module_preset=&#8221;default&#8221; header_font_size=&#8221;18px&#8221; global_colors_info=&#8221;{}&#8221;][\/et_pb_blurb][et_pb_blurb title=&#8221;Systemy automatycznego formowania jednostek \u0142adunkowych w przemy\u015ble spo\u017cywczym, chemicznym i budowlanym&#8221; use_icon=&#8221;on&#8221; font_icon=&#8221;&#x52;||divi||400&#8243; icon_color=&#8221;#7cda24&#8243; icon_placement=&#8221;left&#8221; _builder_version=&#8221;4.22.0&#8243; _module_preset=&#8221;default&#8221; header_font_size=&#8221;18px&#8221; global_colors_info=&#8221;{}&#8221;][\/et_pb_blurb][\/et_pb_column][et_pb_column type=&#8221;1_2&#8243; _builder_version=&#8221;4.16&#8243; _module_preset=&#8221;default&#8221; global_colors_info=&#8221;{}&#8221;][et_pb_blurb title=&#8221;Centra logistyczne i magazyny o wysokim stopniu rotacji towar\u00f3w&#8221; use_icon=&#8221;on&#8221; font_icon=&#8221;&#x52;||divi||400&#8243; icon_color=&#8221;#7cda24&#8243; icon_placement=&#8221;left&#8221; _builder_version=&#8221;4.22.0&#8243; _module_preset=&#8221;default&#8221; header_font_size=&#8221;18px&#8221; global_colors_info=&#8221;{}&#8221;][\/et_pb_blurb][\/et_pb_column][\/et_pb_row][\/et_pb_section][et_pb_section fb_built=&#8221;1&#8243; _builder_version=&#8221;4.16&#8243; _module_preset=&#8221;default&#8221; global_colors_info=&#8221;{}&#8221;][et_pb_row _builder_version=&#8221;4.16&#8243; _module_preset=&#8221;default&#8221; width=&#8221;100%&#8221; global_colors_info=&#8221;{}&#8221;][et_pb_column type=&#8221;4_4&#8243; _builder_version=&#8221;4.16&#8243; _module_preset=&#8221;default&#8221; global_colors_info=&#8221;{}&#8221;][et_pb_text _builder_version=&#8221;4.22.0&#8243; _module_preset=&#8221;default&#8221; global_colors_info=&#8221;{}&#8221;]<\/p>\n<h2>Der Einsatz eines automatischen Palettenzuf\u00fchrers ist eine Investition, die die Arbeitskultur deutlich verbessert, den Durchsatz der Produktionslinie erh\u00f6ht und die Betriebskosten des Unternehmens senkt.<\/h2>\n<p>[\/et_pb_text][\/et_pb_column][\/et_pb_row][\/et_pb_section]<\/p>","protected":false},"excerpt":{"rendered":"<p><strong>Automatisches Palettenlager<\/strong>\u00a0Der Palettenverteiler (auch Dispenser genannt) ist ein Schl\u00fcsselelement in der Automatisierung der innerbetrieblichen Logistik. Er dient der automatischen Ausgabe einzelner Paletten an eine Transport- oder Palettierlinie, wodurch die manuelle Palettenzuf\u00fchrung durch einen Bediener entf\u00e4llt.<\/p>\n<h4><strong>Funktionsprinzip:<\/strong><\/h4>\n<p>Das Ger\u00e4t lagert einen Palettenstapel vertikal. Dank eines integrierten Greifersystems (pneumatisch oder elektrisch) und eines Hebemechanismus hebt das Magazin den gesamten Stapel an, wobei die unterste Palette auf einem Rollenf\u00f6rderer verbleibt. Nachdem die Palette abgerollt ist, wird der Stapel abgesenkt und der Prozess f\u00fcr den n\u00e4chsten Zyklus vorbereitet. Das Ger\u00e4t kann auch im R\u00fcckw\u00e4rtsgang betrieben werden.\u00a0<strong>Stapler<\/strong>leere Paletten vom Flie\u00dfband aufnehmen und zu einem Stapel stapeln<\/p>","protected":false},"featured_media":1246,"comment_status":"open","ping_status":"closed","template":"","meta":{"_et_pb_use_builder":"on","_et_pb_old_content":"<strong>Automatyczny magazyn palet<\/strong>\u00a0(nazywany r\u00f3wnie\u017c dyspenserem) to kluczowe urz\u0105dzenie w procesie automatyzacji logistyki wewn\u0105trzzak\u0142adowej. S\u0142u\u017cy do zautomatyzowanego wydawania pojedynczych palet na lini\u0119 transportow\u0105 lub paletyzuj\u0105c\u0105, eliminuj\u0105c konieczno\u015b\u0107 r\u0119cznego podawania palet przez operatora.\r\n<h4><strong>Zasada dzia\u0142ania:<\/strong><\/h4>\r\nUrz\u0105dzenie przechowuje stos palet w pionowej kolumnie. Dzi\u0119ki zintegrowanemu systemowi chwytak\u00f3w (pneumatycznych lub elektrycznych) oraz mechanizmowi podnoszenia, magazyn unosi ca\u0142y stos, pozostawiaj\u0105c doln\u0105 palet\u0119 na transporterze rolkowym. Po odjechaniu palety, stos jest opuszczany, a proces przygotowany do kolejnego cyklu. Urz\u0105dzenie mo\u017ce r\u00f3wnie\u017c pracowa\u0107 w trybie rewersyjnym jako\u00a0<strong>sztapiarka<\/strong>, odbieraj\u0105c puste palety z linii i uk\u0142adaj\u0105c je w sto","_et_gb_content_width":"","inline_featured_image":false,"yasr_overall_rating":0,"yasr_post_is_review":"","yasr_auto_insert_disabled":"","yasr_review_type":""},"product_cat":[25],"product_tag":[64,65,66],"class_list":["post-1244","product","type-product","status-publish","has-post-thumbnail","hentry","product_cat-stacje-do-paletyzacji-i-roboty","product_tag-zmiana-kierunku-palet","product_tag-przenosnik-do-skretu-palet","product_tag-przenosnik-do-palet"],"yasr_visitor_votes":{"stars_attributes":{"read_only":false,"span_bottom":false},"number_of_votes":0,"sum_votes":0},"acf":[],"yoast_head":"<!-- This site is optimized with the Yoast SEO plugin v26.1.1 - https:\/\/yoast.com\/wordpress\/plugins\/seo\/ -->\n<title>Automatyczny Magazyn Palet - Pack Smart - Systemy pakowania<\/title>\n<meta name=\"robots\" content=\"index, follow, max-snippet:-1, max-image-preview:large, max-video-preview:-1\" \/>\n<link rel=\"canonical\" href=\"https:\/\/packsmart.com.pl\/de\/oferta\/stacje-do-paletyzacji-i-roboty\/automatyczny-magazyn-palet\/\" \/>\n<meta property=\"og:locale\" content=\"de_DE\" \/>\n<meta property=\"og:type\" content=\"article\" \/>\n<meta property=\"og:title\" content=\"Automatyczny Magazyn Palet - Pack Smart - Systemy pakowania\" \/>\n<meta property=\"og:description\" content=\"Automatyczny magazyn palet\u00a0(nazywany r\u00f3wnie\u017c dyspenserem) to kluczowe urz\u0105dzenie w procesie automatyzacji logistyki wewn\u0105trzzak\u0142adowej. S\u0142u\u017cy do zautomatyzowanego wydawania pojedynczych palet na lini\u0119 transportow\u0105 lub paletyzuj\u0105c\u0105, eliminuj\u0105c konieczno\u015b\u0107 r\u0119cznego podawania palet przez operatora. Zasada dzia\u0142ania: Urz\u0105dzenie przechowuje stos palet w pionowej kolumnie. Dzi\u0119ki zintegrowanemu systemowi chwytak\u00f3w (pneumatycznych lub elektrycznych) oraz mechanizmowi podnoszenia, magazyn unosi ca\u0142y stos, pozostawiaj\u0105c doln\u0105 palet\u0119 na transporterze rolkowym. Po odjechaniu palety, stos jest opuszczany, a proces przygotowany do kolejnego cyklu. Urz\u0105dzenie mo\u017ce r\u00f3wnie\u017c pracowa\u0107 w trybie rewersyjnym jako\u00a0sztapiarka, odbieraj\u0105c puste palety z linii i uk\u0142adaj\u0105c je w sto\" \/>\n<meta property=\"og:url\" content=\"https:\/\/packsmart.com.pl\/de\/oferta\/stacje-do-paletyzacji-i-roboty\/automatyczny-magazyn-palet\/\" \/>\n<meta property=\"og:site_name\" content=\"Pack Smart - Systemy pakowania\" \/>\n<meta property=\"article:publisher\" content=\"https:\/\/www.facebook.com\/p\/Pack-Smart-100089770293385\/?locale=pl_PL\" \/>\n<meta property=\"article:modified_time\" content=\"2026-01-18T12:49:45+00:00\" \/>\n<meta property=\"og:image\" content=\"https:\/\/packsmart.com.pl\/wp-content\/uploads\/2026\/01\/Podajnik_palet.png\" \/>\n\t<meta property=\"og:image:width\" content=\"1024\" \/>\n\t<meta property=\"og:image:height\" content=\"637\" \/>\n\t<meta property=\"og:image:type\" content=\"image\/png\" \/>\n<meta name=\"twitter:card\" content=\"summary_large_image\" \/>\n<meta name=\"twitter:label1\" content=\"Gesch\u00e4tzte Lesezeit\" \/>\n\t<meta name=\"twitter:data1\" content=\"2\u00a0Minuten\" \/>\n<script type=\"application\/ld+json\" class=\"yoast-schema-graph\">{\"@context\":\"https:\/\/schema.org\",\"@graph\":[{\"@type\":\"WebPage\",\"@id\":\"https:\/\/packsmart.com.pl\/oferta\/stacje-do-paletyzacji-i-roboty\/automatyczny-magazyn-palet\/\",\"url\":\"https:\/\/packsmart.com.pl\/oferta\/stacje-do-paletyzacji-i-roboty\/automatyczny-magazyn-palet\/\",\"name\":\"Automatyczny Magazyn Palet - Pack Smart - Systemy pakowania\",\"isPartOf\":{\"@id\":\"https:\/\/packsmart.com.pl\/#website\"},\"primaryImageOfPage\":{\"@id\":\"https:\/\/packsmart.com.pl\/oferta\/stacje-do-paletyzacji-i-roboty\/automatyczny-magazyn-palet\/#primaryimage\"},\"image\":{\"@id\":\"https:\/\/packsmart.com.pl\/oferta\/stacje-do-paletyzacji-i-roboty\/automatyczny-magazyn-palet\/#primaryimage\"},\"thumbnailUrl\":\"https:\/\/packsmart.com.pl\/wp-content\/uploads\/2026\/01\/Podajnik_palet.png\",\"datePublished\":\"2026-01-17T12:22:12+00:00\",\"dateModified\":\"2026-01-18T12:49:45+00:00\",\"breadcrumb\":{\"@id\":\"https:\/\/packsmart.com.pl\/oferta\/stacje-do-paletyzacji-i-roboty\/automatyczny-magazyn-palet\/#breadcrumb\"},\"inLanguage\":\"de\",\"potentialAction\":[{\"@type\":\"ReadAction\",\"target\":[\"https:\/\/packsmart.com.pl\/oferta\/stacje-do-paletyzacji-i-roboty\/automatyczny-magazyn-palet\/\"]}]},{\"@type\":\"ImageObject\",\"inLanguage\":\"de\",\"@id\":\"https:\/\/packsmart.com.pl\/oferta\/stacje-do-paletyzacji-i-roboty\/automatyczny-magazyn-palet\/#primaryimage\",\"url\":\"https:\/\/packsmart.com.pl\/wp-content\/uploads\/2026\/01\/Podajnik_palet.png\",\"contentUrl\":\"https:\/\/packsmart.com.pl\/wp-content\/uploads\/2026\/01\/Podajnik_palet.png\",\"width\":1024,\"height\":637,\"caption\":\"Automatyczny magazyn palet\"},{\"@type\":\"BreadcrumbList\",\"@id\":\"https:\/\/packsmart.com.pl\/oferta\/stacje-do-paletyzacji-i-roboty\/automatyczny-magazyn-palet\/#breadcrumb\",\"itemListElement\":[{\"@type\":\"ListItem\",\"position\":1,\"name\":\"Strona g\u0142\u00f3wna\",\"item\":\"https:\/\/packsmart.com.pl\/\"},{\"@type\":\"ListItem\",\"position\":2,\"name\":\"Produkty\",\"item\":\"https:\/\/packsmart.com.pl\/sklep\/\"},{\"@type\":\"ListItem\",\"position\":3,\"name\":\"Stacje do paletyzacji i roboty\",\"item\":\"https:\/\/packsmart.com.pl\/product-category\/stacje-do-paletyzacji-i-roboty\/\"},{\"@type\":\"ListItem\",\"position\":4,\"name\":\"Automatyczny Magazyn Palet\"}]},{\"@type\":\"WebSite\",\"@id\":\"https:\/\/packsmart.com.pl\/#website\",\"url\":\"https:\/\/packsmart.com.pl\/\",\"name\":\"Pack Smart - Systemy pakowania\",\"description\":\"\",\"publisher\":{\"@id\":\"https:\/\/packsmart.com.pl\/#organization\"},\"potentialAction\":[{\"@type\":\"SearchAction\",\"target\":{\"@type\":\"EntryPoint\",\"urlTemplate\":\"https:\/\/packsmart.com.pl\/?s={search_term_string}\"},\"query-input\":{\"@type\":\"PropertyValueSpecification\",\"valueRequired\":true,\"valueName\":\"search_term_string\"}}],\"inLanguage\":\"de\"},{\"@type\":\"Organization\",\"@id\":\"https:\/\/packsmart.com.pl\/#organization\",\"name\":\"Pack Smart\",\"url\":\"https:\/\/packsmart.com.pl\/\",\"logo\":{\"@type\":\"ImageObject\",\"inLanguage\":\"de\",\"@id\":\"https:\/\/packsmart.com.pl\/#\/schema\/logo\/image\/\",\"url\":\"https:\/\/packsmart.com.pl\/wp-content\/uploads\/2020\/11\/cropped-logo.png\",\"contentUrl\":\"https:\/\/packsmart.com.pl\/wp-content\/uploads\/2020\/11\/cropped-logo.png\",\"width\":512,\"height\":512,\"caption\":\"Pack Smart\"},\"image\":{\"@id\":\"https:\/\/packsmart.com.pl\/#\/schema\/logo\/image\/\"},\"sameAs\":[\"https:\/\/www.facebook.com\/p\/Pack-Smart-100089770293385\/?locale=pl_PL\"]},false]}<\/script>\n<!-- \/ Yoast SEO plugin. -->","yoast_head_json":{"title":"Automatyczny Magazyn Palet - Pack Smart - Systemy pakowania","robots":{"index":"index","follow":"follow","max-snippet":"max-snippet:-1","max-image-preview":"max-image-preview:large","max-video-preview":"max-video-preview:-1"},"canonical":"https:\/\/packsmart.com.pl\/de\/oferta\/stacje-do-paletyzacji-i-roboty\/automatyczny-magazyn-palet\/","og_locale":"de_DE","og_type":"article","og_title":"Automatyczny Magazyn Palet - Pack Smart - Systemy pakowania","og_description":"Automatyczny magazyn palet\u00a0(nazywany r\u00f3wnie\u017c dyspenserem) to kluczowe urz\u0105dzenie w procesie automatyzacji logistyki wewn\u0105trzzak\u0142adowej. S\u0142u\u017cy do zautomatyzowanego wydawania pojedynczych palet na lini\u0119 transportow\u0105 lub paletyzuj\u0105c\u0105, eliminuj\u0105c konieczno\u015b\u0107 r\u0119cznego podawania palet przez operatora. Zasada dzia\u0142ania: Urz\u0105dzenie przechowuje stos palet w pionowej kolumnie. Dzi\u0119ki zintegrowanemu systemowi chwytak\u00f3w (pneumatycznych lub elektrycznych) oraz mechanizmowi podnoszenia, magazyn unosi ca\u0142y stos, pozostawiaj\u0105c doln\u0105 palet\u0119 na transporterze rolkowym. Po odjechaniu palety, stos jest opuszczany, a proces przygotowany do kolejnego cyklu. Urz\u0105dzenie mo\u017ce r\u00f3wnie\u017c pracowa\u0107 w trybie rewersyjnym jako\u00a0sztapiarka, odbieraj\u0105c puste palety z linii i uk\u0142adaj\u0105c je w sto","og_url":"https:\/\/packsmart.com.pl\/de\/oferta\/stacje-do-paletyzacji-i-roboty\/automatyczny-magazyn-palet\/","og_site_name":"Pack Smart - Systemy pakowania","article_publisher":"https:\/\/www.facebook.com\/p\/Pack-Smart-100089770293385\/?locale=pl_PL","article_modified_time":"2026-01-18T12:49:45+00:00","og_image":[{"width":1024,"height":637,"url":"https:\/\/packsmart.com.pl\/wp-content\/uploads\/2026\/01\/Podajnik_palet.png","type":"image\/png"}],"twitter_card":"summary_large_image","twitter_misc":{"Gesch\u00e4tzte Lesezeit":"2\u00a0Minuten"},"schema":{"@context":"https:\/\/schema.org","@graph":[{"@type":"WebPage","@id":"https:\/\/packsmart.com.pl\/oferta\/stacje-do-paletyzacji-i-roboty\/automatyczny-magazyn-palet\/","url":"https:\/\/packsmart.com.pl\/oferta\/stacje-do-paletyzacji-i-roboty\/automatyczny-magazyn-palet\/","name":"Automatyczny Magazyn Palet - Pack Smart - Systemy pakowania","isPartOf":{"@id":"https:\/\/packsmart.com.pl\/#website"},"primaryImageOfPage":{"@id":"https:\/\/packsmart.com.pl\/oferta\/stacje-do-paletyzacji-i-roboty\/automatyczny-magazyn-palet\/#primaryimage"},"image":{"@id":"https:\/\/packsmart.com.pl\/oferta\/stacje-do-paletyzacji-i-roboty\/automatyczny-magazyn-palet\/#primaryimage"},"thumbnailUrl":"https:\/\/packsmart.com.pl\/wp-content\/uploads\/2026\/01\/Podajnik_palet.png","datePublished":"2026-01-17T12:22:12+00:00","dateModified":"2026-01-18T12:49:45+00:00","breadcrumb":{"@id":"https:\/\/packsmart.com.pl\/oferta\/stacje-do-paletyzacji-i-roboty\/automatyczny-magazyn-palet\/#breadcrumb"},"inLanguage":"de","potentialAction":[{"@type":"ReadAction","target":["https:\/\/packsmart.com.pl\/oferta\/stacje-do-paletyzacji-i-roboty\/automatyczny-magazyn-palet\/"]}]},{"@type":"ImageObject","inLanguage":"de","@id":"https:\/\/packsmart.com.pl\/oferta\/stacje-do-paletyzacji-i-roboty\/automatyczny-magazyn-palet\/#primaryimage","url":"https:\/\/packsmart.com.pl\/wp-content\/uploads\/2026\/01\/Podajnik_palet.png","contentUrl":"https:\/\/packsmart.com.pl\/wp-content\/uploads\/2026\/01\/Podajnik_palet.png","width":1024,"height":637,"caption":"Automatyczny magazyn palet"},{"@type":"BreadcrumbList","@id":"https:\/\/packsmart.com.pl\/oferta\/stacje-do-paletyzacji-i-roboty\/automatyczny-magazyn-palet\/#breadcrumb","itemListElement":[{"@type":"ListItem","position":1,"name":"Strona g\u0142\u00f3wna","item":"https:\/\/packsmart.com.pl\/"},{"@type":"ListItem","position":2,"name":"Produkty","item":"https:\/\/packsmart.com.pl\/sklep\/"},{"@type":"ListItem","position":3,"name":"Stacje do paletyzacji i roboty","item":"https:\/\/packsmart.com.pl\/product-category\/stacje-do-paletyzacji-i-roboty\/"},{"@type":"ListItem","position":4,"name":"Automatyczny Magazyn Palet"}]},{"@type":"WebSite","@id":"https:\/\/packsmart.com.pl\/#website","url":"https:\/\/packsmart.com.pl\/","name":"Pack Smart - Verpackungssysteme","description":"","publisher":{"@id":"https:\/\/packsmart.com.pl\/#organization"},"potentialAction":[{"@type":"SearchAction","target":{"@type":"EntryPoint","urlTemplate":"https:\/\/packsmart.com.pl\/?s={search_term_string}"},"query-input":{"@type":"PropertyValueSpecification","valueRequired":true,"valueName":"search_term_string"}}],"inLanguage":"de"},{"@type":"Organization","@id":"https:\/\/packsmart.com.pl\/#organization","name":"Clever packen","url":"https:\/\/packsmart.com.pl\/","logo":{"@type":"ImageObject","inLanguage":"de","@id":"https:\/\/packsmart.com.pl\/#\/schema\/logo\/image\/","url":"https:\/\/packsmart.com.pl\/wp-content\/uploads\/2020\/11\/cropped-logo.png","contentUrl":"https:\/\/packsmart.com.pl\/wp-content\/uploads\/2020\/11\/cropped-logo.png","width":512,"height":512,"caption":"Pack Smart"},"image":{"@id":"https:\/\/packsmart.com.pl\/#\/schema\/logo\/image\/"},"sameAs":["https:\/\/www.facebook.com\/p\/Pack-Smart-100089770293385\/?locale=pl_PL"]},false]}},"_links":{"self":[{"href":"https:\/\/packsmart.com.pl\/de\/wp-json\/wp\/v2\/product\/1244","targetHints":{"allow":["GET"]}}],"collection":[{"href":"https:\/\/packsmart.com.pl\/de\/wp-json\/wp\/v2\/product"}],"about":[{"href":"https:\/\/packsmart.com.pl\/de\/wp-json\/wp\/v2\/types\/product"}],"replies":[{"embeddable":true,"href":"https:\/\/packsmart.com.pl\/de\/wp-json\/wp\/v2\/comments?post=1244"}],"wp:featuredmedia":[{"embeddable":true,"href":"https:\/\/packsmart.com.pl\/de\/wp-json\/wp\/v2\/media\/1246"}],"wp:attachment":[{"href":"https:\/\/packsmart.com.pl\/de\/wp-json\/wp\/v2\/media?parent=1244"}],"wp:term":[{"taxonomy":"product_cat","embeddable":true,"href":"https:\/\/packsmart.com.pl\/de\/wp-json\/wp\/v2\/product_cat?post=1244"},{"taxonomy":"product_tag","embeddable":true,"href":"https:\/\/packsmart.com.pl\/de\/wp-json\/wp\/v2\/product_tag?post=1244"}],"curies":[{"name":"wp","href":"https:\/\/api.w.org\/{rel}","templated":true}]}}