{"id":1233,"date":"2026-01-14T20:55:39","date_gmt":"2026-01-14T19:55:39","guid":{"rendered":"https:\/\/packsmart.com.pl\/?post_type=product&#038;p=1233"},"modified":"2026-01-14T21:26:43","modified_gmt":"2026-01-14T20:26:43","slug":"przenosnik-lancuchowo-rolkowy-modul-zmiany-kierunku","status":"publish","type":"product","link":"https:\/\/packsmart.com.pl\/de\/oferta\/przenosniki-rolkowe\/przenosnik-lancuchowo-rolkowy-modul-zmiany-kierunku\/","title":{"rendered":"Kettenrollenf\u00f6rderer (Richtungs\u00e4nderungsmodul)"},"content":{"rendered":"<p>[et_pb_section fb_built=&#8221;1&#8243; _builder_version=&#8221;4.22.0&#8243; _module_preset=&#8221;default&#8221; global_colors_info=&#8221;{}&#8221;][et_pb_row _builder_version=&#8221;4.22.0&#8243; _module_preset=&#8221;default&#8221; width=&#8221;100%&#8221; global_colors_info=&#8221;{}&#8221;][et_pb_column type=&#8221;4_4&#8243; _builder_version=&#8221;4.16&#8243; _module_preset=&#8221;default&#8221; global_colors_info=&#8221;{}&#8221;][\/et_pb_column][\/et_pb_row][\/et_pb_section][et_pb_section fb_built=&#8221;1&#8243; _builder_version=&#8221;4.22.0&#8243; _module_preset=&#8221;default&#8221; global_colors_info=&#8221;{}&#8221;][et_pb_row _builder_version=&#8221;4.16&#8243; _module_preset=&#8221;default&#8221; width=&#8221;100%&#8221; global_colors_info=&#8221;{}&#8221;][et_pb_column type=&#8221;4_4&#8243; _builder_version=&#8221;4.16&#8243; _module_preset=&#8221;default&#8221; global_colors_info=&#8221;{}&#8221;][et_pb_text _builder_version=&#8221;4.22.0&#8243; _module_preset=&#8221;default&#8221; global_colors_info=&#8221;{}&#8221;]<\/p>\n<h2><strong>Hauptmerkmale und Vorteile<\/strong><\/h2>\n<p>[\/et_pb_text][\/et_pb_column][\/et_pb_row][et_pb_row column_structure=&#8221;1_2,1_2&#8243; _builder_version=&#8221;4.16&#8243; _module_preset=&#8221;default&#8221; width=&#8221;100%&#8221; global_colors_info=&#8221;{}&#8221;][et_pb_column type=&#8221;1_2&#8243; _builder_version=&#8221;4.16&#8243; _module_preset=&#8221;default&#8221; global_colors_info=&#8221;{}&#8221;][et_pb_blurb title=&#8221;Zmiana orientacji 90\u00b0: Umo\u017cliwia p\u0142ynne przej\u015bcie palety mi\u0119dzy liniami prostopad\u0142ymi bez konieczno\u015bci stosowania obrotnic mechanicznych.&#8221; use_icon=&#8221;on&#8221; font_icon=&#8221;&#x52;||divi||400&#8243; icon_color=&#8221;#7cda24&#8243; icon_placement=&#8221;left&#8221; _builder_version=&#8221;4.22.0&#8243; _module_preset=&#8221;default&#8221; header_font_size=&#8221;18px&#8221; global_colors_info=&#8221;{}&#8221;][\/et_pb_blurb][et_pb_blurb title=&#8221;Precyzyjny nap\u0119d: Zastosowanie wydajnych motoreduktor\u00f3w pozwala na pe\u0142n\u0105 synchronizacj\u0119 z pozosta\u0142ymi elementami systemu logistycznego&#8221; use_icon=&#8221;on&#8221; font_icon=&#8221;&#x52;||divi||400&#8243; icon_color=&#8221;#7cda24&#8243; icon_placement=&#8221;left&#8221; _builder_version=&#8221;4.22.0&#8243; _module_preset=&#8221;default&#8221; header_font_size=&#8221;18px&#8221; global_colors_info=&#8221;{}&#8221;][\/et_pb_blurb][et_pb_blurb title=&#8221;Bezpiecze\u0144stwo i automatyzacja: Mo\u017cliwo\u015b\u0107 wyposa\u017cenia w czujniki obecno\u015bci palety, bariery bezpiecze\u0144stwa oraz integracj\u0119 z systemami sterowania PLC.&#8221; use_icon=&#8221;on&#8221; font_icon=&#8221;&#x52;||divi||400&#8243; icon_color=&#8221;#7cda24&#8243; icon_placement=&#8221;left&#8221; _builder_version=&#8221;4.22.0&#8243; _module_preset=&#8221;default&#8221; header_font_size=&#8221;18px&#8221; global_colors_info=&#8221;{}&#8221;][\/et_pb_blurb][\/et_pb_column][et_pb_column type=&#8221;1_2&#8243; _builder_version=&#8221;4.16&#8243; _module_preset=&#8221;default&#8221; global_colors_info=&#8221;{}&#8221;][et_pb_blurb title=&#8221;Solidna konstrukcja: Wytrzyma\u0142a stalowa rama malowana proszkowo zapewnia sztywno\u015b\u0107 i trwa\u0142o\u015b\u0107 nawet przy transporcie ci\u0119\u017ckich palet typu EURO o masie do 1500 kg.&#8221; use_icon=&#8221;on&#8221; font_icon=&#8221;&#x52;||divi||400&#8243; icon_color=&#8221;#7cda24&#8243; icon_placement=&#8221;left&#8221; _builder_version=&#8221;4.22.0&#8243; _module_preset=&#8221;default&#8221; header_font_size=&#8221;18px&#8221; global_colors_info=&#8221;{}&#8221;][\/et_pb_blurb][et_pb_blurb title=&#8221;Uniwersalno\u015b\u0107: Idealny do pracy z paletami drewnianymi, plastikowymi oraz kontenerami typu Gitterbox.&#8221; use_icon=&#8221;on&#8221; font_icon=&#8221;&#x52;||divi||400&#8243; icon_color=&#8221;#7cda24&#8243; icon_placement=&#8221;left&#8221; _builder_version=&#8221;4.22.0&#8243; _module_preset=&#8221;default&#8221; header_font_size=&#8221;18px&#8221; global_colors_info=&#8221;{}&#8221;][\/et_pb_blurb][\/et_pb_column][\/et_pb_row][\/et_pb_section][et_pb_section fb_built=&#8221;1&#8243; _builder_version=&#8221;4.16&#8243; _module_preset=&#8221;default&#8221; global_colors_info=&#8221;{}&#8221;][et_pb_row _builder_version=&#8221;4.16&#8243; _module_preset=&#8221;default&#8221; width=&#8221;100%&#8221; global_colors_info=&#8221;{}&#8221;][et_pb_column type=&#8221;4_4&#8243; _builder_version=&#8221;4.16&#8243; _module_preset=&#8221;default&#8221; global_colors_info=&#8221;{}&#8221;][et_pb_text _builder_version=&#8221;4.22.0&#8243; _module_preset=&#8221;default&#8221; global_colors_info=&#8221;{}&#8221;]<\/p>\n<h2><strong>Anwendung<\/strong><\/h2>\n<p>[\/et_pb_text][\/et_pb_column][\/et_pb_row][et_pb_row column_structure=&#8221;1_2,1_2&#8243; _builder_version=&#8221;4.16&#8243; _module_preset=&#8221;default&#8221; width=&#8221;100%&#8221; global_colors_info=&#8221;{}&#8221;][et_pb_column type=&#8221;1_2&#8243; _builder_version=&#8221;4.16&#8243; _module_preset=&#8221;default&#8221; global_colors_info=&#8221;{}&#8221;][et_pb_blurb title=&#8221;Rozga\u0142\u0119zienia i skrzy\u017cowania w systemach transportu wewn\u0119trznego&#8221; use_icon=&#8221;on&#8221; font_icon=&#8221;&#x52;||divi||400&#8243; icon_color=&#8221;#7cda24&#8243; icon_placement=&#8221;left&#8221; _builder_version=&#8221;4.22.0&#8243; _module_preset=&#8221;default&#8221; header_font_size=&#8221;18px&#8221; global_colors_info=&#8221;{}&#8221;][\/et_pb_blurb][et_pb_blurb title=&#8221;Magazyny wysokiego sk\u0142adowania i centra logistyczne&#8221; use_icon=&#8221;on&#8221; font_icon=&#8221;&#x52;||divi||400&#8243; icon_color=&#8221;#7cda24&#8243; icon_placement=&#8221;left&#8221; _builder_version=&#8221;4.22.0&#8243; _module_preset=&#8221;default&#8221; header_font_size=&#8221;18px&#8221; global_colors_info=&#8221;{}&#8221;][\/et_pb_blurb][\/et_pb_column][et_pb_column type=&#8221;1_2&#8243; _builder_version=&#8221;4.16&#8243; _module_preset=&#8221;default&#8221; global_colors_info=&#8221;{}&#8221;][et_pb_blurb title=&#8221;Linie paletyzacji i depaletyzacji&#8221; use_icon=&#8221;on&#8221; font_icon=&#8221;&#x52;||divi||400&#8243; icon_color=&#8221;#7cda24&#8243; icon_placement=&#8221;left&#8221; _builder_version=&#8221;4.22.0&#8243; _module_preset=&#8221;default&#8221; header_font_size=&#8221;18px&#8221; global_colors_info=&#8221;{}&#8221;][\/et_pb_blurb][et_pb_blurb title=&#8221;Strefy przyj\u0119\u0107 i wyda\u0144 towaru, gdzie wymagana jest zmiana sposobu prowadzenia palety (p\u0142ozami do przodu \/ bokiem do przodu)&#8221; use_icon=&#8221;on&#8221; font_icon=&#8221;&#x52;||divi||400&#8243; icon_color=&#8221;#7cda24&#8243; icon_placement=&#8221;left&#8221; _builder_version=&#8221;4.22.0&#8243; _module_preset=&#8221;default&#8221; header_font_size=&#8221;18px&#8221; global_colors_info=&#8221;{}&#8221;][\/et_pb_blurb][\/et_pb_column][\/et_pb_row][\/et_pb_section][et_pb_section fb_built=&#8221;1&#8243; _builder_version=&#8221;4.16&#8243; _module_preset=&#8221;default&#8221; global_colors_info=&#8221;{}&#8221;][et_pb_row _builder_version=&#8221;4.16&#8243; _module_preset=&#8221;default&#8221; width=&#8221;100%&#8221; global_colors_info=&#8221;{}&#8221;][et_pb_column type=&#8221;4_4&#8243; _builder_version=&#8221;4.16&#8243; _module_preset=&#8221;default&#8221; global_colors_info=&#8221;{}&#8221;][et_pb_text _builder_version=&#8221;4.22.0&#8243; _module_preset=&#8221;default&#8221; global_colors_info=&#8221;{}&#8221;]<\/p>\n<h2>Diese Art von F\u00f6rderband ist ein wesentliches Glied in der modernen Intralogistik, das eine maximale Ausnutzung des Lagerraums und eine Optimierung des Produktionsablaufs erm\u00f6glicht.<\/h2>\n<p>[\/et_pb_text][\/et_pb_column][\/et_pb_row][\/et_pb_section]<\/p>","protected":false},"excerpt":{"rendered":"<p><strong>Kettenrollenf\u00f6rderer<\/strong>\u00a0ist eine fortschrittliche technologische L\u00f6sung, die speziell f\u00fcr den Einsatz in automatischen Palettenf\u00f6rderanlagen entwickelt wurde. Dieses Ger\u00e4t spielt eine Schl\u00fcsselrolle dort, wo\u00a0<strong>\u00c4nderung der Palettentransportrichtung um 90 Grad<\/strong>\u00a0und \u00c4nderung der Ausrichtung relativ zur Bewegungsrichtung (z. B. vom Transport entlang der Gleitschiene zum Transport quer zur Gleitschiene).<\/p>\n<h4><strong>Funktions- und Konstruktionsprinzip:<\/strong><\/h4>\n<p>Das Ger\u00e4t integriert zwei unabh\u00e4ngige Antriebssysteme in einem Geh\u00e4use:<\/p>\n<ol start=\"1\">\n<li><strong>Rollensystem:<\/strong>\u00a0Bestehend aus massiven, verzinkten Stahlrollen, die f\u00fcr die Bewegung der Palette in einer Achse verantwortlich sind.<\/li>\n<li><strong>Kettensystem:<\/strong>\u00a0Besteht aus mehreren Reihen robuster Transportketten, die zwischen Rollen angeordnet sind.<\/li>\n<\/ol>\n<p>Das Schl\u00fcsselelement ist der Hebemechanismus (\u00fcblicherweise pneumatisch oder per Nocken). Je nach Bedarf hebt eines der Systeme (Rollen oder Ketten) \u00fcber das andere, nimmt die Last auf und transportiert sie in die gew\u00fcnschte Richtung.<\/p>","protected":false},"featured_media":1235,"comment_status":"open","ping_status":"closed","template":"","meta":{"_et_pb_use_builder":"on","_et_pb_old_content":"<strong>Przeno\u015bnik \u0142a\u0144cuchowo-rolkowy<\/strong>\u00a0to zaawansowane rozwi\u0105zanie technologiczne dedykowane do pracy w automatycznych liniach transportu palet. Urz\u0105dzenie to pe\u0142ni kluczow\u0105 rol\u0119 w miejscach, gdzie konieczna jest\u00a0<strong>zmiana kierunku transportu palety o 90 stopni<\/strong>\u00a0oraz zmiana jej orientacji wzgl\u0119dem kierunku ruchu (np. z transportu wzd\u0142u\u017c p\u0142ozy na transport w poprzek p\u0142ozy).\r\n<h4><strong>Zasada dzia\u0142ania i konstrukcja:<\/strong><\/h4>\r\nUrz\u0105dzenie integruje w jednej ramie dwa niezale\u017cne systemy nap\u0119dowe:\r\n<ol start=\"1\">\r\n \t<li><strong>System rolkowy:<\/strong>\u00a0Sk\u0142adaj\u0105cy si\u0119 z solidnych, ocynkowanych rolek stalowych, kt\u00f3re odpowiadaj\u0105 za ruch palety w jednej osi.<\/li>\r\n \t<li><strong>System \u0142a\u0144cuchowy:<\/strong>\u00a0Sk\u0142adaj\u0105cy si\u0119 z kilku rz\u0119d\u00f3w wytrzyma\u0142ych \u0142a\u0144cuch\u00f3w transportowych, umieszczonych pomi\u0119dzy rolkami.<\/li>\r\n<\/ol>\r\nKluczowym elementem jest mechanizm podnoszenia (najcz\u0119\u015bciej pneumatyczny lub krzywkowy). W zale\u017cno\u015bci od potrzeby, jeden z uk\u0142ad\u00f3w (rolki lub \u0142a\u0144cuchy) unosi si\u0119 ponad drugi, przejmuj\u0105c \u0142adunek i transportuj\u0105c go w po\u017c\u0105danym kierunku.","_et_gb_content_width":"","inline_featured_image":false,"yasr_overall_rating":0,"yasr_post_is_review":"","yasr_auto_insert_disabled":"","yasr_review_type":""},"product_cat":[25,24],"product_tag":[64,65,66],"class_list":["post-1233","product","type-product","status-publish","has-post-thumbnail","hentry","product_cat-stacje-do-paletyzacji-i-roboty","product_cat-przenosniki-rolkowe","product_tag-zmiana-kierunku-palet","product_tag-przenosnik-do-skretu-palet","product_tag-przenosnik-do-palet"],"yasr_visitor_votes":{"stars_attributes":{"read_only":false,"span_bottom":false},"number_of_votes":0,"sum_votes":0},"acf":[],"yoast_head":"<!-- This site is optimized with the Yoast SEO plugin v26.1.1 - https:\/\/yoast.com\/wordpress\/plugins\/seo\/ -->\n<title>Przeno\u015bnik \u0141a\u0144cuchowo-Rolkowy (Modu\u0142 Zmiany Kierunku) - Pack Smart - Systemy pakowania<\/title>\n<meta name=\"robots\" content=\"index, follow, max-snippet:-1, max-image-preview:large, max-video-preview:-1\" \/>\n<link rel=\"canonical\" href=\"https:\/\/packsmart.com.pl\/de\/oferta\/przenosniki-rolkowe\/przenosnik-lancuchowo-rolkowy-modul-zmiany-kierunku\/\" \/>\n<meta property=\"og:locale\" content=\"de_DE\" \/>\n<meta property=\"og:type\" content=\"article\" \/>\n<meta property=\"og:title\" content=\"Przeno\u015bnik \u0141a\u0144cuchowo-Rolkowy (Modu\u0142 Zmiany Kierunku) - Pack Smart - Systemy pakowania\" \/>\n<meta property=\"og:description\" content=\"Przeno\u015bnik \u0142a\u0144cuchowo-rolkowy\u00a0to zaawansowane rozwi\u0105zanie technologiczne dedykowane do pracy w automatycznych liniach transportu palet. Urz\u0105dzenie to pe\u0142ni kluczow\u0105 rol\u0119 w miejscach, gdzie konieczna jest\u00a0zmiana kierunku transportu palety o 90 stopni\u00a0oraz zmiana jej orientacji wzgl\u0119dem kierunku ruchu (np. z transportu wzd\u0142u\u017c p\u0142ozy na transport w poprzek p\u0142ozy). Zasada dzia\u0142ania i konstrukcja: Urz\u0105dzenie integruje w jednej ramie dwa niezale\u017cne systemy nap\u0119dowe:   System rolkowy:\u00a0Sk\u0142adaj\u0105cy si\u0119 z solidnych, ocynkowanych rolek stalowych, kt\u00f3re odpowiadaj\u0105 za ruch palety w jednej osi.  System \u0142a\u0144cuchowy:\u00a0Sk\u0142adaj\u0105cy si\u0119 z kilku rz\u0119d\u00f3w wytrzyma\u0142ych \u0142a\u0144cuch\u00f3w transportowych, umieszczonych pomi\u0119dzy rolkami.  Kluczowym elementem jest mechanizm podnoszenia (najcz\u0119\u015bciej pneumatyczny lub krzywkowy). W zale\u017cno\u015bci od potrzeby, jeden z uk\u0142ad\u00f3w (rolki lub \u0142a\u0144cuchy) unosi si\u0119 ponad drugi, przejmuj\u0105c \u0142adunek i transportuj\u0105c go w po\u017c\u0105danym kierunku.\" \/>\n<meta property=\"og:url\" content=\"https:\/\/packsmart.com.pl\/de\/oferta\/przenosniki-rolkowe\/przenosnik-lancuchowo-rolkowy-modul-zmiany-kierunku\/\" \/>\n<meta property=\"og:site_name\" content=\"Pack Smart - Systemy pakowania\" \/>\n<meta property=\"article:publisher\" content=\"https:\/\/www.facebook.com\/p\/Pack-Smart-100089770293385\/?locale=pl_PL\" \/>\n<meta property=\"article:modified_time\" content=\"2026-01-14T20:26:43+00:00\" \/>\n<meta property=\"og:image\" content=\"https:\/\/packsmart.com.pl\/wp-content\/uploads\/2026\/01\/Przenosnik_lancuchowo_rolkowy.png\" \/>\n\t<meta property=\"og:image:width\" content=\"992\" \/>\n\t<meta property=\"og:image:height\" content=\"955\" \/>\n\t<meta property=\"og:image:type\" content=\"image\/png\" \/>\n<meta name=\"twitter:card\" content=\"summary_large_image\" \/>\n<meta name=\"twitter:label1\" content=\"Gesch\u00e4tzte Lesezeit\" \/>\n\t<meta name=\"twitter:data1\" content=\"2\u00a0Minuten\" \/>\n<script type=\"application\/ld+json\" class=\"yoast-schema-graph\">{\"@context\":\"https:\/\/schema.org\",\"@graph\":[{\"@type\":\"WebPage\",\"@id\":\"https:\/\/packsmart.com.pl\/oferta\/przenosniki-rolkowe\/przenosnik-lancuchowo-rolkowy-modul-zmiany-kierunku\/\",\"url\":\"https:\/\/packsmart.com.pl\/oferta\/przenosniki-rolkowe\/przenosnik-lancuchowo-rolkowy-modul-zmiany-kierunku\/\",\"name\":\"Przeno\u015bnik \u0141a\u0144cuchowo-Rolkowy (Modu\u0142 Zmiany Kierunku) - Pack Smart - Systemy pakowania\",\"isPartOf\":{\"@id\":\"https:\/\/packsmart.com.pl\/#website\"},\"primaryImageOfPage\":{\"@id\":\"https:\/\/packsmart.com.pl\/oferta\/przenosniki-rolkowe\/przenosnik-lancuchowo-rolkowy-modul-zmiany-kierunku\/#primaryimage\"},\"image\":{\"@id\":\"https:\/\/packsmart.com.pl\/oferta\/przenosniki-rolkowe\/przenosnik-lancuchowo-rolkowy-modul-zmiany-kierunku\/#primaryimage\"},\"thumbnailUrl\":\"https:\/\/packsmart.com.pl\/wp-content\/uploads\/2026\/01\/Przenosnik_lancuchowo_rolkowy.png\",\"datePublished\":\"2026-01-14T19:55:39+00:00\",\"dateModified\":\"2026-01-14T20:26:43+00:00\",\"breadcrumb\":{\"@id\":\"https:\/\/packsmart.com.pl\/oferta\/przenosniki-rolkowe\/przenosnik-lancuchowo-rolkowy-modul-zmiany-kierunku\/#breadcrumb\"},\"inLanguage\":\"de\",\"potentialAction\":[{\"@type\":\"ReadAction\",\"target\":[\"https:\/\/packsmart.com.pl\/oferta\/przenosniki-rolkowe\/przenosnik-lancuchowo-rolkowy-modul-zmiany-kierunku\/\"]}]},{\"@type\":\"ImageObject\",\"inLanguage\":\"de\",\"@id\":\"https:\/\/packsmart.com.pl\/oferta\/przenosniki-rolkowe\/przenosnik-lancuchowo-rolkowy-modul-zmiany-kierunku\/#primaryimage\",\"url\":\"https:\/\/packsmart.com.pl\/wp-content\/uploads\/2026\/01\/Przenosnik_lancuchowo_rolkowy.png\",\"contentUrl\":\"https:\/\/packsmart.com.pl\/wp-content\/uploads\/2026\/01\/Przenosnik_lancuchowo_rolkowy.png\",\"width\":992,\"height\":955,\"caption\":\"Przeno\u015bnik do palet do zmiany kierunku\"},{\"@type\":\"BreadcrumbList\",\"@id\":\"https:\/\/packsmart.com.pl\/oferta\/przenosniki-rolkowe\/przenosnik-lancuchowo-rolkowy-modul-zmiany-kierunku\/#breadcrumb\",\"itemListElement\":[{\"@type\":\"ListItem\",\"position\":1,\"name\":\"Strona g\u0142\u00f3wna\",\"item\":\"https:\/\/packsmart.com.pl\/\"},{\"@type\":\"ListItem\",\"position\":2,\"name\":\"Produkty\",\"item\":\"https:\/\/packsmart.com.pl\/sklep\/\"},{\"@type\":\"ListItem\",\"position\":3,\"name\":\"Przeno\u015bniki rolkowe\",\"item\":\"https:\/\/packsmart.com.pl\/product-category\/przenosniki-rolkowe\/\"},{\"@type\":\"ListItem\",\"position\":4,\"name\":\"Przeno\u015bnik \u0141a\u0144cuchowo-Rolkowy (Modu\u0142 Zmiany Kierunku)\"}]},{\"@type\":\"WebSite\",\"@id\":\"https:\/\/packsmart.com.pl\/#website\",\"url\":\"https:\/\/packsmart.com.pl\/\",\"name\":\"Pack Smart - Systemy pakowania\",\"description\":\"\",\"publisher\":{\"@id\":\"https:\/\/packsmart.com.pl\/#organization\"},\"potentialAction\":[{\"@type\":\"SearchAction\",\"target\":{\"@type\":\"EntryPoint\",\"urlTemplate\":\"https:\/\/packsmart.com.pl\/?s={search_term_string}\"},\"query-input\":{\"@type\":\"PropertyValueSpecification\",\"valueRequired\":true,\"valueName\":\"search_term_string\"}}],\"inLanguage\":\"de\"},{\"@type\":\"Organization\",\"@id\":\"https:\/\/packsmart.com.pl\/#organization\",\"name\":\"Pack Smart\",\"url\":\"https:\/\/packsmart.com.pl\/\",\"logo\":{\"@type\":\"ImageObject\",\"inLanguage\":\"de\",\"@id\":\"https:\/\/packsmart.com.pl\/#\/schema\/logo\/image\/\",\"url\":\"https:\/\/packsmart.com.pl\/wp-content\/uploads\/2020\/11\/cropped-logo.png\",\"contentUrl\":\"https:\/\/packsmart.com.pl\/wp-content\/uploads\/2020\/11\/cropped-logo.png\",\"width\":512,\"height\":512,\"caption\":\"Pack Smart\"},\"image\":{\"@id\":\"https:\/\/packsmart.com.pl\/#\/schema\/logo\/image\/\"},\"sameAs\":[\"https:\/\/www.facebook.com\/p\/Pack-Smart-100089770293385\/?locale=pl_PL\"]},false]}<\/script>\n<!-- \/ Yoast SEO plugin. -->","yoast_head_json":{"title":"Przeno\u015bnik \u0141a\u0144cuchowo-Rolkowy (Modu\u0142 Zmiany Kierunku) - Pack Smart - Systemy pakowania","robots":{"index":"index","follow":"follow","max-snippet":"max-snippet:-1","max-image-preview":"max-image-preview:large","max-video-preview":"max-video-preview:-1"},"canonical":"https:\/\/packsmart.com.pl\/de\/oferta\/przenosniki-rolkowe\/przenosnik-lancuchowo-rolkowy-modul-zmiany-kierunku\/","og_locale":"de_DE","og_type":"article","og_title":"Przeno\u015bnik \u0141a\u0144cuchowo-Rolkowy (Modu\u0142 Zmiany Kierunku) - Pack Smart - Systemy pakowania","og_description":"Przeno\u015bnik \u0142a\u0144cuchowo-rolkowy\u00a0to zaawansowane rozwi\u0105zanie technologiczne dedykowane do pracy w automatycznych liniach transportu palet. Urz\u0105dzenie to pe\u0142ni kluczow\u0105 rol\u0119 w miejscach, gdzie konieczna jest\u00a0zmiana kierunku transportu palety o 90 stopni\u00a0oraz zmiana jej orientacji wzgl\u0119dem kierunku ruchu (np. z transportu wzd\u0142u\u017c p\u0142ozy na transport w poprzek p\u0142ozy). Zasada dzia\u0142ania i konstrukcja: Urz\u0105dzenie integruje w jednej ramie dwa niezale\u017cne systemy nap\u0119dowe:   System rolkowy:\u00a0Sk\u0142adaj\u0105cy si\u0119 z solidnych, ocynkowanych rolek stalowych, kt\u00f3re odpowiadaj\u0105 za ruch palety w jednej osi.  System \u0142a\u0144cuchowy:\u00a0Sk\u0142adaj\u0105cy si\u0119 z kilku rz\u0119d\u00f3w wytrzyma\u0142ych \u0142a\u0144cuch\u00f3w transportowych, umieszczonych pomi\u0119dzy rolkami.  Kluczowym elementem jest mechanizm podnoszenia (najcz\u0119\u015bciej pneumatyczny lub krzywkowy). W zale\u017cno\u015bci od potrzeby, jeden z uk\u0142ad\u00f3w (rolki lub \u0142a\u0144cuchy) unosi si\u0119 ponad drugi, przejmuj\u0105c \u0142adunek i transportuj\u0105c go w po\u017c\u0105danym kierunku.","og_url":"https:\/\/packsmart.com.pl\/de\/oferta\/przenosniki-rolkowe\/przenosnik-lancuchowo-rolkowy-modul-zmiany-kierunku\/","og_site_name":"Pack Smart - Systemy pakowania","article_publisher":"https:\/\/www.facebook.com\/p\/Pack-Smart-100089770293385\/?locale=pl_PL","article_modified_time":"2026-01-14T20:26:43+00:00","og_image":[{"width":992,"height":955,"url":"https:\/\/packsmart.com.pl\/wp-content\/uploads\/2026\/01\/Przenosnik_lancuchowo_rolkowy.png","type":"image\/png"}],"twitter_card":"summary_large_image","twitter_misc":{"Gesch\u00e4tzte Lesezeit":"2\u00a0Minuten"},"schema":{"@context":"https:\/\/schema.org","@graph":[{"@type":"WebPage","@id":"https:\/\/packsmart.com.pl\/oferta\/przenosniki-rolkowe\/przenosnik-lancuchowo-rolkowy-modul-zmiany-kierunku\/","url":"https:\/\/packsmart.com.pl\/oferta\/przenosniki-rolkowe\/przenosnik-lancuchowo-rolkowy-modul-zmiany-kierunku\/","name":"Przeno\u015bnik \u0141a\u0144cuchowo-Rolkowy (Modu\u0142 Zmiany Kierunku) - Pack Smart - Systemy pakowania","isPartOf":{"@id":"https:\/\/packsmart.com.pl\/#website"},"primaryImageOfPage":{"@id":"https:\/\/packsmart.com.pl\/oferta\/przenosniki-rolkowe\/przenosnik-lancuchowo-rolkowy-modul-zmiany-kierunku\/#primaryimage"},"image":{"@id":"https:\/\/packsmart.com.pl\/oferta\/przenosniki-rolkowe\/przenosnik-lancuchowo-rolkowy-modul-zmiany-kierunku\/#primaryimage"},"thumbnailUrl":"https:\/\/packsmart.com.pl\/wp-content\/uploads\/2026\/01\/Przenosnik_lancuchowo_rolkowy.png","datePublished":"2026-01-14T19:55:39+00:00","dateModified":"2026-01-14T20:26:43+00:00","breadcrumb":{"@id":"https:\/\/packsmart.com.pl\/oferta\/przenosniki-rolkowe\/przenosnik-lancuchowo-rolkowy-modul-zmiany-kierunku\/#breadcrumb"},"inLanguage":"de","potentialAction":[{"@type":"ReadAction","target":["https:\/\/packsmart.com.pl\/oferta\/przenosniki-rolkowe\/przenosnik-lancuchowo-rolkowy-modul-zmiany-kierunku\/"]}]},{"@type":"ImageObject","inLanguage":"de","@id":"https:\/\/packsmart.com.pl\/oferta\/przenosniki-rolkowe\/przenosnik-lancuchowo-rolkowy-modul-zmiany-kierunku\/#primaryimage","url":"https:\/\/packsmart.com.pl\/wp-content\/uploads\/2026\/01\/Przenosnik_lancuchowo_rolkowy.png","contentUrl":"https:\/\/packsmart.com.pl\/wp-content\/uploads\/2026\/01\/Przenosnik_lancuchowo_rolkowy.png","width":992,"height":955,"caption":"Przeno\u015bnik do palet do zmiany kierunku"},{"@type":"BreadcrumbList","@id":"https:\/\/packsmart.com.pl\/oferta\/przenosniki-rolkowe\/przenosnik-lancuchowo-rolkowy-modul-zmiany-kierunku\/#breadcrumb","itemListElement":[{"@type":"ListItem","position":1,"name":"Strona g\u0142\u00f3wna","item":"https:\/\/packsmart.com.pl\/"},{"@type":"ListItem","position":2,"name":"Produkty","item":"https:\/\/packsmart.com.pl\/sklep\/"},{"@type":"ListItem","position":3,"name":"Przeno\u015bniki rolkowe","item":"https:\/\/packsmart.com.pl\/product-category\/przenosniki-rolkowe\/"},{"@type":"ListItem","position":4,"name":"Przeno\u015bnik \u0141a\u0144cuchowo-Rolkowy (Modu\u0142 Zmiany Kierunku)"}]},{"@type":"WebSite","@id":"https:\/\/packsmart.com.pl\/#website","url":"https:\/\/packsmart.com.pl\/","name":"Pack Smart - Verpackungssysteme","description":"","publisher":{"@id":"https:\/\/packsmart.com.pl\/#organization"},"potentialAction":[{"@type":"SearchAction","target":{"@type":"EntryPoint","urlTemplate":"https:\/\/packsmart.com.pl\/?s={search_term_string}"},"query-input":{"@type":"PropertyValueSpecification","valueRequired":true,"valueName":"search_term_string"}}],"inLanguage":"de"},{"@type":"Organization","@id":"https:\/\/packsmart.com.pl\/#organization","name":"Clever packen","url":"https:\/\/packsmart.com.pl\/","logo":{"@type":"ImageObject","inLanguage":"de","@id":"https:\/\/packsmart.com.pl\/#\/schema\/logo\/image\/","url":"https:\/\/packsmart.com.pl\/wp-content\/uploads\/2020\/11\/cropped-logo.png","contentUrl":"https:\/\/packsmart.com.pl\/wp-content\/uploads\/2020\/11\/cropped-logo.png","width":512,"height":512,"caption":"Pack Smart"},"image":{"@id":"https:\/\/packsmart.com.pl\/#\/schema\/logo\/image\/"},"sameAs":["https:\/\/www.facebook.com\/p\/Pack-Smart-100089770293385\/?locale=pl_PL"]},false]}},"_links":{"self":[{"href":"https:\/\/packsmart.com.pl\/de\/wp-json\/wp\/v2\/product\/1233","targetHints":{"allow":["GET"]}}],"collection":[{"href":"https:\/\/packsmart.com.pl\/de\/wp-json\/wp\/v2\/product"}],"about":[{"href":"https:\/\/packsmart.com.pl\/de\/wp-json\/wp\/v2\/types\/product"}],"replies":[{"embeddable":true,"href":"https:\/\/packsmart.com.pl\/de\/wp-json\/wp\/v2\/comments?post=1233"}],"wp:featuredmedia":[{"embeddable":true,"href":"https:\/\/packsmart.com.pl\/de\/wp-json\/wp\/v2\/media\/1235"}],"wp:attachment":[{"href":"https:\/\/packsmart.com.pl\/de\/wp-json\/wp\/v2\/media?parent=1233"}],"wp:term":[{"taxonomy":"product_cat","embeddable":true,"href":"https:\/\/packsmart.com.pl\/de\/wp-json\/wp\/v2\/product_cat?post=1233"},{"taxonomy":"product_tag","embeddable":true,"href":"https:\/\/packsmart.com.pl\/de\/wp-json\/wp\/v2\/product_tag?post=1233"}],"curies":[{"name":"wp","href":"https:\/\/api.w.org\/{rel}","templated":true}]}}