{"id":1171,"date":"2025-12-04T18:36:22","date_gmt":"2025-12-04T17:36:22","guid":{"rendered":"https:\/\/packsmart.com.pl\/?post_type=product&#038;p=1171"},"modified":"2025-12-04T18:57:22","modified_gmt":"2025-12-04T17:57:22","slug":"przenosnik-elastyczny-rolkowy-fr-50","status":"publish","type":"product","link":"https:\/\/packsmart.com.pl\/de\/oferta\/przenosniki-rolkowe\/przenosnik-elastyczny-rolkowy-fr-50\/","title":{"rendered":"Flexible Rollenbahn FR 50"},"content":{"rendered":"<p>[et_pb_section fb_built=&#8221;1&#8243; _builder_version=&#8221;4.16&#8243; _module_preset=&#8221;default&#8221; global_colors_info=&#8221;{}&#8221;][et_pb_row _builder_version=&#8221;4.16&#8243; _module_preset=&#8221;default&#8221; width=&#8221;100%&#8221; global_colors_info=&#8221;{}&#8221;][et_pb_column type=&#8221;4_4&#8243; _builder_version=&#8221;4.16&#8243; _module_preset=&#8221;default&#8221; global_colors_info=&#8221;{}&#8221;][et_pb_text _builder_version=&#8221;4.22.0&#8243; _module_preset=&#8221;default&#8221; hover_enabled=&#8221;0&#8243; global_colors_info=&#8221;{}&#8221; sticky_enabled=&#8221;0&#8243;]<\/p>\n<h2>Technische Daten<\/h2>\n<p>[\/et_pb_text][\/et_pb_column][\/et_pb_row][et_pb_row column_structure=&#8221;1_2,1_2&#8243; _builder_version=&#8221;4.16&#8243; _module_preset=&#8221;default&#8221; width=&#8221;100%&#8221; global_colors_info=&#8221;{}&#8221;][et_pb_column type=&#8221;1_2&#8243; _builder_version=&#8221;4.16&#8243; _module_preset=&#8221;default&#8221; global_colors_info=&#8221;{}&#8221;][et_pb_blurb title=&#8221;Transporter elastyczny z rolkami plastikowymi lub rolkami metalowymi&#8221; use_icon=&#8221;on&#8221; font_icon=&#8221;&#x52;||divi||400&#8243; icon_color=&#8221;#7cda24&#8243; icon_placement=&#8221;left&#8221; _builder_version=&#8221;4.22.0&#8243; _module_preset=&#8221;default&#8221; header_font_size=&#8221;18px&#8221; hover_enabled=&#8221;0&#8243; global_colors_info=&#8221;{}&#8221; sticky_enabled=&#8221;0&#8243;][\/et_pb_blurb][et_pb_blurb title=&#8221;D\u0142ugo\u015b\u0107: od 300 do 1 500 mm&#8221; use_icon=&#8221;on&#8221; font_icon=&#8221;&#x52;||divi||400&#8243; icon_color=&#8221;#7cda24&#8243; icon_placement=&#8221;left&#8221; _builder_version=&#8221;4.22.0&#8243; _module_preset=&#8221;default&#8221; header_font_size=&#8221;18px&#8221; hover_enabled=&#8221;0&#8243; global_colors_info=&#8221;{}&#8221; sticky_enabled=&#8221;0&#8243;][\/et_pb_blurb][et_pb_blurb title=&#8221;Szeroko\u015b\u0107 transportera: 500 mm&#8221; use_icon=&#8221;on&#8221; font_icon=&#8221;&#x52;||divi||400&#8243; icon_color=&#8221;#7cda24&#8243; icon_placement=&#8221;left&#8221; _builder_version=&#8221;4.22.0&#8243; _module_preset=&#8221;default&#8221; header_font_size=&#8221;18px&#8221; hover_enabled=&#8221;0&#8243; global_colors_info=&#8221;{}&#8221; sticky_enabled=&#8221;0&#8243;][\/et_pb_blurb][et_pb_blurb title=&#8221;Mo\u017cliwo\u015b\u0107 regulowania wysoko\u015bci:  710-950 mm&#8221; use_icon=&#8221;on&#8221; font_icon=&#8221;&#x52;||divi||400&#8243; icon_color=&#8221;#7cda24&#8243; icon_placement=&#8221;left&#8221; _builder_version=&#8221;4.22.0&#8243; _module_preset=&#8221;default&#8221; header_font_size=&#8221;18px&#8221; hover_enabled=&#8221;0&#8243; global_colors_info=&#8221;{}&#8221; sticky_enabled=&#8221;0&#8243;][\/et_pb_blurb][\/et_pb_column][et_pb_column type=&#8221;1_2&#8243; _builder_version=&#8221;4.16&#8243; _module_preset=&#8221;default&#8221; global_colors_info=&#8221;{}&#8221;][et_pb_blurb title=&#8221;Ka\u017cde k\u00f3\u0142ko jezdne wyposa\u017cone w hamulec&#8221; use_icon=&#8221;on&#8221; font_icon=&#8221;&#x52;||divi||400&#8243; icon_color=&#8221;#7cda24&#8243; icon_placement=&#8221;left&#8221; _builder_version=&#8221;4.22.0&#8243; _module_preset=&#8221;default&#8221; header_font_size=&#8221;18px&#8221; hover_enabled=&#8221;0&#8243; global_colors_info=&#8221;{}&#8221; sticky_enabled=&#8221;0&#8243;][\/et_pb_blurb][et_pb_blurb title=&#8221;Elastyczna budowa, mo\u017cliwo\u015b\u0107 zakr\u0119cenia&#8221; use_icon=&#8221;on&#8221; font_icon=&#8221;&#x52;||divi||400&#8243; icon_color=&#8221;#7cda24&#8243; icon_placement=&#8221;left&#8221; _builder_version=&#8221;4.22.0&#8243; _module_preset=&#8221;default&#8221; header_font_size=&#8221;18px&#8221; hover_enabled=&#8221;0&#8243; global_colors_info=&#8221;{}&#8221; sticky_enabled=&#8221;0&#8243;][\/et_pb_blurb][et_pb_blurb title=&#8221;Grawitacyjne przenoszenie \u0142adunku&#8221; use_icon=&#8221;on&#8221; font_icon=&#8221;&#x52;||divi||400&#8243; icon_color=&#8221;#7cda24&#8243; icon_placement=&#8221;left&#8221; _builder_version=&#8221;4.22.0&#8243; _module_preset=&#8221;default&#8221; header_font_size=&#8221;18px&#8221; hover_enabled=&#8221;0&#8243; global_colors_info=&#8221;{}&#8221; sticky_enabled=&#8221;0&#8243;][\/et_pb_blurb][et_pb_blurb title=&#8221;\u0141adowno\u015b\u0107 : 60 Kg\/m&#8221; use_icon=&#8221;on&#8221; font_icon=&#8221;&#x52;||divi||400&#8243; icon_color=&#8221;#7cda24&#8243; icon_placement=&#8221;left&#8221; _builder_version=&#8221;4.22.0&#8243; _module_preset=&#8221;default&#8221; header_font_size=&#8221;18px&#8221; hover_enabled=&#8221;0&#8243; global_colors_info=&#8221;{}&#8221; sticky_enabled=&#8221;0&#8243;][\/et_pb_blurb][\/et_pb_column][\/et_pb_row][\/et_pb_section]<\/p>","protected":false},"excerpt":{"rendered":"<p>Ein Ziehharmonika-Rollenf\u00f6rderer dient zum Transport von Kartons mithilfe der Schwerkraft. Er wird meist am Ende einer Linie eingesetzt, um fertige Produkte auf einer Palette abzulegen.<\/p>","protected":false},"featured_media":1177,"comment_status":"open","ping_status":"closed","template":"","meta":{"_et_pb_use_builder":"on","_et_pb_old_content":"","_et_gb_content_width":"","inline_featured_image":false,"yasr_overall_rating":0,"yasr_post_is_review":"","yasr_auto_insert_disabled":"","yasr_review_type":""},"product_cat":[24],"product_tag":[],"class_list":["post-1171","product","type-product","status-publish","has-post-thumbnail","hentry","product_cat-przenosniki-rolkowe"],"yasr_visitor_votes":{"stars_attributes":{"read_only":false,"span_bottom":false},"number_of_votes":0,"sum_votes":0},"acf":[],"yoast_head":"<!-- This site is optimized with the Yoast SEO plugin v26.1.1 - https:\/\/yoast.com\/wordpress\/plugins\/seo\/ -->\n<title>Przeno\u015bnik elastyczny rolkowy FR 50 - Pack Smart - Systemy pakowania<\/title>\n<meta name=\"description\" content=\"Przeno\u015bnik rolkowy grawitacyjny, s\u0142u\u017cy do przenoszenia \u0142adunk\u00f3w. Mo\u017ce by\u0107 wykorzystany na ko\u0144cu linii w celu gromadzania karton\u00f3w.\" \/>\n<meta name=\"robots\" content=\"index, follow, max-snippet:-1, max-image-preview:large, max-video-preview:-1\" \/>\n<link rel=\"canonical\" href=\"https:\/\/packsmart.com.pl\/de\/oferta\/przenosniki-rolkowe\/przenosnik-elastyczny-rolkowy-fr-50\/\" \/>\n<meta property=\"og:locale\" content=\"de_DE\" \/>\n<meta property=\"og:type\" content=\"article\" \/>\n<meta property=\"og:title\" content=\"Przeno\u015bnik elastyczny rolkowy FR 50 - Pack Smart - Systemy pakowania\" \/>\n<meta property=\"og:description\" content=\"Przeno\u015bnik rolkowy grawitacyjny, s\u0142u\u017cy do przenoszenia \u0142adunk\u00f3w. Mo\u017ce by\u0107 wykorzystany na ko\u0144cu linii w celu gromadzania karton\u00f3w.\" \/>\n<meta property=\"og:url\" content=\"https:\/\/packsmart.com.pl\/de\/oferta\/przenosniki-rolkowe\/przenosnik-elastyczny-rolkowy-fr-50\/\" \/>\n<meta property=\"og:site_name\" content=\"Pack Smart - Systemy pakowania\" \/>\n<meta property=\"article:publisher\" content=\"https:\/\/www.facebook.com\/p\/Pack-Smart-100089770293385\/?locale=pl_PL\" \/>\n<meta property=\"article:modified_time\" content=\"2025-12-04T17:57:22+00:00\" \/>\n<meta property=\"og:image\" content=\"https:\/\/packsmart.com.pl\/wp-content\/uploads\/2025\/12\/Przenosnik-rolkowy-1024x683.png\" \/>\n\t<meta property=\"og:image:width\" content=\"1024\" \/>\n\t<meta property=\"og:image:height\" content=\"683\" \/>\n\t<meta property=\"og:image:type\" content=\"image\/png\" \/>\n<meta name=\"twitter:card\" content=\"summary_large_image\" \/>\n<meta name=\"twitter:label1\" content=\"Gesch\u00e4tzte Lesezeit\" \/>\n\t<meta name=\"twitter:data1\" content=\"1\u00a0Minute\" \/>\n<script type=\"application\/ld+json\" class=\"yoast-schema-graph\">{\"@context\":\"https:\/\/schema.org\",\"@graph\":[{\"@type\":\"WebPage\",\"@id\":\"https:\/\/packsmart.com.pl\/oferta\/przenosniki-rolkowe\/przenosnik-elastyczny-rolkowy-fr-50\/\",\"url\":\"https:\/\/packsmart.com.pl\/oferta\/przenosniki-rolkowe\/przenosnik-elastyczny-rolkowy-fr-50\/\",\"name\":\"Przeno\u015bnik elastyczny rolkowy FR 50 - Pack Smart - Systemy pakowania\",\"isPartOf\":{\"@id\":\"https:\/\/packsmart.com.pl\/#website\"},\"primaryImageOfPage\":{\"@id\":\"https:\/\/packsmart.com.pl\/oferta\/przenosniki-rolkowe\/przenosnik-elastyczny-rolkowy-fr-50\/#primaryimage\"},\"image\":{\"@id\":\"https:\/\/packsmart.com.pl\/oferta\/przenosniki-rolkowe\/przenosnik-elastyczny-rolkowy-fr-50\/#primaryimage\"},\"thumbnailUrl\":\"https:\/\/packsmart.com.pl\/wp-content\/uploads\/2025\/12\/Przenosnik-rolkowy.png\",\"datePublished\":\"2025-12-04T17:36:22+00:00\",\"dateModified\":\"2025-12-04T17:57:22+00:00\",\"description\":\"Przeno\u015bnik rolkowy grawitacyjny, s\u0142u\u017cy do przenoszenia \u0142adunk\u00f3w. Mo\u017ce by\u0107 wykorzystany na ko\u0144cu linii w celu gromadzania karton\u00f3w.\",\"breadcrumb\":{\"@id\":\"https:\/\/packsmart.com.pl\/oferta\/przenosniki-rolkowe\/przenosnik-elastyczny-rolkowy-fr-50\/#breadcrumb\"},\"inLanguage\":\"de\",\"potentialAction\":[{\"@type\":\"ReadAction\",\"target\":[\"https:\/\/packsmart.com.pl\/oferta\/przenosniki-rolkowe\/przenosnik-elastyczny-rolkowy-fr-50\/\"]}]},{\"@type\":\"ImageObject\",\"inLanguage\":\"de\",\"@id\":\"https:\/\/packsmart.com.pl\/oferta\/przenosniki-rolkowe\/przenosnik-elastyczny-rolkowy-fr-50\/#primaryimage\",\"url\":\"https:\/\/packsmart.com.pl\/wp-content\/uploads\/2025\/12\/Przenosnik-rolkowy.png\",\"contentUrl\":\"https:\/\/packsmart.com.pl\/wp-content\/uploads\/2025\/12\/Przenosnik-rolkowy.png\",\"width\":1536,\"height\":1024,\"caption\":\"Elastyczny przeno\u015bnik rolkowy\"},{\"@type\":\"BreadcrumbList\",\"@id\":\"https:\/\/packsmart.com.pl\/oferta\/przenosniki-rolkowe\/przenosnik-elastyczny-rolkowy-fr-50\/#breadcrumb\",\"itemListElement\":[{\"@type\":\"ListItem\",\"position\":1,\"name\":\"Strona g\u0142\u00f3wna\",\"item\":\"https:\/\/packsmart.com.pl\/\"},{\"@type\":\"ListItem\",\"position\":2,\"name\":\"Produkty\",\"item\":\"https:\/\/packsmart.com.pl\/sklep\/\"},{\"@type\":\"ListItem\",\"position\":3,\"name\":\"Przeno\u015bniki rolkowe\",\"item\":\"https:\/\/packsmart.com.pl\/product-category\/przenosniki-rolkowe\/\"},{\"@type\":\"ListItem\",\"position\":4,\"name\":\"Przeno\u015bnik elastyczny rolkowy FR 50\"}]},{\"@type\":\"WebSite\",\"@id\":\"https:\/\/packsmart.com.pl\/#website\",\"url\":\"https:\/\/packsmart.com.pl\/\",\"name\":\"Pack Smart - Systemy pakowania\",\"description\":\"\",\"publisher\":{\"@id\":\"https:\/\/packsmart.com.pl\/#organization\"},\"potentialAction\":[{\"@type\":\"SearchAction\",\"target\":{\"@type\":\"EntryPoint\",\"urlTemplate\":\"https:\/\/packsmart.com.pl\/?s={search_term_string}\"},\"query-input\":{\"@type\":\"PropertyValueSpecification\",\"valueRequired\":true,\"valueName\":\"search_term_string\"}}],\"inLanguage\":\"de\"},{\"@type\":\"Organization\",\"@id\":\"https:\/\/packsmart.com.pl\/#organization\",\"name\":\"Pack Smart\",\"url\":\"https:\/\/packsmart.com.pl\/\",\"logo\":{\"@type\":\"ImageObject\",\"inLanguage\":\"de\",\"@id\":\"https:\/\/packsmart.com.pl\/#\/schema\/logo\/image\/\",\"url\":\"https:\/\/packsmart.com.pl\/wp-content\/uploads\/2020\/11\/cropped-logo.png\",\"contentUrl\":\"https:\/\/packsmart.com.pl\/wp-content\/uploads\/2020\/11\/cropped-logo.png\",\"width\":512,\"height\":512,\"caption\":\"Pack Smart\"},\"image\":{\"@id\":\"https:\/\/packsmart.com.pl\/#\/schema\/logo\/image\/\"},\"sameAs\":[\"https:\/\/www.facebook.com\/p\/Pack-Smart-100089770293385\/?locale=pl_PL\"]},false]}<\/script>\n<!-- \/ Yoast SEO plugin. -->","yoast_head_json":{"title":"Przeno\u015bnik elastyczny rolkowy FR 50 - Pack Smart - Systemy pakowania","description":"Przeno\u015bnik rolkowy grawitacyjny, s\u0142u\u017cy do przenoszenia \u0142adunk\u00f3w. Mo\u017ce by\u0107 wykorzystany na ko\u0144cu linii w celu gromadzania karton\u00f3w.","robots":{"index":"index","follow":"follow","max-snippet":"max-snippet:-1","max-image-preview":"max-image-preview:large","max-video-preview":"max-video-preview:-1"},"canonical":"https:\/\/packsmart.com.pl\/de\/oferta\/przenosniki-rolkowe\/przenosnik-elastyczny-rolkowy-fr-50\/","og_locale":"de_DE","og_type":"article","og_title":"Przeno\u015bnik elastyczny rolkowy FR 50 - Pack Smart - Systemy pakowania","og_description":"Przeno\u015bnik rolkowy grawitacyjny, s\u0142u\u017cy do przenoszenia \u0142adunk\u00f3w. Mo\u017ce by\u0107 wykorzystany na ko\u0144cu linii w celu gromadzania karton\u00f3w.","og_url":"https:\/\/packsmart.com.pl\/de\/oferta\/przenosniki-rolkowe\/przenosnik-elastyczny-rolkowy-fr-50\/","og_site_name":"Pack Smart - Systemy pakowania","article_publisher":"https:\/\/www.facebook.com\/p\/Pack-Smart-100089770293385\/?locale=pl_PL","article_modified_time":"2025-12-04T17:57:22+00:00","og_image":[{"width":1024,"height":683,"url":"https:\/\/packsmart.com.pl\/wp-content\/uploads\/2025\/12\/Przenosnik-rolkowy-1024x683.png","type":"image\/png"}],"twitter_card":"summary_large_image","twitter_misc":{"Gesch\u00e4tzte Lesezeit":"1\u00a0Minute"},"schema":{"@context":"https:\/\/schema.org","@graph":[{"@type":"WebPage","@id":"https:\/\/packsmart.com.pl\/oferta\/przenosniki-rolkowe\/przenosnik-elastyczny-rolkowy-fr-50\/","url":"https:\/\/packsmart.com.pl\/oferta\/przenosniki-rolkowe\/przenosnik-elastyczny-rolkowy-fr-50\/","name":"Przeno\u015bnik elastyczny rolkowy FR 50 - Pack Smart - Systemy pakowania","isPartOf":{"@id":"https:\/\/packsmart.com.pl\/#website"},"primaryImageOfPage":{"@id":"https:\/\/packsmart.com.pl\/oferta\/przenosniki-rolkowe\/przenosnik-elastyczny-rolkowy-fr-50\/#primaryimage"},"image":{"@id":"https:\/\/packsmart.com.pl\/oferta\/przenosniki-rolkowe\/przenosnik-elastyczny-rolkowy-fr-50\/#primaryimage"},"thumbnailUrl":"https:\/\/packsmart.com.pl\/wp-content\/uploads\/2025\/12\/Przenosnik-rolkowy.png","datePublished":"2025-12-04T17:36:22+00:00","dateModified":"2025-12-04T17:57:22+00:00","description":"Przeno\u015bnik rolkowy grawitacyjny, s\u0142u\u017cy do przenoszenia \u0142adunk\u00f3w. Mo\u017ce by\u0107 wykorzystany na ko\u0144cu linii w celu gromadzania karton\u00f3w.","breadcrumb":{"@id":"https:\/\/packsmart.com.pl\/oferta\/przenosniki-rolkowe\/przenosnik-elastyczny-rolkowy-fr-50\/#breadcrumb"},"inLanguage":"de","potentialAction":[{"@type":"ReadAction","target":["https:\/\/packsmart.com.pl\/oferta\/przenosniki-rolkowe\/przenosnik-elastyczny-rolkowy-fr-50\/"]}]},{"@type":"ImageObject","inLanguage":"de","@id":"https:\/\/packsmart.com.pl\/oferta\/przenosniki-rolkowe\/przenosnik-elastyczny-rolkowy-fr-50\/#primaryimage","url":"https:\/\/packsmart.com.pl\/wp-content\/uploads\/2025\/12\/Przenosnik-rolkowy.png","contentUrl":"https:\/\/packsmart.com.pl\/wp-content\/uploads\/2025\/12\/Przenosnik-rolkowy.png","width":1536,"height":1024,"caption":"Elastyczny przeno\u015bnik rolkowy"},{"@type":"BreadcrumbList","@id":"https:\/\/packsmart.com.pl\/oferta\/przenosniki-rolkowe\/przenosnik-elastyczny-rolkowy-fr-50\/#breadcrumb","itemListElement":[{"@type":"ListItem","position":1,"name":"Strona g\u0142\u00f3wna","item":"https:\/\/packsmart.com.pl\/"},{"@type":"ListItem","position":2,"name":"Produkty","item":"https:\/\/packsmart.com.pl\/sklep\/"},{"@type":"ListItem","position":3,"name":"Przeno\u015bniki rolkowe","item":"https:\/\/packsmart.com.pl\/product-category\/przenosniki-rolkowe\/"},{"@type":"ListItem","position":4,"name":"Przeno\u015bnik elastyczny rolkowy FR 50"}]},{"@type":"WebSite","@id":"https:\/\/packsmart.com.pl\/#website","url":"https:\/\/packsmart.com.pl\/","name":"Pack Smart - Verpackungssysteme","description":"","publisher":{"@id":"https:\/\/packsmart.com.pl\/#organization"},"potentialAction":[{"@type":"SearchAction","target":{"@type":"EntryPoint","urlTemplate":"https:\/\/packsmart.com.pl\/?s={search_term_string}"},"query-input":{"@type":"PropertyValueSpecification","valueRequired":true,"valueName":"search_term_string"}}],"inLanguage":"de"},{"@type":"Organization","@id":"https:\/\/packsmart.com.pl\/#organization","name":"Clever packen","url":"https:\/\/packsmart.com.pl\/","logo":{"@type":"ImageObject","inLanguage":"de","@id":"https:\/\/packsmart.com.pl\/#\/schema\/logo\/image\/","url":"https:\/\/packsmart.com.pl\/wp-content\/uploads\/2020\/11\/cropped-logo.png","contentUrl":"https:\/\/packsmart.com.pl\/wp-content\/uploads\/2020\/11\/cropped-logo.png","width":512,"height":512,"caption":"Pack Smart"},"image":{"@id":"https:\/\/packsmart.com.pl\/#\/schema\/logo\/image\/"},"sameAs":["https:\/\/www.facebook.com\/p\/Pack-Smart-100089770293385\/?locale=pl_PL"]},false]}},"_links":{"self":[{"href":"https:\/\/packsmart.com.pl\/de\/wp-json\/wp\/v2\/product\/1171","targetHints":{"allow":["GET"]}}],"collection":[{"href":"https:\/\/packsmart.com.pl\/de\/wp-json\/wp\/v2\/product"}],"about":[{"href":"https:\/\/packsmart.com.pl\/de\/wp-json\/wp\/v2\/types\/product"}],"replies":[{"embeddable":true,"href":"https:\/\/packsmart.com.pl\/de\/wp-json\/wp\/v2\/comments?post=1171"}],"wp:featuredmedia":[{"embeddable":true,"href":"https:\/\/packsmart.com.pl\/de\/wp-json\/wp\/v2\/media\/1177"}],"wp:attachment":[{"href":"https:\/\/packsmart.com.pl\/de\/wp-json\/wp\/v2\/media?parent=1171"}],"wp:term":[{"taxonomy":"product_cat","embeddable":true,"href":"https:\/\/packsmart.com.pl\/de\/wp-json\/wp\/v2\/product_cat?post=1171"},{"taxonomy":"product_tag","embeddable":true,"href":"https:\/\/packsmart.com.pl\/de\/wp-json\/wp\/v2\/product_tag?post=1171"}],"curies":[{"name":"wp","href":"https:\/\/api.w.org\/{rel}","templated":true}]}}