{"id":1164,"date":"2025-11-26T09:17:20","date_gmt":"2025-11-26T08:17:20","guid":{"rendered":"https:\/\/packsmart.com.pl\/?post_type=product&#038;p=1164"},"modified":"2025-11-26T10:21:53","modified_gmt":"2025-11-26T09:21:53","slug":"przenosnik-rolkowy-do-palet","status":"publish","type":"product","link":"https:\/\/packsmart.com.pl\/de\/oferta\/przenosniki-rolkowe\/przenosnik-rolkowy-do-palet\/","title":{"rendered":"Rollenbahn f\u00fcr Paletten"},"content":{"rendered":"<p>[et_pb_section fb_built=&#8221;1&#8243; _builder_version=&#8221;4.22.0&#8243; _module_preset=&#8221;default&#8221; global_colors_info=&#8221;{}&#8221;][et_pb_row _builder_version=&#8221;4.16&#8243; _module_preset=&#8221;default&#8221; width=&#8221;100%&#8221; global_colors_info=&#8221;{}&#8221;][et_pb_column type=&#8221;4_4&#8243; _builder_version=&#8221;4.16&#8243; _module_preset=&#8221;default&#8221; global_colors_info=&#8221;{}&#8221;][\/et_pb_column][\/et_pb_row][\/et_pb_section][et_pb_section fb_built=&#8221;1&#8243; _builder_version=&#8221;4.22.0&#8243; _module_preset=&#8221;default&#8221; global_colors_info=&#8221;{}&#8221;][et_pb_row _builder_version=&#8221;4.16&#8243; _module_preset=&#8221;default&#8221; width=&#8221;100%&#8221; global_colors_info=&#8221;{}&#8221;][et_pb_column type=&#8221;4_4&#8243; _builder_version=&#8221;4.16&#8243; _module_preset=&#8221;default&#8221; global_colors_info=&#8221;{}&#8221;][et_pb_text _builder_version=&#8221;4.22.0&#8243; _module_preset=&#8221;default&#8221; global_colors_info=&#8221;{}&#8221;]<\/p>\n<h2>Schl\u00fcsselelemente<\/h2>\n<p>[\/et_pb_text][\/et_pb_column][\/et_pb_row][et_pb_row column_structure=&#8221;1_2,1_2&#8243; _builder_version=&#8221;4.16&#8243; _module_preset=&#8221;default&#8221; width=&#8221;100%&#8221; global_colors_info=&#8221;{}&#8221;][et_pb_column type=&#8221;1_2&#8243; _builder_version=&#8221;4.16&#8243; _module_preset=&#8221;default&#8221; global_colors_info=&#8221;{}&#8221;][et_pb_blurb title=&#8221;Pancerna konstrukcja: Rama wykonana z profilowanej stali S235 o grubo\u015bci a\u017c 5 mm zapewnia sztywno\u015b\u0107 i odporno\u015b\u0107 na uderzenia w\u00f3zk\u00f3w wid\u0142owych.&#8221; use_icon=&#8221;on&#8221; font_icon=&#8221;&#x52;||divi||400&#8243; icon_color=&#8221;#7cda24&#8243; icon_placement=&#8221;left&#8221; _builder_version=&#8221;4.22.0&#8243; _module_preset=&#8221;default&#8221; header_font_size=&#8221;18px&#8221; global_colors_info=&#8221;{}&#8221;][\/et_pb_blurb][et_pb_blurb title=&#8221;Gotowo\u015b\u0107 do pracy: Przeno\u015bnik wyposa\u017cony w solidny uk\u0142ad nap\u0119dowy (motoreduktor) oraz regulowane stopy wahliwe, pozwalaj\u0105ce na idealne wypoziomowanie urz\u0105dzenia nawet na nier\u00f3wnej posadzce.&#8221; use_icon=&#8221;on&#8221; font_icon=&#8221;&#x52;||divi||400&#8243; icon_color=&#8221;#7cda24&#8243; icon_placement=&#8221;left&#8221; _builder_version=&#8221;4.22.0&#8243; _module_preset=&#8221;default&#8221; header_font_size=&#8221;18px&#8221; global_colors_info=&#8221;{}&#8221;][\/et_pb_blurb][\/et_pb_column][et_pb_column type=&#8221;1_2&#8243; _builder_version=&#8221;4.16&#8243; _module_preset=&#8221;default&#8221; global_colors_info=&#8221;{}&#8221;][et_pb_blurb title=&#8221;Wzmocnione rolki: Zastosowali\u015bmy rury precyzyjne Fi 76,1 mm o pogrubionej \u015bciance 2,9 mm. W po\u0142\u0105czeniu z osi\u0105 pe\u0142n\u0105 Fi 25 mm, rolki s\u0105 odporne na ugi\u0119cia nawet przy maksymalnym obci\u0105\u017ceniu.&#8221; use_icon=&#8221;on&#8221; font_icon=&#8221;&#x52;||divi||400&#8243; icon_color=&#8221;#7cda24&#8243; icon_placement=&#8221;left&#8221; _builder_version=&#8221;4.22.0&#8243; _module_preset=&#8221;default&#8221; header_font_size=&#8221;18px&#8221; global_colors_info=&#8221;{}&#8221;][\/et_pb_blurb][et_pb_blurb title=&#8221;Bezpiecze\u0144stwo towaru: Rozstaw rolek co 190 mm gwarantuje p\u0142ynny transport standardowych europalet (paleta zawsze spoczywa na min. 4-5 rolkach), eliminuj\u0105c ryzyko zakleszczenia czy podskakiwania \u0142adunku.&#8221; use_icon=&#8221;on&#8221; font_icon=&#8221;&#x52;||divi||400&#8243; icon_color=&#8221;#7cda24&#8243; icon_placement=&#8221;left&#8221; _builder_version=&#8221;4.22.0&#8243; _module_preset=&#8221;default&#8221; header_font_size=&#8221;18px&#8221; global_colors_info=&#8221;{}&#8221;][\/et_pb_blurb][\/et_pb_column][\/et_pb_row][\/et_pb_section][et_pb_section fb_built=&#8221;1&#8243; _builder_version=&#8221;4.16&#8243; _module_preset=&#8221;default&#8221; global_colors_info=&#8221;{}&#8221;][et_pb_row _builder_version=&#8221;4.16&#8243; _module_preset=&#8221;default&#8221; width=&#8221;100%&#8221; global_colors_info=&#8221;{}&#8221;][et_pb_column type=&#8221;4_4&#8243; _builder_version=&#8221;4.16&#8243; _module_preset=&#8221;default&#8221; global_colors_info=&#8221;{}&#8221;][et_pb_text _builder_version=&#8221;4.22.0&#8243; _module_preset=&#8221;default&#8221; global_colors_info=&#8221;{}&#8221;]<\/p>\n<h2>Technische Daten<\/h2>\n<p>[\/et_pb_text][\/et_pb_column][\/et_pb_row][et_pb_row column_structure=&#8221;1_2,1_2&#8243; _builder_version=&#8221;4.16&#8243; _module_preset=&#8221;default&#8221; width=&#8221;100%&#8221; global_colors_info=&#8221;{}&#8221;][et_pb_column type=&#8221;1_2&#8243; _builder_version=&#8221;4.16&#8243; _module_preset=&#8221;default&#8221; global_colors_info=&#8221;{}&#8221;][et_pb_blurb title=&#8221;D\u0142ugo\u015b\u0107 ca\u0142kowita: 2000 mm&#8221; use_icon=&#8221;on&#8221; font_icon=&#8221;&#x52;||divi||400&#8243; icon_color=&#8221;#7cda24&#8243; icon_placement=&#8221;left&#8221; _builder_version=&#8221;4.22.0&#8243; _module_preset=&#8221;default&#8221; header_font_size=&#8221;18px&#8221; global_colors_info=&#8221;{}&#8221;][\/et_pb_blurb][et_pb_blurb title=&#8221;No\u015bno\u015b\u0107 liniowa 1150 kg \/ mb (zgodnie z obliczeniami konstrukcyjnymi)&#8221; use_icon=&#8221;on&#8221; font_icon=&#8221;&#x52;||divi||400&#8243; icon_color=&#8221;#7cda24&#8243; icon_placement=&#8221;left&#8221; _builder_version=&#8221;4.22.0&#8243; _module_preset=&#8221;default&#8221; header_font_size=&#8221;18px&#8221; global_colors_info=&#8221;{}&#8221;][\/et_pb_blurb][et_pb_blurb title=&#8221;Materia\u0142 rolek: Stal S235, o cynk galwaniczny&#8221; use_icon=&#8221;on&#8221; font_icon=&#8221;&#x52;||divi||400&#8243; icon_color=&#8221;#7cda24&#8243; icon_placement=&#8221;left&#8221; _builder_version=&#8221;4.22.0&#8243; _module_preset=&#8221;default&#8221; header_font_size=&#8221;18px&#8221; global_colors_info=&#8221;{}&#8221;][\/et_pb_blurb][et_pb_blurb title=&#8221;O\u015b rolki: Pr\u0119t pe\u0142ny stalowy o \u015brednicy 25 mm&#8221; use_icon=&#8221;on&#8221; font_icon=&#8221;&#x52;||divi||400&#8243; icon_color=&#8221;#7cda24&#8243; icon_placement=&#8221;left&#8221; _builder_version=&#8221;4.22.0&#8243; _module_preset=&#8221;default&#8221; header_font_size=&#8221;18px&#8221; global_colors_info=&#8221;{}&#8221;][\/et_pb_blurb][et_pb_blurb title=&#8221;Konstrukcja ramy: Stal S235, profil gi\u0119ty, grubo\u015b\u0107 blachy 5 mm&#8221; use_icon=&#8221;on&#8221; font_icon=&#8221;&#x52;||divi||400&#8243; icon_color=&#8221;#7cda24&#8243; icon_placement=&#8221;left&#8221; _builder_version=&#8221;4.22.0&#8243; _module_preset=&#8221;default&#8221; header_font_size=&#8221;18px&#8221; global_colors_info=&#8221;{}&#8221;][\/et_pb_blurb][et_pb_blurb title=&#8221;Waga urz\u0105dzenia: ok. 310 kg (szacunkowa waga z nap\u0119dem)&#8221; use_icon=&#8221;on&#8221; font_icon=&#8221;&#x52;||divi||400&#8243; icon_color=&#8221;#7cda24&#8243; icon_placement=&#8221;left&#8221; _builder_version=&#8221;4.22.0&#8243; _module_preset=&#8221;default&#8221; header_font_size=&#8221;18px&#8221; global_colors_info=&#8221;{}&#8221;][\/et_pb_blurb][\/et_pb_column][et_pb_column type=&#8221;1_2&#8243; _builder_version=&#8221;4.16&#8243; _module_preset=&#8221;default&#8221; global_colors_info=&#8221;{}&#8221;][et_pb_blurb title=&#8221;Szeroko\u015b\u0107 robocza: 1000 mm (dostosowana do palet EUR i przemys\u0142owych)&#8221; use_icon=&#8221;on&#8221; font_icon=&#8221;&#x52;||divi||400&#8243; icon_color=&#8221;#7cda24&#8243; icon_placement=&#8221;left&#8221; _builder_version=&#8221;4.22.0&#8243; _module_preset=&#8221;default&#8221; header_font_size=&#8221;18px&#8221; global_colors_info=&#8221;{}&#8221;][\/et_pb_blurb][et_pb_blurb title=&#8221;No\u015bno\u015b\u0107 ca\u0142kowita modu\u0142u: 2300 kg (r\u00f3wnomiernie roz\u0142o\u017cona)&#8221; use_icon=&#8221;on&#8221; font_icon=&#8221;&#x52;||divi||400&#8243; icon_color=&#8221;#7cda24&#8243; icon_placement=&#8221;left&#8221; _builder_version=&#8221;4.22.0&#8243; _module_preset=&#8221;default&#8221; header_font_size=&#8221;18px&#8221; global_colors_info=&#8221;{}&#8221;][\/et_pb_blurb][et_pb_blurb title=&#8221;Wymiary rolki: \u015arednica 76,1 mm, \u015bcianka 2,9 mm&#8221; use_icon=&#8221;on&#8221; font_icon=&#8221;&#x52;||divi||400&#8243; icon_color=&#8221;#7cda24&#8243; icon_placement=&#8221;left&#8221; _builder_version=&#8221;4.22.0&#8243; _module_preset=&#8221;default&#8221; header_font_size=&#8221;18px&#8221; global_colors_info=&#8221;{}&#8221;][\/et_pb_blurb][et_pb_blurb title=&#8221;Rozstaw rolek:  190 mm (podzia\u0142ka) &#8221; use_icon=&#8221;on&#8221; font_icon=&#8221;&#x52;||divi||400&#8243; icon_color=&#8221;#7cda24&#8243; icon_placement=&#8221;left&#8221; _builder_version=&#8221;4.22.0&#8243; _module_preset=&#8221;default&#8221; header_font_size=&#8221;18px&#8221; global_colors_info=&#8221;{}&#8221;][\/et_pb_blurb][et_pb_blurb title=&#8221;Wyko\u0144czenie ramy: Malowanie proszkowe (kolor RAL 5010 &#8211; Niebieski)&#8221; use_icon=&#8221;on&#8221; font_icon=&#8221;&#x52;||divi||400&#8243; icon_color=&#8221;#7cda24&#8243; icon_placement=&#8221;left&#8221; _builder_version=&#8221;4.22.0&#8243; _module_preset=&#8221;default&#8221; header_font_size=&#8221;18px&#8221; global_colors_info=&#8221;{}&#8221;][\/et_pb_blurb][\/et_pb_column][\/et_pb_row][\/et_pb_section][et_pb_section fb_built=&#8221;1&#8243; _builder_version=&#8221;4.16&#8243; _module_preset=&#8221;default&#8221; global_colors_info=&#8221;{}&#8221;][et_pb_row _builder_version=&#8221;4.16&#8243; _module_preset=&#8221;default&#8221; width=&#8221;100%&#8221; global_colors_info=&#8221;{}&#8221;][et_pb_column type=&#8221;4_4&#8243; _builder_version=&#8221;4.16&#8243; _module_preset=&#8221;default&#8221; global_colors_info=&#8221;{}&#8221;][\/et_pb_column][\/et_pb_row][\/et_pb_section]<\/p>","protected":false},"excerpt":{"rendered":"<p>Optimieren Sie Ihre Lagerlogistik mit unserem industrietauglichen Rollenf\u00f6rderer. Er ist f\u00fcr den Transport schwerer Palettenlasten konzipiert und vereint pr\u00e4zise Verarbeitung mit der Langlebigkeit von S235-Baustahl. Diese L\u00f6sung eignet sich ideal f\u00fcr Montagelinien, Pufferzonen und Verpackungsanlagen.<\/p>","protected":false},"featured_media":1166,"comment_status":"open","ping_status":"closed","template":"","meta":{"_et_pb_use_builder":"on","_et_pb_old_content":"","_et_gb_content_width":"","inline_featured_image":false,"yasr_overall_rating":0,"yasr_post_is_review":"","yasr_auto_insert_disabled":"","yasr_review_type":""},"product_cat":[25,24],"product_tag":[],"class_list":["post-1164","product","type-product","status-publish","has-post-thumbnail","hentry","product_cat-stacje-do-paletyzacji-i-roboty","product_cat-przenosniki-rolkowe"],"yasr_visitor_votes":{"stars_attributes":{"read_only":false,"span_bottom":false},"number_of_votes":1,"sum_votes":5},"acf":[],"yoast_head":"<!-- This site is optimized with the Yoast SEO plugin v26.1.1 - https:\/\/yoast.com\/wordpress\/plugins\/seo\/ -->\n<title>Przeno\u015bnik rolkowy do palet - Pack Smart - Systemy pakowania<\/title>\n<meta name=\"robots\" content=\"index, follow, max-snippet:-1, max-image-preview:large, max-video-preview:-1\" \/>\n<link rel=\"canonical\" href=\"https:\/\/packsmart.com.pl\/de\/oferta\/przenosniki-rolkowe\/przenosnik-rolkowy-do-palet\/\" \/>\n<meta property=\"og:locale\" content=\"de_DE\" \/>\n<meta property=\"og:type\" content=\"article\" \/>\n<meta property=\"og:title\" content=\"Przeno\u015bnik rolkowy do palet - Pack Smart - Systemy pakowania\" \/>\n<meta property=\"og:description\" content=\"Zoptymalizuj logistyk\u0119 magazynow\u0105 dzi\u0119ki naszemu przeno\u015bnikowi rolkowemu klasy przemys\u0142owej. Zaprojektowany do transportu ci\u0119\u017ckich \u0142adunk\u00f3w paletowych, \u0142\u0105czy w sobie precyzj\u0119 wykonania z wytrzyma\u0142o\u015bci\u0105 stali konstrukcyjnej S235. To rozwi\u0105zanie dedykowane dla linii monta\u017cowych, stref buforowych oraz system\u00f3w pakowania.\" \/>\n<meta property=\"og:url\" content=\"https:\/\/packsmart.com.pl\/de\/oferta\/przenosniki-rolkowe\/przenosnik-rolkowy-do-palet\/\" \/>\n<meta property=\"og:site_name\" content=\"Pack Smart - Systemy pakowania\" \/>\n<meta property=\"article:publisher\" content=\"https:\/\/www.facebook.com\/p\/Pack-Smart-100089770293385\/?locale=pl_PL\" \/>\n<meta property=\"article:modified_time\" content=\"2025-11-26T09:21:53+00:00\" \/>\n<meta property=\"og:image\" content=\"https:\/\/packsmart.com.pl\/wp-content\/uploads\/2025\/11\/Przenosnik_rolkowy_do_palet.png\" \/>\n\t<meta property=\"og:image:width\" content=\"1184\" \/>\n\t<meta property=\"og:image:height\" content=\"732\" \/>\n\t<meta property=\"og:image:type\" content=\"image\/png\" \/>\n<meta name=\"twitter:card\" content=\"summary_large_image\" \/>\n<meta name=\"twitter:label1\" content=\"Gesch\u00e4tzte Lesezeit\" \/>\n\t<meta name=\"twitter:data1\" content=\"2\u00a0Minuten\" \/>\n<script type=\"application\/ld+json\" class=\"yoast-schema-graph\">{\"@context\":\"https:\/\/schema.org\",\"@graph\":[{\"@type\":\"WebPage\",\"@id\":\"https:\/\/packsmart.com.pl\/oferta\/przenosniki-rolkowe\/przenosnik-rolkowy-do-palet\/\",\"url\":\"https:\/\/packsmart.com.pl\/oferta\/przenosniki-rolkowe\/przenosnik-rolkowy-do-palet\/\",\"name\":\"Przeno\u015bnik rolkowy do palet - Pack Smart - Systemy pakowania\",\"isPartOf\":{\"@id\":\"https:\/\/packsmart.com.pl\/#website\"},\"primaryImageOfPage\":{\"@id\":\"https:\/\/packsmart.com.pl\/oferta\/przenosniki-rolkowe\/przenosnik-rolkowy-do-palet\/#primaryimage\"},\"image\":{\"@id\":\"https:\/\/packsmart.com.pl\/oferta\/przenosniki-rolkowe\/przenosnik-rolkowy-do-palet\/#primaryimage\"},\"thumbnailUrl\":\"https:\/\/packsmart.com.pl\/wp-content\/uploads\/2025\/11\/Przenosnik_rolkowy_do_palet.png\",\"datePublished\":\"2025-11-26T08:17:20+00:00\",\"dateModified\":\"2025-11-26T09:21:53+00:00\",\"breadcrumb\":{\"@id\":\"https:\/\/packsmart.com.pl\/oferta\/przenosniki-rolkowe\/przenosnik-rolkowy-do-palet\/#breadcrumb\"},\"inLanguage\":\"de\",\"potentialAction\":[{\"@type\":\"ReadAction\",\"target\":[\"https:\/\/packsmart.com.pl\/oferta\/przenosniki-rolkowe\/przenosnik-rolkowy-do-palet\/\"]}]},{\"@type\":\"ImageObject\",\"inLanguage\":\"de\",\"@id\":\"https:\/\/packsmart.com.pl\/oferta\/przenosniki-rolkowe\/przenosnik-rolkowy-do-palet\/#primaryimage\",\"url\":\"https:\/\/packsmart.com.pl\/wp-content\/uploads\/2025\/11\/Przenosnik_rolkowy_do_palet.png\",\"contentUrl\":\"https:\/\/packsmart.com.pl\/wp-content\/uploads\/2025\/11\/Przenosnik_rolkowy_do_palet.png\",\"width\":1184,\"height\":732,\"caption\":\"Przeno\u015bnik nap\u0119dzany rolkowy do palet\"},{\"@type\":\"BreadcrumbList\",\"@id\":\"https:\/\/packsmart.com.pl\/oferta\/przenosniki-rolkowe\/przenosnik-rolkowy-do-palet\/#breadcrumb\",\"itemListElement\":[{\"@type\":\"ListItem\",\"position\":1,\"name\":\"Strona g\u0142\u00f3wna\",\"item\":\"https:\/\/packsmart.com.pl\/\"},{\"@type\":\"ListItem\",\"position\":2,\"name\":\"Produkty\",\"item\":\"https:\/\/packsmart.com.pl\/sklep\/\"},{\"@type\":\"ListItem\",\"position\":3,\"name\":\"Przeno\u015bniki rolkowe\",\"item\":\"https:\/\/packsmart.com.pl\/product-category\/przenosniki-rolkowe\/\"},{\"@type\":\"ListItem\",\"position\":4,\"name\":\"Przeno\u015bnik rolkowy do palet\"}]},{\"@type\":\"WebSite\",\"@id\":\"https:\/\/packsmart.com.pl\/#website\",\"url\":\"https:\/\/packsmart.com.pl\/\",\"name\":\"Pack Smart - Systemy pakowania\",\"description\":\"\",\"publisher\":{\"@id\":\"https:\/\/packsmart.com.pl\/#organization\"},\"potentialAction\":[{\"@type\":\"SearchAction\",\"target\":{\"@type\":\"EntryPoint\",\"urlTemplate\":\"https:\/\/packsmart.com.pl\/?s={search_term_string}\"},\"query-input\":{\"@type\":\"PropertyValueSpecification\",\"valueRequired\":true,\"valueName\":\"search_term_string\"}}],\"inLanguage\":\"de\"},{\"@type\":\"Organization\",\"@id\":\"https:\/\/packsmart.com.pl\/#organization\",\"name\":\"Pack Smart\",\"url\":\"https:\/\/packsmart.com.pl\/\",\"logo\":{\"@type\":\"ImageObject\",\"inLanguage\":\"de\",\"@id\":\"https:\/\/packsmart.com.pl\/#\/schema\/logo\/image\/\",\"url\":\"https:\/\/packsmart.com.pl\/wp-content\/uploads\/2020\/11\/cropped-logo.png\",\"contentUrl\":\"https:\/\/packsmart.com.pl\/wp-content\/uploads\/2020\/11\/cropped-logo.png\",\"width\":512,\"height\":512,\"caption\":\"Pack Smart\"},\"image\":{\"@id\":\"https:\/\/packsmart.com.pl\/#\/schema\/logo\/image\/\"},\"sameAs\":[\"https:\/\/www.facebook.com\/p\/Pack-Smart-100089770293385\/?locale=pl_PL\"]},false]}<\/script>\n<!-- \/ Yoast SEO plugin. -->","yoast_head_json":{"title":"Przeno\u015bnik rolkowy do palet - Pack Smart - Systemy pakowania","robots":{"index":"index","follow":"follow","max-snippet":"max-snippet:-1","max-image-preview":"max-image-preview:large","max-video-preview":"max-video-preview:-1"},"canonical":"https:\/\/packsmart.com.pl\/de\/oferta\/przenosniki-rolkowe\/przenosnik-rolkowy-do-palet\/","og_locale":"de_DE","og_type":"article","og_title":"Przeno\u015bnik rolkowy do palet - Pack Smart - Systemy pakowania","og_description":"Zoptymalizuj logistyk\u0119 magazynow\u0105 dzi\u0119ki naszemu przeno\u015bnikowi rolkowemu klasy przemys\u0142owej. Zaprojektowany do transportu ci\u0119\u017ckich \u0142adunk\u00f3w paletowych, \u0142\u0105czy w sobie precyzj\u0119 wykonania z wytrzyma\u0142o\u015bci\u0105 stali konstrukcyjnej S235. To rozwi\u0105zanie dedykowane dla linii monta\u017cowych, stref buforowych oraz system\u00f3w pakowania.","og_url":"https:\/\/packsmart.com.pl\/de\/oferta\/przenosniki-rolkowe\/przenosnik-rolkowy-do-palet\/","og_site_name":"Pack Smart - Systemy pakowania","article_publisher":"https:\/\/www.facebook.com\/p\/Pack-Smart-100089770293385\/?locale=pl_PL","article_modified_time":"2025-11-26T09:21:53+00:00","og_image":[{"width":1184,"height":732,"url":"https:\/\/packsmart.com.pl\/wp-content\/uploads\/2025\/11\/Przenosnik_rolkowy_do_palet.png","type":"image\/png"}],"twitter_card":"summary_large_image","twitter_misc":{"Gesch\u00e4tzte Lesezeit":"2\u00a0Minuten"},"schema":{"@context":"https:\/\/schema.org","@graph":[{"@type":"WebPage","@id":"https:\/\/packsmart.com.pl\/oferta\/przenosniki-rolkowe\/przenosnik-rolkowy-do-palet\/","url":"https:\/\/packsmart.com.pl\/oferta\/przenosniki-rolkowe\/przenosnik-rolkowy-do-palet\/","name":"Przeno\u015bnik rolkowy do palet - Pack Smart - Systemy pakowania","isPartOf":{"@id":"https:\/\/packsmart.com.pl\/#website"},"primaryImageOfPage":{"@id":"https:\/\/packsmart.com.pl\/oferta\/przenosniki-rolkowe\/przenosnik-rolkowy-do-palet\/#primaryimage"},"image":{"@id":"https:\/\/packsmart.com.pl\/oferta\/przenosniki-rolkowe\/przenosnik-rolkowy-do-palet\/#primaryimage"},"thumbnailUrl":"https:\/\/packsmart.com.pl\/wp-content\/uploads\/2025\/11\/Przenosnik_rolkowy_do_palet.png","datePublished":"2025-11-26T08:17:20+00:00","dateModified":"2025-11-26T09:21:53+00:00","breadcrumb":{"@id":"https:\/\/packsmart.com.pl\/oferta\/przenosniki-rolkowe\/przenosnik-rolkowy-do-palet\/#breadcrumb"},"inLanguage":"de","potentialAction":[{"@type":"ReadAction","target":["https:\/\/packsmart.com.pl\/oferta\/przenosniki-rolkowe\/przenosnik-rolkowy-do-palet\/"]}]},{"@type":"ImageObject","inLanguage":"de","@id":"https:\/\/packsmart.com.pl\/oferta\/przenosniki-rolkowe\/przenosnik-rolkowy-do-palet\/#primaryimage","url":"https:\/\/packsmart.com.pl\/wp-content\/uploads\/2025\/11\/Przenosnik_rolkowy_do_palet.png","contentUrl":"https:\/\/packsmart.com.pl\/wp-content\/uploads\/2025\/11\/Przenosnik_rolkowy_do_palet.png","width":1184,"height":732,"caption":"Przeno\u015bnik nap\u0119dzany rolkowy do palet"},{"@type":"BreadcrumbList","@id":"https:\/\/packsmart.com.pl\/oferta\/przenosniki-rolkowe\/przenosnik-rolkowy-do-palet\/#breadcrumb","itemListElement":[{"@type":"ListItem","position":1,"name":"Strona g\u0142\u00f3wna","item":"https:\/\/packsmart.com.pl\/"},{"@type":"ListItem","position":2,"name":"Produkty","item":"https:\/\/packsmart.com.pl\/sklep\/"},{"@type":"ListItem","position":3,"name":"Przeno\u015bniki rolkowe","item":"https:\/\/packsmart.com.pl\/product-category\/przenosniki-rolkowe\/"},{"@type":"ListItem","position":4,"name":"Przeno\u015bnik rolkowy do palet"}]},{"@type":"WebSite","@id":"https:\/\/packsmart.com.pl\/#website","url":"https:\/\/packsmart.com.pl\/","name":"Pack Smart - Verpackungssysteme","description":"","publisher":{"@id":"https:\/\/packsmart.com.pl\/#organization"},"potentialAction":[{"@type":"SearchAction","target":{"@type":"EntryPoint","urlTemplate":"https:\/\/packsmart.com.pl\/?s={search_term_string}"},"query-input":{"@type":"PropertyValueSpecification","valueRequired":true,"valueName":"search_term_string"}}],"inLanguage":"de"},{"@type":"Organization","@id":"https:\/\/packsmart.com.pl\/#organization","name":"Clever packen","url":"https:\/\/packsmart.com.pl\/","logo":{"@type":"ImageObject","inLanguage":"de","@id":"https:\/\/packsmart.com.pl\/#\/schema\/logo\/image\/","url":"https:\/\/packsmart.com.pl\/wp-content\/uploads\/2020\/11\/cropped-logo.png","contentUrl":"https:\/\/packsmart.com.pl\/wp-content\/uploads\/2020\/11\/cropped-logo.png","width":512,"height":512,"caption":"Pack Smart"},"image":{"@id":"https:\/\/packsmart.com.pl\/#\/schema\/logo\/image\/"},"sameAs":["https:\/\/www.facebook.com\/p\/Pack-Smart-100089770293385\/?locale=pl_PL"]},false]}},"_links":{"self":[{"href":"https:\/\/packsmart.com.pl\/de\/wp-json\/wp\/v2\/product\/1164","targetHints":{"allow":["GET"]}}],"collection":[{"href":"https:\/\/packsmart.com.pl\/de\/wp-json\/wp\/v2\/product"}],"about":[{"href":"https:\/\/packsmart.com.pl\/de\/wp-json\/wp\/v2\/types\/product"}],"replies":[{"embeddable":true,"href":"https:\/\/packsmart.com.pl\/de\/wp-json\/wp\/v2\/comments?post=1164"}],"wp:featuredmedia":[{"embeddable":true,"href":"https:\/\/packsmart.com.pl\/de\/wp-json\/wp\/v2\/media\/1166"}],"wp:attachment":[{"href":"https:\/\/packsmart.com.pl\/de\/wp-json\/wp\/v2\/media?parent=1164"}],"wp:term":[{"taxonomy":"product_cat","embeddable":true,"href":"https:\/\/packsmart.com.pl\/de\/wp-json\/wp\/v2\/product_cat?post=1164"},{"taxonomy":"product_tag","embeddable":true,"href":"https:\/\/packsmart.com.pl\/de\/wp-json\/wp\/v2\/product_tag?post=1164"}],"curies":[{"name":"wp","href":"https:\/\/api.w.org\/{rel}","templated":true}]}}