{"id":354,"date":"2020-11-26T13:09:49","date_gmt":"2020-11-26T12:09:49","guid":{"rendered":"http:\/\/packsmart.com.pl\/?page_id=354"},"modified":"2025-08-19T12:25:12","modified_gmt":"2025-08-19T10:25:12","slug":"kontakt","status":"publish","type":"page","link":"https:\/\/packsmart.com.pl\/de\/kontakt\/","title":{"rendered":"Kontakt"},"content":{"rendered":"<p>[et_pb_section fb_built=&#8221;1&#8243; module_id=&#8221;kontakt&#8221; _builder_version=&#8221;4.16&#8243; background_enable_color=&#8221;off&#8221; custom_padding=&#8221;0px||0px||true|&#8221; animation_style=&#8221;slide&#8221; animation_direction=&#8221;bottom&#8221; locked=&#8221;off&#8221; global_colors_info=&#8221;{}&#8221;][et_pb_row column_structure=&#8221;1_2,1_2&#8243; use_custom_gutter=&#8221;on&#8221; gutter_width=&#8221;1&#8243; make_equal=&#8221;on&#8221; _builder_version=&#8221;4.16&#8243; background_color=&#8221;#f5f5f5&#8243; width=&#8221;100%&#8221; max_width=&#8221;100%&#8221; custom_margin=&#8221;||||false|false&#8221; custom_padding=&#8221;0px||0px||false|false&#8221; global_colors_info=&#8221;{}&#8221;][et_pb_column type=&#8221;1_2&#8243; _builder_version=&#8221;4.16&#8243; background_color=&#8221;#f5f5f5&#8243; custom_padding=&#8221;11%|5%|11%|10%|true|false&#8221; custom_padding_tablet=&#8221;&#8221; custom_padding_phone=&#8221;20%||20%||true|false&#8221; custom_padding_last_edited=&#8221;on|phone&#8221; custom_css_main_element=&#8221;margin:auto&#8221; global_colors_info=&#8221;{}&#8221;][et_pb_text _builder_version=&#8221;4.16&#8243; global_colors_info=&#8221;{}&#8221;]<\/p>\n<h2>Bitte kontaktieren Sie uns<\/h2>\n<p>Kontaktieren Sie uns \u2013 wir finden die passende L\u00f6sung f\u00fcr Ihre Bed\u00fcrfnisse!<\/p>\n<p>[\/et_pb_text][et_pb_button button_url=&#8221;mailto:lukasz@packsmart.com.pl&#8221; button_text=&#8221;lukasz@packsmart.com.pl&#8221; _builder_version=&#8221;4.16&#8243; custom_button=&#8221;on&#8221; button_text_color=&#8221;#ffffff&#8221; button_bg_color=&#8221;#0c71c3&#8243; button_border_width=&#8221;0px&#8221; button_border_radius=&#8221;25px&#8221; button_font=&#8221;Poppins|600|||||||&#8221; custom_margin=&#8221;28px|||||&#8221; global_colors_info=&#8221;{}&#8221;][\/et_pb_button][et_pb_button button_url=&#8221;tel:+48660566591&#8243; button_text=&#8221;+48 660 566 591&#8243; _builder_version=&#8221;4.16&#8243; custom_button=&#8221;on&#8221; button_text_color=&#8221;#ffffff&#8221; button_bg_color=&#8221;#0c71c3&#8243; button_border_width=&#8221;0px&#8221; button_border_radius=&#8221;25px&#8221; button_font=&#8221;Poppins|600|||||||&#8221; custom_margin=&#8221;28px|||||&#8221; global_colors_info=&#8221;{}&#8221;][\/et_pb_button][\/et_pb_column][et_pb_column type=&#8221;1_2&#8243; _builder_version=&#8221;4.16&#8243; background_color=&#8221;#0c71c3&#8243; custom_padding=&#8221;1%||1%||true|false&#8221; global_colors_info=&#8221;{}&#8221;][dvppl_cf7_styler use_form_button_fullwidth=&#8221;on&#8221; cf7=&#8221;835&#8243; form_label_spacing=&#8221;8px&#8221; cf7_message_color=&#8221;#FFFFFF&#8221; cf7_message_bg_color=&#8221;#7CDA24&#8243; _builder_version=&#8221;4.21.0&#8243; _module_preset=&#8221;default&#8221; form_field_font_text_color=&#8221;#000000&#8243; form_field_font_font_size=&#8221;18px&#8221; labels_text_color=&#8221;#ffffff&#8221; labels_font_size=&#8221;1px&#8221; placeholder_text_color=&#8221;#000000&#8243; custom_submit_button=&#8221;on&#8221; submit_button_text_size=&#8221;22px&#8221; submit_button_text_color=&#8221;#FFFFFF&#8221; submit_button_bg_color=&#8221;#E09900&#8243; submit_button_border_color=&#8221;#E09900&#8243; custom_padding=&#8221;|10%||10%|false|true&#8221; global_colors_info=&#8221;{}&#8221;][\/dvppl_cf7_styler][et_pb_text _builder_version=&#8221;4.16&#8243; text_text_color=&#8221;#ffffff&#8221; custom_padding=&#8221;|10%|50px|10%|false|true&#8221; global_colors_info=&#8221;{}&#8221;]<\/p>\n<p>Der Administrator der personenbezogenen Daten ist das Unternehmen <b>PLG Pola Gontarczyk\u00a0<\/b><span>Steueridentifikationsnummer (NIP) 5291830328<\/span>, 05-825 Milan\u00f3wek , Wjazdowa 6. Die im Kontaktformular eingegebenen Daten werden verarbeitet, um auf die gesendete Nachricht zu antworten.<\/p>\n<p>[\/et_pb_text][\/et_pb_column][\/et_pb_row][\/et_pb_section]<\/p>","protected":false},"excerpt":{"rendered":"<p>Zapraszamy do kontaktu Skontaktuj si\u0119 z nami &#8211; znajdziemy odpowiednie rozwi\u0105zanie dedykowane do Twoich potrzeb!<div class=\"et_pb_module dvppl_cf7_styler dvppl_cf7_styler_0\">\n\t\t\t\t\n\t\t\t\t\n\t\t\t\t\n\t\t\t\t\n\t\t\t\t\n\t\t\t\t\n\t\t\t\t<div class=\"et_pb_module_inner\">\n\t\t\t\t\t<div class=\"dipe-cf7-container dipe-cf7-button-fullwidth\">\n\t\t\t\t\n\t\t\t\t<div class=\"dipe-cf7 dipe-cf7-styler\">\n\t\t\t\t\t\n<div class=\"wpcf7 no-js\" id=\"wpcf7-f835-o1\" lang=\"pl-PL\" dir=\"ltr\">\n<div class=\"screen-reader-response\"><p role=\"status\" aria-live=\"polite\" aria-atomic=\"true\"><\/p> <ul><\/ul><\/div>\n<form action=\"\/de\/wp-json\/wp\/v2\/pages\/354#wpcf7-f835-o1\" method=\"post\" class=\"wpcf7-form init\" aria-label=\"Formularz kontaktowy\" novalidate=\"novalidate\" data-status=\"init\" data-trp-original-action=\"\/de\/wp-json\/wp\/v2\/pages\/354#wpcf7-f835-o1\">\n<div style=\"display: none;\">\n<input type=\"hidden\" name=\"_wpcf7\" value=\"835\" \/>\n<input type=\"hidden\" name=\"_wpcf7_version\" value=\"5.8\" \/>\n<input type=\"hidden\" name=\"_wpcf7_locale\" value=\"pl_PL\" \/>\n<input type=\"hidden\" name=\"_wpcf7_unit_tag\" value=\"wpcf7-f835-o1\" \/>\n<input type=\"hidden\" name=\"_wpcf7_container_post\" value=\"0\" \/>\n<input type=\"hidden\" name=\"_wpcf7_posted_data_hash\" value=\"\" \/>\n<input type=\"hidden\" name=\"_wpcf7_recaptcha_response\" value=\"\" \/>\n<\/div>\n<div id=\"responsive-form\" class=\"clearfix\">\n\t<div class=\"form-row\">\n\t\t<div class=\"column-half\">\n\t\t\t<p>Name \/ Nachname <span class=\"wpcf7-form-control-wrap\" data-name=\"first-name\"><input size=\"40\" class=\"wpcf7-form-control wpcf7-text wpcf7-validates-as-required\" aria-required=\"true\" aria-invalid=\"false\" value=\"\" type=\"text\" name=\"first-name\" \/><\/span>\n\t\t\t<\/p>\n\t\t<\/div>\n\t\t<div class=\"column-half\">\n\t\t\t<p>Name der Firma <span class=\"wpcf7-form-control-wrap\" data-name=\"company-name\"><input size=\"40\" class=\"wpcf7-form-control wpcf7-text wpcf7-validates-as-required\" aria-required=\"true\" aria-invalid=\"false\" value=\"\" type=\"text\" name=\"company-name\" \/><\/span>\n\t\t\t<\/p>\n\t\t<\/div>\n\t<\/div>\n\t<div class=\"form-row\">\n\t\t<div class=\"column-half\">\n\t\t\t<p>E-Mail <span class=\"wpcf7-form-control-wrap\" data-name=\"your-email\"><input size=\"40\" class=\"wpcf7-form-control wpcf7-email wpcf7-validates-as-required wpcf7-text wpcf7-validates-as-email\" aria-required=\"true\" aria-invalid=\"false\" value=\"\" type=\"email\" name=\"your-email\" \/><\/span>\n\t\t\t<\/p>\n\t\t<\/div>\n\t\t<div class=\"column-half\">\n\t\t\t<p>Kontakttelefonnummer <span class=\"wpcf7-form-control-wrap\" data-name=\"your-phone\"><input size=\"40\" class=\"wpcf7-form-control wpcf7-text wpcf7-validates-as-required\" aria-required=\"true\" aria-invalid=\"false\" value=\"\" type=\"text\" name=\"your-phone\" \/><\/span>\n\t\t\t<\/p>\n\t\t<\/div>\n\t<\/div>\n\t<div class=\"form-row\">\n\t\t<div class=\"column-full\">\n\t\t\t<p>Nachricht <span class=\"wpcf7-form-control-wrap\" data-name=\"your-message\"><textarea cols=\"40\" rows=\"10\" class=\"wpcf7-form-control wpcf7-textarea\" aria-invalid=\"false\" name=\"your-message\"><\/textarea><\/span>\n\t\t\t<\/p>\n\t\t<\/div>\n\t<\/div>\n\t<div class=\"form-row\">\n\t\t<div class=\"column-full\">\n\t\t\t<p><input class=\"wpcf7-form-control wpcf7-submit has-spinner\" type=\"submit\" value=\"Anfrage senden\" \/>\n\t\t\t<\/p>\n\t\t<\/div>\n\t<\/div>\n<\/div><!--end responsive-form--><div class=\"wpcf7-response-output\" aria-hidden=\"true\"><\/div>\n<input type=\"hidden\" name=\"trp-form-language\" value=\"de\"\/><\/form>\n<\/div>\n\n\t\t\t\t<\/div>\n\t\t\t<\/div>\n\t\t\t\t<\/div>\n\t\t\t<\/div>Administratorem danych osobowych jest firma PLG Pola Gontarczyk\u00a0NIP 5291830328, 05-825 Milan\u00f3wek , Wjazdowa 6. Dane wpisane w formularzu kontaktowym b\u0119d\u0105 przetwarzane w [&hellip;]<\/p>","protected":false},"author":1,"featured_media":0,"parent":0,"menu_order":3,"comment_status":"closed","ping_status":"closed","template":"","meta":{"_et_pb_use_builder":"on","_et_pb_old_content":"","_et_gb_content_width":"","inline_featured_image":false,"yasr_overall_rating":0,"yasr_post_is_review":"","yasr_auto_insert_disabled":"","yasr_review_type":"","footnotes":""},"class_list":["post-354","page","type-page","status-publish","hentry"],"yasr_visitor_votes":{"stars_attributes":{"read_only":false,"span_bottom":false},"number_of_votes":0,"sum_votes":0},"acf":[],"yoast_head":"<!-- This site is optimized with the Yoast SEO plugin v26.1.1 - https:\/\/yoast.com\/wordpress\/plugins\/seo\/ -->\n<title>Pack Smart - Kontakt<\/title>\n<meta name=\"robots\" content=\"index, follow, max-snippet:-1, max-image-preview:large, max-video-preview:-1\" \/>\n<link rel=\"canonical\" href=\"https:\/\/packsmart.com.pl\/de\/kontakt\/\" \/>\n<meta property=\"og:locale\" content=\"de_DE\" \/>\n<meta property=\"og:type\" content=\"article\" \/>\n<meta property=\"og:title\" content=\"Pack Smart - Kontakt\" \/>\n<meta property=\"og:description\" content=\"Zapraszamy do kontaktu Skontaktuj si\u0119 z nami - znajdziemy odpowiednie rozwi\u0105zanie dedykowane do Twoich potrzeb!Administratorem danych osobowych jest firma PLG Pola Gontarczyk\u00a0NIP 5291830328, 05-825 Milan\u00f3wek , Wjazdowa 6. Dane wpisane w formularzu kontaktowym b\u0119d\u0105 przetwarzane w [&hellip;]\" \/>\n<meta property=\"og:url\" content=\"https:\/\/packsmart.com.pl\/de\/kontakt\/\" \/>\n<meta property=\"og:site_name\" content=\"Pack Smart - Systemy pakowania\" \/>\n<meta property=\"article:publisher\" content=\"https:\/\/www.facebook.com\/p\/Pack-Smart-100089770293385\/?locale=pl_PL\" \/>\n<meta property=\"article:modified_time\" content=\"2025-08-19T10:25:12+00:00\" \/>\n<meta property=\"og:image\" content=\"https:\/\/packsmart.com.pl\/wp-content\/uploads\/2020\/11\/logo.png\" \/>\n\t<meta property=\"og:image:width\" content=\"886\" \/>\n\t<meta property=\"og:image:height\" content=\"254\" \/>\n\t<meta property=\"og:image:type\" content=\"image\/png\" \/>\n<meta name=\"twitter:card\" content=\"summary_large_image\" \/>\n<meta name=\"twitter:label1\" content=\"Gesch\u00e4tzte Lesezeit\" \/>\n\t<meta name=\"twitter:data1\" content=\"2\u00a0Minuten\" \/>\n<script type=\"application\/ld+json\" class=\"yoast-schema-graph\">{\"@context\":\"https:\/\/schema.org\",\"@graph\":[{\"@type\":\"WebPage\",\"@id\":\"https:\/\/packsmart.com.pl\/kontakt\/\",\"url\":\"https:\/\/packsmart.com.pl\/kontakt\/\",\"name\":\"Pack Smart - Kontakt\",\"isPartOf\":{\"@id\":\"https:\/\/packsmart.com.pl\/#website\"},\"datePublished\":\"2020-11-26T12:09:49+00:00\",\"dateModified\":\"2025-08-19T10:25:12+00:00\",\"breadcrumb\":{\"@id\":\"https:\/\/packsmart.com.pl\/kontakt\/#breadcrumb\"},\"inLanguage\":\"de\",\"potentialAction\":[{\"@type\":\"ReadAction\",\"target\":[\"https:\/\/packsmart.com.pl\/kontakt\/\"]}]},{\"@type\":\"BreadcrumbList\",\"@id\":\"https:\/\/packsmart.com.pl\/kontakt\/#breadcrumb\",\"itemListElement\":[{\"@type\":\"ListItem\",\"position\":1,\"name\":\"Strona g\u0142\u00f3wna\",\"item\":\"https:\/\/packsmart.com.pl\/\"},{\"@type\":\"ListItem\",\"position\":2,\"name\":\"Kontakt\"}]},{\"@type\":\"WebSite\",\"@id\":\"https:\/\/packsmart.com.pl\/#website\",\"url\":\"https:\/\/packsmart.com.pl\/\",\"name\":\"Pack Smart - Systemy pakowania\",\"description\":\"\",\"publisher\":{\"@id\":\"https:\/\/packsmart.com.pl\/#organization\"},\"potentialAction\":[{\"@type\":\"SearchAction\",\"target\":{\"@type\":\"EntryPoint\",\"urlTemplate\":\"https:\/\/packsmart.com.pl\/?s={search_term_string}\"},\"query-input\":{\"@type\":\"PropertyValueSpecification\",\"valueRequired\":true,\"valueName\":\"search_term_string\"}}],\"inLanguage\":\"de\"},{\"@type\":\"Organization\",\"@id\":\"https:\/\/packsmart.com.pl\/#organization\",\"name\":\"Pack Smart\",\"url\":\"https:\/\/packsmart.com.pl\/\",\"logo\":{\"@type\":\"ImageObject\",\"inLanguage\":\"de\",\"@id\":\"https:\/\/packsmart.com.pl\/#\/schema\/logo\/image\/\",\"url\":\"https:\/\/packsmart.com.pl\/wp-content\/uploads\/2020\/11\/cropped-logo.png\",\"contentUrl\":\"https:\/\/packsmart.com.pl\/wp-content\/uploads\/2020\/11\/cropped-logo.png\",\"width\":512,\"height\":512,\"caption\":\"Pack Smart\"},\"image\":{\"@id\":\"https:\/\/packsmart.com.pl\/#\/schema\/logo\/image\/\"},\"sameAs\":[\"https:\/\/www.facebook.com\/p\/Pack-Smart-100089770293385\/?locale=pl_PL\"]},false]}<\/script>\n<!-- \/ Yoast SEO plugin. -->","yoast_head_json":{"title":"Pack Smart - Kontakt","robots":{"index":"index","follow":"follow","max-snippet":"max-snippet:-1","max-image-preview":"max-image-preview:large","max-video-preview":"max-video-preview:-1"},"canonical":"https:\/\/packsmart.com.pl\/de\/kontakt\/","og_locale":"de_DE","og_type":"article","og_title":"Pack Smart - Kontakt","og_description":"Zapraszamy do kontaktu Skontaktuj si\u0119 z nami - znajdziemy odpowiednie rozwi\u0105zanie dedykowane do Twoich potrzeb!Administratorem danych osobowych jest firma PLG Pola Gontarczyk\u00a0NIP 5291830328, 05-825 Milan\u00f3wek , Wjazdowa 6. Dane wpisane w formularzu kontaktowym b\u0119d\u0105 przetwarzane w [&hellip;]","og_url":"https:\/\/packsmart.com.pl\/de\/kontakt\/","og_site_name":"Pack Smart - Systemy pakowania","article_publisher":"https:\/\/www.facebook.com\/p\/Pack-Smart-100089770293385\/?locale=pl_PL","article_modified_time":"2025-08-19T10:25:12+00:00","og_image":[{"width":886,"height":254,"url":"https:\/\/packsmart.com.pl\/wp-content\/uploads\/2020\/11\/logo.png","type":"image\/png"}],"twitter_card":"summary_large_image","twitter_misc":{"Gesch\u00e4tzte Lesezeit":"2\u00a0Minuten"},"schema":{"@context":"https:\/\/schema.org","@graph":[{"@type":"WebPage","@id":"https:\/\/packsmart.com.pl\/kontakt\/","url":"https:\/\/packsmart.com.pl\/kontakt\/","name":"Pack Smart - Kontakt","isPartOf":{"@id":"https:\/\/packsmart.com.pl\/#website"},"datePublished":"2020-11-26T12:09:49+00:00","dateModified":"2025-08-19T10:25:12+00:00","breadcrumb":{"@id":"https:\/\/packsmart.com.pl\/kontakt\/#breadcrumb"},"inLanguage":"de","potentialAction":[{"@type":"ReadAction","target":["https:\/\/packsmart.com.pl\/kontakt\/"]}]},{"@type":"BreadcrumbList","@id":"https:\/\/packsmart.com.pl\/kontakt\/#breadcrumb","itemListElement":[{"@type":"ListItem","position":1,"name":"Strona g\u0142\u00f3wna","item":"https:\/\/packsmart.com.pl\/"},{"@type":"ListItem","position":2,"name":"Kontakt"}]},{"@type":"WebSite","@id":"https:\/\/packsmart.com.pl\/#website","url":"https:\/\/packsmart.com.pl\/","name":"Pack Smart - Verpackungssysteme","description":"","publisher":{"@id":"https:\/\/packsmart.com.pl\/#organization"},"potentialAction":[{"@type":"SearchAction","target":{"@type":"EntryPoint","urlTemplate":"https:\/\/packsmart.com.pl\/?s={search_term_string}"},"query-input":{"@type":"PropertyValueSpecification","valueRequired":true,"valueName":"search_term_string"}}],"inLanguage":"de"},{"@type":"Organization","@id":"https:\/\/packsmart.com.pl\/#organization","name":"Clever packen","url":"https:\/\/packsmart.com.pl\/","logo":{"@type":"ImageObject","inLanguage":"de","@id":"https:\/\/packsmart.com.pl\/#\/schema\/logo\/image\/","url":"https:\/\/packsmart.com.pl\/wp-content\/uploads\/2020\/11\/cropped-logo.png","contentUrl":"https:\/\/packsmart.com.pl\/wp-content\/uploads\/2020\/11\/cropped-logo.png","width":512,"height":512,"caption":"Pack Smart"},"image":{"@id":"https:\/\/packsmart.com.pl\/#\/schema\/logo\/image\/"},"sameAs":["https:\/\/www.facebook.com\/p\/Pack-Smart-100089770293385\/?locale=pl_PL"]},false]}},"_links":{"self":[{"href":"https:\/\/packsmart.com.pl\/de\/wp-json\/wp\/v2\/pages\/354","targetHints":{"allow":["GET"]}}],"collection":[{"href":"https:\/\/packsmart.com.pl\/de\/wp-json\/wp\/v2\/pages"}],"about":[{"href":"https:\/\/packsmart.com.pl\/de\/wp-json\/wp\/v2\/types\/page"}],"author":[{"embeddable":true,"href":"https:\/\/packsmart.com.pl\/de\/wp-json\/wp\/v2\/users\/1"}],"replies":[{"embeddable":true,"href":"https:\/\/packsmart.com.pl\/de\/wp-json\/wp\/v2\/comments?post=354"}],"version-history":[{"count":12,"href":"https:\/\/packsmart.com.pl\/de\/wp-json\/wp\/v2\/pages\/354\/revisions"}],"predecessor-version":[{"id":1091,"href":"https:\/\/packsmart.com.pl\/de\/wp-json\/wp\/v2\/pages\/354\/revisions\/1091"}],"wp:attachment":[{"href":"https:\/\/packsmart.com.pl\/de\/wp-json\/wp\/v2\/media?parent=354"}],"curies":[{"name":"wp","href":"https:\/\/api.w.org\/{rel}","templated":true}]}}