{"id":309,"date":"2020-11-23T21:57:15","date_gmt":"2020-11-23T20:57:15","guid":{"rendered":"http:\/\/packsmart.com.pl\/?page_id=309"},"modified":"2026-01-27T09:18:51","modified_gmt":"2026-01-27T08:18:51","slug":"serwis-maszyn-pakujacych","status":"publish","type":"page","link":"https:\/\/packsmart.com.pl\/de\/serwis-maszyn-pakujacych\/","title":{"rendered":"Verpackungsmaschinenservice"},"content":{"rendered":"<p>[et_pb_section fb_built=&#8221;1&#8243; _builder_version=&#8221;4.22.0&#8243; _module_preset=&#8221;default&#8221; background_color=&#8221;#0C71C3&#8243; custom_padding=&#8221;30px||30px||true|&#8221; animation_style=&#8221;bounce&#8221; global_colors_info=&#8221;{}&#8221;][et_pb_row _builder_version=&#8221;4.22.0&#8243; _module_preset=&#8221;default&#8221; background_color=&#8221;#0C71C3&#8243; global_colors_info=&#8221;{}&#8221; admin_label=&#8221;Wiersz&#8221; custom_padding=&#8221;11px|||||&#8221;][et_pb_column type=&#8221;4_4&#8243; _builder_version=&#8221;4.16&#8243; _module_preset=&#8221;default&#8221; global_colors_info=&#8221;{}&#8221;][et_pb_text _builder_version=&#8221;4.22.0&#8243; _module_preset=&#8221;default&#8221; header_text_align=&#8221;left&#8221; background_color=&#8221;#0C71C3&#8243; module_alignment=&#8221;left&#8221; hover_enabled=&#8221;0&#8243; global_colors_info=&#8221;{}&#8221; admin_label=&#8221;Tekst&#8221; text_font_size=&#8221;10px&#8221; sticky_enabled=&#8221;0&#8243;]<\/p>\n<h1 style=\"text-align: center;\"><span style=\"color: #ffffff;\">Verpackungsmaschinenservice<\/span><\/h1>\n<p>[\/et_pb_text][\/et_pb_column][\/et_pb_row][\/et_pb_section][et_pb_section fb_built=&#8221;1&#8243; _builder_version=&#8221;4.19.4&#8243; _module_preset=&#8221;default&#8221; global_colors_info=&#8221;{}&#8221;][et_pb_row _builder_version=&#8221;4.19.4&#8243; _module_preset=&#8221;default&#8221; global_colors_info=&#8221;{}&#8221;][et_pb_column type=&#8221;4_4&#8243; _builder_version=&#8221;4.19.4&#8243; _module_preset=&#8221;default&#8221; global_colors_info=&#8221;{}&#8221;][et_pb_text _builder_version=&#8221;4.22.0&#8243; _module_preset=&#8221;default&#8221; global_colors_info=&#8221;{}&#8221;]<\/p>\n<p><span style=\"font-weight: 400;\">Die Aufrechterhaltung der Produktionskontinuit\u00e4t ist die Grundlage eines profitablen Unternehmens. Jede Ausfallzeit verursacht unn\u00f6tige Verluste. Das wissen wir. <\/span><a href=\"https:\/\/packsmart.com.pl\/sklep\/\"><span style=\"font-weight: 400;\">Verpackungsmaschinen<\/span><\/a><span style=\"font-weight: 400;\"> sind ein wichtiges Bindeglied in Ihrer Produktion \u2013 sie verbessern die Logistik und sichern die Waren.<\/span><\/p>\n<p><span style=\"font-weight: 400;\">Um ihre maximale Leistungsf\u00e4higkeit zu gew\u00e4hrleisten, ist eine regelm\u00e4\u00dfige Wartung erforderlich. <\/span><b>Diagnose von Verpackungsmaschinen<\/b><span style=\"font-weight: 400;\"> und professionelle Wartung. Wir bei Packsmart verstehen die Besonderheiten von Produktionsprozessen am Ende der Produktionslinie. Unsere Reaktion auf Ausfallzeiten ist ein schneller Service und ein effizienter Betrieb, unterst\u00fctzt durch jahrelange Erfahrung in der Wartung von Verpackungsmaschinen verschiedener Marken.<\/span><\/p>\n<h2><span style=\"font-weight: 400;\">Reparatur von Verpackungsmaschinen \u2013 worauf sind wir spezialisiert?<\/span><\/h2>\n<p><span style=\"font-weight: 400;\">Wir bieten professionellen technischen Support f\u00fcr Ger\u00e4te f\u00fchrender Marken. <\/span><b>Service f\u00fcr Verpackungsanlagen<\/b><span style=\"font-weight: 400;\"> umfasst unter anderem:<\/span><\/p>\n<ul>\n<li style=\"font-weight: 400;\" aria-level=\"1\"><span style=\"font-weight: 400;\">Service und Reparatur<\/span> <a href=\"https:\/\/packsmart.com.pl\/product-category\/owijarki-do-palet\/\"><span style=\"font-weight: 400;\">Palettenwickler<\/span><\/a><span style=\"font-weight: 400;\"> (automatisch und halbautomatisch),<\/span><\/li>\n<li style=\"font-weight: 400;\" aria-level=\"1\"><span style=\"font-weight: 400;\">Wartung und Reparatur von Kartonklebemaschinen (<\/span><a href=\"https:\/\/packsmart.com.pl\/product-category\/zaklejarki-do-kartonow\/\"><span style=\"font-weight: 400;\">Kartonverschlie\u00dfger\u00e4te<\/span><\/a><span style=\"font-weight: 400;\">),<\/span><\/li>\n<li style=\"font-weight: 400;\" aria-level=\"1\"><span style=\"font-weight: 400;\">Service und Reparatur <\/span><a href=\"https:\/\/packsmart.com.pl\/product-category\/skladarki-do-kartonow\/\"><span style=\"font-weight: 400;\">Kartonfaltmaschinen<\/span><\/a><span style=\"font-weight: 400;\">.<\/span><\/li>\n<\/ul>\n<p><span style=\"font-weight: 400;\">F\u00fcr jede von uns vertriebene Maschine haben wir <\/span><b>Satz <\/b><a href=\"https:\/\/packsmart.com.pl\/product-category\/czesci\/\"><b>Ersatzteile<\/b><\/a><span style=\"font-weight: 400;\">, wodurch wir das Ger\u00e4t schnell wieder in den vollen technischen Zustand versetzen k\u00f6nnen.<\/span><\/p>\n<h2><span style=\"font-weight: 400;\">Service und Beratung f\u00fcr Maschinen anderer Hersteller<\/span><\/h2>\n<p><span style=\"font-weight: 400;\">Besitzen Sie Maschinen verschiedener Hersteller? Kein Problem f\u00fcr uns. Wir f\u00fchren fortlaufende und umfassende Reparaturen nach bestem technischem K\u00f6nnen durch. <\/span><b>Reparaturen von Verpackungsmaschinen anderer Hersteller<\/b><span style=\"font-weight: 400;\">.<\/span><\/p>\n<p><span style=\"font-weight: 400;\">Wir arbeiten pr\u00e4zise und setzen Spezialwerkzeuge ein, um die Ursache des Problems zu beseitigen, nicht nur die Symptome. Unser Ziel ist es, sicherzustellen, dass Ihre Ger\u00e4te keine st\u00e4ndigen Reparaturen ben\u00f6tigen. Wir bieten au\u00dferdem an <\/span><b>technische Beratung<\/b> <b>im Bereich Software und Steuerungselektronik.<\/b><\/p>\n<h2><span style=\"font-weight: 400;\">Melden Sie eine St\u00f6rung oder bestellen Sie einen Service<\/span><\/h2>\n<p><span style=\"font-weight: 400;\">Sind Sie interessiert an <\/span><b>Service f\u00fcr Verpackungsmaschinen in Warschau<\/b><span style=\"font-weight: 400;\"> Oder in einer anderen Region des Landes? Wir bem\u00fchen uns, so schnell wie m\u00f6glich zu reagieren, um Ausfallzeiten in Ihrem Unternehmen zu minimieren.<\/span><\/p>\n<p><span style=\"font-weight: 400;\"><\/span><\/p>\n<h3><span style=\"font-weight: 400;\"><b>H\u00e4ufig gestellte Fragen (FAQ)<\/b><\/span><\/h3>\n<style>#sp-ea-1218 .spcollapsing { height: 0; overflow: hidden; transition-property: height;transition-duration: 300ms;}#sp-ea-1218.sp-easy-accordion>.sp-ea-single {margin-bottom: 10px; border: 1px solid #e2e2e2; }#sp-ea-1218.sp-easy-accordion>.sp-ea-single>.ea-header a {color: #444;}#sp-ea-1218.sp-easy-accordion>.sp-ea-single>.sp-collapse>.ea-body {background: #fff; color: #444;}#sp-ea-1218.sp-easy-accordion>.sp-ea-single {background: #eee;}#sp-ea-1218.sp-easy-accordion>.sp-ea-single>.ea-header a .ea-expand-icon { float: left; color: #444;font-size: 16px;}<\/style><div id=\"sp_easy_accordion-1766071526\"><div id=\"sp-ea-1218\" class=\"sp-ea-one sp-easy-accordion\" data-ea-active=\"ea-click\" data-ea-mode=\"vertical\" data-preloader=\"\" data-scroll-active-item=\"\" data-offset-to-scroll=\"0\"><div class=\"ea-card ea-expand sp-ea-single\"><h3 class=\"ea-header\"><a class=\"collapsed\" id=\"ea-header-12180\" role=\"button\" data-sptoggle=\"spcollapse\" data-sptarget=\"#collapse12180\" aria-controls=\"collapse12180\" href=\"#\" aria-expanded=\"true\" tabindex=\"0\"><i aria-hidden=\"true\" role=\"presentation\" class=\"ea-expand-icon eap-icon-ea-expand-minus\"><\/i> Wie schnell reagiert der Pack Smart-Service auf eine St\u00f6rungsmeldung? <\/a><\/h3><div class=\"sp-collapse spcollapse collapsed show\" id=\"collapse12180\" data-parent=\"#sp-ea-1218\" role=\"region\" aria-labelledby=\"ea-header-12180\"> <div class=\"ea-body\"><p><span style=\"font-weight: 400\">Wir setzen alles daran, umgehend zu reagieren. Anfragen aus Warschau und Umgebung lassen sich am schnellsten bearbeiten, wir betreuen aber Kunden in ganz Polen und minimieren so Produktionsausfallzeiten.<\/span><\/p><\/div><\/div><\/div><div class=\"ea-card sp-ea-single\"><h3 class=\"ea-header\"><a class=\"collapsed\" id=\"ea-header-12181\" role=\"button\" data-sptoggle=\"spcollapse\" data-sptarget=\"#collapse12181\" aria-controls=\"collapse12181\" href=\"#\" aria-expanded=\"false\" tabindex=\"0\"><i aria-hidden=\"true\" role=\"presentation\" class=\"ea-expand-icon eap-icon-ea-expand-plus\"><\/i> Reparieren Sie auch Verpackungsmaschinen anderer Hersteller? <\/a><\/h3><div class=\"sp-collapse spcollapse\" id=\"collapse12181\" data-parent=\"#sp-ea-1218\" role=\"region\" aria-labelledby=\"ea-header-12181\"> <div class=\"ea-body\"><p><span style=\"font-weight: 400\">Ja. Obwohl wir uns auf unsere eigenen Marken spezialisiert haben, erm\u00f6glicht uns unsere langj\u00e4hrige Erfahrung, Verpackungsmaschinen, Wickelmaschinen und Verschlie\u00dfmaschinen der meisten auf dem Markt erh\u00e4ltlichen Hersteller effektiv zu diagnostizieren und zu reparieren.<\/span><\/p><\/div><\/div><\/div><div class=\"ea-card sp-ea-single\"><h3 class=\"ea-header\"><a class=\"collapsed\" id=\"ea-header-12182\" role=\"button\" data-sptoggle=\"spcollapse\" data-sptarget=\"#collapse12182\" aria-controls=\"collapse12182\" href=\"#\" aria-expanded=\"false\" tabindex=\"0\"><i aria-hidden=\"true\" role=\"presentation\" class=\"ea-expand-icon eap-icon-ea-expand-plus\"><\/i> Bieten Sie f\u00fcr die Dauer der Reparatur ein Ersatzger\u00e4t an?<\/a><\/h3><div class=\"sp-collapse spcollapse\" id=\"collapse12182\" data-parent=\"#sp-ea-1218\" role=\"region\" aria-labelledby=\"ea-header-12182\"> <div class=\"ea-body\"><p><span style=\"font-weight: 400\">Ja, wir verstehen, dass die Produktion nicht warten kann. F\u00fcr ausgew\u00e4hlte Ger\u00e4te bieten wir eine Option an. <\/span><a href=\"https:\/\/packsmart.com.pl\/wynajem-maszyn\/\"><b>Vermietung von Verpackungsmaschinen<\/b><\/a><span style=\"font-weight: 400\"> zu Vorzugsbedingungen, um die Kontinuit\u00e4t Ihres Lagerbetriebs zu gew\u00e4hrleisten, w\u00e4hrend wir Ihre Ger\u00e4te wieder in Betrieb nehmen.<\/span><\/p><\/div><\/div><\/div><div class=\"ea-card sp-ea-single\"><h3 class=\"ea-header\"><a class=\"collapsed\" id=\"ea-header-12183\" role=\"button\" data-sptoggle=\"spcollapse\" data-sptarget=\"#collapse12183\" aria-controls=\"collapse12183\" href=\"#\" aria-expanded=\"false\" tabindex=\"0\"><i aria-hidden=\"true\" role=\"presentation\" class=\"ea-expand-icon eap-icon-ea-expand-plus\"><\/i> F\u00fchren Sie regelm\u00e4\u00dfige Wartungsinspektionen durch? <\/a><\/h3><div class=\"sp-collapse spcollapse\" id=\"collapse12183\" data-parent=\"#sp-ea-1218\" role=\"region\" aria-labelledby=\"ea-header-12183\"> <div class=\"ea-body\"><p><span style=\"font-weight: 400\">Selbstverst\u00e4ndlich. Regelm\u00e4\u00dfige Wartung und Diagnose sind der beste Weg, teure Ausf\u00e4lle zu vermeiden. Wir bieten fortlaufende Servicevertr\u00e4ge und regelm\u00e4\u00dfige technische Inspektionen f\u00fcr Unternehmen an.<\/span><\/p><\/div><\/div><\/div><script type=\"application\/ld+json\">{ \"@context\": \"https:\/\/schema.org\", \"@type\": \"FAQPage\", \"@id\": \"sp-ea-schema-1218-69e77d3879012\", \"mainEntity\": [{ \"@type\": \"Question\", \"name\": \"Jak szybko serwis Pack Smart reaguje na zg\u0142oszenie awarii? \", \"acceptedAnswer\": { \"@type\": \"Answer\", \"text\": \"Dok\u0142adamy wszelkich stara\u0144, aby nasza reakcja by\u0142a natychmiastowa. W przypadku zg\u0142osze\u0144 z Warszawy i okolic czas dojazdu jest najkr\u00f3tszy, jednak obs\u0142ugujemy klient\u00f3w w ca\u0142ej Polsce, dbaj\u0105c o to, by przestoje produkcyjne by\u0142y ograniczone do minimum.\" } },{ \"@type\": \"Question\", \"name\": \"Czy serwisujecie maszyny pakuj\u0105ce innych producent\u00f3w? \", \"acceptedAnswer\": { \"@type\": \"Answer\", \"text\": \"Tak. Cho\u0107 specjalizujemy si\u0119 w naszych markach, nasze wieloletnie do\u015bwiadczenie pozwala nam na skuteczn\u0105 diagnostyk\u0119 i napraw\u0119 maszyn pakuj\u0105cych, owijarek i zaklejarek wi\u0119kszo\u015bci producent\u00f3w dost\u0119pnych na rynku.\" } },{ \"@type\": \"Question\", \"name\": \"Czy oferujecie maszyn\u0119 zast\u0119pcz\u0105 na czas trwania naprawy?\", \"acceptedAnswer\": { \"@type\": \"Answer\", \"text\": \"Tak, rozumiemy, \u017ce produkcja nie mo\u017ce czeka\u0107. Dla wybranych urz\u0105dze\u0144 oferujemy opcj\u0119<b>wynajmu maszyn do pakowania<\/b>na preferencyjnych warunkach, aby zapewni\u0107 ci\u0105g\u0142o\u015b\u0107 pracy Twojego magazynu w czasie, gdy my przywracamy Twoje urz\u0105dzenie do sprawno\u015bci.\" } },{ \"@type\": \"Question\", \"name\": \"Czy prowadzicie okresowe przegl\u0105dy konserwacyjne? \", \"acceptedAnswer\": { \"@type\": \"Answer\", \"text\": \"Oczywi\u015bcie. Regularna konserwacja i diagnostyka to najlepszy spos\u00f3b na unikni\u0119cie kosztownych awarii. Oferujemy sta\u0142e umowy serwisowe i okresowe przegl\u0105dy techniczne dla firm.\" } }] }<\/script><\/div><\/div>\n<p>[\/et_pb_text][\/et_pb_column][\/et_pb_row][\/et_pb_section][et_pb_section fb_built=&#8221;1&#8243; module_id=&#8221;kontakt&#8221; _builder_version=&#8221;4.16&#8243; background_enable_color=&#8221;off&#8221; custom_padding=&#8221;0px||0px||true|&#8221; animation_style=&#8221;slide&#8221; animation_direction=&#8221;bottom&#8221; locked=&#8221;off&#8221; global_colors_info=&#8221;{}&#8221;][et_pb_row column_structure=&#8221;1_2,1_2&#8243; use_custom_gutter=&#8221;on&#8221; gutter_width=&#8221;1&#8243; make_equal=&#8221;on&#8221; _builder_version=&#8221;4.16&#8243; width=&#8221;100%&#8221; max_width=&#8221;100%&#8221; custom_margin=&#8221;||||false|false&#8221; custom_padding=&#8221;0px||0px||false|false&#8221; global_colors_info=&#8221;{}&#8221;][et_pb_column type=&#8221;1_2&#8243; _builder_version=&#8221;4.16&#8243; background_color=&#8221;#f5f5f5&#8243; custom_padding=&#8221;11%|5%|11%|10%|true|false&#8221; custom_padding_tablet=&#8221;&#8221; custom_padding_phone=&#8221;20%||20%||true|false&#8221; custom_padding_last_edited=&#8221;on|phone&#8221; custom_css_main_element=&#8221;margin:auto&#8221; global_colors_info=&#8221;{}&#8221;][et_pb_text _builder_version=&#8221;4.16&#8243; global_colors_info=&#8221;{}&#8221;]<\/p>\n<h2>Sie haben Interesse an einem Verpackungsmaschinenservice?<\/h2>\n<p>Kontaktieren Sie uns \u2013 wir finden die passende L\u00f6sung f\u00fcr Ihre Bed\u00fcrfnisse!<\/p>\n<p>[\/et_pb_text][et_pb_button button_url=&#8221;mailto:lukasz@packsmart.com.pl&#8221; button_text=&#8221;lukasz@packsmart.com.pl&#8221; _builder_version=&#8221;4.16&#8243; custom_button=&#8221;on&#8221; button_text_color=&#8221;#ffffff&#8221; button_bg_color=&#8221;#0c71c3&#8243; button_border_width=&#8221;0px&#8221; button_border_radius=&#8221;25px&#8221; button_font=&#8221;Poppins|600|||||||&#8221; custom_margin=&#8221;28px|||||&#8221; global_colors_info=&#8221;{}&#8221;][\/et_pb_button][et_pb_button button_url=&#8221;tel:+48660566591&#8243; button_text=&#8221;+48 660-566-591&#8243; _builder_version=&#8221;4.16&#8243; custom_button=&#8221;on&#8221; button_text_color=&#8221;#ffffff&#8221; button_bg_color=&#8221;#0c71c3&#8243; button_border_width=&#8221;0px&#8221; button_border_radius=&#8221;25px&#8221; button_font=&#8221;Poppins|600|||||||&#8221; custom_margin=&#8221;28px|||||&#8221; global_colors_info=&#8221;{}&#8221;][\/et_pb_button][\/et_pb_column][et_pb_column type=&#8221;1_2&#8243; _builder_version=&#8221;4.16&#8243; background_color=&#8221;#0c71c3&#8243; custom_padding=&#8221;1%||1%||true|false&#8221; global_colors_info=&#8221;{}&#8221;][dvppl_cf7_styler use_form_button_fullwidth=&#8221;on&#8221; cf7=&#8221;835&#8243; form_label_spacing=&#8221;8px&#8221; cf7_message_color=&#8221;#FFFFFF&#8221; cf7_message_bg_color=&#8221;#7CDA24&#8243; _builder_version=&#8221;4.21.0&#8243; _module_preset=&#8221;default&#8221; form_field_font_text_color=&#8221;#000000&#8243; form_field_font_font_size=&#8221;18px&#8221; labels_text_color=&#8221;#ffffff&#8221; labels_font_size=&#8221;1px&#8221; placeholder_text_color=&#8221;#000000&#8243; custom_submit_button=&#8221;on&#8221; submit_button_text_size=&#8221;22px&#8221; submit_button_text_color=&#8221;#FFFFFF&#8221; submit_button_bg_color=&#8221;#E09900&#8243; submit_button_border_color=&#8221;#E09900&#8243; custom_padding=&#8221;|10%||10%|false|true&#8221; locked=&#8221;off&#8221; global_colors_info=&#8221;{}&#8221;][\/dvppl_cf7_styler][et_pb_text _builder_version=&#8221;4.16&#8243; text_text_color=&#8221;#ffffff&#8221; custom_padding=&#8221;|10%|50px|10%|false|true&#8221; global_colors_info=&#8221;{}&#8221;]<\/p>\n<p>Der Administrator der personenbezogenen Daten ist das Unternehmen <b>PLG Pola Gontarczyk\u00a0<\/b><span>Steueridentifikationsnummer (NIP) 5291830328<\/span>, 05-825 Milan\u00f3wek , Wjazdowa 6. Die im Kontaktformular eingegebenen Daten werden verarbeitet, um auf die gesendete Nachricht zu antworten.<\/p>\n<p>[\/et_pb_text][\/et_pb_column][\/et_pb_row][\/et_pb_section]<\/p>","protected":false},"excerpt":{"rendered":"<p>Serwis maszyn pakuj\u0105cychUtrzymanie ci\u0105g\u0142o\u015bci pracy linii produkcyjnych to fundament rentownego przedsi\u0119biorstwa. Ka\u017cdy przest\u00f3j generuje niepotrzebne straty. Wiemy, \u017ce maszyny pakuj\u0105ce s\u0105 kluczowym ogniwem Twojej produkcji \u2013 usprawniaj\u0105 logistyk\u0119 i zabezpieczaj\u0105 towar. Aby zapewni\u0107 ich maksymaln\u0105 wydajno\u015b\u0107, niezb\u0119dna jest regularna diagnostyka maszyn pakuj\u0105cych oraz profesjonalna konserwacja. W Packsmart rozumiemy specyfik\u0119 proces\u00f3w ko\u0144cowych linii produkcyjnych. Nasz\u0105 odpowiedzi\u0105 [&hellip;]<\/p>","protected":false},"author":1,"featured_media":0,"parent":0,"menu_order":8,"comment_status":"closed","ping_status":"closed","template":"","meta":{"_et_pb_use_builder":"on","_et_pb_old_content":"","_et_gb_content_width":"","inline_featured_image":false,"yasr_overall_rating":0,"yasr_post_is_review":"","yasr_auto_insert_disabled":"","yasr_review_type":"","footnotes":""},"class_list":["post-309","page","type-page","status-publish","hentry"],"yasr_visitor_votes":{"stars_attributes":{"read_only":false,"span_bottom":false},"number_of_votes":0,"sum_votes":0},"acf":[],"yoast_head":"<!-- This site is optimized with the Yoast SEO plugin v26.1.1 - https:\/\/yoast.com\/wordpress\/plugins\/seo\/ -->\n<title>Serwis maszyn pakuj\u0105cych Warszawa \/ ca\u0142a Polska \u2013 Pack Smart<\/title>\n<meta name=\"description\" content=\"Profesjonalny serwis urz\u0105dze\u0144 pakuj\u0105cych. Naprawa owijarek, pakowarek pr\u00f3\u017cniowych i kartoniarek. Szybka diagnostyka i dojazd do klienta. Zg\u0142o\u015b awari\u0119!\" \/>\n<meta name=\"robots\" content=\"index, follow, max-snippet:-1, max-image-preview:large, max-video-preview:-1\" \/>\n<link rel=\"canonical\" href=\"https:\/\/packsmart.com.pl\/de\/serwis-maszyn-pakujacych\/\" \/>\n<meta property=\"og:locale\" content=\"de_DE\" \/>\n<meta property=\"og:type\" content=\"article\" \/>\n<meta property=\"og:title\" content=\"Serwis maszyn pakuj\u0105cych Warszawa \/ ca\u0142a Polska \u2013 Pack Smart\" \/>\n<meta property=\"og:description\" content=\"Profesjonalny serwis urz\u0105dze\u0144 pakuj\u0105cych. Naprawa owijarek, pakowarek pr\u00f3\u017cniowych i kartoniarek. Szybka diagnostyka i dojazd do klienta. Zg\u0142o\u015b awari\u0119!\" \/>\n<meta property=\"og:url\" content=\"https:\/\/packsmart.com.pl\/de\/serwis-maszyn-pakujacych\/\" \/>\n<meta property=\"og:site_name\" content=\"Pack Smart - Systemy pakowania\" \/>\n<meta property=\"article:publisher\" content=\"https:\/\/www.facebook.com\/p\/Pack-Smart-100089770293385\/?locale=pl_PL\" \/>\n<meta property=\"article:modified_time\" content=\"2026-01-27T08:18:51+00:00\" \/>\n<meta property=\"og:image\" content=\"https:\/\/packsmart.com.pl\/wp-content\/uploads\/2020\/11\/logo.png\" \/>\n\t<meta property=\"og:image:width\" content=\"886\" \/>\n\t<meta property=\"og:image:height\" content=\"254\" \/>\n\t<meta property=\"og:image:type\" content=\"image\/png\" \/>\n<meta name=\"twitter:card\" content=\"summary_large_image\" \/>\n<meta name=\"twitter:label1\" content=\"Gesch\u00e4tzte Lesezeit\" \/>\n\t<meta name=\"twitter:data1\" content=\"3\u00a0Minuten\" \/>\n<script type=\"application\/ld+json\" class=\"yoast-schema-graph\">{\"@context\":\"https:\/\/schema.org\",\"@graph\":[{\"@type\":\"WebPage\",\"@id\":\"https:\/\/packsmart.com.pl\/serwis-maszyn-pakujacych\/\",\"url\":\"https:\/\/packsmart.com.pl\/serwis-maszyn-pakujacych\/\",\"name\":\"Serwis maszyn pakuj\u0105cych Warszawa \/ ca\u0142a Polska \u2013 Pack Smart\",\"isPartOf\":{\"@id\":\"https:\/\/packsmart.com.pl\/#website\"},\"datePublished\":\"2020-11-23T20:57:15+00:00\",\"dateModified\":\"2026-01-27T08:18:51+00:00\",\"description\":\"Profesjonalny serwis urz\u0105dze\u0144 pakuj\u0105cych. Naprawa owijarek, pakowarek pr\u00f3\u017cniowych i kartoniarek. Szybka diagnostyka i dojazd do klienta. Zg\u0142o\u015b awari\u0119!\",\"breadcrumb\":{\"@id\":\"https:\/\/packsmart.com.pl\/serwis-maszyn-pakujacych\/#breadcrumb\"},\"inLanguage\":\"de\",\"potentialAction\":[{\"@type\":\"ReadAction\",\"target\":[\"https:\/\/packsmart.com.pl\/serwis-maszyn-pakujacych\/\"]}]},{\"@type\":\"BreadcrumbList\",\"@id\":\"https:\/\/packsmart.com.pl\/serwis-maszyn-pakujacych\/#breadcrumb\",\"itemListElement\":[{\"@type\":\"ListItem\",\"position\":1,\"name\":\"Strona g\u0142\u00f3wna\",\"item\":\"https:\/\/packsmart.com.pl\/\"},{\"@type\":\"ListItem\",\"position\":2,\"name\":\"Serwis maszyn pakuj\u0105cych\"}]},{\"@type\":\"WebSite\",\"@id\":\"https:\/\/packsmart.com.pl\/#website\",\"url\":\"https:\/\/packsmart.com.pl\/\",\"name\":\"Pack Smart - Systemy pakowania\",\"description\":\"\",\"publisher\":{\"@id\":\"https:\/\/packsmart.com.pl\/#organization\"},\"potentialAction\":[{\"@type\":\"SearchAction\",\"target\":{\"@type\":\"EntryPoint\",\"urlTemplate\":\"https:\/\/packsmart.com.pl\/?s={search_term_string}\"},\"query-input\":{\"@type\":\"PropertyValueSpecification\",\"valueRequired\":true,\"valueName\":\"search_term_string\"}}],\"inLanguage\":\"de\"},{\"@type\":\"Organization\",\"@id\":\"https:\/\/packsmart.com.pl\/#organization\",\"name\":\"Pack Smart\",\"url\":\"https:\/\/packsmart.com.pl\/\",\"logo\":{\"@type\":\"ImageObject\",\"inLanguage\":\"de\",\"@id\":\"https:\/\/packsmart.com.pl\/#\/schema\/logo\/image\/\",\"url\":\"https:\/\/packsmart.com.pl\/wp-content\/uploads\/2020\/11\/cropped-logo.png\",\"contentUrl\":\"https:\/\/packsmart.com.pl\/wp-content\/uploads\/2020\/11\/cropped-logo.png\",\"width\":512,\"height\":512,\"caption\":\"Pack Smart\"},\"image\":{\"@id\":\"https:\/\/packsmart.com.pl\/#\/schema\/logo\/image\/\"},\"sameAs\":[\"https:\/\/www.facebook.com\/p\/Pack-Smart-100089770293385\/?locale=pl_PL\"]},false]}<\/script>\n<!-- \/ Yoast SEO plugin. -->","yoast_head_json":{"title":"Serwis maszyn pakuj\u0105cych Warszawa \/ ca\u0142a Polska \u2013 Pack Smart","description":"Profesjonalny serwis urz\u0105dze\u0144 pakuj\u0105cych. Naprawa owijarek, pakowarek pr\u00f3\u017cniowych i kartoniarek. Szybka diagnostyka i dojazd do klienta. Zg\u0142o\u015b awari\u0119!","robots":{"index":"index","follow":"follow","max-snippet":"max-snippet:-1","max-image-preview":"max-image-preview:large","max-video-preview":"max-video-preview:-1"},"canonical":"https:\/\/packsmart.com.pl\/de\/serwis-maszyn-pakujacych\/","og_locale":"de_DE","og_type":"article","og_title":"Serwis maszyn pakuj\u0105cych Warszawa \/ ca\u0142a Polska \u2013 Pack Smart","og_description":"Profesjonalny serwis urz\u0105dze\u0144 pakuj\u0105cych. Naprawa owijarek, pakowarek pr\u00f3\u017cniowych i kartoniarek. Szybka diagnostyka i dojazd do klienta. Zg\u0142o\u015b awari\u0119!","og_url":"https:\/\/packsmart.com.pl\/de\/serwis-maszyn-pakujacych\/","og_site_name":"Pack Smart - Systemy pakowania","article_publisher":"https:\/\/www.facebook.com\/p\/Pack-Smart-100089770293385\/?locale=pl_PL","article_modified_time":"2026-01-27T08:18:51+00:00","og_image":[{"width":886,"height":254,"url":"https:\/\/packsmart.com.pl\/wp-content\/uploads\/2020\/11\/logo.png","type":"image\/png"}],"twitter_card":"summary_large_image","twitter_misc":{"Gesch\u00e4tzte Lesezeit":"3\u00a0Minuten"},"schema":{"@context":"https:\/\/schema.org","@graph":[{"@type":"WebPage","@id":"https:\/\/packsmart.com.pl\/serwis-maszyn-pakujacych\/","url":"https:\/\/packsmart.com.pl\/serwis-maszyn-pakujacych\/","name":"Serwis maszyn pakuj\u0105cych Warszawa \/ ca\u0142a Polska \u2013 Pack Smart","isPartOf":{"@id":"https:\/\/packsmart.com.pl\/#website"},"datePublished":"2020-11-23T20:57:15+00:00","dateModified":"2026-01-27T08:18:51+00:00","description":"Profesjonalny serwis urz\u0105dze\u0144 pakuj\u0105cych. Naprawa owijarek, pakowarek pr\u00f3\u017cniowych i kartoniarek. Szybka diagnostyka i dojazd do klienta. Zg\u0142o\u015b awari\u0119!","breadcrumb":{"@id":"https:\/\/packsmart.com.pl\/serwis-maszyn-pakujacych\/#breadcrumb"},"inLanguage":"de","potentialAction":[{"@type":"ReadAction","target":["https:\/\/packsmart.com.pl\/serwis-maszyn-pakujacych\/"]}]},{"@type":"BreadcrumbList","@id":"https:\/\/packsmart.com.pl\/serwis-maszyn-pakujacych\/#breadcrumb","itemListElement":[{"@type":"ListItem","position":1,"name":"Strona g\u0142\u00f3wna","item":"https:\/\/packsmart.com.pl\/"},{"@type":"ListItem","position":2,"name":"Serwis maszyn pakuj\u0105cych"}]},{"@type":"WebSite","@id":"https:\/\/packsmart.com.pl\/#website","url":"https:\/\/packsmart.com.pl\/","name":"Pack Smart - Verpackungssysteme","description":"","publisher":{"@id":"https:\/\/packsmart.com.pl\/#organization"},"potentialAction":[{"@type":"SearchAction","target":{"@type":"EntryPoint","urlTemplate":"https:\/\/packsmart.com.pl\/?s={search_term_string}"},"query-input":{"@type":"PropertyValueSpecification","valueRequired":true,"valueName":"search_term_string"}}],"inLanguage":"de"},{"@type":"Organization","@id":"https:\/\/packsmart.com.pl\/#organization","name":"Clever packen","url":"https:\/\/packsmart.com.pl\/","logo":{"@type":"ImageObject","inLanguage":"de","@id":"https:\/\/packsmart.com.pl\/#\/schema\/logo\/image\/","url":"https:\/\/packsmart.com.pl\/wp-content\/uploads\/2020\/11\/cropped-logo.png","contentUrl":"https:\/\/packsmart.com.pl\/wp-content\/uploads\/2020\/11\/cropped-logo.png","width":512,"height":512,"caption":"Pack Smart"},"image":{"@id":"https:\/\/packsmart.com.pl\/#\/schema\/logo\/image\/"},"sameAs":["https:\/\/www.facebook.com\/p\/Pack-Smart-100089770293385\/?locale=pl_PL"]},false]}},"_links":{"self":[{"href":"https:\/\/packsmart.com.pl\/de\/wp-json\/wp\/v2\/pages\/309","targetHints":{"allow":["GET"]}}],"collection":[{"href":"https:\/\/packsmart.com.pl\/de\/wp-json\/wp\/v2\/pages"}],"about":[{"href":"https:\/\/packsmart.com.pl\/de\/wp-json\/wp\/v2\/types\/page"}],"author":[{"embeddable":true,"href":"https:\/\/packsmart.com.pl\/de\/wp-json\/wp\/v2\/users\/1"}],"replies":[{"embeddable":true,"href":"https:\/\/packsmart.com.pl\/de\/wp-json\/wp\/v2\/comments?post=309"}],"version-history":[{"count":19,"href":"https:\/\/packsmart.com.pl\/de\/wp-json\/wp\/v2\/pages\/309\/revisions"}],"predecessor-version":[{"id":1263,"href":"https:\/\/packsmart.com.pl\/de\/wp-json\/wp\/v2\/pages\/309\/revisions\/1263"}],"wp:attachment":[{"href":"https:\/\/packsmart.com.pl\/de\/wp-json\/wp\/v2\/media?parent=309"}],"curies":[{"name":"wp","href":"https:\/\/api.w.org\/{rel}","templated":true}]}}