{"id":304,"date":"2020-11-23T21:54:39","date_gmt":"2020-11-23T20:54:39","guid":{"rendered":"http:\/\/packsmart.com.pl\/?page_id=304"},"modified":"2025-12-18T09:50:27","modified_gmt":"2025-12-18T08:50:27","slug":"audyty-i-optymalizacja-kosztow-pakowania","status":"publish","type":"page","link":"https:\/\/packsmart.com.pl\/de\/audyty-i-optymalizacja-kosztow-pakowania\/","title":{"rendered":"Audits und Optimierung der Verpackungskosten"},"content":{"rendered":"<p>[et_pb_section fb_built=&#8221;1&#8243; _builder_version=&#8221;4.22.0&#8243; _module_preset=&#8221;default&#8221; background_color=&#8221;#0C71C3&#8243; custom_padding=&#8221;30px||30px||true|&#8221; animation_style=&#8221;bounce&#8221; global_colors_info=&#8221;{}&#8221;][et_pb_row _builder_version=&#8221;4.16&#8243; _module_preset=&#8221;default&#8221; global_colors_info=&#8221;{}&#8221;][et_pb_column type=&#8221;4_4&#8243; _builder_version=&#8221;4.16&#8243; _module_preset=&#8221;default&#8221; global_colors_info=&#8221;{}&#8221;][et_pb_text _builder_version=&#8221;4.22.0&#8243; _module_preset=&#8221;default&#8221; header_text_align=&#8221;left&#8221; module_alignment=&#8221;left&#8221; global_colors_info=&#8221;{}&#8221;]<\/p>\n<h2 style=\"text-align: center;\"><span style=\"color: #ffffff;\">Audits und Optimierung der Verpackungskosten<\/span><\/h2>\n<p>[\/et_pb_text][\/et_pb_column][\/et_pb_row][\/et_pb_section][et_pb_section fb_built=&#8221;1&#8243; _builder_version=&#8221;4.16&#8243; _module_preset=&#8221;default&#8221; animation_style=&#8221;slide&#8221; animation_direction=&#8221;bottom&#8221; global_colors_info=&#8221;{}&#8221;][et_pb_row make_equal=&#8221;on&#8221; _builder_version=&#8221;4.16&#8243; _module_preset=&#8221;default&#8221; max_width=&#8221;1200px&#8221; global_colors_info=&#8221;{}&#8221; transform_styles__hover_enabled=&#8221;on|hover&#8221; transform_scale__hover_enabled=&#8221;on|hover&#8221; transform_translate__hover_enabled=&#8221;on|desktop&#8221; transform_rotate__hover_enabled=&#8221;on|desktop&#8221; transform_skew__hover_enabled=&#8221;on|desktop&#8221; transform_origin__hover_enabled=&#8221;on|desktop&#8221;][et_pb_column type=&#8221;4_4&#8243; _builder_version=&#8221;4.16&#8243; _module_preset=&#8221;default&#8221; global_colors_info=&#8221;{}&#8221;][et_pb_text _builder_version=&#8221;4.16&#8243; _module_preset=&#8221;default&#8221; text_orientation=&#8221;center&#8221; global_colors_info=&#8221;{}&#8221;]<\/p>\n<p><span style=\"font-weight: 400;\">Wir bieten Dienstleistungen im Zusammenhang mit der Pr\u00fcfung von Materialeink\u00e4ufen an, wie beispielsweise: <strong>Stretchfolie, Packband, PP\/PET-Band.<\/strong> Wir f\u00fchren eine interne Verpackungsoptimierung durch und pr\u00fcfen bestehende Lieferanten hinsichtlich der gelieferten Waren \u2013 Dicke, tats\u00e4chliches Gewicht, Qualit\u00e4t usw. Wir unterst\u00fctzen Kunden bei der Auswahl der geeigneten Materialien und Verpackungssysteme.<\/span><\/p>\n<p><span style=\"font-weight: 400;\">Wir m\u00f6chten unseren Kunden einen umfassenden Service bieten, der auch die Auswahl geeigneter Materialien f\u00fcr Lager- und Produktionsanforderungen umfasst.<\/span><\/p>\n<p>[\/et_pb_text][\/et_pb_column][\/et_pb_row][\/et_pb_section][et_pb_section fb_built=&#8221;1&#8243; module_id=&#8221;kontakt&#8221; _builder_version=&#8221;4.16&#8243; background_enable_color=&#8221;off&#8221; custom_padding=&#8221;0px||0px||true|&#8221; animation_style=&#8221;slide&#8221; animation_direction=&#8221;bottom&#8221; locked=&#8221;off&#8221; global_colors_info=&#8221;{}&#8221;][et_pb_row column_structure=&#8221;1_2,1_2&#8243; use_custom_gutter=&#8221;on&#8221; gutter_width=&#8221;1&#8243; make_equal=&#8221;on&#8221; _builder_version=&#8221;4.21.0&#8243; background_color=&#8221;#f5f5f5&#8243; width=&#8221;100%&#8221; max_width=&#8221;100%&#8221; custom_margin=&#8221;||||false|false&#8221; custom_padding=&#8221;0px||0px||false|false&#8221; locked=&#8221;off&#8221; global_colors_info=&#8221;{}&#8221;][et_pb_column type=&#8221;1_2&#8243; _builder_version=&#8221;4.21.0&#8243; background_color=&#8221;#f5f5f5&#8243; custom_padding=&#8221;11%|5%|11%|10%|true|false&#8221; custom_padding_tablet=&#8221;&#8221; custom_padding_phone=&#8221;20%||20%||true|false&#8221; custom_padding_last_edited=&#8221;on|phone&#8221; custom_css_main_element=&#8221;margin:auto&#8221; global_colors_info=&#8221;{}&#8221;][et_pb_text _builder_version=&#8221;4.16&#8243; global_colors_info=&#8221;{}&#8221;]<\/p>\n<h2>Sie haben Interesse an einem Verpackungsmaschinenservice?<\/h2>\n<p>Kontaktieren Sie uns \u2013 wir finden die passende L\u00f6sung f\u00fcr Ihre Bed\u00fcrfnisse!<\/p>\n<p>[\/et_pb_text][et_pb_button button_url=&#8221;mailto:lukasz@packsmart.com.pl&#8221; button_text=&#8221;lukasz@packsmart.com.pl&#8221; _builder_version=&#8221;4.16&#8243; custom_button=&#8221;on&#8221; button_text_color=&#8221;#ffffff&#8221; button_bg_color=&#8221;#0c71c3&#8243; button_border_width=&#8221;0px&#8221; button_border_radius=&#8221;25px&#8221; button_font=&#8221;Poppins|600|||||||&#8221; custom_margin=&#8221;28px|||||&#8221; global_colors_info=&#8221;{}&#8221;][\/et_pb_button][et_pb_button button_url=&#8221;tel:+48660566591&#8243; button_text=&#8221;+48 660-566-591&#8243; _builder_version=&#8221;4.16&#8243; custom_button=&#8221;on&#8221; button_text_color=&#8221;#ffffff&#8221; button_bg_color=&#8221;#0c71c3&#8243; button_border_width=&#8221;0px&#8221; button_border_radius=&#8221;25px&#8221; button_font=&#8221;Poppins|600|||||||&#8221; custom_margin=&#8221;28px|||||&#8221; global_colors_info=&#8221;{}&#8221;][\/et_pb_button][\/et_pb_column][et_pb_column type=&#8221;1_2&#8243; _builder_version=&#8221;4.16&#8243; background_color=&#8221;#0c71c3&#8243; custom_padding=&#8221;1%||1%||true|false&#8221; global_colors_info=&#8221;{}&#8221;][dvppl_cf7_styler use_form_button_fullwidth=&#8221;on&#8221; cf7=&#8221;835&#8243; form_label_spacing=&#8221;8px&#8221; cf7_message_color=&#8221;#FFFFFF&#8221; cf7_message_bg_color=&#8221;#7CDA24&#8243; _builder_version=&#8221;4.21.0&#8243; _module_preset=&#8221;default&#8221; form_field_font_text_color=&#8221;#000000&#8243; form_field_font_font_size=&#8221;18px&#8221; labels_text_color=&#8221;#ffffff&#8221; labels_font_size=&#8221;1px&#8221; placeholder_text_color=&#8221;#000000&#8243; custom_submit_button=&#8221;on&#8221; submit_button_text_size=&#8221;22px&#8221; submit_button_text_color=&#8221;#FFFFFF&#8221; submit_button_bg_color=&#8221;#E09900&#8243; submit_button_border_color=&#8221;#E09900&#8243; custom_padding=&#8221;|10%||10%|false|true&#8221; locked=&#8221;off&#8221; global_colors_info=&#8221;{}&#8221;][\/dvppl_cf7_styler][et_pb_text _builder_version=&#8221;4.16&#8243; text_text_color=&#8221;#ffffff&#8221; custom_padding=&#8221;|10%|50px|10%|false|true&#8221; global_colors_info=&#8221;{}&#8221;]<\/p>\n<p>Der Administrator der personenbezogenen Daten ist das Unternehmen <b>PLG Pola Gontarczyk\u00a0<\/b><span>Steueridentifikationsnummer (NIP) 5291830328<\/span>, 05-825 Milan\u00f3wek , Wjazdowa 6. Die im Kontaktformular eingegebenen Daten werden verarbeitet, um auf die gesendete Nachricht zu antworten.<\/p>\n<p>[\/et_pb_text][\/et_pb_column][\/et_pb_row][\/et_pb_section]<\/p>","protected":false},"excerpt":{"rendered":"<p>Audyty i optymalizacja koszt\u00f3w pakowaniaProwadzimy us\u0142ugi zwi\u0105zane z audytem zakupu takich materia\u0142\u00f3w jak folia stretch, ta\u015bma pakowa, ta\u015bma PP\/PET. Wykonujemy wewn\u0119trzn\u0105 optymalizacj\u0119 pakowania, sprawdzamy dotychczasowych dostawc\u00f3w pod wzgl\u0119dem dostarczanego towaru \u2013 grubo\u015b\u0107, rzeczywista waga, jako\u015b\u0107 itp.. Pomagamy klientom w doborze odpowiednich materia\u0142\u00f3w i system\u00f3w pakowania. Chcemy aby nasz klient dosta\u0142 kompleksow\u0105 us\u0142ug\u0119 z pomoc\u0105 doboru [&hellip;]<\/p>","protected":false},"author":1,"featured_media":0,"parent":0,"menu_order":2,"comment_status":"closed","ping_status":"closed","template":"","meta":{"_et_pb_use_builder":"on","_et_pb_old_content":"","_et_gb_content_width":"","inline_featured_image":false,"yasr_overall_rating":0,"yasr_post_is_review":"","yasr_auto_insert_disabled":"","yasr_review_type":"","footnotes":""},"class_list":["post-304","page","type-page","status-publish","hentry"],"yasr_visitor_votes":{"stars_attributes":{"read_only":false,"span_bottom":false},"number_of_votes":0,"sum_votes":0},"acf":[],"yoast_head":"<!-- This site is optimized with the Yoast SEO plugin v26.1.1 - https:\/\/yoast.com\/wordpress\/plugins\/seo\/ -->\n<title>Audyty i optymalizacja koszt\u00f3w pakowania - Pack Smart<\/title>\n<meta name=\"description\" content=\"Audyt i optymalizacja koszt\u00f3w pakowania \u2013 Packsmart analizuje procesy, wskazuje oszcz\u0119dno\u015bci i wdra\u017ca skuteczne rozwi\u0105zania w Twoim magazynie lub produkcji.\" \/>\n<meta name=\"robots\" content=\"index, follow, max-snippet:-1, max-image-preview:large, max-video-preview:-1\" \/>\n<link rel=\"canonical\" href=\"https:\/\/packsmart.com.pl\/de\/audyty-i-optymalizacja-kosztow-pakowania\/\" \/>\n<meta property=\"og:locale\" content=\"de_DE\" \/>\n<meta property=\"og:type\" content=\"article\" \/>\n<meta property=\"og:title\" content=\"Audyty i optymalizacja koszt\u00f3w pakowania - Pack Smart\" \/>\n<meta property=\"og:description\" content=\"Audyt i optymalizacja koszt\u00f3w pakowania \u2013 Packsmart analizuje procesy, wskazuje oszcz\u0119dno\u015bci i wdra\u017ca skuteczne rozwi\u0105zania w Twoim magazynie lub produkcji.\" \/>\n<meta property=\"og:url\" content=\"https:\/\/packsmart.com.pl\/de\/audyty-i-optymalizacja-kosztow-pakowania\/\" \/>\n<meta property=\"og:site_name\" content=\"Pack Smart - Systemy pakowania\" \/>\n<meta property=\"article:publisher\" content=\"https:\/\/www.facebook.com\/p\/Pack-Smart-100089770293385\/?locale=pl_PL\" \/>\n<meta property=\"article:modified_time\" content=\"2025-12-18T08:50:27+00:00\" \/>\n<meta property=\"og:image\" content=\"https:\/\/packsmart.com.pl\/wp-content\/uploads\/2020\/11\/logo.png\" \/>\n\t<meta property=\"og:image:width\" content=\"886\" \/>\n\t<meta property=\"og:image:height\" content=\"254\" \/>\n\t<meta property=\"og:image:type\" content=\"image\/png\" \/>\n<meta name=\"twitter:card\" content=\"summary_large_image\" \/>\n<meta name=\"twitter:label1\" content=\"Gesch\u00e4tzte Lesezeit\" \/>\n\t<meta name=\"twitter:data1\" content=\"2\u00a0Minuten\" \/>\n<script type=\"application\/ld+json\" class=\"yoast-schema-graph\">{\"@context\":\"https:\/\/schema.org\",\"@graph\":[{\"@type\":\"WebPage\",\"@id\":\"https:\/\/packsmart.com.pl\/audyty-i-optymalizacja-kosztow-pakowania\/\",\"url\":\"https:\/\/packsmart.com.pl\/audyty-i-optymalizacja-kosztow-pakowania\/\",\"name\":\"Audyty i optymalizacja koszt\u00f3w pakowania - Pack Smart\",\"isPartOf\":{\"@id\":\"https:\/\/packsmart.com.pl\/#website\"},\"datePublished\":\"2020-11-23T20:54:39+00:00\",\"dateModified\":\"2025-12-18T08:50:27+00:00\",\"description\":\"Audyt i optymalizacja koszt\u00f3w pakowania \u2013 Packsmart analizuje procesy, wskazuje oszcz\u0119dno\u015bci i wdra\u017ca skuteczne rozwi\u0105zania w Twoim magazynie lub produkcji.\",\"breadcrumb\":{\"@id\":\"https:\/\/packsmart.com.pl\/audyty-i-optymalizacja-kosztow-pakowania\/#breadcrumb\"},\"inLanguage\":\"de\",\"potentialAction\":[{\"@type\":\"ReadAction\",\"target\":[\"https:\/\/packsmart.com.pl\/audyty-i-optymalizacja-kosztow-pakowania\/\"]}]},{\"@type\":\"BreadcrumbList\",\"@id\":\"https:\/\/packsmart.com.pl\/audyty-i-optymalizacja-kosztow-pakowania\/#breadcrumb\",\"itemListElement\":[{\"@type\":\"ListItem\",\"position\":1,\"name\":\"Strona g\u0142\u00f3wna\",\"item\":\"https:\/\/packsmart.com.pl\/\"},{\"@type\":\"ListItem\",\"position\":2,\"name\":\"Audyty i optymalizacja koszt\u00f3w pakowania\"}]},{\"@type\":\"WebSite\",\"@id\":\"https:\/\/packsmart.com.pl\/#website\",\"url\":\"https:\/\/packsmart.com.pl\/\",\"name\":\"Pack Smart - Systemy pakowania\",\"description\":\"\",\"publisher\":{\"@id\":\"https:\/\/packsmart.com.pl\/#organization\"},\"potentialAction\":[{\"@type\":\"SearchAction\",\"target\":{\"@type\":\"EntryPoint\",\"urlTemplate\":\"https:\/\/packsmart.com.pl\/?s={search_term_string}\"},\"query-input\":{\"@type\":\"PropertyValueSpecification\",\"valueRequired\":true,\"valueName\":\"search_term_string\"}}],\"inLanguage\":\"de\"},{\"@type\":\"Organization\",\"@id\":\"https:\/\/packsmart.com.pl\/#organization\",\"name\":\"Pack Smart\",\"url\":\"https:\/\/packsmart.com.pl\/\",\"logo\":{\"@type\":\"ImageObject\",\"inLanguage\":\"de\",\"@id\":\"https:\/\/packsmart.com.pl\/#\/schema\/logo\/image\/\",\"url\":\"https:\/\/packsmart.com.pl\/wp-content\/uploads\/2020\/11\/cropped-logo.png\",\"contentUrl\":\"https:\/\/packsmart.com.pl\/wp-content\/uploads\/2020\/11\/cropped-logo.png\",\"width\":512,\"height\":512,\"caption\":\"Pack Smart\"},\"image\":{\"@id\":\"https:\/\/packsmart.com.pl\/#\/schema\/logo\/image\/\"},\"sameAs\":[\"https:\/\/www.facebook.com\/p\/Pack-Smart-100089770293385\/?locale=pl_PL\"]},false]}<\/script>\n<!-- \/ Yoast SEO plugin. -->","yoast_head_json":{"title":"Audyty i optymalizacja koszt\u00f3w pakowania - Pack Smart","description":"Audyt i optymalizacja koszt\u00f3w pakowania \u2013 Packsmart analizuje procesy, wskazuje oszcz\u0119dno\u015bci i wdra\u017ca skuteczne rozwi\u0105zania w Twoim magazynie lub produkcji.","robots":{"index":"index","follow":"follow","max-snippet":"max-snippet:-1","max-image-preview":"max-image-preview:large","max-video-preview":"max-video-preview:-1"},"canonical":"https:\/\/packsmart.com.pl\/de\/audyty-i-optymalizacja-kosztow-pakowania\/","og_locale":"de_DE","og_type":"article","og_title":"Audyty i optymalizacja koszt\u00f3w pakowania - Pack Smart","og_description":"Audyt i optymalizacja koszt\u00f3w pakowania \u2013 Packsmart analizuje procesy, wskazuje oszcz\u0119dno\u015bci i wdra\u017ca skuteczne rozwi\u0105zania w Twoim magazynie lub produkcji.","og_url":"https:\/\/packsmart.com.pl\/de\/audyty-i-optymalizacja-kosztow-pakowania\/","og_site_name":"Pack Smart - Systemy pakowania","article_publisher":"https:\/\/www.facebook.com\/p\/Pack-Smart-100089770293385\/?locale=pl_PL","article_modified_time":"2025-12-18T08:50:27+00:00","og_image":[{"width":886,"height":254,"url":"https:\/\/packsmart.com.pl\/wp-content\/uploads\/2020\/11\/logo.png","type":"image\/png"}],"twitter_card":"summary_large_image","twitter_misc":{"Gesch\u00e4tzte Lesezeit":"2\u00a0Minuten"},"schema":{"@context":"https:\/\/schema.org","@graph":[{"@type":"WebPage","@id":"https:\/\/packsmart.com.pl\/audyty-i-optymalizacja-kosztow-pakowania\/","url":"https:\/\/packsmart.com.pl\/audyty-i-optymalizacja-kosztow-pakowania\/","name":"Audyty i optymalizacja koszt\u00f3w pakowania - Pack Smart","isPartOf":{"@id":"https:\/\/packsmart.com.pl\/#website"},"datePublished":"2020-11-23T20:54:39+00:00","dateModified":"2025-12-18T08:50:27+00:00","description":"Audyt i optymalizacja koszt\u00f3w pakowania \u2013 Packsmart analizuje procesy, wskazuje oszcz\u0119dno\u015bci i wdra\u017ca skuteczne rozwi\u0105zania w Twoim magazynie lub produkcji.","breadcrumb":{"@id":"https:\/\/packsmart.com.pl\/audyty-i-optymalizacja-kosztow-pakowania\/#breadcrumb"},"inLanguage":"de","potentialAction":[{"@type":"ReadAction","target":["https:\/\/packsmart.com.pl\/audyty-i-optymalizacja-kosztow-pakowania\/"]}]},{"@type":"BreadcrumbList","@id":"https:\/\/packsmart.com.pl\/audyty-i-optymalizacja-kosztow-pakowania\/#breadcrumb","itemListElement":[{"@type":"ListItem","position":1,"name":"Strona g\u0142\u00f3wna","item":"https:\/\/packsmart.com.pl\/"},{"@type":"ListItem","position":2,"name":"Audyty i optymalizacja koszt\u00f3w pakowania"}]},{"@type":"WebSite","@id":"https:\/\/packsmart.com.pl\/#website","url":"https:\/\/packsmart.com.pl\/","name":"Pack Smart - Verpackungssysteme","description":"","publisher":{"@id":"https:\/\/packsmart.com.pl\/#organization"},"potentialAction":[{"@type":"SearchAction","target":{"@type":"EntryPoint","urlTemplate":"https:\/\/packsmart.com.pl\/?s={search_term_string}"},"query-input":{"@type":"PropertyValueSpecification","valueRequired":true,"valueName":"search_term_string"}}],"inLanguage":"de"},{"@type":"Organization","@id":"https:\/\/packsmart.com.pl\/#organization","name":"Clever packen","url":"https:\/\/packsmart.com.pl\/","logo":{"@type":"ImageObject","inLanguage":"de","@id":"https:\/\/packsmart.com.pl\/#\/schema\/logo\/image\/","url":"https:\/\/packsmart.com.pl\/wp-content\/uploads\/2020\/11\/cropped-logo.png","contentUrl":"https:\/\/packsmart.com.pl\/wp-content\/uploads\/2020\/11\/cropped-logo.png","width":512,"height":512,"caption":"Pack Smart"},"image":{"@id":"https:\/\/packsmart.com.pl\/#\/schema\/logo\/image\/"},"sameAs":["https:\/\/www.facebook.com\/p\/Pack-Smart-100089770293385\/?locale=pl_PL"]},false]}},"_links":{"self":[{"href":"https:\/\/packsmart.com.pl\/de\/wp-json\/wp\/v2\/pages\/304","targetHints":{"allow":["GET"]}}],"collection":[{"href":"https:\/\/packsmart.com.pl\/de\/wp-json\/wp\/v2\/pages"}],"about":[{"href":"https:\/\/packsmart.com.pl\/de\/wp-json\/wp\/v2\/types\/page"}],"author":[{"embeddable":true,"href":"https:\/\/packsmart.com.pl\/de\/wp-json\/wp\/v2\/users\/1"}],"replies":[{"embeddable":true,"href":"https:\/\/packsmart.com.pl\/de\/wp-json\/wp\/v2\/comments?post=304"}],"version-history":[{"count":10,"href":"https:\/\/packsmart.com.pl\/de\/wp-json\/wp\/v2\/pages\/304\/revisions"}],"predecessor-version":[{"id":1215,"href":"https:\/\/packsmart.com.pl\/de\/wp-json\/wp\/v2\/pages\/304\/revisions\/1215"}],"wp:attachment":[{"href":"https:\/\/packsmart.com.pl\/de\/wp-json\/wp\/v2\/media?parent=304"}],"curies":[{"name":"wp","href":"https:\/\/api.w.org\/{rel}","templated":true}]}}