{"id":17,"date":"2020-11-23T20:29:50","date_gmt":"2020-11-23T19:29:50","guid":{"rendered":"http:\/\/packsmart.com.pl\/?page_id=17"},"modified":"2026-03-12T17:11:56","modified_gmt":"2026-03-12T16:11:56","slug":"strona-glowna","status":"publish","type":"page","link":"https:\/\/packsmart.com.pl\/de\/","title":{"rendered":"Startseite"},"content":{"rendered":"<p>[et_pb_section fb_built=\u201d1\u2033 fullwidth=\u201don\u201d _builder_version=\u201d4.22.0\u2033 _module_preset=\u201ddefault\u201d global_colors_info=\u201d{}\u201d][et_pb_fullwidth_image src=\u201dhttps:\/\/packsmart.com.pl\/wp-content\/uploads\/2026\/03\/baner_warsaw_pack_2026-scaled.jpg\u201d alt=\u201dWarsaw Pack 2026 Messe\u201d title_text=\u201dbaner_warsaw_pack_2026\u2033 _builder_version=\u201d4.22.0\u2033 _module_preset=\u201ddefault\u201d hover_enabled=\u201d0\u2033 global_colors_info=\u201d{}\u201d sticky_enabled=\u201d0\u2033][\/et_pb_fullwidth_image][\/et_pb_section][et_pb_section fb_built=\u201d1\u2033 _builder_version=\u201d4.16\u2033 _module_preset=\u201ddefault\u201d custom_padding=\u201d1px|||||\u201d animation_style=\u201dslide\u201d animation_direction=\u201dbottom\u201d global_colors_info=\u201d{}\u201d][et_pb_row column_structure=\u201d1_3,2_3\u2033 make_equal=\u201don\u201d _builder_version=\u201d4.16\u2033 _module_preset=\u201ddefault\u201d global_colors_info=\u201d{}\u201d transform_styles__hover_enabled=\u201don|hover\u201d transform_scale__hover_enabled=\u201don|hover\u201d transform_translate__hover_enabled=\u201don|desktop\u201d transform_rotate__hover_enabled=\u201don|desktop\u201d transform_skew__hover_enabled=\u201don|desktop\u201d transform_origin__hover_enabled=\u201don|desktop\u201d][et_pb_column type=\u201d1_3\u2033 _builder_version=\u201d4.16\u2033 _module_preset=\u201ddefault\u201d global_colors_info=\u201d{}\u201d][et_pb_image src=\u201dhttps:\/\/packsmart.com.pl\/wp-content\/uploads\/2021\/12\/Zasob-1.svg\u201d title_text=\u201dResource 1\u2033 _builder_version=\u201d4.16\u2033 _module_preset=\u201ddefault\u201d global_colors_info=\u201d{}\u201d][\/et_pb_image][\/et_pb_column][et_pb_column type=\u201d2_3\u2033 _builder_version=\u201d4.16\u2033 _module_preset=\u201ddefault\u201d custom_css_main_element=\u201dmargin: auto\u201d global_colors_info=\u201d{}\u201d][et_pb_text _builder_version=\u201d4.18.1\u2033 _module_preset=\u201ddefault\u201d global_colors_info=\u201d{}\u201d]<\/p>\n<p><span>Produktionslinien sind vernetzte Systeme, die aus mehreren zusammenarbeitenden Stationen bestehen und die Effizienz der Arbeitsabl\u00e4ufe optimieren. Unser Fokus liegt auf dem letzten, entscheidenden Bindeglied \u2013 dem Verpackungsprozess. Wir konzentrieren uns auf die Steigerung der Effizienz, der Effektivit\u00e4t und der Sicherstellung seiner Kontinuit\u00e4t. <\/span><\/p>\n<p><span>Wir sind spezialisiert auf Systeme, die den Verpackungsprozess optimieren und so effizient, sicher und effektiv wie m\u00f6glich gestalten. Unser Produktangebot umfasst Palettenwickelmaschinen, Kartonverschlie\u00dfsysteme, PP- und PET-Umreifungsmaschinen, Kartonaufrichter und Produktetikettieranlagen. <\/span><\/p>\n<p><span>Dank unseres langj\u00e4hrigen Wissens k\u00f6nnen wir ein Verpackungssystem f\u00fcr Ihr Unternehmen konzipieren und umsetzen. Dank unserer Erfahrung beraten wir Sie kompetent und bieten Ihnen L\u00f6sungen, die Ihren individuellen Kundenbed\u00fcrfnissen gerecht werden. <\/span><\/p>\n<p><span>Wir gew\u00e4hrleisten die Langlebigkeit und den kontinuierlichen Betrieb unserer Maschinen durch regelm\u00e4\u00dfige technische Inspektionen und Wartungen. Die Qualit\u00e4t unserer Maschinen gew\u00e4hrleisten wir durch die Zusammenarbeit mit Fabriken weltweit. Wir bieten auch Wartungsdienste f\u00fcr Maschinen anderer Hersteller an. Wir bieten technische Beratung bei der Implementierung, Inbetriebnahme und bei technischen Fragen im Zusammenhang mit Produktverpackungslinien.<\/span><\/p>\n<p>&nbsp;<\/p>\n<p>[\/et_pb_text][\/et_pb_column][\/et_pb_row][et_pb_row column_structure=\u201d1_4,1_4,1_4,1_4\u2033 _builder_version=\u201d4.16\u2033 _module_preset=\u201ddefault\u201d global_colors_info=\u201d{}\u201d][et_pb_column type=\u201d1_4\u2033 _builder_version=\u201d4.16\u2033 _module_preset=\u201ddefault\u201d global_colors_info=\u201d{}\u201d][et_pb_blurb title=\u201dVerpackungsmaschinen\u201d image=\u201dhttp:\/\/packsmart.com.pl\/wp-content\/uploads\/2021\/04\/maszyny.jpg\u201d _builder_version=\u201d4.16\u2033 _dynamic_attributes=\u201dlink_option_url\u201d _module_preset=\u201ddefault\u201d header_level=\u201dh2\u2033 header_text_align=\u201dcenter\u201d header_font_size=\u201d24px\u201d body_text_align=\u201dcenter\u201d module_alignment=\u201dcenter\u201d link_option_url=\u201d@ET-DC@eyJkeW5hbWljIjp0cnVlLCJjb250ZW50IjoicG9zdF9saW5rX3VybF9wYWdlIiwic2V0dGluZ3MiOnsicG9zdF9pZCI6IjkifX0=@\u201d global_colors_info=\u201d{}\u201d transform_styles__hover_enabled=\u201don|hover\u201d transform_scale__hover=\u201d105%|105%\u201d transform_scale__hover_enabled=\u201don|hover\u201d transform_translate__hover_enabled=\u201don|desktop\u201d transform_rotate__hover_enabled=\u201dauf|Desktop\u201d transform_skew__hover_enabled=\u201dauf|Desktop\u201d transform_origin__hover_enabled=\u201dauf|Desktop\u201d]<\/p>\n<p>Schauen Sie sich unser gesamtes Sortiment an Verpackungsmaschinen an<\/p>\n<p>[\/et_pb_blurb][\/et_pb_column][et_pb_column type=\u201d1_4\u2033 _builder_version=\u201d4.16\u2033 _module_preset=\u201ddefault\u201d global_colors_info=\u201d{}\u201d][et_pb_blurb title=\u201dVerpackungskosten-Audits\u201d image=\u201dhttp:\/\/packsmart.com.pl\/wp-content\/uploads\/2021\/04\/audyty.jpg\u201d _builder_version=\u201d4.16\u2033 _dynamic_attributes=\u201dlink_option_url\u201d _module_preset=\u201ddefault\u201d header_level=\u201dh2\u2033 header_text_align=\u201dcenter\u201d header_font_size=\u201d24px\u201d body_text_align=\u201dcenter\u201d module_alignment=\u201dcenter\u201d link_option_url=\u201d@ET-DC@eyJkeW5hbWljIjp0cnVlLCJjb250ZW50IjoicG9zdF9saW5rX3VybF9wYWdlIiwic2V0dGluZ3MiOnsicG9zdF9pZCI6IjMwNCJ9fQ==@\u201d global_colors_info=\u201d{}\u201d transform_styles__hover_enabled=\u201dan|schweben\u201d transform_scale__hover=\u201d105%|105%\u201d transform_scale__hover_enabled=\u201dan|schweben\u201d transform_translate__hover_enabled=\u201dan|desktop\u201d transform_rotate__hover_enabled=\u201dan|desktop\u201d transform_skew__hover_enabled=\u201dan|desktop\u201d transform_origin__hover_enabled=\u201dauf|Desktop\u201d]<\/p>\n<p>Analyse und Optimierung der Verpackungskosten.<\/p>\n<p>[\/et_pb_blurb][\/et_pb_column][et_pb_column type=\u201d1_4\u2033 _builder_version=\u201d4.16\u2033 _module_preset=\u201ddefault\u201d global_colors_info=\u201d{}\u201d][et_pb_blurb title=\u201dMaschinenvermietung\u201d url=\u201dhttp:\/\/packsmart.com.pl\/wynajem-maszyn\/\u201d image=\u201dhttp:\/\/packsmart.com.pl\/wp-content\/uploads\/2021\/04\/Untitled-design-43.jpg\u201d _builder_version=\u201d4.16\u2033 _dynamic_attributes=\u201dlink_option_url\u201d _module_preset=\u201ddefault\u201d header_level=\u201dh2\u2033 header_text_align=\u201dcenter\u201d header_font_size=\u201d24px\u201d body_text_align=\u201dcenter\u201d module_alignment=\u201dcenter\u201d link_option_url=\u201d@ET-DC@eyJkeW5hbWljIjp0cnVlLCJjb250ZW50IjoicG9zdF9saW5rX3VybF9wYWdlIiwic2V0dGluZ3MiOnsicG9zdF9pZCI6IjMwNCJ9fQ==@\u201d global_colors_info=\u201d{}\u201d transform_styles__hover_enabled=\u201dan|schweben\u201d transform_scale__hover=\u201d105%|105%\u201d transform_scale__hover_enabled=\u201dan|schweben\u201d transform_translate__hover_enabled=\u201dan|desktop\u201d transform_rotate__hover_enabled=\u201dan|desktop\u201d transform_skew__hover_enabled=\u201dan|desktop\u201d transform_origin__hover_enabled=\u201dauf|Desktop\u201d]<\/p>\n<p>Testm\u00f6glichkeit<br \/> und Maschinenvermietung<\/p>\n<p>[\/et_pb_blurb][\/et_pb_column][et_pb_column type=\u201d1_4\u2033 _builder_version=\u201d4.16\u2033 _module_preset=\u201ddefault\u201d global_colors_info=\u201d{}\u201d][et_pb_blurb title=\u201dVerpackungsmaschinenservice\u201d image=\u201dhttp:\/\/packsmart.com.pl\/wp-content\/uploads\/2021\/04\/naprawy.jpg\u201d _builder_version=\u201d4.16\u2033 _dynamic_attributes=\u201dlink_option_url\u201d _module_preset=\u201ddefault\u201d header_level=\u201dh2\u2033 header_text_align=\u201dcenter\u201d header_font_size=\u201d24px\u201d body_text_align=\u201dcenter\u201d module_alignment=\u201dcenter\u201d link_option_url=\u201d@ET-DC@eyJkeW5hbWljIjp0cnVlLCJjb250ZW50IjoicG9zdF9saW5rX3VybF9wYWdlIiwic2V0dGluZ3MiOnsicG9zdF9pZCI6IjMwOSJ9fQ==@\u201d global_colors_info=\u201d{}\u201d transform_styles__hover_enabled=\u201dan|schweben\u201d transform_scale__hover=\u201d105%|105%\u201d transform_scale__hover_enabled=\u201dan|schweben\u201d transform_translate__hover_enabled=\u201dan|desktop\u201d transform_rotate__hover_enabled=\u201dan|desktop\u201d transform_skew__hover_enabled=\u201dan|desktop\u201d transform_origin__hover_enabled=\u201dauf|Desktop\u201d]<\/p>\n<p>Service von Einwicklern, Verschlie\u00dfern, Verpackungslinien<\/p>\n<p>[\/et_pb_blurb][\/et_pb_column][\/et_pb_row][\/et_pb_section][et_pb_section fb_built=\u201d1\u2033 _builder_version=\u201d4.16\u2033 _module_preset=\u201ddefault\u201d background_color=\u201d#f5f5f5\u2033 animation_style=\u201dbounce\u201d global_colors_info=\u201d{}\u201d][et_pb_row _builder_version=\u201d4.16\u2033 _module_preset=\u201ddefault\u201d global_colors_info=\u201d{}\u201d][et_pb_column type=\u201d4_4\u2033 _builder_version=\u201d4.16\u2033 _module_preset=\u201ddefault\u201d global_colors_info=\u201d{}\u201d][et_pb_text _builder_version=\u201d4.16\u2033 _module_preset=\u201dStandard\u201d global_colors_info=\u201d{}\u201d]<\/p>\n<h2 style=\"text-align: center;\">Sie haben Interesse an unserem Angebot?<\/h2>\n<p>[\/et_pb_text][et_pb_text _builder_version=\u201d4.16\u2033 _module_preset=\u201ddefault\u201d text_orientation=\u201dcenter\u201d max_width=\u201d1000px\u201d module_alignment=\u201dcenter\u201d global_colors_info=\u201d{}\u201d]<\/p>\n<p>Bitte kontaktieren Sie uns, um optimale L\u00f6sungen f\u00fcr Ihr Unternehmen vorzuschlagen.<\/p>\n<p>[\/et_pb_text][et_pb_button button_url=\u201d@ET-DC@eyJkeW5hbWljIjp0cnVlLCJjb250ZW50IjoicG9zdF9saW5rX3VybF9wYWdlIiwic2V0dGluZ3MiOnsicG9zdF9pZCI6IjM1NCJ9fQ==@\u201d button_text=\u201dZum Kontakt\u201d button_alignment=\u201dcenter\u201d _builder_version=\u201d4.16\u2033 _dynamic_attributes=\u201dbutton_url\u201d _module_preset=\u201ddefault\u201d global_colors_info=\u201d{}\u201d][\/et_pb_button][\/et_pb_column][\/et_pb_row][\/et_pb_section]<\/p>","protected":false},"excerpt":{"rendered":"<p>Produktionslinien sind Systeme miteinander verbundener Beh\u00e4lter, die aus mehreren zusammenarbeitenden Stationen bestehen und die Effizienz der Arbeitsabl\u00e4ufe optimieren. Unser Fokus liegt auf dem letzten, entscheidenden Bindeglied \u2013 dem Verpackungsprozess. Wir konzentrieren uns auf die Steigerung von Effizienz, Effektivit\u00e4t und Kontinuit\u00e4t. Wir sind spezialisiert auf Systeme, die den Verpackungsprozess optimieren, um sicherzustellen, dass er so effizient, sicher und [\u2026]<\/p>","protected":false},"author":1,"featured_media":0,"parent":0,"menu_order":9,"comment_status":"closed","ping_status":"closed","template":"","meta":{"_et_pb_use_builder":"on","_et_pb_old_content":"<!-- wp:divi\/placeholder \/-->","_et_gb_content_width":"","inline_featured_image":false,"yasr_overall_rating":0,"yasr_post_is_review":"","yasr_auto_insert_disabled":"","yasr_review_type":"","footnotes":""},"class_list":["post-17","page","type-page","status-publish","hentry"],"yasr_visitor_votes":{"stars_attributes":{"read_only":false,"span_bottom":false},"number_of_votes":0,"sum_votes":0},"acf":[],"yoast_head":"<!-- This site is optimized with the Yoast SEO plugin v26.1.1 - https:\/\/yoast.com\/wordpress\/plugins\/seo\/ -->\n<title>Pack Smart - Systemy pakowania<\/title>\n<meta name=\"description\" content=\"Packsmart \u2013 specjalistyczne urz\u0105dzenia do pakowania dla firm. Wydajne, nowoczesne rozwi\u0105zania dopasowane do potrzeb logistyki i produkcji.\" \/>\n<meta name=\"robots\" content=\"index, follow, max-snippet:-1, max-image-preview:large, max-video-preview:-1\" \/>\n<link rel=\"canonical\" href=\"https:\/\/packsmart.com.pl\/de\/\" \/>\n<meta property=\"og:locale\" content=\"de_DE\" \/>\n<meta property=\"og:type\" content=\"article\" \/>\n<meta property=\"og:title\" content=\"Pack Smart - Systemy pakowania\" \/>\n<meta property=\"og:description\" content=\"Packsmart \u2013 specjalistyczne urz\u0105dzenia do pakowania dla firm. Wydajne, nowoczesne rozwi\u0105zania dopasowane do potrzeb logistyki i produkcji.\" \/>\n<meta property=\"og:url\" content=\"https:\/\/packsmart.com.pl\/de\/\" \/>\n<meta property=\"og:site_name\" content=\"Pack Smart - Systemy pakowania\" \/>\n<meta property=\"article:publisher\" content=\"https:\/\/www.facebook.com\/p\/Pack-Smart-100089770293385\/?locale=pl_PL\" \/>\n<meta property=\"article:modified_time\" content=\"2026-03-12T16:11:56+00:00\" \/>\n<meta property=\"og:image\" content=\"https:\/\/packsmart.com.pl\/wp-content\/uploads\/2020\/11\/logo.png\" \/>\n\t<meta property=\"og:image:width\" content=\"886\" \/>\n\t<meta property=\"og:image:height\" content=\"254\" \/>\n\t<meta property=\"og:image:type\" content=\"image\/png\" \/>\n<meta name=\"twitter:card\" content=\"summary_large_image\" \/>\n<meta name=\"twitter:label1\" content=\"Gesch\u00e4tzte Lesezeit\" \/>\n\t<meta name=\"twitter:data1\" content=\"3\u00a0Minuten\" \/>\n<script type=\"application\/ld+json\" class=\"yoast-schema-graph\">{\"@context\":\"https:\/\/schema.org\",\"@graph\":[{\"@type\":\"WebPage\",\"@id\":\"https:\/\/packsmart.com.pl\/\",\"url\":\"https:\/\/packsmart.com.pl\/\",\"name\":\"Pack Smart - Systemy pakowania\",\"isPartOf\":{\"@id\":\"https:\/\/packsmart.com.pl\/#website\"},\"datePublished\":\"2020-11-23T19:29:50+00:00\",\"dateModified\":\"2026-03-12T16:11:56+00:00\",\"description\":\"Packsmart \u2013 specjalistyczne urz\u0105dzenia do pakowania dla firm. Wydajne, nowoczesne rozwi\u0105zania dopasowane do potrzeb logistyki i produkcji.\",\"breadcrumb\":{\"@id\":\"https:\/\/packsmart.com.pl\/#breadcrumb\"},\"inLanguage\":\"de\",\"potentialAction\":[{\"@type\":\"ReadAction\",\"target\":[\"https:\/\/packsmart.com.pl\/\"]}]},{\"@type\":\"BreadcrumbList\",\"@id\":\"https:\/\/packsmart.com.pl\/#breadcrumb\",\"itemListElement\":[{\"@type\":\"ListItem\",\"position\":1,\"name\":\"Strona g\u0142\u00f3wna\",\"item\":\"https:\/\/packsmart.com.pl\/\"},{\"@type\":\"ListItem\",\"position\":2,\"name\":\"Strona g\u0142\u00f3wna\"}]},{\"@type\":\"WebSite\",\"@id\":\"https:\/\/packsmart.com.pl\/#website\",\"url\":\"https:\/\/packsmart.com.pl\/\",\"name\":\"Pack Smart - Systemy pakowania\",\"description\":\"\",\"publisher\":{\"@id\":\"https:\/\/packsmart.com.pl\/#organization\"},\"potentialAction\":[{\"@type\":\"SearchAction\",\"target\":{\"@type\":\"EntryPoint\",\"urlTemplate\":\"https:\/\/packsmart.com.pl\/?s={search_term_string}\"},\"query-input\":{\"@type\":\"PropertyValueSpecification\",\"valueRequired\":true,\"valueName\":\"search_term_string\"}}],\"inLanguage\":\"de\"},{\"@type\":\"Organization\",\"@id\":\"https:\/\/packsmart.com.pl\/#organization\",\"name\":\"Pack Smart\",\"url\":\"https:\/\/packsmart.com.pl\/\",\"logo\":{\"@type\":\"ImageObject\",\"inLanguage\":\"de\",\"@id\":\"https:\/\/packsmart.com.pl\/#\/schema\/logo\/image\/\",\"url\":\"https:\/\/packsmart.com.pl\/wp-content\/uploads\/2020\/11\/cropped-logo.png\",\"contentUrl\":\"https:\/\/packsmart.com.pl\/wp-content\/uploads\/2020\/11\/cropped-logo.png\",\"width\":512,\"height\":512,\"caption\":\"Pack Smart\"},\"image\":{\"@id\":\"https:\/\/packsmart.com.pl\/#\/schema\/logo\/image\/\"},\"sameAs\":[\"https:\/\/www.facebook.com\/p\/Pack-Smart-100089770293385\/?locale=pl_PL\"]},false]}<\/script>\n<!-- \/ Yoast SEO plugin. -->","yoast_head_json":{"title":"Pack Smart - Verpackungssysteme","description":"Packsmart \u2013 spezialisierte Verpackungsausr\u00fcstung f\u00fcr Unternehmen. Effiziente, moderne L\u00f6sungen, zugeschnitten auf Logistik- und Produktionsanforderungen.","robots":{"index":"index","follow":"follow","max-snippet":"max-snippet:-1","max-image-preview":"max-image-preview:large","max-video-preview":"max-video-preview:-1"},"canonical":"https:\/\/packsmart.com.pl\/de\/","og_locale":"de_DE","og_type":"article","og_title":"Pack Smart - Systemy pakowania","og_description":"Packsmart \u2013 specjalistyczne urz\u0105dzenia do pakowania dla firm. Wydajne, nowoczesne rozwi\u0105zania dopasowane do potrzeb logistyki i produkcji.","og_url":"https:\/\/packsmart.com.pl\/de\/","og_site_name":"Pack Smart - Systemy pakowania","article_publisher":"https:\/\/www.facebook.com\/p\/Pack-Smart-100089770293385\/?locale=pl_PL","article_modified_time":"2026-03-12T16:11:56+00:00","og_image":[{"width":886,"height":254,"url":"https:\/\/packsmart.com.pl\/wp-content\/uploads\/2020\/11\/logo.png","type":"image\/png"}],"twitter_card":"summary_large_image","twitter_misc":{"Gesch\u00e4tzte Lesezeit":"3\u00a0Minuten"},"schema":{"@context":"https:\/\/schema.org","@graph":[{"@type":"WebPage","@id":"https:\/\/packsmart.com.pl\/","url":"https:\/\/packsmart.com.pl\/","name":"Pack Smart - Verpackungssysteme","isPartOf":{"@id":"https:\/\/packsmart.com.pl\/#website"},"datePublished":"2020-11-23T19:29:50+00:00","dateModified":"2026-03-12T16:11:56+00:00","description":"Packsmart \u2013 spezialisierte Verpackungsausr\u00fcstung f\u00fcr Unternehmen. Effiziente, moderne L\u00f6sungen, zugeschnitten auf Logistik- und Produktionsanforderungen.","breadcrumb":{"@id":"https:\/\/packsmart.com.pl\/#breadcrumb"},"inLanguage":"de","potentialAction":[{"@type":"ReadAction","target":["https:\/\/packsmart.com.pl\/"]}]},{"@type":"BreadcrumbList","@id":"https:\/\/packsmart.com.pl\/#breadcrumb","itemListElement":[{"@type":"ListItem","position":1,"name":"Strona g\u0142\u00f3wna","item":"https:\/\/packsmart.com.pl\/"},{"@type":"ListItem","position":2,"name":"Strona g\u0142\u00f3wna"}]},{"@type":"WebSite","@id":"https:\/\/packsmart.com.pl\/#website","url":"https:\/\/packsmart.com.pl\/","name":"Pack Smart - Verpackungssysteme","description":"","publisher":{"@id":"https:\/\/packsmart.com.pl\/#organization"},"potentialAction":[{"@type":"SearchAction","target":{"@type":"EntryPoint","urlTemplate":"https:\/\/packsmart.com.pl\/?s={search_term_string}"},"query-input":{"@type":"PropertyValueSpecification","valueRequired":true,"valueName":"search_term_string"}}],"inLanguage":"de"},{"@type":"Organization","@id":"https:\/\/packsmart.com.pl\/#organization","name":"Clever packen","url":"https:\/\/packsmart.com.pl\/","logo":{"@type":"ImageObject","inLanguage":"de","@id":"https:\/\/packsmart.com.pl\/#\/schema\/logo\/image\/","url":"https:\/\/packsmart.com.pl\/wp-content\/uploads\/2020\/11\/cropped-logo.png","contentUrl":"https:\/\/packsmart.com.pl\/wp-content\/uploads\/2020\/11\/cropped-logo.png","width":512,"height":512,"caption":"Pack Smart"},"image":{"@id":"https:\/\/packsmart.com.pl\/#\/schema\/logo\/image\/"},"sameAs":["https:\/\/www.facebook.com\/p\/Pack-Smart-100089770293385\/?locale=pl_PL"]},false]}},"_links":{"self":[{"href":"https:\/\/packsmart.com.pl\/de\/wp-json\/wp\/v2\/pages\/17","targetHints":{"allow":["GET"]}}],"collection":[{"href":"https:\/\/packsmart.com.pl\/de\/wp-json\/wp\/v2\/pages"}],"about":[{"href":"https:\/\/packsmart.com.pl\/de\/wp-json\/wp\/v2\/types\/page"}],"author":[{"embeddable":true,"href":"https:\/\/packsmart.com.pl\/de\/wp-json\/wp\/v2\/users\/1"}],"replies":[{"embeddable":true,"href":"https:\/\/packsmart.com.pl\/de\/wp-json\/wp\/v2\/comments?post=17"}],"version-history":[{"count":38,"href":"https:\/\/packsmart.com.pl\/de\/wp-json\/wp\/v2\/pages\/17\/revisions"}],"predecessor-version":[{"id":1279,"href":"https:\/\/packsmart.com.pl\/de\/wp-json\/wp\/v2\/pages\/17\/revisions\/1279"}],"wp:attachment":[{"href":"https:\/\/packsmart.com.pl\/de\/wp-json\/wp\/v2\/media?parent=17"}],"curies":[{"name":"wp","href":"https:\/\/api.w.org\/{rel}","templated":true}]}}